{"id":37189,"date":"2025-11-28T15:05:25","date_gmt":"2025-11-28T07:05:25","guid":{"rendered":"https:\/\/ulpmat.com\/product\/carburo-di-zirconio\/"},"modified":"2025-11-28T15:05:25","modified_gmt":"2025-11-28T07:05:25","slug":"carburo-di-zirconio","status":"publish","type":"product","link":"https:\/\/ulpmat.com\/it\/prodotto\/carburo-di-zirconio\/","title":{"rendered":"Carburo di zirconio"},"content":{"rendered":"<h2><span style=\"font-size: 14pt;\">Panoramica sui target di sputtering in carburo di zirconio<\/span><\/h2>\n<p>I target di sputtering<br \/>\n<span style=\"color: #0000ff;\"><a style=\"color: #0000ff;\" href=\"https:\/\/ulpmat.com\/it\/ricerca\/?type=name&#038;keyword=Zirconium+Carbide\">in carburo di zirconio<\/a><\/span><br \/>\nsono materiali ceramico-metallici avanzati progettati per la deposizione di film sottili ad alte prestazioni. Grazie all&#8217;eccellente stabilit\u00e0 termica, all&#8217;elevata durezza e alla buona conduttivit\u00e0 elettrica, i target in ZrC garantiscono rivestimenti uniformi, densi e aderenti sia nei sistemi PVD industriali che in quelli di ricerca.<\/p>\n<p>I nostri target ZrC sono prodotti mediante pressatura a caldo o sinterizzazione al plasma a scintilla (SPS) per ottenere un&#8217;elevata densit\u00e0, una bassa porosit\u00e0 e una forte integrit\u00e0 meccanica. Sono disponibili diverse forme (planari, rotanti, incollate e geometrie personalizzate) per soddisfare le diverse esigenze delle apparecchiature di rivestimento sottovuoto.<\/p>\n<h2><span style=\"font-size: 14pt;\">Caratteristiche principali del prodotto<\/span><\/h2>\n<p>Elevata purezza<br \/>\nBasso contenuto di impurit\u00e0<br \/>\nElevata densit\u00e0<br \/>\nBassa porosit\u00e0<br \/>\nBuona conduttivit\u00e0 elettrica<br \/>\nCompatibile con i processi di sputtering con magnetron DC e RF.<br \/>\nForme e dimensioni personalizzabili<br \/>\nTarget planari, rotanti, a gradini o legati disponibili con opzioni di montaggio su misura.<\/p>\n<h2><span style=\"font-size: 14pt;\">Applicazioni dei target di sputtering in ZrC<\/span><\/h2>\n<p>Rivestimenti duri: utilizzati per superfici resistenti all&#8217;usura, all&#8217;erosione e alle alte temperature.<br \/>\nPellicole ceramiche funzionali: ideali per rivestimenti conduttivi, refrattari e ad alta durezza.<br \/>\nMicroelettronica e sensori: adatti per barriere di diffusione, strati conduttivi e componenti elettronici ad alta temperatura. Rivestimenti<br \/>\n<span style=\"color: #0000ff;\"><a style=\"color: #0000ff;\" href=\"https:\/\/ulpmat.com\/it\/applicazione\/materiali-ottici\/\">ottici<\/a><\/span><br \/>\ne a infrarossi: consentono di ottenere pellicole durevoli e ad alte prestazioni per applicazioni nello spettro IR e visibile.<\/p>\n<h2><span style=\"color: #0000ff;\"><a style=\"color: #0000ff;\" href=\"https:\/\/ulpmat.com\/it\/azienda\/domande-frequenti\/\"><span style=\"font-size: 14pt;\">Domande frequenti<\/span><\/a><\/span><\/h2>\n<p>D1: Quali forme e formati sono disponibili per i target in ZrC?<br \/>\nA1: Forniamo dischi planari, piastre, target a gradini, tubi rotanti e target incollati con piastre di supporto in Cu o Al. \u00c8 anche possibile progettare geometrie personalizzate.<\/p>\n<p>D2: I target in ZrC possono funzionare con sputtering ad alta potenza?<br \/>\nA2: S\u00ec. La loro eccellente conducibilit\u00e0 termica, durezza e integrit\u00e0 meccanica consentono una deposizione stabile in condizioni di alta potenza.<\/p>\n<p>D3: Come devono essere conservati i target in ZrC?<br \/>\nR3: Conservare in un ambiente asciutto e sigillato. Evitare l&#8217;umidit\u00e0 e i gas corrosivi per prevenire l&#8217;ossidazione della superficie.<\/p>\n<p>D4: La composizione o la densit\u00e0 della lega sono regolabili?<br \/>\nA4: Lo ZrC \u00e8 tipicamente una ceramica stechiometrica, ma la densit\u00e0, lo spessore e i metodi di incollaggio possono essere personalizzati per il vostro sistema di sputtering.<\/p>\n<h2><span style=\"font-size: 14pt;\">Rapporti<\/span><\/h2>\n<p>Ogni lotto viene fornito con:<br \/>\n<span style=\"color: #0000ff;\"><a style=\"color: #0000ff;\" href=\"https:\/\/ulpmat.com\/it\/servizio\/analisi-chimica\/\">Certificato di analisi (COA)<\/a><\/span><\/p>\n<p><span style=\"color: #0000ff;\"><a style=\"color: #0000ff;\" href=\"https:\/\/ulpmat.com\/it\/documenti\/scheda-tecnica\/\">Scheda tecnica (TDS)<\/a><\/span><\/p>\n<p><span style=\"color: #0000ff;\"><a style=\"color: #0000ff;\" href=\"https:\/\/ulpmat.com\/it\/documenti\/scheda-di-sicurezza\/\">Scheda di sicurezza (MSDS)<\/a><\/span><br \/>\nRapporti di test di terze parti disponibili su richiesta<\/p>\n<h2><span style=\"font-size: 14pt;\">Perch\u00e9 scegliere i nostri target di sputtering in ZrC?<\/span><\/h2>\n<p>Qualit\u00e0 del film costante: bassa generazione di particelle ed erosione uniforme per rivestimenti lisci e densi.<br \/>\nProduzione su misura: forme, spessori e incollaggio personalizzati per adattarsi alle vostre apparecchiature di deposizione.<br \/>\n<span style=\"color: #0000ff;\"><a style=\"color: #0000ff;\" href=\"https:\/\/ulpmat.com\/it\/servizio\/assistenza-tecnica\/\">Assistenza tecnica:<\/a><\/span><br \/>\nguida sui parametri di sputtering, installazione dei target e ottimizzazione dei film sottili.<br \/>\nGaranzia di qualit\u00e0: ogni target viene testato per verificarne la purezza, la densit\u00e0, la microstruttura e le propriet\u00e0 elettriche.<br \/>\nFornitura e consegna affidabili: la produzione e le scorte stabili garantiscono una consegna rapida per le esigenze di ricerca e sviluppo e di produzione.<\/p>\n","protected":false},"excerpt":{"rendered":"<p>Panoramica sui target di sputtering in carburo di zirconio I target di sputtering in carburo di zirconio sono materiali ceramico-metallici avanzati progettati per la deposizione di film sottili ad alte prestazioni. Grazie all&#8217;eccellente stabilit\u00e0 termica, all&#8217;elevata durezza e alla buona conduttivit\u00e0 elettrica, i target in ZrC garantiscono rivestimenti uniformi, densi e aderenti sia nei sistemi [&hellip;]<\/p>\n","protected":false},"featured_media":37190,"template":"","meta":{"_acf_changed":false},"product_brand":[132],"product_cat":[453],"product_tag":[4230],"class_list":{"0":"post-37189","1":"product","2":"type-product","3":"status-publish","4":"has-post-thumbnail","6":"product_brand-ulpmat","7":"product_cat-target-di-sputtering-in-ceramica","8":"product_tag-bersaglio-sputtering-in-carburo-di-zirconio","10":"first","11":"instock","12":"shipping-taxable","13":"product-type-variable"},"acf":[],"_links":{"self":[{"href":"https:\/\/ulpmat.com\/it\/wp-json\/wp\/v2\/product\/37189","targetHints":{"allow":["GET"]}}],"collection":[{"href":"https:\/\/ulpmat.com\/it\/wp-json\/wp\/v2\/product"}],"about":[{"href":"https:\/\/ulpmat.com\/it\/wp-json\/wp\/v2\/types\/product"}],"wp:featuredmedia":[{"embeddable":true,"href":"https:\/\/ulpmat.com\/it\/wp-json\/wp\/v2\/media\/37190"}],"wp:attachment":[{"href":"https:\/\/ulpmat.com\/it\/wp-json\/wp\/v2\/media?parent=37189"}],"wp:term":[{"taxonomy":"product_brand","embeddable":true,"href":"https:\/\/ulpmat.com\/it\/wp-json\/wp\/v2\/product_brand?post=37189"},{"taxonomy":"product_cat","embeddable":true,"href":"https:\/\/ulpmat.com\/it\/wp-json\/wp\/v2\/product_cat?post=37189"},{"taxonomy":"product_tag","embeddable":true,"href":"https:\/\/ulpmat.com\/it\/wp-json\/wp\/v2\/product_tag?post=37189"}],"curies":[{"name":"wp","href":"https:\/\/api.w.org\/{rel}","templated":true}]}}