{"id":37131,"date":"2025-11-28T15:05:26","date_gmt":"2025-11-28T07:05:26","guid":{"rendered":"https:\/\/ulpmat.com\/product\/zirconio-rame-nichel-lega-di-alluminio\/"},"modified":"2025-11-28T15:05:26","modified_gmt":"2025-11-28T07:05:26","slug":"zirconio-rame-nichel-lega-di-alluminio","status":"publish","type":"product","link":"https:\/\/ulpmat.com\/it\/prodotto\/zirconio-rame-nichel-lega-di-alluminio\/","title":{"rendered":"Zirconio Rame Nichel Lega di alluminio"},"content":{"rendered":"<h2><span style=\"font-size: 14pt;\">Panoramica sul bersaglio di sputtering in lega di zirconio, rame, nichel e alluminio<\/span><\/h2>\n<p>Il bersaglio di sputtering in lega<br \/>\n<span style=\"color: #0000ff;\"><a style=\"color: #0000ff;\" href=\"https:\/\/ulpmat.com\/it\/ricerca\/?type=name&#038;keyword=Zirconium+Copper+Nickel+Aluminum\">di zirconio, rame, nichel e alluminio<\/a><\/span><br \/>\n\u00e8 un bersaglio metallico ad alte prestazioni progettato per la deposizione precisa di film sottili in dispositivi elettronici e ottici. \u00c8 perfetto per creare film sottili uniformi e di alta qualit\u00e0 con eccellente conduttivit\u00e0 e durata.<\/p>\n<p>Produciamo target di sputtering in lega di zirconio, rame, nichel e alluminio in varie forme, dimensioni e spessori, con un controllo rigoroso della composizione della lega e della qualit\u00e0 della superficie. Il nostro team \u00e8 in grado di fornire dimensioni personalizzate, rapporti di lega ottimizzati e <span style=\"color: #0000ff;\"><a style=\"color: #0000ff;\" href=\"https:\/\/ulpmat.com\/it\/servizio\/assistenza-tecnica\/\">supporto tecnico<\/a><\/span><br \/>\nper soddisfare esigenze di deposizione specifiche. <span style=\"color: #0000ff;\"><a style=\"color: #0000ff;\" href=\"https:\/\/ulpmat.com\/it\/contatto\/\">Contattateci<\/a><\/span><br \/>\nper richiedere un preventivo.<\/p>\n<h2><span style=\"font-size: 14pt;\">Caratteristiche principali del prodotto<\/span><\/h2>\n<p>Elevata conduttivit\u00e0 elettrica e termica<br \/>\nDistribuzione uniforme della lega<br \/>\nEccellente resistenza alla corrosione e all&#8217;ossidazione<br \/>\nSuperficie liscia e priva di difetti<br \/>\nTolleranze dimensionali strette<br \/>\nPrestazioni stabili e riproducibili dei film sottili<br \/>\nCompatibile con i sistemi di sputtering RF e DC<br \/>\nElevata purezza con inclusioni minime<br \/>\nForte adesione dei film depositati<br \/>\nForme e dimensioni personalizzabili<\/p>\n<h2><span style=\"font-size: 14pt;\">Applicazioni del bersaglio di sputtering in lega di zirconio, rame, nichel e alluminio<\/span><\/h2>\n<p><span style=\"color: #0000ff;\"><a style=\"color: #0000ff;\" href=\"https:\/\/ulpmat.com\/it\/applicazione\/materiali-per-semiconduttori\/\">Semiconduttori:<\/a><\/span><br \/>\nutilizzato in elettrodi e contatti per chip ad alte prestazioni.<br \/>\nDispositivi di memoria e archiviazione dati: ideale per componenti a film sottile che richiedono una conduttivit\u00e0 costante.<br \/>\n<span style=\"color: #0000ff;\"><a style=\"color: #0000ff;\" href=\"https:\/\/ulpmat.com\/it\/applicazione\/materiali-ottici\/\">Optoelettronica:<\/a><\/span><br \/>\nadatto per rivestimenti riflettenti e conduttivi in display e sensori.<br \/>\nRivestimenti protettivi industriali: applicato per film resistenti alla corrosione e all&#8217;usura su macchinari e utensili.<\/p>\n<h2><span style=\"font-size: 14pt; color: #0000ff;\"><a style=\"color: #0000ff;\" href=\"https:\/\/ulpmat.com\/it\/azienda\/domande-frequenti\/\">Domande frequenti<\/a><\/span><\/h2>\n<p>D1: Come viene imballato il target ZrCuNiAl per la spedizione?<br \/>\nR: Ogni target \u00e8 avvolto in materiale protettivo antistatico, sigillato sottovuoto e imballato in cartoni rinforzati per evitare graffi superficiali e ossidazione.<\/p>\n<p>D2: \u00c8 possibile personalizzare le dimensioni o la composizione della lega del target?<br \/>\nR: S\u00ec, forniamo dimensioni, forme e rapporti di lega personalizzati per soddisfare diverse esigenze di sputtering.<\/p>\n<p>D3: Quali sono le condizioni di conservazione consigliate?<br \/>\nR: Conservare in un ambiente pulito, asciutto e a temperatura stabile, evitando il contatto diretto con umidit\u00e0 o sostanze chimiche per preservarne le prestazioni.<\/p>\n<p>D4: Quali vantaggi offre la purezza del vostro bersaglio?<br \/>\nR: I nostri bersagli hanno un&#8217;elevata purezza e un basso contenuto di impurit\u00e0, garantendo una qualit\u00e0 costante del film sottile e una contaminazione minima durante la deposizione.<\/p>\n<h2><span style=\"font-size: 14pt;\">Rapporti<\/span><\/h2>\n<p>Ogni lotto viene fornito con:<br \/>\n<span style=\"color: #0000ff;\"><a style=\"color: #0000ff;\" href=\"https:\/\/ulpmat.com\/it\/servizio\/analisi-chimica\/\">Certificato di analisi (COA)<\/a><\/span><\/p>\n<p><span style=\"color: #0000ff;\"><a style=\"color: #0000ff;\" href=\"https:\/\/ulpmat.com\/it\/documenti\/scheda-tecnica\/\">Scheda tecnica (TDS)<\/a><\/span><\/p>\n<p><span style=\"color: #0000ff;\"><a style=\"color: #0000ff;\" href=\"https:\/\/ulpmat.com\/it\/documenti\/scheda-di-sicurezza\/\">Scheda di sicurezza (MSDS)<\/a><\/span><br \/>\nRapporti di test di terze parti disponibili su richiesta<\/p>\n<h2><span style=\"font-size: 14pt;\">Perch\u00e9 scegliere noi?<\/span><\/h2>\n<p>Forniamo target di sputtering ZrCuNiAl di alta qualit\u00e0 con composizione della lega precisa, superfici lisce e prestazioni affidabili per applicazioni critiche con film sottili. Il nostro team offre soluzioni personalizzate, produzione rapida e <span style=\"color: #0000ff;\"><a style=\"color: #0000ff;\" href=\"https:\/\/ulpmat.com\/it\/servizio\/assistenza-tecnica\/\">supporto tecnico<\/a><\/span><br \/>\nprofessionale per aiutare i clienti a ottenere risultati di deposizione accurati e ad alte prestazioni.<\/p>\n","protected":false},"excerpt":{"rendered":"<p>Panoramica sul bersaglio di sputtering in lega di zirconio, rame, nichel e alluminio Il bersaglio di sputtering in lega di zirconio, rame, nichel e alluminio \u00e8 un bersaglio metallico ad alte prestazioni progettato per la deposizione precisa di film sottili in dispositivi elettronici e ottici. \u00c8 perfetto per creare film sottili uniformi e di alta [&hellip;]<\/p>\n","protected":false},"featured_media":37132,"template":"","meta":{"_acf_changed":false},"product_brand":[132],"product_cat":[564],"product_tag":[4218],"class_list":{"0":"post-37131","1":"product","2":"type-product","3":"status-publish","4":"has-post-thumbnail","6":"product_brand-ulpmat","7":"product_cat-target-di-sputtering-in-lega","8":"product_tag-obiettivo-di-sputtering-in-lega-di-alluminio-e-nichel-rame-zirconio","10":"first","11":"instock","12":"shipping-taxable","13":"product-type-variable"},"acf":[],"_links":{"self":[{"href":"https:\/\/ulpmat.com\/it\/wp-json\/wp\/v2\/product\/37131","targetHints":{"allow":["GET"]}}],"collection":[{"href":"https:\/\/ulpmat.com\/it\/wp-json\/wp\/v2\/product"}],"about":[{"href":"https:\/\/ulpmat.com\/it\/wp-json\/wp\/v2\/types\/product"}],"wp:featuredmedia":[{"embeddable":true,"href":"https:\/\/ulpmat.com\/it\/wp-json\/wp\/v2\/media\/37132"}],"wp:attachment":[{"href":"https:\/\/ulpmat.com\/it\/wp-json\/wp\/v2\/media?parent=37131"}],"wp:term":[{"taxonomy":"product_brand","embeddable":true,"href":"https:\/\/ulpmat.com\/it\/wp-json\/wp\/v2\/product_brand?post=37131"},{"taxonomy":"product_cat","embeddable":true,"href":"https:\/\/ulpmat.com\/it\/wp-json\/wp\/v2\/product_cat?post=37131"},{"taxonomy":"product_tag","embeddable":true,"href":"https:\/\/ulpmat.com\/it\/wp-json\/wp\/v2\/product_tag?post=37131"}],"curies":[{"name":"wp","href":"https:\/\/api.w.org\/{rel}","templated":true}]}}