{"id":35630,"date":"2025-12-03T11:12:10","date_gmt":"2025-12-03T03:12:10","guid":{"rendered":"https:\/\/ulpmat.com\/product\/zirconia-stabilizzata-con-ittrio-ysz\/"},"modified":"2025-12-03T11:12:10","modified_gmt":"2025-12-03T03:12:10","slug":"zirconia-stabilizzata-con-ittrio-ysz","status":"publish","type":"product","link":"https:\/\/ulpmat.com\/it\/prodotto\/zirconia-stabilizzata-con-ittrio-ysz\/","title":{"rendered":"Zirconia stabilizzata con ittrio (YSZ)"},"content":{"rendered":"<h2><span style=\"font-size: 14pt;\">Target di sputtering in zirconia stabilizzata con ittrio Panoramica<\/span><\/h2>\n<p>I target di sputtering<br \/>\n<span style=\"color: #0000ff;\"><a style=\"color: #0000ff;\" href=\"https:\/\/ulpmat.com\/it\/ricerca\/?type=name&#038;keyword=Yttria-Stabilized+Zirconia\">in zirconia stabilizzata con ittrio<\/a><\/span><br \/>\nsono materiali compositi di ossido di terre rare ad alta purezza ampiamente utilizzati nella preparazione di film sottili ottici, rivestimenti ceramici e materiali funzionali.<\/p>\n<p>Offriamo target per sputtering in Y2O3-ZrO2 in varie dimensioni, proporzioni e gradi di purezza, adatti alla ricerca e alla preparazione industriale di film sottili. Che si tratti di rivestimenti ceramici, film ottici o sviluppo di materiali funzionali, forniamo servizi personalizzati e supporto tecnico. <span style=\"color: #0000ff;\"><a style=\"color: #0000ff;\" href=\"https:\/\/ulpmat.com\/it\/contatto\/\">Contattateci<\/a><\/span><br \/>\nper soluzioni e preventivi.<\/p>\n<h2><span style=\"font-size: 14pt;\">Caratteristiche principali del prodotto<\/span><\/h2>\n<p>Elevata purezza, basso contenuto di impurit\u00e0<br \/>\nDensit\u00e0 uniforme, struttura densa<br \/>\nElevata stabilit\u00e0 chimica<br \/>\nEccellente stabilit\u00e0 termica<br \/>\nFacile da sottoporre al processo di sputtering sottovuoto<br \/>\nElevata uniformit\u00e0 dei lotti<br \/>\nPiastre di fissaggio e di supporto opzionali<br \/>\nDimensioni e proporzioni personalizzabili<\/p>\n<h2><span style=\"font-size: 14pt;\">Applicazioni dei target di sputtering in zirconia stabilizzata con ittrio<\/span><\/h2>\n<p>Preparazione di film sottili<br \/>\n<span style=\"color: #0000ff;\"><a style=\"color: #0000ff;\" href=\"https:\/\/ulpmat.com\/it\/applicazione\/materiali-ottici\/\">ottici<\/a><\/span><br \/>\n: utilizzati per preparare film ottici ad alta trasmittanza e stabilit\u00e0.<br \/>\nRivestimenti ceramici: migliora la resistenza all&#8217;usura e la stabilit\u00e0 termica delle superfici ceramiche.<br \/>\nDeposizione di materiali funzionali: utilizzati per la preparazione di film sottili in dispositivi elettronici e optoelettronici.<br \/>\nMateriali per la ricerca scientifica: forniscono target di sputtering uniformi e ad alta purezza per la ricerca nel campo della scienza dei materiali.<\/p>\n<h2><span style=\"color: #0000ff;\"><a style=\"color: #0000ff;\" href=\"https:\/\/ulpmat.com\/it\/azienda\/domande-frequenti\/\"><span style=\"font-size: 14pt;\">Domande frequenti<\/span><\/a><\/span><\/h2>\n<p>D1: \u00c8 possibile personalizzare il rapporto Y2O3-ZrO2 del target?<br \/>\nA1: S\u00ec, possiamo fornire diversi rapporti Y2O3-ZrO2 in base alle esigenze dei clienti per soddisfare diversi requisiti di prestazione dei film sottili.<\/p>\n<p>D2: Per quali processi di sputtering sono adatti i target?<br \/>\nA2: Adatti a vari processi di sputtering, tra cui sputtering DC, RF e magnetron.<\/p>\n<p>D3: Come vengono garantite la densit\u00e0 e la compattezza del target?<br \/>\nA3: Il target viene sottoposto a sinterizzazione ad alta temperatura e a severi controlli di qualit\u00e0, che garantiscono una densit\u00e0 uniforme e una struttura compatta, assicurando la stabilit\u00e0 durante il processo di sputtering.<\/p>\n<p>Q4: \u00c8 possibile personalizzare le dimensioni e la forma del target?<br \/>\nA4: Siamo in grado di fornire target di forma rotonda, quadrata e irregolare. Le dimensioni sono personalizzate in base alle esigenze del cliente per adattarsi alle diverse apparecchiature di sputtering.<\/p>\n<h2><span style=\"font-size: 14pt;\">Rapporti<\/span><\/h2>\n<p>Ogni lotto viene fornito con:<br \/>\n<span style=\"color: #0000ff;\"><a style=\"color: #0000ff;\" href=\"https:\/\/ulpmat.com\/it\/documenti\/certificato-di-analisi\/\"><u>Certificato di analisi (COA)<\/u><\/a><\/span><\/p>\n<p><span style=\"color: #0000ff;\"><a style=\"color: #0000ff;\" href=\"https:\/\/ulpmat.com\/it\/documenti\/scheda-tecnica\/\"><u>Scheda tecnica (TDS)<\/u><\/a><\/span><\/p>\n<p><span style=\"color: #0000ff;\"><a style=\"color: #0000ff;\" href=\"https:\/\/ulpmat.com\/it\/documenti\/scheda-di-sicurezza\/\"><u>Scheda di sicurezza dei materiali (MSDS)<\/u><\/a><\/span><br \/>\nRapporti di test di terze parti disponibili su richiesta<\/p>\n<h2><span style=\"font-size: 14pt;\">Perch\u00e9 scegliere noi?<\/span><\/h2>\n<p>Siamo specializzati nella produzione di target di sputtering Y2O3-ZrO2 ad alta purezza, con un rigoroso controllo di qualit\u00e0, fornendo servizi personalizzati e supporto tecnico per garantire prestazioni stabili dei target e soddisfare le esigenze della ricerca scientifica e della preparazione di film sottili industriali.<\/p>\n","protected":false},"excerpt":{"rendered":"<p>Target di sputtering in zirconia stabilizzata con ittrio Panoramica I target di sputtering in zirconia stabilizzata con ittrio sono materiali compositi di ossido di terre rare ad alta purezza ampiamente utilizzati nella preparazione di film sottili ottici, rivestimenti ceramici e materiali funzionali. Offriamo target per sputtering in Y2O3-ZrO2 in varie dimensioni, proporzioni e gradi di [&hellip;]<\/p>\n","protected":false},"featured_media":35631,"template":"","meta":{"_acf_changed":false},"product_brand":[132],"product_cat":[453],"product_tag":[3865],"class_list":{"0":"post-35630","1":"product","2":"type-product","3":"status-publish","4":"has-post-thumbnail","6":"product_brand-ulpmat","7":"product_cat-target-di-sputtering-in-ceramica","8":"product_tag-target-di-sputtering-in-zirconia-stabilizzata-con-ittrio-ysz","10":"first","11":"instock","12":"shipping-taxable","13":"product-type-variable"},"acf":[],"_links":{"self":[{"href":"https:\/\/ulpmat.com\/it\/wp-json\/wp\/v2\/product\/35630","targetHints":{"allow":["GET"]}}],"collection":[{"href":"https:\/\/ulpmat.com\/it\/wp-json\/wp\/v2\/product"}],"about":[{"href":"https:\/\/ulpmat.com\/it\/wp-json\/wp\/v2\/types\/product"}],"wp:featuredmedia":[{"embeddable":true,"href":"https:\/\/ulpmat.com\/it\/wp-json\/wp\/v2\/media\/35631"}],"wp:attachment":[{"href":"https:\/\/ulpmat.com\/it\/wp-json\/wp\/v2\/media?parent=35630"}],"wp:term":[{"taxonomy":"product_brand","embeddable":true,"href":"https:\/\/ulpmat.com\/it\/wp-json\/wp\/v2\/product_brand?post=35630"},{"taxonomy":"product_cat","embeddable":true,"href":"https:\/\/ulpmat.com\/it\/wp-json\/wp\/v2\/product_cat?post=35630"},{"taxonomy":"product_tag","embeddable":true,"href":"https:\/\/ulpmat.com\/it\/wp-json\/wp\/v2\/product_tag?post=35630"}],"curies":[{"name":"wp","href":"https:\/\/api.w.org\/{rel}","templated":true}]}}