{"id":35405,"date":"2025-12-03T11:12:15","date_gmt":"2025-12-03T03:12:15","guid":{"rendered":"https:\/\/ulpmat.com\/product\/alluminato-di-stronzio-ossido-di-stronzio-e-alluminio-3\/"},"modified":"2025-12-03T11:12:15","modified_gmt":"2025-12-03T03:12:15","slug":"alluminato-di-stronzio-ossido-di-stronzio-e-alluminio-3","status":"publish","type":"product","link":"https:\/\/ulpmat.com\/it\/prodotto\/alluminato-di-stronzio-ossido-di-stronzio-e-alluminio-3\/","title":{"rendered":"Alluminato di stronzio (ossido di stronzio e alluminio)"},"content":{"rendered":"<h2><span style=\"font-size: 14pt;\">Target di sputtering in ossido di alluminio e stronzio Panoramica<\/span><\/h2>\n<p>I target di sputtering<br \/>\n<span style=\"color: #0000ff;\"><a style=\"color: #0000ff;\" href=\"https:\/\/ulpmat.com\/it\/ricerca\/?type=name&#038;keyword=Strontium+Aluminum+Oxide\">in ossido di alluminio e stronzio<\/a><\/span><br \/>\nsono materiali funzionali utilizzati per preparare film sottili di ossido altamente stabili, adatti per dispositivi optoelettronici, strutture isolanti e ricerca sui materiali.<\/p>\n<p>Offriamo target di sputtering Sr4Al2O7 ad alta purezza e alta densit\u00e0, con opzioni di personalizzazione disponibili. Le nostre tecnologie di stampaggio e sinterizzazione garantiscono strutture dense dei target, archi minimi durante la deposizione del film e scariche stabili. Possiamo anche fornire consigli basati sulla potenza delle apparecchiature del cliente e sui requisiti di deposizione. Non esitate a <span style=\"color: #0000ff;\"><a style=\"color: #0000ff;\" href=\"https:\/\/ulpmat.com\/it\/contatto\/\">contattarci<\/a><\/span><br \/>\nse avete bisogno di <span style=\"color: #0000ff;\"><a style=\"color: #0000ff;\" href=\"https:\/\/ulpmat.com\/it\/servizio\/assistenza-tecnica\/\">assistenza tecnica.<\/a><\/span><\/p>\n<h2><span style=\"font-size: 14pt;\">Caratteristiche principali del prodotto<\/span><\/h2>\n<p>Struttura ad alta densit\u00e0<br \/>\nPurezza controllabile, basse impurit\u00e0<br \/>\nBuona stabilit\u00e0 di scarica Elaborazione<br \/>\n<span style=\"color: #0000ff;\"><a style=\"color: #0000ff;\" href=\"https:\/\/ulpmat.com\/it\/servizio\/personalizzazione\/\">personalizzabile<\/a><\/span><br \/>\ndisponibile<br \/>\nDimensioni multiple per adattarsi a varie cavit\u00e0<br \/>\nEccellente uniformit\u00e0 del film<br \/>\nLimite superiore controllabile per la planarit\u00e0 della superficie<br \/>\n<span style=\"color: #0000ff;\"><a style=\"color: #0000ff;\" href=\"https:\/\/ulpmat.com\/it\/servizio\/legame-con-lobiettivo\/\">Supporta l&#8217;incollaggio del bersaglio<\/a><\/span><br \/>\nImballaggio robusto, trasporto sicuro<\/p>\n<h2><span style=\"font-size: 14pt;\">Applicazioni dei bersagli di sputtering in ossido di alluminio e stronzio<\/span><\/h2>\n<p>Pu\u00f2 essere utilizzato per lo sputtering di film <span style=\"color: #0000ff;\"><a style=\"color: #0000ff;\" href=\"https:\/\/ulpmat.com\/it\/applicazione\/materiali-ottici\/\">ottici<\/a><\/span><br \/>\nsottili, migliorando la stabilit\u00e0 del film e la trasmissione della luce.<br \/>\nAdatto per la preparazione di film sottili isolanti, migliorando la resistenza alla rottura dei dispositivi.<br \/>\nUtilizzato nello sviluppo di ossidi funzionali per costruire sistemi complessi a film sottile.<br \/>\nUtilizzato in nuovi materiali di visualizzazione, strutture di rilevamento o progetti di esplorazione di materiali di laboratorio.<\/p>\n<h2><span style=\"color: #0000ff;\"><a style=\"color: #0000ff;\" href=\"https:\/\/ulpmat.com\/it\/azienda\/domande-frequenti\/\"><span style=\"font-size: 14pt;\">Domande frequenti<\/span><\/a><\/span><\/h2>\n<p>D1: Ci sono requisiti per la potenza di sputtering per i target Sr4Al2O7?<br \/>\nR1: Per garantire la qualit\u00e0 del film, si consiglia di avviare l&#8217;arco a potenza bassa o media e poi aumentare gradualmente la potenza per evitare concentrazioni di stress che potrebbero causare danni localizzati al target.<\/p>\n<p>D2: Questi target Sr4Al2O7 sono soggetti a crepe?<br \/>\nR2: Riduciamo lo stress interno del target ottimizzando la dimensione delle particelle di polvere, i parametri di sinterizzazione e i processi di raffreddamento, riducendo cos\u00ec il rischio di crepe.<\/p>\n<p>D3: Il target pu\u00f2 essere saldato a una piastra posteriore in metallo?<br \/>\nA3: \u00c8 possibile selezionare metodi di saldatura della piastra posteriore appropriati, tra cui la brasatura metallica o la saldatura per diffusione, in base alle attrezzature del cliente per migliorare la dissipazione del calore e la stabilit\u00e0 meccanica.<\/p>\n<p>Q4: Come determinare se il bersaglio deve essere sostituito?<br \/>\nA4: Quando la superficie del bersaglio presenta scanalature profonde sui bordi, usura irregolare o scariche anomale, \u00e8 necessario sostituirlo tempestivamente per garantire la qualit\u00e0 del film e la sicurezza della deposizione.<\/p>\n<h2><span style=\"font-size: 14pt;\">Rapporti<\/span><\/h2>\n<p>Ogni lotto viene fornito con:<br \/>\n<span style=\"color: #0000ff;\"><a style=\"color: #0000ff;\" href=\"https:\/\/ulpmat.com\/it\/documenti\/certificato-di-analisi\/\"><u>Certificato di analisi (COA)<\/u><\/a><\/span><\/p>\n<p><span style=\"color: #0000ff;\"><a style=\"color: #0000ff;\" href=\"https:\/\/ulpmat.com\/it\/documenti\/scheda-tecnica\/\"><u>Scheda tecnica (TDS)<\/u><\/a><\/span><\/p>\n<p><span style=\"color: #0000ff;\"><a style=\"color: #0000ff;\" href=\"https:\/\/ulpmat.com\/it\/documenti\/scheda-di-sicurezza\/\"><u>Scheda di sicurezza dei materiali (MSDS)<\/u><\/a><\/span><br \/>\nRapporti di test di terze parti disponibili su richiesta<\/p>\n<h2><span style=\"font-size: 14pt;\">Perch\u00e9 scegliere noi?<\/span><\/h2>\n<p>Possediamo una tecnologia di controllo delle polveri, processi di sinterizzazione e capacit\u00e0 di finitura maturi nella produzione di target di ossido, garantendo che i target Sr4Al2O7 presentino densit\u00e0, uniformit\u00e0 e stabilit\u00e0 eccellenti, fornendo ai clienti prestazioni di deposizione di film sottili costanti. Supportiamo la personalizzazione rapida, la consulenza tecnica, l&#8217;imballaggio professionale e la spedizione globale. Siamo in grado di regolare i parametri dei target in base alle diverse marche di apparecchiature e ai requisiti di processo, fornendo una garanzia affidabile per i vostri esperimenti e la vostra produzione. Sia per gli istituti di ricerca che per i clienti industriali, siamo in grado di fornire una qualit\u00e0 dei prodotti e servizi professionali a lungo termine, stabili e ripetibili.<\/p>\n","protected":false},"excerpt":{"rendered":"<p>Target di sputtering in ossido di alluminio e stronzio Panoramica I target di sputtering in ossido di alluminio e stronzio sono materiali funzionali utilizzati per preparare film sottili di ossido altamente stabili, adatti per dispositivi optoelettronici, strutture isolanti e ricerca sui materiali. Offriamo target di sputtering Sr4Al2O7 ad alta purezza e alta densit\u00e0, con opzioni [&hellip;]<\/p>\n","protected":false},"featured_media":35406,"template":"","meta":{"_acf_changed":false},"product_brand":[132],"product_cat":[453],"product_tag":[3823],"class_list":{"0":"post-35405","1":"product","2":"type-product","3":"status-publish","4":"has-post-thumbnail","6":"product_brand-ulpmat","7":"product_cat-target-di-sputtering-in-ceramica","8":"product_tag-bersaglio-di-sputtering-in-alluminato-di-stronzio-ossido-di-alluminio-di-stronzio","10":"first","11":"instock","12":"shipping-taxable","13":"product-type-variable"},"acf":[],"_links":{"self":[{"href":"https:\/\/ulpmat.com\/it\/wp-json\/wp\/v2\/product\/35405","targetHints":{"allow":["GET"]}}],"collection":[{"href":"https:\/\/ulpmat.com\/it\/wp-json\/wp\/v2\/product"}],"about":[{"href":"https:\/\/ulpmat.com\/it\/wp-json\/wp\/v2\/types\/product"}],"wp:featuredmedia":[{"embeddable":true,"href":"https:\/\/ulpmat.com\/it\/wp-json\/wp\/v2\/media\/35406"}],"wp:attachment":[{"href":"https:\/\/ulpmat.com\/it\/wp-json\/wp\/v2\/media?parent=35405"}],"wp:term":[{"taxonomy":"product_brand","embeddable":true,"href":"https:\/\/ulpmat.com\/it\/wp-json\/wp\/v2\/product_brand?post=35405"},{"taxonomy":"product_cat","embeddable":true,"href":"https:\/\/ulpmat.com\/it\/wp-json\/wp\/v2\/product_cat?post=35405"},{"taxonomy":"product_tag","embeddable":true,"href":"https:\/\/ulpmat.com\/it\/wp-json\/wp\/v2\/product_tag?post=35405"}],"curies":[{"name":"wp","href":"https:\/\/api.w.org\/{rel}","templated":true}]}}