{"id":35315,"date":"2025-12-03T11:12:16","date_gmt":"2025-12-03T03:12:16","guid":{"rendered":"https:\/\/ulpmat.com\/product\/cloruro-di-stronzio-idrato\/"},"modified":"2025-12-03T11:12:16","modified_gmt":"2025-12-03T03:12:16","slug":"cloruro-di-stronzio-idrato","status":"publish","type":"product","link":"https:\/\/ulpmat.com\/it\/prodotto\/cloruro-di-stronzio-idrato\/","title":{"rendered":"Cloruro di stronzio idrato"},"content":{"rendered":"<h2><span style=\"font-size: 14pt;\">Panoramica sulla polvere di cloruro di stronzio idrato<\/span><\/h2>\n<p>La polvere<br \/>\n<span style=\"color: #0000ff;\"><a style=\"color: #0000ff;\" href=\"https:\/\/ulpmat.com\/it\/ricerca\/?type=name&#038;keyword=Strontium+Chloride\">di cloruro di stronzio<\/a><\/span><br \/>\nidrato \u00e8 un sale inorganico idrato ad alta purezza, comunemente utilizzato come fonte di stronzio nella ceramica, nei materiali ottici e nelle reazioni chimiche.<\/p>\n<p>Offriamo polvere di cloruro di stronzio idrato con diversi contenuti di acqua, livelli di purezza e dimensioni delle particelle per soddisfare le esigenze della ricerca, dell&#8217;industria e delle applicazioni con materiali speciali. La polvere \u00e8 stabile, facilmente solubile e facilita la preparazione di soluzioni omogenee. Su richiesta sono disponibili produzione e confezionamento personalizzati. <span style=\"color: #0000ff;\"><a style=\"color: #0000ff;\" href=\"https:\/\/ulpmat.com\/it\/contatto\/\">Contattateci<\/a><\/span><br \/>\nper informazioni<span style=\"color: #0000ff;\"><a style=\"color: #0000ff;\" href=\"https:\/\/ulpmat.com\/it\/contatto\/\"><\/a><\/span><br \/>\nsui prezzi e sulle specifiche tecniche.<\/p>\n<h2><span style=\"font-size: 14pt;\">Caratteristiche principali del prodotto<\/span><\/h2>\n<p>Elevata purezza<br \/>\nContenuto d&#8217;acqua stabile<br \/>\nBuona solubilit\u00e0 in acqua<br \/>\nDimensioni delle particelle uniformi<br \/>\nBassa interferenza delle impurit\u00e0<br \/>\nConfezionamento personalizzabile<br \/>\nChimicamente stabile<br \/>\nAdatto per la ricerca e la produzione industriale<\/p>\n<h2><span style=\"font-size: 14pt;\">Applicazioni della polvere di cloruro di stronzio idrato<\/span><\/h2>\n<p>Utilizzato nella preparazione di materiali <span style=\"color: #0000ff;\"><a style=\"color: #0000ff;\" href=\"https:\/\/ulpmat.com\/it\/applicazione\/materiali-ottici\/\">ottici<\/a><\/span><br \/>\nper migliorare le prestazioni di fluorescenza.<br \/>\nUtilizzato come fonte di stronzio nell&#8217;industria ceramica per aumentare la densit\u00e0 del materiale.<br \/>\nUtilizzato come reagente in esperimenti chimici.<br \/>\nUtilizzato come fonte funzionale di stronzio per test di prestazione nella ricerca sui materiali.<\/p>\n<h2><span style=\"font-size: 14pt;\">Domande frequenti<\/span><\/h2>\n<p>D1: La polvere di cloruro di stronzio idrato pu\u00f2 essere conservata a lungo termine?<br \/>\nA1: La polvere \u00e8 igroscopica e deve essere conservata in un ambiente asciutto, sigillato e protetto dalla luce per garantire la stabilit\u00e0 a lungo termine.<\/p>\n<p>D2: Il prodotto si dissolve rapidamente?<br \/>\nA2: S\u00ec, questo prodotto \u00e8 facilmente solubile in acqua a temperatura ambiente e pu\u00f2 preparare rapidamente una soluzione omogenea.<\/p>\n<p>D3: Potete fornire prodotti in diversi stati di idratazione?<br \/>\nA3: S\u00ec, possiamo fornire diverse forme di idratazione per soddisfare le esigenze sperimentali e industriali.<\/p>\n<p>D4: L&#8217;imballaggio \u00e8 personalizzabile?<br \/>\nA4: S\u00ec, possiamo fornire imballaggi di diverso peso, sigillati e a prova di umidit\u00e0 in base alle esigenze del cliente.<\/p>\n<h2><span style=\"font-size: 14pt;\">Rapporti<\/span><\/h2>\n<p>Ogni lotto viene fornito con:<br \/>\n<span style=\"color: #0000ff;\"><a style=\"color: #0000ff;\" href=\"https:\/\/ulpmat.com\/it\/documenti\/certificato-di-analisi\/\"><u>Certificato di analisi (COA)<\/u><\/a><\/span><\/p>\n<p><span style=\"color: #0000ff;\"><a style=\"color: #0000ff;\" href=\"https:\/\/ulpmat.com\/it\/documenti\/scheda-tecnica\/\"><u>Scheda tecnica (TDS)<\/u><\/a><\/span><\/p>\n<p><span style=\"color: #0000ff;\"><a style=\"color: #0000ff;\" href=\"https:\/\/ulpmat.com\/it\/documenti\/scheda-di-sicurezza\/\"><u>Scheda di sicurezza (MSDS)<\/u><\/a><\/span><br \/>\nRapporti di test di terze parti disponibili su richiesta<\/p>\n<h2><span style=\"font-size: 14pt;\">Perch\u00e9 scegliere noi?<\/span><\/h2>\n<p>Disponiamo di una tecnologia di produzione di sali idrati matura e di un rigoroso sistema di controllo qualit\u00e0 per garantire la purezza del prodotto, il contenuto di umidit\u00e0 e l&#8217;uniformit\u00e0 delle particelle. Combinando servizi di personalizzazione flessibili, soluzioni di confezionamento affidabili e una rapida risposta ai clienti, siamo in grado di fornire agli utenti industriali e di ricerca polvere di cloruro di stronzio idrato di alta qualit\u00e0, stabile e affidabile, garantendo il corretto svolgimento degli esperimenti e della produzione.<\/p>\n","protected":false},"excerpt":{"rendered":"<p>Panoramica sulla polvere di cloruro di stronzio idrato La polvere di cloruro di stronzio idrato \u00e8 un sale inorganico idrato ad alta purezza, comunemente utilizzato come fonte di stronzio nella ceramica, nei materiali ottici e nelle reazioni chimiche. Offriamo polvere di cloruro di stronzio idrato con diversi contenuti di acqua, livelli di purezza e dimensioni [&hellip;]<\/p>\n","protected":false},"featured_media":35316,"template":"","meta":{"_acf_changed":false},"product_brand":[132],"product_cat":[323],"product_tag":[3811],"class_list":{"0":"post-35315","1":"product","2":"type-product","3":"status-publish","4":"has-post-thumbnail","6":"product_brand-ulpmat","7":"product_cat-materiali-alogenuri","8":"product_tag-cloruro-di-stronzio-idrato-in-polvere","10":"first","11":"instock","12":"shipping-taxable","13":"product-type-variable"},"acf":[],"_links":{"self":[{"href":"https:\/\/ulpmat.com\/it\/wp-json\/wp\/v2\/product\/35315","targetHints":{"allow":["GET"]}}],"collection":[{"href":"https:\/\/ulpmat.com\/it\/wp-json\/wp\/v2\/product"}],"about":[{"href":"https:\/\/ulpmat.com\/it\/wp-json\/wp\/v2\/types\/product"}],"wp:featuredmedia":[{"embeddable":true,"href":"https:\/\/ulpmat.com\/it\/wp-json\/wp\/v2\/media\/35316"}],"wp:attachment":[{"href":"https:\/\/ulpmat.com\/it\/wp-json\/wp\/v2\/media?parent=35315"}],"wp:term":[{"taxonomy":"product_brand","embeddable":true,"href":"https:\/\/ulpmat.com\/it\/wp-json\/wp\/v2\/product_brand?post=35315"},{"taxonomy":"product_cat","embeddable":true,"href":"https:\/\/ulpmat.com\/it\/wp-json\/wp\/v2\/product_cat?post=35315"},{"taxonomy":"product_tag","embeddable":true,"href":"https:\/\/ulpmat.com\/it\/wp-json\/wp\/v2\/product_tag?post=35315"}],"curies":[{"name":"wp","href":"https:\/\/api.w.org\/{rel}","templated":true}]}}