{"id":35293,"date":"2025-12-03T11:12:17","date_gmt":"2025-12-03T03:12:17","guid":{"rendered":"https:\/\/ulpmat.com\/product\/carbonato-di-stronzio\/"},"modified":"2025-12-03T11:12:17","modified_gmt":"2025-12-03T03:12:17","slug":"carbonato-di-stronzio","status":"publish","type":"product","link":"https:\/\/ulpmat.com\/it\/prodotto\/carbonato-di-stronzio\/","title":{"rendered":"Carbonato di stronzio"},"content":{"rendered":"<h2><span style=\"font-size: 14pt;\">Panoramica sulla polvere di carbonato di stronzio<\/span><\/h2>\n<p>La polvere<br \/>\n<span style=\"color: #0000ff;\"><a style=\"color: #0000ff;\" href=\"https:\/\/ulpmat.com\/it\/ricerca\/?type=name&#038;keyword=Strontium+Carbonate\">di carbonato di stronzio<\/a><\/span><br \/>\n\u00e8 un carbonato ad alta purezza ampiamente utilizzato nella preparazione di ceramiche, vetro, materiali elettronici e pigmenti.<\/p>\n<p>Offriamo polvere di carbonato di stronzio in varie dimensioni delle particelle, gradi di purezza e specifiche di confezionamento, adatti alla ricerca e alla produzione industriale. La polvere \u00e8 stabile, facilmente dispersibile e pu\u00f2 essere personalizzata nella produzione e nel confezionamento per soddisfare le esigenze dei clienti. <span style=\"color: #0000ff;\"><a style=\"color: #0000ff;\" href=\"https:\/\/ulpmat.com\/it\/contatto\/\">Contattateci<\/a><\/span><br \/>\nper i parametri tecnici o i preventivi.<\/p>\n<h2><span style=\"font-size: 14pt;\">Caratteristiche principali del prodotto<\/span><\/h2>\n<p>Elevata purezza<br \/>\nDimensioni delle particelle uniformi e buona dispersibilit\u00e0<br \/>\nChimicamente stabile<br \/>\nPu\u00f2 essere lavorato in varie dimensioni delle particelle<br \/>\nBasso contenuto di impurit\u00e0<br \/>\nConfezionamento personalizzato disponibile<br \/>\nFacilmente solubile in soluzioni acide<br \/>\nSoddisfa i requisiti della ricerca e delle applicazioni industriali<\/p>\n<h2><span style=\"font-size: 14pt;\">Applicazioni della polvere di carbonato di stronzio<\/span><\/h2>\n<p>Utilizzato nell&#8217;industria ceramica per migliorare la densit\u00e0 del materiale e la resistenza al calore.<br \/>\nUtilizzato come fonte di stronzio nei materiali elettronici per migliorare gli indicatori di prestazione.<br \/>\nUtilizzato nella produzione di pigmenti per la fabbricazione di materiali fluorescenti o luminescenti.<br \/>\nUtilizzato come reagente di carbonato di stronzio in esperimenti chimici per studi di reazione.<\/p>\n<h2><span style=\"font-size: 14pt;\">Domande frequenti<\/span><\/h2>\n<p>D1: La polvere di carbonato di stronzio \u00e8 igroscopica?<br \/>\nR1: Questo prodotto ha una buona stabilit\u00e0, ma si consiglia comunque di conservarlo in un ambiente asciutto ed evitare l&#8217;umidit\u00e0 prolungata.<\/p>\n<p>D2: Potete fornire particelle di diverse dimensioni?<br \/>\nR2: S\u00ec, possiamo fornire particelle di diverse dimensioni, da micro a medie, per soddisfare le varie esigenze applicative.<\/p>\n<p>D3: Il prodotto \u00e8 adatto per uso laboratoriale e industriale?<br \/>\nR3: S\u00ec, questo prodotto \u00e8 adatto per esperimenti di ricerca scientifica e produzione industriale su larga scala.<\/p>\n<p>D4: L&#8217;imballaggio \u00e8 personalizzato?<br \/>\nA4: S\u00ec, possiamo fornire imballaggi piccoli o grandi in base alle esigenze del cliente, dotati di sigilli a prova di umidit\u00e0.<\/p>\n<h2><span style=\"font-size: 14pt;\">Rapporti<\/span><\/h2>\n<p>Ogni lotto viene fornito con:<br \/>\n<span style=\"color: #0000ff;\"><a style=\"color: #0000ff;\" href=\"https:\/\/ulpmat.com\/it\/documenti\/certificato-di-analisi\/\"><u>Certificato di analisi (COA)<\/u><\/a><\/span><\/p>\n<p><span style=\"color: #0000ff;\"><a style=\"color: #0000ff;\" href=\"https:\/\/ulpmat.com\/it\/documenti\/scheda-tecnica\/\"><u>Scheda tecnica (TDS)<\/u><\/a><\/span><\/p>\n<p><span style=\"color: #0000ff;\"><a style=\"color: #0000ff;\" href=\"https:\/\/ulpmat.com\/it\/documenti\/scheda-di-sicurezza\/\"><u>Scheda di sicurezza (MSDS)<\/u><\/a><\/span><br \/>\nRapporti di test di terze parti disponibili su richiesta<\/p>\n<h2><span style=\"font-size: 14pt;\">Perch\u00e9 scegliere noi?<\/span><\/h2>\n<p>Disponiamo di una tecnologia di produzione di carbonato di stronzio matura e di un rigoroso sistema di controllo della qualit\u00e0 per garantire la purezza della polvere, l&#8217;uniformit\u00e0 delle particelle e la stabilit\u00e0 chimica. In combinazione con servizi di personalizzazione flessibili e un&#8217;assistenza clienti professionale, siamo in grado di fornire polvere di carbonato di stronzio di alta qualit\u00e0 e affidabile per la ricerca scientifica e gli utenti industriali, garantendo il regolare svolgimento degli esperimenti e della produzione.<\/p>\n","protected":false},"excerpt":{"rendered":"<p>Panoramica sulla polvere di carbonato di stronzio La polvere di carbonato di stronzio \u00e8 un carbonato ad alta purezza ampiamente utilizzato nella preparazione di ceramiche, vetro, materiali elettronici e pigmenti. Offriamo polvere di carbonato di stronzio in varie dimensioni delle particelle, gradi di purezza e specifiche di confezionamento, adatti alla ricerca e alla produzione industriale. [&hellip;]<\/p>\n","protected":false},"featured_media":35294,"template":"","meta":{"_acf_changed":false},"product_brand":[132],"product_cat":[1186],"product_tag":[3805],"class_list":{"0":"post-35293","1":"product","2":"type-product","3":"status-publish","4":"has-post-thumbnail","6":"product_brand-ulpmat","7":"product_cat-altri-acidi","8":"product_tag-carbonato-di-stronzio-in-polvere","10":"first","11":"instock","12":"shipping-taxable","13":"product-type-variable"},"acf":[],"_links":{"self":[{"href":"https:\/\/ulpmat.com\/it\/wp-json\/wp\/v2\/product\/35293","targetHints":{"allow":["GET"]}}],"collection":[{"href":"https:\/\/ulpmat.com\/it\/wp-json\/wp\/v2\/product"}],"about":[{"href":"https:\/\/ulpmat.com\/it\/wp-json\/wp\/v2\/types\/product"}],"wp:featuredmedia":[{"embeddable":true,"href":"https:\/\/ulpmat.com\/it\/wp-json\/wp\/v2\/media\/35294"}],"wp:attachment":[{"href":"https:\/\/ulpmat.com\/it\/wp-json\/wp\/v2\/media?parent=35293"}],"wp:term":[{"taxonomy":"product_brand","embeddable":true,"href":"https:\/\/ulpmat.com\/it\/wp-json\/wp\/v2\/product_brand?post=35293"},{"taxonomy":"product_cat","embeddable":true,"href":"https:\/\/ulpmat.com\/it\/wp-json\/wp\/v2\/product_cat?post=35293"},{"taxonomy":"product_tag","embeddable":true,"href":"https:\/\/ulpmat.com\/it\/wp-json\/wp\/v2\/product_tag?post=35293"}],"curies":[{"name":"wp","href":"https:\/\/api.w.org\/{rel}","templated":true}]}}