{"id":35227,"date":"2025-12-03T11:12:17","date_gmt":"2025-12-03T03:12:17","guid":{"rendered":"https:\/\/ulpmat.com\/product\/ferrite-di-stronzio\/"},"modified":"2025-12-03T11:12:17","modified_gmt":"2025-12-03T03:12:17","slug":"ferrite-di-stronzio","status":"publish","type":"product","link":"https:\/\/ulpmat.com\/it\/prodotto\/ferrite-di-stronzio\/","title":{"rendered":"Ferrite di stronzio"},"content":{"rendered":"<h2><span style=\"font-size: 14pt;\">Target di sputtering in ferrite di stronzio Panoramica<\/span><\/h2>\n<p>I target di sputtering<br \/>\n<span style=\"color: #0000ff;\"><a style=\"color: #0000ff;\" href=\"https:\/\/ulpmat.com\/it\/ricerca\/?type=name&#038;keyword=Strontium+Ferrite\">in ferrite di stronzio<\/a><\/span><br \/>\nsono materiali magnetici ad alte prestazioni utilizzati per la fabbricazione di dispositivi magnetici a film sottile e componenti elettronici.<\/p>\n<p>Offriamo target di sputtering in ferrite di stronzio ad alta densit\u00e0 e uniformit\u00e0, adatti per la deposizione di film sottili magnetici, sensori ed esperimenti di ricerca scientifica. Le dimensioni e le forme possono essere personalizzate per soddisfare le esigenze dei clienti, garantendo l&#8217;uniformit\u00e0 dello sputtering e le prestazioni del film. <span style=\"color: #0000ff;\"><a style=\"color: #0000ff;\" href=\"https:\/\/ulpmat.com\/it\/contatto\/\">Contattateci<\/a><\/span><br \/>\nper richiedere dei campioni.<\/p>\n<h2><span style=\"font-size: 14pt;\">Caratteristiche principali del prodotto<\/span><\/h2>\n<p>Elevata stabilit\u00e0 magnetica<br \/>\nEccellente stabilit\u00e0 termica<br \/>\nAlta densit\u00e0 e struttura uniforme<br \/>\nDimensioni e forme personalizzate<br \/>\nFacile sputtering e deposizione del film<br \/>\nElevata purezza, basse impurit\u00e0<br \/>\nStabilit\u00e0 di conservazione a lungo termine<br \/>\nBonding del target opzionale<br \/>\nAdatto a varie applicazioni elettroniche e magnetiche<\/p>\n<h2><span style=\"font-size: 14pt;\">Applicazioni dei target di sputtering in ferrite di stronzio<\/span><\/h2>\n<p>Utilizzati per la fabbricazione di film magnetici sottili per migliorare le prestazioni dei dispositivi.<br \/>\nAdatti per sensori magnetici e dispositivi di memorizzazione magnetica.<br \/>\nUtilizzati per la fabbricazione di film magnetici funzionali in esperimenti di ricerca scientifica.<br \/>\nApplicazioni nella funzionalizzazione superficiale di dispositivi elettronici magnetici.<\/p>\n<h2><span style=\"color: #0000ff;\"><a style=\"color: #0000ff;\" href=\"https:\/\/ulpmat.com\/it\/azienda\/domande-frequenti\/\"><span style=\"font-size: 14pt;\">Domande frequenti<\/span><\/a><\/span><\/h2>\n<p>D1: Quali processi di sputtering sono adatti per questo target di sputtering?<br \/>\nR1: Questo prodotto \u00e8 adatto sia per lo sputtering DC che RF, producendo un&#8217;eccellente uniformit\u00e0 del film.<\/p>\n<p>D2: \u00c8 possibile personalizzare lo spessore o il diametro?<br \/>\nR2: Siamo in grado di fornire diversi diametri, spessori e forme per soddisfare le esigenze di varie apparecchiature.<\/p>\n<p>D3: Quali precauzioni devono essere prese durante lo stoccaggio?<br \/>\nR3: Si consiglia di conservarlo in un contenitore sigillato in un ambiente asciutto, evitando l&#8217;umidit\u00e0 e l&#8217;esposizione prolungata alla luce.<\/p>\n<p>D4: Come viene garantita la purezza del materiale del target?<br \/>\nA4: Utilizziamo materie prime di elevata purezza e controlliamo rigorosamente il processo di produzione e il contenuto di impurit\u00e0 per garantire elevati standard di purezza.<\/p>\n<h2><span style=\"font-size: 14pt;\">Rapporti<\/span><\/h2>\n<p>Ogni lotto viene fornito con:<br \/>\n<span style=\"color: #0000ff;\"><a style=\"color: #0000ff;\" href=\"https:\/\/ulpmat.com\/it\/documenti\/certificato-di-analisi\/\"><u>Certificato di analisi (COA)<\/u><\/a><\/span><\/p>\n<p><span style=\"color: #0000ff;\"><a style=\"color: #0000ff;\" href=\"https:\/\/ulpmat.com\/it\/documenti\/scheda-tecnica\/\"><u>Scheda tecnica (TDS)<\/u><\/a><\/span><\/p>\n<p><span style=\"color: #0000ff;\"><a style=\"color: #0000ff;\" href=\"https:\/\/ulpmat.com\/it\/documenti\/scheda-di-sicurezza\/\"><u>Scheda di sicurezza (MSDS)<\/u><\/a><\/span><br \/>\nRapporti di test di terze parti disponibili su richiesta<\/p>\n<h2><span style=\"font-size: 14pt;\">Perch\u00e9 scegliere noi?<\/span><\/h2>\n<p>Possediamo una tecnologia avanzata di preparazione dei target di sputtering e un rigoroso sistema di gestione della qualit\u00e0, che garantisce un&#8217;elevata densit\u00e0 dei target, una struttura uniforme e stabilit\u00e0 magnetica. In combinazione con una personalizzazione flessibile e servizi tecnici professionali, forniamo ai clienti soluzioni affidabili e ad alte prestazioni per target di sputtering magnetico, a supporto della corretta implementazione della ricerca scientifica e delle applicazioni industriali.<\/p>\n","protected":false},"excerpt":{"rendered":"<p>Target di sputtering in ferrite di stronzio Panoramica I target di sputtering in ferrite di stronzio sono materiali magnetici ad alte prestazioni utilizzati per la fabbricazione di dispositivi magnetici a film sottile e componenti elettronici. Offriamo target di sputtering in ferrite di stronzio ad alta densit\u00e0 e uniformit\u00e0, adatti per la deposizione di film sottili [&hellip;]<\/p>\n","protected":false},"featured_media":35228,"template":"","meta":{"_acf_changed":false},"product_brand":[132],"product_cat":[453],"product_tag":[3787],"class_list":{"0":"post-35227","1":"product","2":"type-product","3":"status-publish","4":"has-post-thumbnail","6":"product_brand-ulpmat","7":"product_cat-target-di-sputtering-in-ceramica","8":"product_tag-bersaglio-sputtering-in-ferrite-di-stronzio","10":"first","11":"instock","12":"shipping-taxable","13":"product-type-variable"},"acf":[],"_links":{"self":[{"href":"https:\/\/ulpmat.com\/it\/wp-json\/wp\/v2\/product\/35227","targetHints":{"allow":["GET"]}}],"collection":[{"href":"https:\/\/ulpmat.com\/it\/wp-json\/wp\/v2\/product"}],"about":[{"href":"https:\/\/ulpmat.com\/it\/wp-json\/wp\/v2\/types\/product"}],"wp:featuredmedia":[{"embeddable":true,"href":"https:\/\/ulpmat.com\/it\/wp-json\/wp\/v2\/media\/35228"}],"wp:attachment":[{"href":"https:\/\/ulpmat.com\/it\/wp-json\/wp\/v2\/media?parent=35227"}],"wp:term":[{"taxonomy":"product_brand","embeddable":true,"href":"https:\/\/ulpmat.com\/it\/wp-json\/wp\/v2\/product_brand?post=35227"},{"taxonomy":"product_cat","embeddable":true,"href":"https:\/\/ulpmat.com\/it\/wp-json\/wp\/v2\/product_cat?post=35227"},{"taxonomy":"product_tag","embeddable":true,"href":"https:\/\/ulpmat.com\/it\/wp-json\/wp\/v2\/product_tag?post=35227"}],"curies":[{"name":"wp","href":"https:\/\/api.w.org\/{rel}","templated":true}]}}