{"id":35145,"date":"2025-12-03T11:12:18","date_gmt":"2025-12-03T03:12:18","guid":{"rendered":"https:\/\/ulpmat.com\/product\/solfuro-di-stronzio\/"},"modified":"2025-12-03T11:12:18","modified_gmt":"2025-12-03T03:12:18","slug":"solfuro-di-stronzio","status":"publish","type":"product","link":"https:\/\/ulpmat.com\/it\/prodotto\/solfuro-di-stronzio\/","title":{"rendered":"Solfuro di stronzio"},"content":{"rendered":"<h2><span style=\"font-size: 14pt;\">Panoramica sulla polvere di solfuro di stronzio<\/span><\/h2>\n<p>La polvere <span style=\"color: #0000ff;\"><a style=\"color: #0000ff;\" href=\"https:\/\/ulpmat.com\/it\/ricerca\/?type=name&#038;keyword=Strontium+Sulfide\">di solfuro di stronzio<\/a><\/span><br \/>\nad alta purezza \u00e8 adatta alla preparazione di materiali optoelettronici e dispositivi emettitori di luce.<\/p>\n<p>Offriamo polveri SrS ad alta purezza di varie dimensioni delle particelle per soddisfare le esigenze della ricerca scientifica e delle applicazioni industriali. <span style=\"color: #0000ff;\"><a style=\"color: #0000ff;\" href=\"https:\/\/ulpmat.com\/it\/contatto\/\">Contattateci<\/a><\/span><br \/>\nper richiedere campioni o per personalizzare le specifiche della polvere. Forniamo <span style=\"color: #0000ff;\"><a style=\"color: #0000ff;\" href=\"https:\/\/ulpmat.com\/it\/servizio\/assistenza-tecnica\/\">assistenza tecnica<\/a><\/span><br \/>\ne <span style=\"color: #0000ff;\"><a style=\"color: #0000ff;\" href=\"https:\/\/ulpmat.com\/it\/servizio\/servizio-post-vendita\/\">servizio post-vendita<\/a><\/span><br \/>\nper garantire un&#8217;esperienza utente affidabile.<\/p>\n<h2><span style=\"font-size: 14pt;\">Caratteristiche principali del prodotto<\/span><\/h2>\n<p>Elevata purezza<br \/>\nDimensioni delle particelle uniformi, buona dispersibilit\u00e0<br \/>\nEccellenti propriet\u00e0 ottiche<br \/>\nElevata stabilit\u00e0 chimica<br \/>\nFacile da lavorare e miscelare<br \/>\nSupporta dimensioni delle particelle personalizzate<br \/>\nAdatto per applicazioni optoelettroniche ed emettitrici di luce<br \/>\nElevata uniformit\u00e0 dei lotti<\/p>\n<h2><span style=\"font-size: 14pt;\">Applicazioni della polvere di solfuro di stronzio<\/span><\/h2>\n<p>Utilizzata nella preparazione di materiali emettitori di infrarossi e fosfori.<br \/>\nConsente di ottenere una conversione elettronica ad alta efficienza nei dispositivi optoelettronici.<br \/>\nUtilizzato come materiale laser e precursore di punti quantici.<br \/>\nUtilizzato nella preparazione di materiali compositi multistrato e rivestimenti per migliorare la funzionalit\u00e0 dei materiali.<\/p>\n<h2><span style=\"color: #0000ff;\"><a style=\"color: #0000ff;\" href=\"https:\/\/ulpmat.com\/it\/azienda\/domande-frequenti\/\"><span style=\"font-size: 14pt;\">Domande frequenti<\/span><\/a><\/span><\/h2>\n<p>D1: Qual \u00e8 la gamma di dimensioni delle particelle pi\u00f9 comune della polvere di SrS?<br \/>\nR1: Offriamo una variet\u00e0 di dimensioni delle particelle da micrometri a nanometri, che possono essere personalizzate in base alle esigenze del cliente.<\/p>\n<p>D2: Come conservare la polvere di SrS per garantirne la stabilit\u00e0?<br \/>\nR2: Conservare in un ambiente asciutto, buio e sigillato, evitando l&#8217;umidit\u00e0 e l&#8217;esposizione prolungata all&#8217;aria.<\/p>\n<p>D3: La polvere pu\u00f2 essere utilizzata in processi di miscelazione a umido o di rivestimento?<br \/>\nR3: S\u00ec, la polvere ha una buona dispersibilit\u00e0 ed \u00e8 adatta per applicazioni di lavorazione a umido e rivestimento.<\/p>\n<p>D4: Come garantire la purezza della polvere e l&#8217;uniformit\u00e0 dei lotti?<br \/>\nR4: Ogni lotto di polvere viene sottoposto a rigorose analisi della composizione chimica e test delle dimensioni delle particelle per garantire un&#8217;elevata purezza e prestazioni stabili.<\/p>\n<h2><span style=\"font-size: 14pt;\">Rapporti<\/span><\/h2>\n<p>Ogni lotto viene fornito con:<br \/>\n<span style=\"color: #0000ff;\"><a style=\"color: #0000ff;\" href=\"https:\/\/ulpmat.com\/it\/documenti\/certificato-di-analisi\/\"><u>Certificato di analisi (COA)<\/u><\/a><\/span><\/p>\n<p><span style=\"color: #0000ff;\"><a style=\"color: #0000ff;\" href=\"https:\/\/ulpmat.com\/it\/documenti\/scheda-tecnica\/\"><u>Scheda tecnica (TDS)<\/u><\/a><\/span><\/p>\n<p><span style=\"color: #0000ff;\"><a style=\"color: #0000ff;\" href=\"https:\/\/ulpmat.com\/it\/documenti\/scheda-di-sicurezza\/\"><u>Scheda di sicurezza (MSDS)<\/u><\/a><\/span><br \/>\nRapporti di test di terze parti disponibili su richiesta<\/p>\n<h2><span style=\"font-size: 14pt;\">Perch\u00e9 scegliere noi?<\/span><\/h2>\n<p>Possediamo una tecnologia matura per la preparazione della polvere SrS e un rigoroso sistema di controllo qualit\u00e0, fornendo polveri ad alta purezza, ben dispersibili e stabili, insieme a servizi tecnici professionali per facilitare la ricerca e le applicazioni industriali.<\/p>\n","protected":false},"excerpt":{"rendered":"<p>Panoramica sulla polvere di solfuro di stronzio La polvere di solfuro di stronzio ad alta purezza \u00e8 adatta alla preparazione di materiali optoelettronici e dispositivi emettitori di luce. Offriamo polveri SrS ad alta purezza di varie dimensioni delle particelle per soddisfare le esigenze della ricerca scientifica e delle applicazioni industriali. Contattateci per richiedere campioni o [&hellip;]<\/p>\n","protected":false},"featured_media":35146,"template":"","meta":{"_acf_changed":false},"product_brand":[132],"product_cat":[672,1093],"product_tag":[3763],"class_list":{"0":"post-35145","1":"product","2":"type-product","3":"status-publish","4":"has-post-thumbnail","6":"product_brand-ulpmat","7":"product_cat-materiali-calcogenidici","8":"product_cat-materiali-calcogenidici-it","9":"product_tag-polvere-di-solfuro-di-stronzio","11":"first","12":"instock","13":"shipping-taxable","14":"product-type-variable"},"acf":[],"_links":{"self":[{"href":"https:\/\/ulpmat.com\/it\/wp-json\/wp\/v2\/product\/35145","targetHints":{"allow":["GET"]}}],"collection":[{"href":"https:\/\/ulpmat.com\/it\/wp-json\/wp\/v2\/product"}],"about":[{"href":"https:\/\/ulpmat.com\/it\/wp-json\/wp\/v2\/types\/product"}],"wp:featuredmedia":[{"embeddable":true,"href":"https:\/\/ulpmat.com\/it\/wp-json\/wp\/v2\/media\/35146"}],"wp:attachment":[{"href":"https:\/\/ulpmat.com\/it\/wp-json\/wp\/v2\/media?parent=35145"}],"wp:term":[{"taxonomy":"product_brand","embeddable":true,"href":"https:\/\/ulpmat.com\/it\/wp-json\/wp\/v2\/product_brand?post=35145"},{"taxonomy":"product_cat","embeddable":true,"href":"https:\/\/ulpmat.com\/it\/wp-json\/wp\/v2\/product_cat?post=35145"},{"taxonomy":"product_tag","embeddable":true,"href":"https:\/\/ulpmat.com\/it\/wp-json\/wp\/v2\/product_tag?post=35145"}],"curies":[{"name":"wp","href":"https:\/\/api.w.org\/{rel}","templated":true}]}}