{"id":34971,"date":"2025-12-09T15:51:06","date_gmt":"2025-12-09T07:51:06","guid":{"rendered":"https:\/\/ulpmat.com\/product\/carbonato-di-rubidio\/"},"modified":"2025-12-09T15:51:06","modified_gmt":"2025-12-09T07:51:06","slug":"carbonato-di-rubidio","status":"publish","type":"product","link":"https:\/\/ulpmat.com\/it\/prodotto\/carbonato-di-rubidio\/","title":{"rendered":"Carbonato di rubidio"},"content":{"rendered":"<h2><span style=\"font-size: 14pt;\">Panoramica sulla polvere di carbonato di rubidio<\/span><\/h2>\n<p>La polvere <span style=\"color: #0000ff;\"><a style=\"color: #0000ff;\" href=\"https:\/\/ulpmat.com\/it\/ricerca\/?type=name&#038;keyword=rubidium+carbonate\">di carbonato di rubidio<\/a><\/span><br \/>\nad alta purezza, caratterizzata da elevata purezza, eccellente stabilit\u00e0 e forte solubilit\u00e0, \u00e8 una materia prima fondamentale per la ricerca e lo sviluppo e la produzione nei settori dell&#8217;optoelettronica, della catalisi, del vetro speciale e in altri campi.<\/p>\n<p>Offriamo polvere di carbonato di rubidio in diverse purezze e specifiche, con supporto per dimensioni delle particelle personalizzate e imballaggi speciali. Per campioni, preventivi o richieste tecniche, non esitate<span style=\"color: #0000ff;\"><a style=\"color: #0000ff;\" href=\"https:\/\/ulpmat.com\/it\/contatto\/\"><\/a><\/span><br \/>\na <span style=\"color: #0000ff;\"><a style=\"color: #0000ff;\" href=\"https:\/\/ulpmat.com\/it\/contatto\/\">contattarci<\/a><\/span><br \/>\nin qualsiasi momento.<\/p>\n<h2><span style=\"font-size: 14pt;\">Caratteristiche<\/span><\/h2>\n<h2><span style=\"font-size: 14pt;\">principali del prodotto<\/span><\/h2>\n<p>Purezza elevatissima<br \/>\nDimensioni delle particelle uniformi e controllabili<br \/>\nEccellente solubilit\u00e0 in acqua e reattivit\u00e0<br \/>\nImballaggio sigillato a prova di umidit\u00e0<br \/>\n<span style=\"color: #0000ff;\"><a style=\"color: #0000ff;\" href=\"https:\/\/ulpmat.com\/it\/servizio\/assistenza-tecnica\/\">Assistenza tecnica<\/a><\/span><br \/>\nprofessionale<\/p>\n<h2><span style=\"font-size: 14pt;\">Applicazioni della polvere di carbonato di rubidio<\/span><\/h2>\n<p>Vetro <span style=\"color: #0000ff;\"><a style=\"color: #0000ff;\" href=\"https:\/\/ulpmat.com\/it\/applicazione\/materiali-ottici\/\">ottico<\/a><\/span><br \/>\nspeciale: utilizzato per la produzione di vetro ottico ad alto indice di rifrazione, bassa dispersione e alte prestazioni.<br \/>\nMateriali fotovoltaici e optoelettronici: funge da materiale di drogaggio chiave per nuovi dispositivi optoelettronici come le celle solari in perovskite.<br \/>\nCatalizzatori per sintesi organica: funge da catalizzatore efficiente in varie reazioni catalizzate da alcali.<br \/>\nProduzione di ceramiche elettroniche: migliora le prestazioni di sinterizzazione e le propriet\u00e0 dielettriche dei materiali ceramici.<\/p>\n<h2><span style=\"color: #0000ff;\"><a style=\"color: #0000ff;\" href=\"https:\/\/ulpmat.com\/it\/azienda\/domande-frequenti\/\"><span style=\"font-size: 14pt;\">Domande frequenti<\/span><\/a><\/span><\/h2>\n<p>D1: Qual \u00e8 la purezza tipica del prodotto?<br \/>\nR1: Forniamo abitualmente un grado di purezza del 99,9% e possiamo fornire soluzioni di purezza personalizzate in base alle esigenze del cliente.<\/p>\n<p>D2: Come deve essere conservato il prodotto?<br \/>\nR2: Questo prodotto assorbe facilmente l&#8217;umidit\u00e0. Conservare in un contenitore sigillato in un ambiente asciutto, fresco e buio. Dopo l&#8217;apertura, proteggere con gas inerte e utilizzare tempestivamente.<\/p>\n<p>D3: \u00c8 possibile fornire campioni per i test?<br \/>\nR3: S\u00ec, invitiamo i nuovi clienti a richiedere campioni per la valutazione. Si prega di contattare il nostro team di vendita per le politiche specifiche.<\/p>\n<p>D4: Supportate la produzione personalizzata?<br \/>\nR4: S\u00ec. Possiamo personalizzare la produzione in base alle vostre specifiche esigenze in termini di dimensione delle particelle, purezza, morfologia dei cristalli e confezionamento.<\/p>\n<h2><span style=\"font-size: 14pt;\">Rapporto<\/span><\/h2>\n<p>Ogni lotto viene fornito con:<br \/>\n<span style=\"color: #0000ff;\"><a style=\"color: #0000ff;\" href=\"https:\/\/ulpmat.com\/it\/documenti\/certificato-di-analisi\/\"><u>Certificato di analisi (COA)<\/u><\/a><\/span><\/p>\n<p><span style=\"color: #0000ff;\"><a style=\"color: #0000ff;\" href=\"https:\/\/ulpmat.com\/it\/documenti\/scheda-tecnica\/\"><u>Scheda tecnica (TDS)<\/u><\/a><\/span><\/p>\n<p><span style=\"color: #0000ff;\"><a style=\"color: #0000ff;\" href=\"https:\/\/ulpmat.com\/it\/documenti\/scheda-di-sicurezza\/\"><u>Scheda di sicurezza (MSDS)<\/u><\/a><\/span><br \/>\nRapporti di test di terze parti disponibili su richiesta<\/p>\n<h2><span style=\"font-size: 14pt;\">Perch\u00e9 scegliere noi?<\/span><\/h2>\n<p>Con la nostra fornitura stabile di prodotti ad alta purezza, il supporto tecnico professionale e i servizi di personalizzazione flessibili, siamo il vostro partner di fiducia per i composti di rubidio.<\/p>\n","protected":false},"excerpt":{"rendered":"<p>Panoramica sulla polvere di carbonato di rubidio La polvere di carbonato di rubidio ad alta purezza, caratterizzata da elevata purezza, eccellente stabilit\u00e0 e forte solubilit\u00e0, \u00e8 una materia prima fondamentale per la ricerca e lo sviluppo e la produzione nei settori dell&#8217;optoelettronica, della catalisi, del vetro speciale e in altri campi. Offriamo polvere di carbonato [&hellip;]<\/p>\n","protected":false},"featured_media":34972,"template":"","meta":{"_acf_changed":false},"product_brand":[132],"product_cat":[1186],"product_tag":[3721],"class_list":{"0":"post-34971","1":"product","2":"type-product","3":"status-publish","4":"has-post-thumbnail","6":"product_brand-ulpmat","7":"product_cat-altri-acidi","8":"product_tag-carbonato-di-rubidio-in-polvere","10":"first","11":"instock","12":"shipping-taxable","13":"product-type-variable"},"acf":[],"_links":{"self":[{"href":"https:\/\/ulpmat.com\/it\/wp-json\/wp\/v2\/product\/34971","targetHints":{"allow":["GET"]}}],"collection":[{"href":"https:\/\/ulpmat.com\/it\/wp-json\/wp\/v2\/product"}],"about":[{"href":"https:\/\/ulpmat.com\/it\/wp-json\/wp\/v2\/types\/product"}],"wp:featuredmedia":[{"embeddable":true,"href":"https:\/\/ulpmat.com\/it\/wp-json\/wp\/v2\/media\/34972"}],"wp:attachment":[{"href":"https:\/\/ulpmat.com\/it\/wp-json\/wp\/v2\/media?parent=34971"}],"wp:term":[{"taxonomy":"product_brand","embeddable":true,"href":"https:\/\/ulpmat.com\/it\/wp-json\/wp\/v2\/product_brand?post=34971"},{"taxonomy":"product_cat","embeddable":true,"href":"https:\/\/ulpmat.com\/it\/wp-json\/wp\/v2\/product_cat?post=34971"},{"taxonomy":"product_tag","embeddable":true,"href":"https:\/\/ulpmat.com\/it\/wp-json\/wp\/v2\/product_tag?post=34971"}],"curies":[{"name":"wp","href":"https:\/\/api.w.org\/{rel}","templated":true}]}}