{"id":34913,"date":"2025-12-09T15:51:07","date_gmt":"2025-12-09T07:51:07","guid":{"rendered":"https:\/\/ulpmat.com\/product\/cloruro-di-rubidio\/"},"modified":"2025-12-09T15:51:07","modified_gmt":"2025-12-09T07:51:07","slug":"cloruro-di-rubidio","status":"publish","type":"product","link":"https:\/\/ulpmat.com\/it\/prodotto\/cloruro-di-rubidio\/","title":{"rendered":"Cloruro di rubidio"},"content":{"rendered":"<h2><span style=\"font-size: 14pt;\">Panoramica sulla polvere di cloruro di rubidio<\/span><\/h2>\n<p><span style=\"color: #0000ff;\"><a style=\"color: #0000ff;\" href=\"https:\/\/ulpmat.com\/it\/ricerca\/?type=name&#038;keyword=Rubidium+chloride\">Il cloruro di rubidio<\/a><\/span><br \/>\n\u00e8 un sale di rubidio inorganico ad alta purezza con formula chimica RbCl\u2082, che si presenta sotto forma di polvere cristallina bianca. Questo prodotto \u00e8 altamente solubile in acqua, ha un punto di fusione di circa 717 \u00b0C e presenta propriet\u00e0 chimiche stabili. \u00c8 una delle materie prime pi\u00f9 fondamentali e comunemente utilizzate per ottenere ioni di rubidio, svolgendo un ruolo cruciale in campi quali la biochimica, l&#8217;analisi spettroscopica e la sintesi di nuovi materiali.<\/p>\n<p>Offriamo polvere di cloruro di rubidio con una purezza fino al 99,9%, disponibile in varie confezioni. Per i cataloghi dei prodotti, i parametri tecnici dettagliati o richieste personalizzate, non esitate<span style=\"color: #0000ff;\"><a style=\"color: #0000ff;\" href=\"https:\/\/ulpmat.com\/it\/contatto\/\"><\/a><\/span><br \/>\na <span style=\"color: #0000ff;\"><a style=\"color: #0000ff;\" href=\"https:\/\/ulpmat.com\/it\/contatto\/\">contattarci.<\/a><\/span><\/p>\n<h2><span style=\"font-size: 14pt;\">Caratteristiche principali<\/span><\/h2>\n<h2><span style=\"font-size: 14pt;\">del prodotto<\/span><\/h2>\n<p>Purezza elevatissima<br \/>\nEccellente solubilit\u00e0 in acqua<br \/>\nControllo di qualit\u00e0 rigoroso<br \/>\nPropriet\u00e0 chimiche stabili<br \/>\nConfezionamento professionale a prova di umidit\u00e0<\/p>\n<h2><span style=\"font-size: 14pt;\">Applicazioni della polvere di cloruro di rubidio<\/span><\/h2>\n<p>Ricerca biomedica: utilizzato come inibitore dei canali del potassio o tracciante di ioni di rubidio negli studi di fisiologia cellulare.<br \/>\nStandard di analisi spettrale: funge da sostanza standard o tampone di ionizzazione nella spettroscopia di assorbimento atomico o di emissione.<br \/>\nPreparazione di catalizzatori: funge da precursore per la sintesi di catalizzatori necessari in alcune reazioni organiche o processi di polimerizzazione.<br \/>\nCrescita di cristalli singoli e materiali: utilizzato come materiale di base per la crescita di cristalli ottici o la preparazione di altri composti funzionali del rubidio.<\/p>\n<h2><span style=\"color: #0000ff;\"><a style=\"color: #0000ff;\" href=\"https:\/\/ulpmat.com\/it\/azienda\/domande-frequenti\/\"><span style=\"font-size: 14pt;\">Domande frequenti<\/span><\/a><\/span><\/h2>\n<p>D1: Qual \u00e8 la purezza tipica della polvere di cloruro di rubidio?<br \/>\nR1: Forniamo regolarmente polvere di cloruro di rubidio con una purezza non inferiore al 99,9%. Sono disponibili opzioni di purezza personalizzate per i clienti con requisiti specifici.<\/p>\n<p>D2: Come deve essere conservato il prodotto? Quali precauzioni di sicurezza devono essere prese?<br \/>\nA2: Questo prodotto assorbe facilmente l&#8217;umidit\u00e0 e deve essere conservato in un contenitore sigillato in un luogo fresco e asciutto. Evitare di inalare la polvere durante la manipolazione; si raccomanda l&#8217;uso di dispositivi di protezione. Per informazioni dettagliate sulla sicurezza, consultare la scheda di sicurezza (MSDS) allegata.<\/p>\n<p>D3: Qual \u00e8 la solubilit\u00e0 del cloruro di rubidio in acqua?<br \/>\nA3: Il cloruro di rubidio \u00e8 altamente solubile in acqua e la sua solubilit\u00e0 aumenta significativamente con la temperatura. Ad esempio, si dissolve circa 91 g per 100 mL di acqua a 0 \u00b0C e fino a 147 g per 100 mL a 100 \u00b0C.<\/p>\n<p>D4: Qual \u00e8 la quantit\u00e0 minima ordinabile? Fornite campioni?<br \/>\nR4: Supportiamo ordini di piccoli lotti per scopi di ricerca e sviluppo (a partire da 1 grammo) e possiamo fornire campioni per test e valutazioni a potenziali clienti. Si prega di consultare i nostri rappresentanti di vendita per le politiche specifiche.<\/p>\n<h2><span style=\"font-size: 14pt;\">Rapporto<\/span><\/h2>\n<p>Ogni lotto viene fornito con:<br \/>\n<span style=\"color: #0000ff;\"><a style=\"color: #0000ff;\" href=\"https:\/\/ulpmat.com\/it\/documenti\/certificato-di-analisi\/\"><u>Certificato di analisi (COA)<\/u><\/a><\/span><\/p>\n<p><span style=\"color: #0000ff;\"><a style=\"color: #0000ff;\" href=\"https:\/\/ulpmat.com\/it\/documenti\/scheda-tecnica\/\"><u>Scheda tecnica (TDS)<\/u><\/a><\/span><\/p>\n<p><span style=\"color: #0000ff;\"><a style=\"color: #0000ff;\" href=\"https:\/\/ulpmat.com\/it\/documenti\/scheda-di-sicurezza\/\"><u>Scheda di sicurezza (MSDS)<\/u><\/a><\/span><br \/>\nRapporti di test di terze parti disponibili su richiesta<\/p>\n<h2><span style=\"font-size: 14pt;\">Perch\u00e9 scegliere noi?<\/span><\/h2>\n<p>Ci impegniamo ad essere il vostro partner pi\u00f9 affidabile per i composti di rubidio, grazie a una fornitura stabile di prodotti ad alta purezza, un supporto tecnico professionale e un servizio clienti flessibile.<\/p>\n","protected":false},"excerpt":{"rendered":"<p>Panoramica sulla polvere di cloruro di rubidio Il cloruro di rubidio \u00e8 un sale di rubidio inorganico ad alta purezza con formula chimica RbCl\u2082, che si presenta sotto forma di polvere cristallina bianca. Questo prodotto \u00e8 altamente solubile in acqua, ha un punto di fusione di circa 717 \u00b0C e presenta propriet\u00e0 chimiche stabili. \u00c8 [&hellip;]<\/p>\n","protected":false},"featured_media":34914,"template":"","meta":{"_acf_changed":false},"product_brand":[132],"product_cat":[323],"product_tag":[3703],"class_list":{"0":"post-34913","1":"product","2":"type-product","3":"status-publish","4":"has-post-thumbnail","6":"product_brand-ulpmat","7":"product_cat-materiali-alogenuri","8":"product_tag-cloruro-di-rubidio-in-polvere","10":"first","11":"instock","12":"shipping-taxable","13":"product-type-variable"},"acf":[],"_links":{"self":[{"href":"https:\/\/ulpmat.com\/it\/wp-json\/wp\/v2\/product\/34913","targetHints":{"allow":["GET"]}}],"collection":[{"href":"https:\/\/ulpmat.com\/it\/wp-json\/wp\/v2\/product"}],"about":[{"href":"https:\/\/ulpmat.com\/it\/wp-json\/wp\/v2\/types\/product"}],"wp:featuredmedia":[{"embeddable":true,"href":"https:\/\/ulpmat.com\/it\/wp-json\/wp\/v2\/media\/34914"}],"wp:attachment":[{"href":"https:\/\/ulpmat.com\/it\/wp-json\/wp\/v2\/media?parent=34913"}],"wp:term":[{"taxonomy":"product_brand","embeddable":true,"href":"https:\/\/ulpmat.com\/it\/wp-json\/wp\/v2\/product_brand?post=34913"},{"taxonomy":"product_cat","embeddable":true,"href":"https:\/\/ulpmat.com\/it\/wp-json\/wp\/v2\/product_cat?post=34913"},{"taxonomy":"product_tag","embeddable":true,"href":"https:\/\/ulpmat.com\/it\/wp-json\/wp\/v2\/product_tag?post=34913"}],"curies":[{"name":"wp","href":"https:\/\/api.w.org\/{rel}","templated":true}]}}