{"id":34543,"date":"2025-12-09T15:51:11","date_gmt":"2025-12-09T07:51:11","guid":{"rendered":"https:\/\/ulpmat.com\/product\/gallio-metallico-2\/"},"modified":"2025-12-09T15:51:11","modified_gmt":"2025-12-09T07:51:11","slug":"gallio-metallico-2","status":"publish","type":"product","link":"https:\/\/ulpmat.com\/it\/prodotto\/gallio-metallico-2\/","title":{"rendered":"Gallio metallico"},"content":{"rendered":"<h2><span style=\"font-size: 14pt;\">Panoramica sui granuli di gallio metallico<\/span><\/h2>\n<p><span style=\"color: #0000ff;\"><a style=\"color: #0000ff;\" href=\"https:\/\/ulpmat.com\/it\/ricerca\/?type=name&#038;keyword=Gallium\">Il gallio<\/a><\/span><br \/>\n\u00e8 un metallo unico con un basso punto di fusione, simbolo chimico Ga e numero atomico 31. A temperatura ambiente (superiore a 29,76 \u00b0C), si presenta come un liquido bianco-argenteo, mentre al di sotto del suo punto di fusione diventa un solido bianco-bluastro. Caratterizzato da un basso punto di fusione, un alto punto di ebollizione, una bassa tossicit\u00e0 e un&#8217;eccezionale conduttivit\u00e0 elettrica e termica, \u00e8 considerato la &#8220;spina dorsale dell&#8217;industria elettronica&#8221;. Essendo un metallo raro e disperso, il gallio \u00e8 una materia prima indispensabile per la produzione di semiconduttori di terza generazione (come il nitruro di gallio e l&#8217;arseniuro di gallio). Trova ampie applicazioni nell&#8217;optoelettronica di fascia alta, nei dispositivi a radiofrequenza e nei settori tecnologici all&#8217;avanguardia.<\/p>\n<p>Offriamo prodotti in metallo gallio in varie forme e gradi di purezza, con opzioni di confezionamento flessibili e personalizzazioni disponibili per soddisfare le vostre esigenze di ricerca o produzione. Per richieste tecniche, non esitate a<span style=\"color: #0000ff;\"><a style=\"color: #0000ff;\" href=\"https:\/\/ulpmat.com\/it\/contatto\/\"> contattarci<\/a><\/span><br \/>\nin qualsiasi momento.<\/p>\n<h2><span style=\"font-size: 14pt;\">Caratteristiche principali dei <\/span><span style=\"font-size: 14pt;\">granuli di metallo gallio<\/span><\/h2>\n<p>Opzioni di purezza ultra elevata disponibili<br \/>\nPunto di fusione unico (circa 29,8 \u00b0C)<br \/>\nEccezionale conduttivit\u00e0 elettrica e termica<br \/>\nForme flessibili (particelle solide, liquido personalizzato)<br \/>\nImballaggio professionale e resistente alla corrosione<\/p>\n<h2><span style=\"font-size: 14pt;\">Applicazioni dei granuli di gallio metallico<\/span><\/h2>\n<p><span style=\"color: #0000ff;\"><a style=\"color: #0000ff;\" href=\"https:\/\/ulpmat.com\/it\/applicazione\/materiali-per-semiconduttori\/\">Semiconduttori<\/a><\/span><br \/>\ne microelettronica: utilizzati nella sintesi di materiali semiconduttori di terza generazione come l&#8217;arseniuro di gallio (GaAs) e il nitruro di gallio (GaN), nella produzione di chip RF, dispositivi di potenza e LED.<br \/>\n<span style=\"color: #0000ff;\"><a style=\"color: #0000ff;\" href=\"https:\/\/ulpmat.com\/it\/applicazione\/materiali-ottici\/\">Optoelettronica<\/a><\/span><br \/>\ne display: funge da materia prima fondamentale per la produzione di micro-LED, diodi laser e celle solari ad alta efficienza.<br \/>\nMateriali funzionali avanzati: preparazione di leghe metalliche liquide a base di gallio per elettronica flessibile, circuiti deformabili e materiali di interfaccia termica.<br \/>\nLeghe speciali e additivi: come additivi di lega per metalli come alluminio e magnesio per migliorare le propriet\u00e0 meccaniche o di lavorazione.<br \/>\nRicerca ed esplorazione di frontiera: fornisce fonti di gallio ad alta purezza per nuovi materiali bidimensionali (ad esempio GaSe), ricerca sulle nanoparticelle e applicazioni biomediche.<\/p>\n<h2><span style=\"font-size: 14pt;\">Domande frequenti sui <\/span><span style=\"font-size: 14pt;\">granuli di gallio metallico<\/span><\/h2>\n<p>D1: Come devono essere conservati i granuli di gallio metallico?<br \/>\nA1: In contenitori di plastica sigillati in un luogo fresco e buio. Il gallio bagna il vetro e pu\u00f2 causarne la frattura. Rimane liquido a temperatura ambiente e richiede specifici contenitori di plastica sigillati per prevenire l&#8217;ossidazione.<\/p>\n<p>D2: In che modo il gallio e il silicio differiscono nelle applicazioni dei semiconduttori?<br \/>\nR2: Offrono propriet\u00e0 complementari. Il silicio domina i circuiti integrati su larga scala; i composti di gallio (ad esempio GaAs, GaN) eccellono nei campi ad alta frequenza, alta velocit\u00e0, alta potenza e optoelettronici (ad esempio 5G RF, ricarica rapida, LED).<\/p>\n<p>D3: Perch\u00e9 il gallio ad alta purezza \u00e8 pi\u00f9 costoso?<br \/>\nR3: Scarsit\u00e0 e difficolt\u00e0 di purificazione. Il gallio \u00e8 un metallo delle terre rare senza giacimenti indipendenti, estratto principalmente in tracce da sottoprodotti come la bauxite. La raffinazione ad alta purezza (ad esempio, purezza 6N+) comporta processi complessi e costosi.<\/p>\n<p>D4: Il gallio viene spedito in forma solida o liquida?<br \/>\nR4: In genere in forma solida. Le particelle di gallio rimangono solide al di sotto dei 29,8 \u00b0C (84,6 \u00b0F), facilitando il trasporto sicuro. Possono essere fuse secondo necessit\u00e0 prima dell&#8217;uso. Sono disponibili anche soluzioni di confezionamento liquido in condizioni specifiche.<\/p>\n<h2><span style=\"font-size: 14pt;\">Rapporto<\/span><\/h2>\n<p>Ogni lotto viene fornito con:<br \/>\n<span style=\"color: #0000ff;\"><a style=\"color: #0000ff;\" href=\"https:\/\/ulpmat.com\/it\/documenti\/certificato-di-analisi\/\"><u>Certificato di analisi (COA)<\/u><\/a><\/span><\/p>\n<p><span style=\"color: #0000ff;\"><a style=\"color: #0000ff;\" href=\"https:\/\/ulpmat.com\/it\/documenti\/scheda-tecnica\/\"><u>Scheda tecnica (TDS)<\/u><\/a><\/span><\/p>\n<p><span style=\"color: #0000ff;\"><a style=\"color: #0000ff;\" href=\"https:\/\/ulpmat.com\/it\/documenti\/scheda-di-sicurezza\/\"><u>Scheda di sicurezza (MSDS)<\/u><\/a><\/span><br \/>\nRapporti di test di terze parti disponibili su richiesta<\/p>\n<h2><span style=\"font-size: 14pt;\">Perch\u00e9 scegliere noi?<\/span><\/h2>\n<p>Grazie alla nostra profonda esperienza nei metalli strategici delle terre rare, alle catene di approvvigionamento affidabili e ad alta purezza e al supporto tecnico professionale per le applicazioni, ci impegniamo ad essere il vostro partner di fiducia nella ricerca e sviluppo e nella produzione di materiali di alta gamma.<\/p>\n","protected":false},"excerpt":{"rendered":"<p>Panoramica sui granuli di gallio metallico Il gallio \u00e8 un metallo unico con un basso punto di fusione, simbolo chimico Ga e numero atomico 31. A temperatura ambiente (superiore a 29,76 \u00b0C), si presenta come un liquido bianco-argenteo, mentre al di sotto del suo punto di fusione diventa un solido bianco-bluastro. Caratterizzato da un basso [&hellip;]<\/p>\n","protected":false},"featured_media":34544,"template":"","meta":{"_acf_changed":false},"product_brand":[132],"product_cat":[293],"product_tag":[3625],"class_list":{"0":"post-34543","1":"product","2":"type-product","3":"status-publish","4":"has-post-thumbnail","6":"product_brand-ulpmat","7":"product_cat-materiali-per-levaporazione","8":"product_tag-granuli-di-gallio-metallico","10":"first","11":"instock","12":"shipping-taxable","13":"product-type-variable"},"acf":[],"_links":{"self":[{"href":"https:\/\/ulpmat.com\/it\/wp-json\/wp\/v2\/product\/34543","targetHints":{"allow":["GET"]}}],"collection":[{"href":"https:\/\/ulpmat.com\/it\/wp-json\/wp\/v2\/product"}],"about":[{"href":"https:\/\/ulpmat.com\/it\/wp-json\/wp\/v2\/types\/product"}],"wp:featuredmedia":[{"embeddable":true,"href":"https:\/\/ulpmat.com\/it\/wp-json\/wp\/v2\/media\/34544"}],"wp:attachment":[{"href":"https:\/\/ulpmat.com\/it\/wp-json\/wp\/v2\/media?parent=34543"}],"wp:term":[{"taxonomy":"product_brand","embeddable":true,"href":"https:\/\/ulpmat.com\/it\/wp-json\/wp\/v2\/product_brand?post=34543"},{"taxonomy":"product_cat","embeddable":true,"href":"https:\/\/ulpmat.com\/it\/wp-json\/wp\/v2\/product_cat?post=34543"},{"taxonomy":"product_tag","embeddable":true,"href":"https:\/\/ulpmat.com\/it\/wp-json\/wp\/v2\/product_tag?post=34543"}],"curies":[{"name":"wp","href":"https:\/\/api.w.org\/{rel}","templated":true}]}}