{"id":33433,"date":"2025-12-12T13:25:57","date_gmt":"2025-12-12T05:25:57","guid":{"rendered":"https:\/\/ulpmat.com\/product\/fosfuro-di-zinco\/"},"modified":"2025-12-12T13:25:57","modified_gmt":"2025-12-12T05:25:57","slug":"fosfuro-di-zinco","status":"publish","type":"product","link":"https:\/\/ulpmat.com\/it\/prodotto\/fosfuro-di-zinco\/","title":{"rendered":"Fosfuro di zinco"},"content":{"rendered":"<h2><span style=\"font-size: 14pt;\">Panoramica sulla polvere di fosfuro di zinco<\/span><\/h2>\n<p>La polvere di fosfuro di zinco \u00e8 un materiale di fosfuro di zinco ad alta purezza ampiamente utilizzato nei semiconduttori, nelle celle solari, nei dispositivi optoelettronici e nelle reazioni catalitiche, che presenta eccellenti propriet\u00e0 elettroniche e optoelettroniche.<\/p>\n<p>Forniamo polvere Zn3P2 di alta qualit\u00e0. Il rigoroso controllo di qualit\u00e0 garantisce la soddisfazione delle vostre esigenze. Offriamo servizi personalizzati. Non esitate a contattarci in qualsiasi momento per qualsiasi domanda.<\/p>\n<h2><span style=\"font-size: 14pt;\">Caratteristiche principali del prodotto<\/span><\/h2>\n<p>Alta purezza<br \/>\nEccellenti propriet\u00e0 optoelettroniche<br \/>\nPropriet\u00e0 elettroniche superiori<br \/>\nBuona stabilit\u00e0 termica<br \/>\nElevata attivit\u00e0 catalitica<br \/>\nDimensione delle particelle personalizzabile<br \/>\nAdatto a diversi settori high-tech<br \/>\nRigoroso controllo di qualit\u00e0 che garantisce affidabilit\u00e0<\/p>\n<h2><span style=\"font-size: 14pt;\">Applicazioni della polvere di fosfuro di zinco<\/span><\/h2>\n<p>Settore<br \/>\n<span style=\"color: #0000ff;\"><a style=\"color: #0000ff;\" href=\"https:\/\/ulpmat.com\/it\/applicazione\/materiali-per-semiconduttori\/\">dei semiconduttori<\/a><\/span><br \/>\n: ampiamente utilizzato nei dispositivi a semiconduttori, in particolare nei dispositivi elettronici ad alta efficienza, fornisce una conduttivit\u00e0 stabile.<br \/>\nCelle <span style=\"color: #0000ff;\"><a style=\"color: #0000ff;\" href=\"https:\/\/ulpmat.com\/it\/applicazione\/solare-fotovoltaico\/\">solari<\/a><\/span><br \/>\n: pu\u00f2 essere utilizzato come materiale di conversione fotoelettrica nelle celle solari, migliorando cos\u00ec l&#8217;efficienza di conversione dell&#8217;energia solare.<br \/>\nDispositivi optoelettronici: offre prestazioni eccellenti nei dispositivi optoelettronici, in particolare nella rilevazione della luce infrarossa e nelle applicazioni laser, mostrando prestazioni fotoelettriche superiori.<br \/>\nReazioni di catalisi: possiede un&#8217;eccellente attivit\u00e0 catalitica e ha importanti applicazioni in varie reazioni chimiche, in particolare nella conversione di energia e nella protezione dell&#8217;ambiente.<\/p>\n<h2><span style=\"color: #0000ff;\"><a style=\"color: #0000ff;\" href=\"https:\/\/ulpmat.com\/it\/azienda\/domande-frequenti\/\"><span style=\"font-size: 14pt;\">Domande frequenti<\/span><\/a><\/span><\/h2>\n<p>D1: Quali sono le caratteristiche principali della polvere di Zn3P2?<br \/>\nA1: Possiede elevata purezza, eccellenti propriet\u00e0 fotoelettriche, caratteristiche elettroniche stabili ed elevata attivit\u00e0 catalitica, che la rendono ampiamente utilizzata in campi ad alta tecnologia.<\/p>\n<p>D2: Qual \u00e8 la dimensione delle particelle della polvere di Zn3P2?<br \/>\nA2: La dimensione delle particelle pu\u00f2 essere personalizzata in base alle esigenze del cliente. Le dimensioni comuni delle particelle vanno da 100 nm a 1 \u03bcm per soddisfare le diverse esigenze applicative.<\/p>\n<p>Q3: Quali sono i requisiti di conservazione della polvere Zn3P2?<br \/>\nA3: Conservare la polvere in un ambiente asciutto e fresco, evitando il contatto con l&#8217;umidit\u00e0 per mantenerne le eccellenti prestazioni.<\/p>\n<p>Q4: Come viene utilizzata la polvere Zn3P2 nei dispositivi optoelettronici?<br \/>\nA4: Pu\u00f2 migliorare l&#8217;efficienza di conversione fotoelettrica e garantire la stabilit\u00e0 delle prestazioni dei dispositivi optoelettronici (in particolare rilevatori a infrarossi e laser).<\/p>\n<h2><span style=\"font-size: 14pt;\">Rapporti<\/span><\/h2>\n<p>Ogni lotto viene fornito con:<br \/>\n<span style=\"color: #0000ff;\"><a style=\"color: #0000ff;\" href=\"https:\/\/ulpmat.com\/it\/documenti\/certificato-di-analisi\/\"><u>Certificato di analisi (COA)<\/u><\/a><\/span><\/p>\n<p><span style=\"color: #0000ff;\"><a style=\"color: #0000ff;\" href=\"https:\/\/ulpmat.com\/it\/documenti\/scheda-tecnica\/\"><u>Scheda tecnica (TDS)<\/u><\/a><\/span><\/p>\n<p><span style=\"color: #0000ff;\"><a style=\"color: #0000ff;\" href=\"https:\/\/ulpmat.com\/it\/documenti\/scheda-di-sicurezza\/\"><u>Scheda di sicurezza (MSDS)<\/u><\/a><\/span><br \/>\nRapporti di test di terze parti disponibili su richiesta<\/p>\n<h2><span style=\"font-size: 14pt;\">Perch\u00e9 scegliere noi?<\/span><\/h2>\n<p>Ci impegniamo a fornire polvere di Zn3P2 ad alta purezza e ad alte prestazioni. Grazie a un rigoroso controllo di qualit\u00e0 e a una vasta esperienza applicativa, siamo in grado di fornire soluzioni personalizzate per garantire che le esigenze di ogni cliente siano soddisfatte.<\/p>\n","protected":false},"excerpt":{"rendered":"<p>Panoramica sulla polvere di fosfuro di zinco La polvere di fosfuro di zinco \u00e8 un materiale di fosfuro di zinco ad alta purezza ampiamente utilizzato nei semiconduttori, nelle celle solari, nei dispositivi optoelettronici e nelle reazioni catalitiche, che presenta eccellenti propriet\u00e0 elettroniche e optoelettroniche. Forniamo polvere Zn3P2 di alta qualit\u00e0. Il rigoroso controllo di qualit\u00e0 [&hellip;]<\/p>\n","protected":false},"featured_media":33434,"template":"","meta":{"_acf_changed":false},"product_brand":[132],"product_cat":[1192],"product_tag":[3409],"class_list":{"0":"post-33433","1":"product","2":"type-product","3":"status-publish","4":"has-post-thumbnail","6":"product_brand-ulpmat","7":"product_cat-materiali-fosforici","8":"product_tag-fosfuro-di-zinco-in-polvere","10":"first","11":"instock","12":"shipping-taxable","13":"product-type-variable"},"acf":[],"_links":{"self":[{"href":"https:\/\/ulpmat.com\/it\/wp-json\/wp\/v2\/product\/33433","targetHints":{"allow":["GET"]}}],"collection":[{"href":"https:\/\/ulpmat.com\/it\/wp-json\/wp\/v2\/product"}],"about":[{"href":"https:\/\/ulpmat.com\/it\/wp-json\/wp\/v2\/types\/product"}],"wp:featuredmedia":[{"embeddable":true,"href":"https:\/\/ulpmat.com\/it\/wp-json\/wp\/v2\/media\/33434"}],"wp:attachment":[{"href":"https:\/\/ulpmat.com\/it\/wp-json\/wp\/v2\/media?parent=33433"}],"wp:term":[{"taxonomy":"product_brand","embeddable":true,"href":"https:\/\/ulpmat.com\/it\/wp-json\/wp\/v2\/product_brand?post=33433"},{"taxonomy":"product_cat","embeddable":true,"href":"https:\/\/ulpmat.com\/it\/wp-json\/wp\/v2\/product_cat?post=33433"},{"taxonomy":"product_tag","embeddable":true,"href":"https:\/\/ulpmat.com\/it\/wp-json\/wp\/v2\/product_tag?post=33433"}],"curies":[{"name":"wp","href":"https:\/\/api.w.org\/{rel}","templated":true}]}}