{"id":33261,"date":"2025-12-12T13:26:01","date_gmt":"2025-12-12T05:26:01","guid":{"rendered":"https:\/\/ulpmat.com\/product\/fluoruro-di-zinco-2\/"},"modified":"2025-12-12T13:26:01","modified_gmt":"2025-12-12T05:26:01","slug":"fluoruro-di-zinco-2","status":"publish","type":"product","link":"https:\/\/ulpmat.com\/it\/prodotto\/fluoruro-di-zinco-2\/","title":{"rendered":"Fluoruro di zinco"},"content":{"rendered":"<h2><span style=\"font-size: 14pt;\">Panoramica sulla polvere di fluoruro di zinco<\/span><\/h2>\n<p>La polvere<br \/>\n<span style=\"color: #0000ff;\"><a style=\"color: #0000ff;\" href=\"https:\/\/ulpmat.com\/it\/ricerca\/?type=name&#038;keyword=Zinc+Fluoride\">di fluoruro di zinco<\/a><\/span><br \/>\n\u00e8 una polvere di fluoruro di zinco ad alta purezza ampiamente utilizzata in elettronica, <span style=\"color: #0000ff;\"><a style=\"color: #0000ff;\" href=\"https:\/\/ulpmat.com\/it\/applicazione\/materiali-ottici\/\">ottica<\/a>,<\/span><br \/>\nanalisi chimica e altri campi, che presenta un&#8217;eccellente stabilit\u00e0 e reattivit\u00e0 chimica.<\/p>\n<p>La nostra polvere di ZnF2 \u00e8 ad alta purezza e ha una dimensione delle particelle uniforme, adatta a varie reazioni chimiche fini. <span style=\"color: #0000ff;\"><a style=\"color: #0000ff;\" href=\"https:\/\/ulpmat.com\/it\/contatto\/\">Contattateci<\/a><\/span><br \/>\nper ulteriori informazioni sui servizi e sui prodotti personalizzati.<\/p>\n<h2><span style=\"font-size: 14pt;\">Caratteristiche principali del prodotto<\/span><\/h2>\n<p>L&#8217;alta purezza garantisce un&#8217;applicazione precisa<br \/>\nDimensione delle particelle uniforme per una facile dissoluzione<br \/>\nElevata stabilit\u00e0 e resistenza alle alte temperature<br \/>\nBuona solubilit\u00e0, adatta a vari solventi<br \/>\nElevata attivit\u00e0 chimica per un&#8217;ampia gamma di applicazioni<br \/>\nRigorosi test di qualit\u00e0 per una garanzia affidabile<br \/>\nSpecifiche personalizzate disponibili per soddisfare diverse esigenze<br \/>\nServizio post-vendita completo per una risposta rapida<\/p>\n<h2><span style=\"font-size: 14pt;\">Applicazioni della polvere di fluoruro di zinco<\/span><\/h2>\n<p>Industria elettronica: ampiamente utilizzata nell&#8217;industria elettronica per la produzione di circuiti stampati, batterie e altri componenti per migliorare le prestazioni dei prodotti.<br \/>\n<span style=\"color: #0000ff;\"><a style=\"color: #0000ff;\" href=\"https:\/\/ulpmat.com\/it\/applicazione\/materiali-ottici\/\">Ottica<\/a><\/span><br \/>\n: ampiamente utilizzato in film sottili ottici, rivestimenti ottici e dispositivi laser per migliorare le prestazioni ottiche.<br \/>\nAnalisi chimica: la polvere di ZnF2 \u00e8 utilizzata come catalizzatore o reagente nell&#8217;analisi chimica, spesso nella sintesi e nelle reazioni per migliorare l&#8217;efficienza di reazione.<br \/>\nIndustria metallurgica: utilizzata nella fusione dei metalli come disossidante e reagente chimico per ottimizzare i processi metallurgici.<\/p>\n<h2><span style=\"color: #0000ff;\"><a style=\"color: #0000ff;\" href=\"https:\/\/ulpmat.com\/it\/azienda\/domande-frequenti\/\"><span style=\"font-size: 14pt;\">Domande frequenti<\/span><\/a><\/span><\/h2>\n<p>D1: Quali sono le propriet\u00e0 chimiche della polvere di ZnF2?<br \/>\nA1: Ha una forte stabilit\u00e0 chimica, \u00e8 resistente agli acidi e agli alcali e mostra una buona resistenza alle alte temperature.<\/p>\n<p>D2: Quanto \u00e8 solubile la polvere di ZnF2?<br \/>\nA2: Ha una buona solubilit\u00e0, si dissolve rapidamente in acqua e in alcuni solventi, adatta a varie applicazioni industriali e sperimentali.<\/p>\n<p>D3: Per quanto tempo pu\u00f2 essere conservata la polvere di ZnF2?<br \/>\nR3: La polvere ha una durata di conservazione di 2 anni, ma deve essere conservata in un luogo asciutto e fresco, evitando l&#8217;umidit\u00e0 o l&#8217;esposizione diretta ad ambienti umidi.<\/p>\n<p>D4: Quali sono alcune applicazioni comuni della polvere di ZnF2?<br \/>\nR4: Comunemente utilizzata in componenti elettronici, rivestimenti ottici, catalizzatori di reazioni chimiche e processi metallurgici, \u00e8 ampiamente applicata in vari campi high-tech.<\/p>\n<h2><span style=\"font-size: 14pt;\">Rapporti<\/span><\/h2>\n<p>Ogni lotto viene fornito con:<br \/>\n<span style=\"color: #0000ff;\"><a style=\"color: #0000ff;\" href=\"https:\/\/ulpmat.com\/it\/documenti\/certificato-di-analisi\/\"><u>Certificato di analisi (COA)<\/u><\/a><\/span><\/p>\n<p><span style=\"color: #0000ff;\"><a style=\"color: #0000ff;\" href=\"https:\/\/ulpmat.com\/it\/documenti\/scheda-tecnica\/\"><u>Scheda tecnica (TDS)<\/u><\/a><\/span><\/p>\n<p><span style=\"color: #0000ff;\"><a style=\"color: #0000ff;\" href=\"https:\/\/ulpmat.com\/it\/documenti\/scheda-di-sicurezza\/\"><u>Scheda di sicurezza (MSDS)<\/u><\/a><\/span><br \/>\nRapporti di test di terze parti disponibili su richiesta<\/p>\n<h2><span style=\"font-size: 14pt;\">Perch\u00e9 scegliere noi?<\/span><\/h2>\n<p>Forniamo polvere di fluoruro di zinco ad alta purezza e, attraverso un rigoroso controllo di qualit\u00e0, garantiamo che ogni lotto soddisfi gli standard internazionali, aiutando i clienti a migliorare la qualit\u00e0 dei prodotti e le prestazioni delle applicazioni.<\/p>\n","protected":false},"excerpt":{"rendered":"<p>Panoramica sulla polvere di fluoruro di zinco La polvere di fluoruro di zinco \u00e8 una polvere di fluoruro di zinco ad alta purezza ampiamente utilizzata in elettronica, ottica, analisi chimica e altri campi, che presenta un&#8217;eccellente stabilit\u00e0 e reattivit\u00e0 chimica. La nostra polvere di ZnF2 \u00e8 ad alta purezza e ha una dimensione delle particelle [&hellip;]<\/p>\n","protected":false},"featured_media":33262,"template":"","meta":{"_acf_changed":false},"product_brand":[132],"product_cat":[323],"product_tag":[3373],"class_list":{"0":"post-33261","1":"product","2":"type-product","3":"status-publish","4":"has-post-thumbnail","6":"product_brand-ulpmat","7":"product_cat-materiali-alogenuri","8":"product_tag-fluoruro-di-zinco-in-polvere","10":"first","11":"instock","12":"shipping-taxable","13":"product-type-variable"},"acf":[],"_links":{"self":[{"href":"https:\/\/ulpmat.com\/it\/wp-json\/wp\/v2\/product\/33261","targetHints":{"allow":["GET"]}}],"collection":[{"href":"https:\/\/ulpmat.com\/it\/wp-json\/wp\/v2\/product"}],"about":[{"href":"https:\/\/ulpmat.com\/it\/wp-json\/wp\/v2\/types\/product"}],"wp:featuredmedia":[{"embeddable":true,"href":"https:\/\/ulpmat.com\/it\/wp-json\/wp\/v2\/media\/33262"}],"wp:attachment":[{"href":"https:\/\/ulpmat.com\/it\/wp-json\/wp\/v2\/media?parent=33261"}],"wp:term":[{"taxonomy":"product_brand","embeddable":true,"href":"https:\/\/ulpmat.com\/it\/wp-json\/wp\/v2\/product_brand?post=33261"},{"taxonomy":"product_cat","embeddable":true,"href":"https:\/\/ulpmat.com\/it\/wp-json\/wp\/v2\/product_cat?post=33261"},{"taxonomy":"product_tag","embeddable":true,"href":"https:\/\/ulpmat.com\/it\/wp-json\/wp\/v2\/product_tag?post=33261"}],"curies":[{"name":"wp","href":"https:\/\/api.w.org\/{rel}","templated":true}]}}