{"id":32341,"date":"2025-12-18T17:49:46","date_gmt":"2025-12-18T09:49:46","guid":{"rendered":"https:\/\/ulpmat.com\/product\/metallo-di-rame-7\/"},"modified":"2025-12-18T17:49:46","modified_gmt":"2025-12-18T09:49:46","slug":"metallo-di-rame-7","status":"publish","type":"product","link":"https:\/\/ulpmat.com\/it\/prodotto\/metallo-di-rame-7\/","title":{"rendered":"Metallo di rame"},"content":{"rendered":"<h2><span style=\"font-size: 14pt;\">Panoramica delle piastre di supporto in rame<\/span><\/h2>\n<p>Le piastre di<br \/>\n<span style=\"color: #0000ff;\"><\/span><br \/>\nsupporto<br \/>\n<span style=\"color: #0000ff;\"><a style=\"color: #0000ff;\" href=\"https:\/\/ulpmat.com\/it\/ricerca\/?type=name&#038;keyword=Copper+metal\">in rame<\/a><\/span><br \/>\nfungono principalmente da supporti e componenti termoconduttori per i target di sputtering, migliorando l&#8217;efficienza di dissipazione del calore dei target e garantendo la stabilit\u00e0 del processo di rivestimento.<\/p>\n<p>Siamo in grado di lavorare piastre di supporto in rame di diverse dimensioni e strutture in base ai disegni o ai requisiti delle attrezzature. Non esitate a <span style=\"color: #0000ff;\"><a style=\"color: #0000ff;\" href=\"https:\/\/ulpmat.com\/it\/contatto\/\">contattarci<\/a><\/span><br \/>\nper confermare le specifiche e i tempi di consegna.<\/p>\n<h2><span style=\"font-size: 14pt;\">Caratteristiche principali del prodotto<\/span><\/h2>\n<p>Eccellente conducibilit\u00e0 termica<br \/>\nPurezza e densit\u00e0 stabili<br \/>\nRigoroso controllo della planarit\u00e0<br \/>\nBuona uniformit\u00e0 dimensionale<br \/>\nCompatibile con vari tipi di target<\/p>\n<h2><span style=\"font-size: 14pt;\">Applicazioni delle piastre di supporto in rame<\/span><\/h2>\n<p>Assemblaggio del target di sputtering magnetron: come componente chiave tra il target e il sistema di raffreddamento, aiuta a condurre rapidamente il calore, riducendo il rischio di concentrazione di calore sulla superficie del target. Apparecchiature di rivestimento<br \/>\n<span style=\"color: #0000ff;\"><a style=\"color: #0000ff;\" href=\"https:\/\/ulpmat.com\/it\/applicazione\/materiali-per-semiconduttori\/\">per semiconduttori<\/a><\/span><br \/>\ne display: mantiene la stabilit\u00e0 strutturale in condizioni di alta potenza, contribuendo a migliorare l&#8217;affidabilit\u00e0 delle apparecchiature.<br \/>\nProduzione industriale di film sottili funzionali: adatto per linee di produzione continue, riduce le fluttuazioni di processo causate dalla deformazione termica.<\/p>\n<h2><span style=\"color: #0000ff;\"><a style=\"color: #0000ff;\" href=\"https:\/\/ulpmat.com\/it\/azienda\/domande-frequenti\/\"><span style=\"font-size: 14pt;\">Domande frequenti<\/span><\/a><\/span><\/h2>\n<p>D1: Qual \u00e8 la funzione principale di una piastra di supporto in rame?<br \/>\nR1: La sua funzione principale \u00e8 quella di fornire una buona conducibilit\u00e0 termica e un supporto meccanico al target, migliorando la stabilit\u00e0 del processo di sputtering.<\/p>\n<p>D2: Pu\u00f2 essere utilizzata con bersagli di materiali diversi?<br \/>\nR2: S\u00ec, in genere pu\u00f2 essere assemblata con bersagli metallici, bersagli in lega e alcuni bersagli ceramici.<\/p>\n<p>D3: In che modo la planarit\u00e0 della superficie influisce sulle prestazioni?<br \/>\nR3: Una buona planarit\u00e0 aiuta il materiale bersaglio ad aderire saldamente, migliora la dissipazione del calore e prolunga la durata.<\/p>\n<p>D4: Supportate la lavorazione di dimensioni non standard?<br \/>\nA4: S\u00ec, supportiamo la lavorazione personalizzata in base alla struttura dell&#8217;attrezzatura e al metodo di installazione.<\/p>\n<h2><span style=\"font-size: 14pt;\">Rapporti<\/span><\/h2>\n<p>Ogni lotto viene fornito con:<br \/>\n<span style=\"color: #0000ff;\"><a style=\"color: #0000ff;\" href=\"https:\/\/ulpmat.com\/it\/documenti\/certificato-di-analisi\/\"><u>Certificato di analisi (COA)<\/u><\/a><\/span><\/p>\n<p><span style=\"color: #0000ff;\"><a style=\"color: #0000ff;\" href=\"https:\/\/ulpmat.com\/it\/documenti\/scheda-tecnica\/\"><u>Scheda tecnica (TDS)<\/u><\/a><\/span><\/p>\n<p><span style=\"color: #0000ff;\"><a style=\"color: #0000ff;\" href=\"https:\/\/ulpmat.com\/it\/documenti\/scheda-di-sicurezza\/\"><u>Scheda di sicurezza dei materiali (MSDS)<\/u><\/a><\/span><br \/>\nRapporti di test di terze parti disponibili su richiesta<\/p>\n<h2><span style=\"font-size: 14pt;\">Perch\u00e9 scegliere noi?<\/span><\/h2>\n<p>Abbiamo una maturata esperienza nella lavorazione dei metalli e nel controllo qualit\u00e0 e siamo in grado di fornire costantemente prodotti con piastra posteriore in rame stabili, affidabili e altamente adattabili.<\/p>\n","protected":false},"excerpt":{"rendered":"<p>Panoramica delle piastre di supporto in rame Le piastre di supporto in rame fungono principalmente da supporti e componenti termoconduttori per i target di sputtering, migliorando l&#8217;efficienza di dissipazione del calore dei target e garantendo la stabilit\u00e0 del processo di rivestimento. Siamo in grado di lavorare piastre di supporto in rame di diverse dimensioni e [&hellip;]<\/p>\n","protected":false},"featured_media":32342,"template":"","meta":{"_acf_changed":false},"product_brand":[132],"product_cat":[311],"product_tag":[3193],"class_list":{"0":"post-32341","1":"product","2":"type-product","3":"status-publish","4":"has-post-thumbnail","6":"product_brand-ulpmat","7":"product_cat-target-di-sputtering-metallico","8":"product_tag-piastra-di-supporto-in-rame-metallico","10":"first","11":"instock","12":"shipping-taxable","13":"product-type-variable"},"acf":[],"_links":{"self":[{"href":"https:\/\/ulpmat.com\/it\/wp-json\/wp\/v2\/product\/32341","targetHints":{"allow":["GET"]}}],"collection":[{"href":"https:\/\/ulpmat.com\/it\/wp-json\/wp\/v2\/product"}],"about":[{"href":"https:\/\/ulpmat.com\/it\/wp-json\/wp\/v2\/types\/product"}],"wp:featuredmedia":[{"embeddable":true,"href":"https:\/\/ulpmat.com\/it\/wp-json\/wp\/v2\/media\/32342"}],"wp:attachment":[{"href":"https:\/\/ulpmat.com\/it\/wp-json\/wp\/v2\/media?parent=32341"}],"wp:term":[{"taxonomy":"product_brand","embeddable":true,"href":"https:\/\/ulpmat.com\/it\/wp-json\/wp\/v2\/product_brand?post=32341"},{"taxonomy":"product_cat","embeddable":true,"href":"https:\/\/ulpmat.com\/it\/wp-json\/wp\/v2\/product_cat?post=32341"},{"taxonomy":"product_tag","embeddable":true,"href":"https:\/\/ulpmat.com\/it\/wp-json\/wp\/v2\/product_tag?post=32341"}],"curies":[{"name":"wp","href":"https:\/\/api.w.org\/{rel}","templated":true}]}}