{"id":31485,"date":"2025-12-19T16:46:44","date_gmt":"2025-12-19T08:46:44","guid":{"rendered":"https:\/\/ulpmat.com\/product\/lega-di-rame-e-cromo\/"},"modified":"2025-12-19T16:46:44","modified_gmt":"2025-12-19T08:46:44","slug":"lega-di-rame-e-cromo","status":"publish","type":"product","link":"https:\/\/ulpmat.com\/it\/prodotto\/lega-di-rame-e-cromo\/","title":{"rendered":"Lega di rame e cromo"},"content":{"rendered":"<h2><span style=\"font-size: 14pt;\">Target di sputtering in lega di rame-cromo Panoramica<\/span><\/h2>\n<p>I target di sputtering<br \/>\n<span style=\"color: #0000ff;\"><a style=\"color: #0000ff;\" href=\"https:\/\/ulpmat.com\/it\/ricerca\/?type=name&#038;keyword=Copper+chromium\">in rame-cromo<\/a><\/span><br \/>\nsono target in lega che bilanciano conduttivit\u00e0 e resistenza al calore, utilizzati principalmente nei processi di deposizione fisica da vapore per dispositivi elettronici e film sottili funzionali.<\/p>\n<p>Offriamo target di sputtering con diversi rapporti rame-cromo e in varie dimensioni, supportando la lavorazione personalizzata e la collaborazione <span style=\"color: #0000ff;\"><a style=\"color: #0000ff;\" href=\"https:\/\/ulpmat.com\/it\/servizio\/assistenza-tecnica\/\">tecnica<\/a><\/span><br \/>\n. <span style=\"color: #0000ff;\"><a style=\"color: #0000ff;\" href=\"https:\/\/ulpmat.com\/it\/contatto\/\">Contattateci<\/a><\/span><br \/>\nper soluzioni dettagliate.<\/p>\n<h2><span style=\"font-size: 14pt;\">Caratteristiche principali del prodotto<\/span><\/h2>\n<p>Distribuzione uniforme della composizione della lega<br \/>\nConduttivit\u00e0 stabile<br \/>\nResistenza alle alte temperature e alla polverizzazione<br \/>\nElevata densit\u00e0 superficiale del bersaglio<br \/>\nBuona adesione del film<br \/>\nCompatibile con vari sistemi di polverizzazione<br \/>\nSupporta forme rotonde, rettangolari e irregolari<\/p>\n<h2><span style=\"font-size: 14pt;\">Applicazioni dei bersagli di polverizzazione in rame-cromo<\/span><\/h2>\n<p>Interconnessioni<br \/>\n<span style=\"color: #0000ff;\"><a style=\"color: #0000ff;\" href=\"https:\/\/ulpmat.com\/it\/azienda\/domande-frequenti\/\">di semiconduttori<\/a><\/span><br \/>\ne film sottili funzionali: utilizzati per depositare film metallici conduttivi o funzionali per soddisfare i requisiti di stabilit\u00e0 e uniformit\u00e0 dei circuiti integrati.<br \/>\nContatti elettrici e rivestimenti resistenti all&#8217;usura: utilizzati nei materiali di contatto elettrico e nei film resistenti all&#8217;usura, bilanciando conduttivit\u00e0 e durata.<br \/>\nProtezione industriale e rivestimenti funzionali: adatti per la preparazione di film sottili funzionali resistenti al calore, alla corrosione o compositi, migliorando le propriet\u00e0 superficiali dei componenti industriali.<br \/>\nRicerca scientifica e lavorazione di film sottili: ampiamente utilizzati nello studio di nuovi film sottili in lega e propriet\u00e0 dei materiali, garantendo la ripetibilit\u00e0 sperimentale e la controllabilit\u00e0 del film.<\/p>\n<h2><span style=\"color: #0000ff;\"><a style=\"color: #0000ff;\" href=\"https:\/\/ulpmat.com\/it\/azienda\/domande-frequenti\/\"><span style=\"font-size: 14pt;\">Domande frequenti<\/span><\/a><\/span><\/h2>\n<p>D1: Quali sono i vantaggi dei target in CuCr rispetto ai target in rame puro?<br \/>\nR1: L&#8217;aggiunta di cromo migliora significativamente la resistenza al calore e la capacit\u00e0 anti-migrazione, rendendo il film pi\u00f9 stabile in condizioni di alta temperatura.<\/p>\n<p>D2: Questo bersaglio in lega \u00e8 adatto per la polverizzazione DC o RF?<br \/>\nR2: Grazie alla buona conduttivit\u00e0 della lega, la polverizzazione DC \u00e8 solitamente sufficiente per ottenere risultati di deposizione stabili.<\/p>\n<p>D3: Il rapporto rame-cromo influisce sulle prestazioni del film?<br \/>\nR3: S\u00ec, rapporti diversi tra i componenti influenzano la resistivit\u00e0, la durezza e la resistenza al calore del film. Il rapporto appropriato deve essere selezionato in base all&#8217;applicazione.<\/p>\n<p>D4: Il bersaglio richiede un pretrattamento prima dell&#8217;uso?<br \/>\nA4: In genere non \u00e8 necessario alcun trattamento complesso; \u00e8 sufficiente una semplice pulizia. Per il primo utilizzo, \u00e8 possibile eseguire un breve pre-sputtering per stabilizzare la superficie del bersaglio.<\/p>\n<h2><span style=\"font-size: 14pt;\">Rapporti<\/span><\/h2>\n<p>Ogni lotto viene fornito con:<br \/>\n<span style=\"color: #0000ff;\"><a style=\"color: #0000ff;\" href=\"https:\/\/ulpmat.com\/it\/documenti\/certificato-di-analisi\/\"><u>Certificato di analisi (COA)<\/u><\/a><\/span><\/p>\n<p><span style=\"color: #0000ff;\"><a style=\"color: #0000ff;\" href=\"https:\/\/ulpmat.com\/it\/documenti\/scheda-tecnica\/\"><u>Scheda tecnica (TDS)<\/u><\/a><\/span><\/p>\n<p><span style=\"color: #0000ff;\"><a style=\"color: #0000ff;\" href=\"https:\/\/ulpmat.com\/it\/documenti\/scheda-di-sicurezza\/\"><u>Scheda di sicurezza (MSDS)<\/u><\/a><\/span><br \/>\nRapporti di test di terze parti disponibili su richiesta<\/p>\n<h2><span style=\"font-size: 14pt;\">Perch\u00e9 scegliere noi?<\/span><\/h2>\n<p>Da tempo ci concentriamo sulla produzione e sul controllo qualit\u00e0 dei target di sputtering in lega. Dalla proporzione delle materie prime ai processi di densificazione dei target, gestiamo rigorosamente tutti gli aspetti per garantire che i nostri target in lega di rame e cromo soddisfino le esigenze della ricerca scientifica e delle applicazioni industriali in termini di consistenza del film, stabilit\u00e0 e affidabilit\u00e0 dei lotti.<\/p>\n","protected":false},"excerpt":{"rendered":"<p>Target di sputtering in lega di rame-cromo Panoramica I target di sputtering in rame-cromo sono target in lega che bilanciano conduttivit\u00e0 e resistenza al calore, utilizzati principalmente nei processi di deposizione fisica da vapore per dispositivi elettronici e film sottili funzionali. Offriamo target di sputtering con diversi rapporti rame-cromo e in varie dimensioni, supportando la [&hellip;]<\/p>\n","protected":false},"featured_media":31486,"template":"","meta":{"_acf_changed":false},"product_brand":[132],"product_cat":[564],"product_tag":[3073],"class_list":{"0":"post-31485","1":"product","2":"type-product","3":"status-publish","4":"has-post-thumbnail","6":"product_brand-ulpmat","7":"product_cat-target-di-sputtering-in-lega","8":"product_tag-target-di-sputtering-in-lega-di-rame-e-cromo","10":"first","11":"instock","12":"shipping-taxable","13":"product-type-variable"},"acf":[],"_links":{"self":[{"href":"https:\/\/ulpmat.com\/it\/wp-json\/wp\/v2\/product\/31485","targetHints":{"allow":["GET"]}}],"collection":[{"href":"https:\/\/ulpmat.com\/it\/wp-json\/wp\/v2\/product"}],"about":[{"href":"https:\/\/ulpmat.com\/it\/wp-json\/wp\/v2\/types\/product"}],"wp:featuredmedia":[{"embeddable":true,"href":"https:\/\/ulpmat.com\/it\/wp-json\/wp\/v2\/media\/31486"}],"wp:attachment":[{"href":"https:\/\/ulpmat.com\/it\/wp-json\/wp\/v2\/media?parent=31485"}],"wp:term":[{"taxonomy":"product_brand","embeddable":true,"href":"https:\/\/ulpmat.com\/it\/wp-json\/wp\/v2\/product_brand?post=31485"},{"taxonomy":"product_cat","embeddable":true,"href":"https:\/\/ulpmat.com\/it\/wp-json\/wp\/v2\/product_cat?post=31485"},{"taxonomy":"product_tag","embeddable":true,"href":"https:\/\/ulpmat.com\/it\/wp-json\/wp\/v2\/product_tag?post=31485"}],"curies":[{"name":"wp","href":"https:\/\/api.w.org\/{rel}","templated":true}]}}