{"id":31351,"date":"2025-12-19T16:46:45","date_gmt":"2025-12-19T08:46:45","guid":{"rendered":"https:\/\/ulpmat.com\/product\/ioduro-di-rame-i-3\/"},"modified":"2025-12-19T16:46:45","modified_gmt":"2025-12-19T08:46:45","slug":"ioduro-di-rame-i-3","status":"publish","type":"product","link":"https:\/\/ulpmat.com\/it\/prodotto\/ioduro-di-rame-i-3\/","title":{"rendered":"Ioduro di rame (I)"},"content":{"rendered":"<h2><span style=\"font-size: 14pt;\">Panoramica sui granuli di ioduro di rame<\/span><\/h2>\n<p>I granuli<br \/>\n<span style=\"color: #0000ff;\"><a style=\"color: #0000ff;\" href=\"https:\/\/ulpmat.com\/it\/ricerca\/?type=name&#038;keyword=CuI\">di ioduro di rame<\/a><\/span><br \/>\nsono polveri di ioduro di rame ad alta purezza ampiamente utilizzate nei materiali optoelettronici, nei film sottili conduttivi e nella catalisi delle reazioni chimiche.<\/p>\n<p>Offriamo granuli di CuI in varie dimensioni delle particelle e specifiche di confezionamento, supportando la fornitura personalizzata e la consulenza <span style=\"color: #0000ff;\"><a style=\"color: #0000ff;\" href=\"https:\/\/ulpmat.com\/it\/contatto\/\">tecnica<\/a><\/span><br \/>\n. <span style=\"color: #0000ff;\"><a style=\"color: #0000ff;\" href=\"https:\/\/ulpmat.com\/it\/contatto\/\">Contattateci<\/a><\/span><br \/>\nper soluzioni dettagliate.<\/p>\n<h2><span style=\"font-size: 14pt;\">Caratteristiche principali del prodotto<\/span><\/h2>\n<p>Alta purezza, contenuto stabile<br \/>\nDimensioni delle particelle uniformi, buona scorrevolezza<br \/>\nElevata stabilit\u00e0 chimica<br \/>\nFacile da sciogliere e lavorare<br \/>\nAffidabile uniformit\u00e0 dei lotti<br \/>\nAdatto per materiali optoelettronici ed elettronici<br \/>\nSupporta applicazioni industriali e di ricerca scientifica<\/p>\n<h2><span style=\"font-size: 14pt;\">Applicazioni dei granuli di ioduro di rame<\/span><\/h2>\n<p>Materiali<br \/>\n<span style=\"color: #0000ff;\"><a style=\"color: #0000ff;\" href=\"https:\/\/ulpmat.com\/it\/applicazione\/materiali-ottici\/\">optoelettronici<\/a><\/span><br \/>\ne <span style=\"color: #0000ff;\"><a style=\"color: #0000ff;\" href=\"https:\/\/ulpmat.com\/it\/applicazione\/materiali-per-semiconduttori\/\">semiconduttori<\/a><\/span><br \/>\n: i granuli di CuI sono comunemente utilizzati per preparare film sottili conduttivi trasparenti e strati attivi optoelettronici, migliorando l&#8217;efficienza dei dispositivi.<br \/>\nReazioni chimiche e catalisi: come catalizzatore o intermedio di reazione, i granuli di CuI possono partecipare a varie reazioni di sintesi organica.<br \/>\nPreparazione di film sottili conduttivi: nei materiali elettronici flessibili o trasparenti, i granuli di CuI possono essere utilizzati per produrre strati conduttivi, migliorando la conduttivit\u00e0.<\/p>\n<h2><span style=\"color: #0000ff;\"><a style=\"color: #0000ff;\" href=\"https:\/\/ulpmat.com\/it\/azienda\/domande-frequenti\/\"><span style=\"font-size: 14pt;\">Domande frequenti<\/span><\/a><\/span><\/h2>\n<p>D1: I granuli di CuI sono stabili all&#8217;aria?<br \/>\nA1: Il CuI \u00e8 relativamente stabile all&#8217;aria, ma un&#8217;esposizione prolungata all&#8217;umidit\u00e0 pu\u00f2 causarne l&#8217;assorbimento; pertanto, deve essere conservato in un contenitore sigillato.<\/p>\n<p>D2: La dimensione delle particelle influisce sulle applicazioni?<br \/>\nA2: S\u00ec. Le particelle di dimensioni pi\u00f9 piccole sono pi\u00f9 facili da disperdere e dissolvere, mentre quelle pi\u00f9 grandi sono adatte a determinati processi di pressatura o fusione delle polveri.<\/p>\n<p>D3: Pu\u00f2 essere utilizzato per la deposizione di film sottili?<br \/>\nA3: S\u00ec, il CuI pu\u00f2 essere utilizzato nella lavorazione in soluzione o nell&#8217;evaporazione termica per preparare film conduttivi trasparenti.<\/p>\n<p>D4: Quali sono i requisiti di conservazione?<br \/>\nA4: Si consiglia di conservarlo in un contenitore sigillato e asciutto, evitando l&#8217;umidit\u00e0 elevata e la luce intensa per mantenere le prestazioni delle particelle.<\/p>\n<h2><span style=\"font-size: 14pt;\">Rapporti<\/span><\/h2>\n<p>Ogni lotto \u00e8 fornito con:<br \/>\n<span style=\"color: #0000ff;\"><a style=\"color: #0000ff;\" href=\"https:\/\/ulpmat.com\/it\/documenti\/certificato-di-analisi\/\"><u>Certificato di analisi (COA)<\/u><\/a><\/span><\/p>\n<p><span style=\"color: #0000ff;\"><a style=\"color: #0000ff;\" href=\"https:\/\/ulpmat.com\/it\/documenti\/scheda-tecnica\/\"><u>Scheda tecnica (TDS)<\/u><\/a><\/span><\/p>\n<p><span style=\"color: #0000ff;\"><a style=\"color: #0000ff;\" href=\"https:\/\/ulpmat.com\/it\/documenti\/scheda-di-sicurezza\/\"><u>Scheda di sicurezza (MSDS)<\/u><\/a><\/span><br \/>\nRapporti di test di terze parti disponibili su richiesta<\/p>\n<h2><span style=\"font-size: 14pt;\">Perch\u00e9 scegliere noi?<\/span><\/h2>\n<p>Ci concentriamo sulla produzione e sul controllo qualit\u00e0 di particelle chimiche inorganiche ad alta purezza, gestendo rigorosamente le materie prime e i processi per garantire prestazioni stabili e affidabilit\u00e0 dei lotti di particelle di CuI nella ricerca scientifica e nelle applicazioni industriali.<\/p>\n","protected":false},"excerpt":{"rendered":"<p>Panoramica sui granuli di ioduro di rame I granuli di ioduro di rame sono polveri di ioduro di rame ad alta purezza ampiamente utilizzate nei materiali optoelettronici, nei film sottili conduttivi e nella catalisi delle reazioni chimiche. Offriamo granuli di CuI in varie dimensioni delle particelle e specifiche di confezionamento, supportando la fornitura personalizzata e [&hellip;]<\/p>\n","protected":false},"featured_media":31352,"template":"","meta":{"_acf_changed":false},"product_brand":[132],"product_cat":[293],"product_tag":[3037],"class_list":{"0":"post-31351","1":"product","2":"type-product","3":"status-publish","4":"has-post-thumbnail","6":"product_brand-ulpmat","7":"product_cat-materiali-per-levaporazione","8":"product_tag-ioduro-di-rame-i-in-granuli","10":"first","11":"instock","12":"shipping-taxable","13":"product-type-variable"},"acf":[],"_links":{"self":[{"href":"https:\/\/ulpmat.com\/it\/wp-json\/wp\/v2\/product\/31351","targetHints":{"allow":["GET"]}}],"collection":[{"href":"https:\/\/ulpmat.com\/it\/wp-json\/wp\/v2\/product"}],"about":[{"href":"https:\/\/ulpmat.com\/it\/wp-json\/wp\/v2\/types\/product"}],"wp:featuredmedia":[{"embeddable":true,"href":"https:\/\/ulpmat.com\/it\/wp-json\/wp\/v2\/media\/31352"}],"wp:attachment":[{"href":"https:\/\/ulpmat.com\/it\/wp-json\/wp\/v2\/media?parent=31351"}],"wp:term":[{"taxonomy":"product_brand","embeddable":true,"href":"https:\/\/ulpmat.com\/it\/wp-json\/wp\/v2\/product_brand?post=31351"},{"taxonomy":"product_cat","embeddable":true,"href":"https:\/\/ulpmat.com\/it\/wp-json\/wp\/v2\/product_cat?post=31351"},{"taxonomy":"product_tag","embeddable":true,"href":"https:\/\/ulpmat.com\/it\/wp-json\/wp\/v2\/product_tag?post=31351"}],"curies":[{"name":"wp","href":"https:\/\/api.w.org\/{rel}","templated":true}]}}