{"id":31337,"date":"2025-12-19T16:46:48","date_gmt":"2025-12-19T08:46:48","guid":{"rendered":"https:\/\/ulpmat.com\/product\/solfuro-di-rame-e-indio\/"},"modified":"2025-12-19T16:46:48","modified_gmt":"2025-12-19T08:46:48","slug":"solfuro-di-rame-e-indio","status":"publish","type":"product","link":"https:\/\/ulpmat.com\/it\/prodotto\/solfuro-di-rame-e-indio\/","title":{"rendered":"Solfuro di rame e indio"},"content":{"rendered":"<h2><span style=\"font-size: 14pt;\">Panoramica sulla polvere di solfuro di rame e indio<\/span><\/h2>\n<p>La polvere<br \/>\n<span style=\"color: #0000ff;\"><a style=\"color: #0000ff;\" href=\"https:\/\/ulpmat.com\/it\/ricerca\/?type=name&#038;keyword=Copper+indium+sulfide\">di solfuro di rame e indio<\/a><\/span><br \/>\n\u00e8 un tipico materiale <span style=\"color: #0000ff;\"><a style=\"color: #0000ff;\" href=\"https:\/\/ulpmat.com\/it\/applicazione\/materiali-per-semiconduttori\/\">semiconduttore<\/a><\/span><br \/>\ndel gruppo I-III-VI, ampiamente utilizzato nei pannelli fotovoltaici a film sottile, nei dispositivi optoelettronici e nella ricerca sui materiali funzionali correlati.<\/p>\n<p>Siamo in grado di fornire in modo stabile polvere di solfuro di rame e indio con diverse dimensioni delle particelle e purezze per supportare le esigenze di ricerca e industrializzazione. <span style=\"color: #0000ff;\"><a style=\"color: #0000ff;\" href=\"https:\/\/ulpmat.com\/it\/contatto\/\">Contattateci<\/a><\/span><br \/>\nper informazioni <span style=\"color: #0000ff;\"><a style=\"color: #0000ff;\" href=\"https:\/\/ulpmat.com\/it\/servizio\/assistenza-tecnica\/\">tecniche<\/a><\/span><br \/>\ne preventivi.<\/p>\n<h2><span style=\"font-size: 14pt;\">Caratteristiche principali del prodotto<\/span><\/h2>\n<p>Composizione stabile, stechiometria controllabile<br \/>\nPropriet\u00e0 semiconduttrici definite<br \/>\nAdatto a vari processi di preparazione di film sottili<br \/>\nBuona dispersibilit\u00e0 della polvere<br \/>\nElevata uniformit\u00e0 dei lotti<br \/>\nConfezionamento personalizzabile<\/p>\n<h2><span style=\"font-size: 14pt;\">Applicazioni della polvere di solfuro di rame e indio<\/span><\/h2>\n<p>Materiali solari a film sottile: la polvere di solfuro di rame e indio \u00e8 spesso utilizzata come materiale precursore o fonte di evaporazione per preparare strutture fotovoltaiche a film sottile con elevati coefficienti di assorbimento.<br \/>\nOptoelettronica e ricerca sui semiconduttori: questo materiale ha un bandgap adeguato, che lo rende adatto alla ricerca su nuovi dispositivi <span style=\"color: #0000ff;\"><a style=\"color: #0000ff;\" href=\"https:\/\/ulpmat.com\/it\/applicazione\/materiali-ottici\/\">optoelettronici<\/a><\/span><br \/>\ne propriet\u00e0 dei semiconduttori.<br \/>\nRivestimenti funzionali e materiali compositi: in condizioni di processo specifiche, pu\u00f2 essere utilizzato per preparare film sottili funzionali o sistemi di materiali compositi con caratteristiche di fotoresponsivit\u00e0.<br \/>\nScienza dei materiali e ricerca di laboratorio: ampiamente utilizzato nelle universit\u00e0 e negli istituti di ricerca per la ricerca fondamentale sulla struttura di fase, la struttura di banda e il comportamento di drogaggio.<\/p>\n<h2><span style=\"color: #0000ff;\"><a style=\"color: #0000ff;\" href=\"https:\/\/ulpmat.com\/it\/azienda\/domande-frequenti\/\"><span style=\"font-size: 14pt;\">Domande frequenti<\/span><\/a><\/span><\/h2>\n<p>D1: Quali sono le principali applicazioni della polvere di solfuro di rame e indio?<br \/>\nR1: Utilizzata principalmente nell&#8217;energia solare a film sottile, nei dispositivi optoelettronici, nella ricerca sui materiali semiconduttori e nello sviluppo di materiali funzionali correlati.<\/p>\n<p>D2: Esistono requisiti di conservazione per questa polvere?<br \/>\nR2: Si consiglia di conservarla in un ambiente sigillato, asciutto e protetto dalla luce per ridurre la possibilit\u00e0 di assorbimento di umidit\u00e0 o ossidazione superficiale.<\/p>\n<p>D3: Pu\u00f2 essere utilizzata nei processi di evaporazione sotto vuoto o sputtering?<br \/>\nR3: Con parametri di processo adeguati, pu\u00f2 essere utilizzata come materia prima nei sistemi di evaporazione o reazione. Le applicazioni specifiche richiedono una valutazione basata sulle condizioni delle attrezzature.<\/p>\n<p>D4: Il prodotto supporta specifiche personalizzate?<br \/>\nR4: \u00c8 possibile fornire soluzioni personalizzate con diverse gamme di dimensioni delle particelle, gradi di purezza e formati di confezionamento in base alle esigenze.<\/p>\n<h2><span style=\"font-size: 14pt;\">Rapporti<\/span><\/h2>\n<p>Ogni lotto viene fornito con:<br \/>\n<span style=\"color: #0000ff;\"><a style=\"color: #0000ff;\" href=\"https:\/\/ulpmat.com\/it\/documenti\/certificato-di-analisi\/\"><u>Certificato di analisi (COA)<\/u><\/a><\/span><\/p>\n<p><span style=\"color: #0000ff;\"><a style=\"color: #0000ff;\" href=\"https:\/\/ulpmat.com\/it\/documenti\/scheda-tecnica\/\"><u>Scheda tecnica (TDS)<\/u><\/a><\/span><\/p>\n<p><span style=\"color: #0000ff;\"><a style=\"color: #0000ff;\" href=\"https:\/\/ulpmat.com\/it\/documenti\/scheda-di-sicurezza\/\"><u>Scheda di sicurezza (MSDS)<\/u><\/a><\/span><br \/>\nRapporti di test di terze parti disponibili su richiesta<\/p>\n<h2><span style=\"font-size: 14pt;\">Perch\u00e9 scegliere noi?<\/span><\/h2>\n<p>Da tempo ci concentriamo sulla fornitura stabile e sul supporto tecnico di materiali funzionali inorganici e abbiamo accumulato una solida esperienza nel controllo delle polveri, nella costanza della qualit\u00e0 e nell&#8217;affidabilit\u00e0 delle consegne, in grado di fornire soluzioni materiali pi\u00f9 controllabili e trasparenti per la ricerca scientifica e l&#8217;applicazione.<\/p>\n","protected":false},"excerpt":{"rendered":"<p>Panoramica sulla polvere di solfuro di rame e indio La polvere di solfuro di rame e indio \u00e8 un tipico materiale semiconduttore del gruppo I-III-VI, ampiamente utilizzato nei pannelli fotovoltaici a film sottile, nei dispositivi optoelettronici e nella ricerca sui materiali funzionali correlati. Siamo in grado di fornire in modo stabile polvere di solfuro di [&hellip;]<\/p>\n","protected":false},"featured_media":31125,"template":"","meta":{"_acf_changed":false},"product_brand":[132],"product_cat":[672,1093],"product_tag":[2988],"class_list":{"0":"post-31337","1":"product","2":"type-product","3":"status-publish","4":"has-post-thumbnail","6":"product_brand-ulpmat","7":"product_cat-materiali-calcogenidici","8":"product_cat-materiali-calcogenidici-it","9":"product_tag-polvere-di-solfuro-di-rame-e-indio","11":"first","12":"instock","13":"shipping-taxable","14":"product-type-variable"},"acf":[],"_links":{"self":[{"href":"https:\/\/ulpmat.com\/it\/wp-json\/wp\/v2\/product\/31337","targetHints":{"allow":["GET"]}}],"collection":[{"href":"https:\/\/ulpmat.com\/it\/wp-json\/wp\/v2\/product"}],"about":[{"href":"https:\/\/ulpmat.com\/it\/wp-json\/wp\/v2\/types\/product"}],"wp:featuredmedia":[{"embeddable":true,"href":"https:\/\/ulpmat.com\/it\/wp-json\/wp\/v2\/media\/31125"}],"wp:attachment":[{"href":"https:\/\/ulpmat.com\/it\/wp-json\/wp\/v2\/media?parent=31337"}],"wp:term":[{"taxonomy":"product_brand","embeddable":true,"href":"https:\/\/ulpmat.com\/it\/wp-json\/wp\/v2\/product_brand?post=31337"},{"taxonomy":"product_cat","embeddable":true,"href":"https:\/\/ulpmat.com\/it\/wp-json\/wp\/v2\/product_cat?post=31337"},{"taxonomy":"product_tag","embeddable":true,"href":"https:\/\/ulpmat.com\/it\/wp-json\/wp\/v2\/product_tag?post=31337"}],"curies":[{"name":"wp","href":"https:\/\/api.w.org\/{rel}","templated":true}]}}