{"id":31102,"date":"2025-12-19T16:46:48","date_gmt":"2025-12-19T08:46:48","guid":{"rendered":"https:\/\/ulpmat.com\/product\/seleniuro-di-rame-e-indio\/"},"modified":"2025-12-19T16:46:48","modified_gmt":"2025-12-19T08:46:48","slug":"seleniuro-di-rame-e-indio","status":"publish","type":"product","link":"https:\/\/ulpmat.com\/it\/prodotto\/seleniuro-di-rame-e-indio\/","title":{"rendered":"Seleniuro di rame e indio"},"content":{"rendered":"<h2><span style=\"font-size: 14pt;\">Panoramica sulla polvere di seleniuro di rame e indio<\/span><\/h2>\n<p>La polvere<br \/>\n<span style=\"color: #0000ff;\"><a style=\"color: #0000ff;\" href=\"https:\/\/ulpmat.com\/it\/ricerca\/?type=name&#038;keyword=Copper+indium+selenide\">di seleniuro di rame e indio<\/a><\/span><br \/>\n\u00e8 un importante materiale semiconduttore composto da pi\u00f9 componenti, utilizzato principalmente nei pannelli fotovoltaici a film sottile e nei relativi materiali funzionali optoelettronici.<\/p>\n<p>Offriamo prodotti in polvere di seleniuro di rame e indio con rapporti di composizione stabili e specifiche selezionabili per supportare le esigenze di ricerca e applicazione. <span style=\"color: #0000ff;\"><a style=\"color: #0000ff;\" href=\"https:\/\/ulpmat.com\/it\/contatto\/\">Contattateci<\/a><\/span><br \/>\nper informazioni dettagliate e campioni.<\/p>\n<h2><span style=\"font-size: 14pt;\">Caratteristiche principali del prodotto<\/span><\/h2>\n<p>Propriet\u00e0 definitive dei semiconduttori<br \/>\nElevata capacit\u00e0 di assorbimento della luce<br \/>\nComposizione chimica stabile<br \/>\nElevata purezza della polvere<br \/>\nBuona adattabilit\u00e0 al processo<br \/>\nConfezionamento personalizzabile<br \/>\nAdatto per<\/p>\n<h2><span style=\"font-size: 14pt;\">applicazioni<\/span><\/h2>\n<p>di ricerca e sviluppo multistadio<\/p>\n<h2><span style=\"font-size: 14pt;\">Applicazioni della polvere di seleniuro di rame e indio<\/span><\/h2>\n<p>Preparazione di materiali fotovoltaici a film sottile: Questa polvere \u00e8 comunemente utilizzata per preparare film sottili fotovoltaici ad alta efficienza di assorbimento ed \u00e8 una delle materie prime chiave nella ricerca sulle tecnologie relative all&#8217;energia solare. Ricerca sui materiali per dispositivi<br \/>\n<span style=\"color: #0000ff;\"><a style=\"color: #0000ff;\" href=\"https:\/\/ulpmat.com\/it\/applicazione\/materiali-ottici\/\">optoelettronici<\/a><\/span><br \/>\n: Grazie alle sue eccellenti prestazioni di risposta alla luce, pu\u00f2 essere utilizzata per la ricerca sperimentale sulla conversione fotoelettrica, sui dispositivi fotosensibili e sui sistemi di materiali correlati.<br \/>\nSviluppo di film sottili funzionali e rivestimenti: in condizioni di processo controllate, pu\u00f2 fungere da materiale di base per film sottili funzionali o rivestimenti compositi per esplorare nuovi progetti strutturali.<br \/>\nRicerca di base sulla scienza dei materiali: adatto alla ricerca sulla struttura cristallina, la struttura a bande e la stabilit\u00e0 dei materiali in universit\u00e0 e istituti di ricerca.<\/p>\n<h2><span style=\"color: #0000ff;\"><a style=\"color: #0000ff;\" href=\"https:\/\/ulpmat.com\/it\/azienda\/domande-frequenti\/\"><span style=\"font-size: 14pt;\">Domande frequenti<\/span><\/a><\/span><\/h2>\n<p>D1: Per quali direzioni di ricerca \u00e8 principalmente adatto il seleniuro di rame e indio in polvere?<br \/>\nA1: Utilizzata principalmente per la ricerca sperimentale e applicata relativa al fotovoltaico a film sottile, ai materiali optoelettronici e ai semiconduttori multielemento.<\/p>\n<p>D2: Quali precauzioni devono essere prese durante il trasporto e lo stoccaggio della polvere?<br \/>\nA2: Si raccomanda di utilizzare imballaggi sigillati e di conservare in un ambiente asciutto, evitando l&#8217;esposizione prolungata all&#8217;umidit\u00e0 o alle alte temperature.<\/p>\n<p>Q3: Questo materiale \u00e8 adatto per essere ulteriormente trasformato in materiali target o film sottili?<br \/>\nA3: Con processi adeguati, pu\u00f2 essere utilizzato come materia prima di base nella lavorazione o preparazione successiva.<\/p>\n<p>Q4: \u00c8 possibile fornire specifiche diverse in base ai requisiti del progetto?<br \/>\nA4: Parametri specifici come la dimensione delle particelle, la dimensione del lotto e il metodo di confezionamento possono essere negoziati in base alle esigenze.<\/p>\n<h2><span style=\"font-size: 14pt;\">Rapporto<\/span><\/h2>\n<p>Ogni lotto viene fornito con:<br \/>\n<span style=\"color: #0000ff;\"><a style=\"color: #0000ff;\" href=\"https:\/\/ulpmat.com\/it\/documenti\/certificato-di-analisi\/\"><u>Certificato di analisi (COA)<\/u><\/a><\/span><\/p>\n<p><span style=\"color: #0000ff;\"><a style=\"color: #0000ff;\" href=\"https:\/\/ulpmat.com\/it\/documenti\/scheda-tecnica\/\"><u>Scheda tecnica (TDS)<\/u><\/a><\/span><\/p>\n<p><span style=\"color: #0000ff;\"><a style=\"color: #0000ff;\" href=\"https:\/\/ulpmat.com\/it\/documenti\/scheda-di-sicurezza\/\"><u>Scheda di sicurezza (MSDS)<\/u><\/a><\/span><br \/>\nRapporti di test di terze parti disponibili su richiesta<\/p>\n<h2><span style=\"font-size: 14pt;\">Perch\u00e9 scegliere noi?<\/span><\/h2>\n<p>Ci concentriamo sulla fornitura stabile e sulla gestione della qualit\u00e0 dei materiali in polvere semiconduttori inorganici, ponendo l&#8217;accento sulla ripetibilit\u00e0 dei prodotti e sulla trasparenza tecnica, e siamo in grado di fornire un supporto materiale pi\u00f9 affidabile e facilmente valutabile per i clienti che si occupano di ricerca e applicazioni.<\/p>\n","protected":false},"excerpt":{"rendered":"<p>Panoramica sulla polvere di seleniuro di rame e indio La polvere di seleniuro di rame e indio \u00e8 un importante materiale semiconduttore composto da pi\u00f9 componenti, utilizzato principalmente nei pannelli fotovoltaici a film sottile e nei relativi materiali funzionali optoelettronici. Offriamo prodotti in polvere di seleniuro di rame e indio con rapporti di composizione stabili [&hellip;]<\/p>\n","protected":false},"featured_media":31103,"template":"","meta":{"_acf_changed":false},"product_brand":[132],"product_cat":[672,1093],"product_tag":[2982],"class_list":{"0":"post-31102","1":"product","2":"type-product","3":"status-publish","4":"has-post-thumbnail","6":"product_brand-ulpmat","7":"product_cat-materiali-calcogenidici","8":"product_cat-materiali-calcogenidici-it","9":"product_tag-polvere-di-seleniuro-di-rame-e-indio","11":"first","12":"instock","13":"shipping-taxable","14":"product-type-variable"},"acf":[],"_links":{"self":[{"href":"https:\/\/ulpmat.com\/it\/wp-json\/wp\/v2\/product\/31102","targetHints":{"allow":["GET"]}}],"collection":[{"href":"https:\/\/ulpmat.com\/it\/wp-json\/wp\/v2\/product"}],"about":[{"href":"https:\/\/ulpmat.com\/it\/wp-json\/wp\/v2\/types\/product"}],"wp:featuredmedia":[{"embeddable":true,"href":"https:\/\/ulpmat.com\/it\/wp-json\/wp\/v2\/media\/31103"}],"wp:attachment":[{"href":"https:\/\/ulpmat.com\/it\/wp-json\/wp\/v2\/media?parent=31102"}],"wp:term":[{"taxonomy":"product_brand","embeddable":true,"href":"https:\/\/ulpmat.com\/it\/wp-json\/wp\/v2\/product_brand?post=31102"},{"taxonomy":"product_cat","embeddable":true,"href":"https:\/\/ulpmat.com\/it\/wp-json\/wp\/v2\/product_cat?post=31102"},{"taxonomy":"product_tag","embeddable":true,"href":"https:\/\/ulpmat.com\/it\/wp-json\/wp\/v2\/product_tag?post=31102"}],"curies":[{"name":"wp","href":"https:\/\/api.w.org\/{rel}","templated":true}]}}