{"id":30638,"date":"2025-12-19T16:46:53","date_gmt":"2025-12-19T08:46:53","guid":{"rendered":"https:\/\/ulpmat.com\/product\/titanato-di-rame-ossido-di-rame-e-titanio\/"},"modified":"2025-12-19T16:46:53","modified_gmt":"2025-12-19T08:46:53","slug":"titanato-di-rame-ossido-di-rame-e-titanio","status":"publish","type":"product","link":"https:\/\/ulpmat.com\/it\/prodotto\/titanato-di-rame-ossido-di-rame-e-titanio\/","title":{"rendered":"Titanato di rame (ossido di rame e titanio)"},"content":{"rendered":"<h2><span style=\"font-size: 14pt;\">Panoramica sui target di sputtering in ossido di rame e titanio<\/span><\/h2>\n<p>I target di sputtering<br \/>\n<span style=\"color: #0000ff;\"><a style=\"color: #0000ff;\" href=\"https:\/\/ulpmat.com\/it\/ricerca\/?type=name&#038;keyword=Copper+Titanium+Oxide\">in ossido di rame e titanio<\/a><\/span><br \/>\nsono materiali di rivestimento realizzati con composti di ossido di rame e titanio, utilizzati principalmente per il deposito di film funzionali con propriet\u00e0 optoelettroniche specializzate.<\/p>\n<p>Produciamo target ceramici con composizione precisa e struttura densa.<span style=\"color: #0000ff;\"><a style=\"color: #0000ff;\" href=\"https:\/\/ulpmat.com\/it\/contatto\/\"> Contattateci<\/a><\/span><br \/>\nper specifiche dettagliate e <span style=\"color: #0000ff;\"><a style=\"color: #0000ff;\" href=\"https:\/\/ulpmat.com\/it\/servizio\/assistenza-tecnica\/\">assistenza tecnica.<\/a><\/span><\/p>\n<h2><span style=\"font-size: 14pt;\">Caratteristiche principali del prodotto<\/span><\/h2>\n<p>Qualit\u00e0 superiore del film<br \/>\nComposizione chimica controllabile<br \/>\nVelocit\u00e0 di sputtering stabile<br \/>\nOpzioni di incollaggio e substrato disponibili<br \/>\nElevata uniformit\u00e0 dei lotti<\/p>\n<h2><span style=\"font-size: 14pt;\">Applicazioni dei target di sputtering in ossido di rame e titanio<\/span><\/h2>\n<p>Dispositivi fotovoltaici: utilizzati per fabbricare strati funzionali chiave in celle solari e fotorilevatori, migliorando l&#8217;assorbimento della luce e l&#8217;efficienza di separazione della carica.<br \/>\nPellicole conduttive trasparenti: depositano pellicole di ossido conduttivo trasparente (TCO) per touchscreen e display flessibili, bilanciando conduttivit\u00e0 e trasparenza.<br \/>\nCatalisi e rilevamento: i film depositati mostrano un&#8217;elevata attivit\u00e0 e selettivit\u00e0 nel rilevamento dei gas e nella catalisi ambientale.<br \/>\nRivestimenti per vetri intelligenti: utilizzati per preparare rivestimenti per finestre intelligenti con propriet\u00e0 termocromiche o elettrocromiche, consentendo la regolazione dinamica della luce e del calore.<\/p>\n<h2><span style=\"color: #0000ff;\"><a style=\"color: #0000ff;\" href=\"https:\/\/ulpmat.com\/it\/azienda\/domande-frequenti\/\"><span style=\"font-size: 14pt;\">Domande frequenti<\/span><\/a><\/span><\/h2>\n<p>D1: Quali sono le caratteristiche principali dei film spruzzati da materiali target di ossido di rame-titanio?<br \/>\nA1: I film sono generalmente caratterizzati da bande proibite ottiche regolabili, eccellente stabilit\u00e0 chimica e propriet\u00e0 elettriche o catalitiche uniche.<\/p>\n<p>D2: Come \u00e8 possibile controllare il tipo di conduttivit\u00e0 e la resistivit\u00e0 del film?<br \/>\nA2: Regolando con precisione gli stati di ossidazione e il rapporto tra rame e titanio nel materiale target, in combinazione con i parametri del processo di sputtering (come la pressione parziale dell&#8217;ossigeno), \u00e8 possibile progettare in modo mirato le loro propriet\u00e0 elettriche.<\/p>\n<p>Q3: Questo target richiede un pretrattamento prima della polverizzazione?<br \/>\nA3: In genere si consiglia la pulizia della superficie e la pre-polverizzazione per rimuovere i contaminanti e ottenere condizioni di polverizzazione stabili, garantendo la qualit\u00e0 del film.<\/p>\n<p>Q4: Quali vantaggi offre rispetto ai target di ossido di titanio puro o ossido di rame?<br \/>\nA4: Il suo vantaggio risiede nell&#8217;introduzione del rame, che modula efficacemente la struttura a bande dell&#8217;ossido di titanio, producendo propriet\u00e0 optoelettroniche e catalitiche pi\u00f9 ricche per applicazioni pi\u00f9 versatili.<\/p>\n<h2><span style=\"font-size: 14pt;\">Report<\/span><\/h2>\n<p>Ogni lotto viene fornito con:<br \/>\n<span style=\"color: #0000ff;\"><a style=\"color: #0000ff;\" href=\"https:\/\/ulpmat.com\/it\/documenti\/certificato-di-analisi\/\"><u>Certificato di analisi (COA)<\/u><\/a><\/span><\/p>\n<p><span style=\"color: #0000ff;\"><a style=\"color: #0000ff;\" href=\"https:\/\/ulpmat.com\/it\/documenti\/scheda-tecnica\/\"><u>Scheda tecnica (TDS)<\/u><\/a><\/span><\/p>\n<p><span style=\"color: #0000ff;\"><a style=\"color: #0000ff;\" href=\"https:\/\/ulpmat.com\/it\/documenti\/scheda-di-sicurezza\/\"><u>Scheda di sicurezza dei materiali (MSDS)<\/u><\/a><\/span><br \/>\nRapporti di test di terze parti disponibili su richiesta<\/p>\n<h2><span style=\"font-size: 14pt;\">Perch\u00e9 scegliere noi?<\/span><\/h2>\n<p>Siamo specializzati nella produzione personalizzata di target ceramici avanzati, sfruttando una rigorosa scienza dei materiali e un controllo dei processi per garantire che le prestazioni dei prodotti soddisfino con precisione i requisiti di ricerca e sviluppo e di produzione. Non siamo solo un fornitore, ma il vostro partner nell&#8217;esplorazione tecnologica, impegnato a supportare le vostre applicazioni di tecnologia a film sottile con prodotti affidabili e conoscenze specialistiche.<\/p>\n","protected":false},"excerpt":{"rendered":"<p>Panoramica sui target di sputtering in ossido di rame e titanio I target di sputtering in ossido di rame e titanio sono materiali di rivestimento realizzati con composti di ossido di rame e titanio, utilizzati principalmente per il deposito di film funzionali con propriet\u00e0 optoelettroniche specializzate. Produciamo target ceramici con composizione precisa e struttura densa. [&hellip;]<\/p>\n","protected":false},"featured_media":30639,"template":"","meta":{"_acf_changed":false},"product_brand":[132],"product_cat":[453],"product_tag":[2874],"class_list":{"0":"post-30638","1":"product","2":"type-product","3":"status-publish","4":"has-post-thumbnail","6":"product_brand-ulpmat","7":"product_cat-target-di-sputtering-in-ceramica","8":"product_tag-bersaglio-di-sputtering-in-titanato-di-rame-ossido-di-rame-e-titanio","10":"first","11":"instock","12":"shipping-taxable","13":"product-type-variable"},"acf":[],"_links":{"self":[{"href":"https:\/\/ulpmat.com\/it\/wp-json\/wp\/v2\/product\/30638","targetHints":{"allow":["GET"]}}],"collection":[{"href":"https:\/\/ulpmat.com\/it\/wp-json\/wp\/v2\/product"}],"about":[{"href":"https:\/\/ulpmat.com\/it\/wp-json\/wp\/v2\/types\/product"}],"wp:featuredmedia":[{"embeddable":true,"href":"https:\/\/ulpmat.com\/it\/wp-json\/wp\/v2\/media\/30639"}],"wp:attachment":[{"href":"https:\/\/ulpmat.com\/it\/wp-json\/wp\/v2\/media?parent=30638"}],"wp:term":[{"taxonomy":"product_brand","embeddable":true,"href":"https:\/\/ulpmat.com\/it\/wp-json\/wp\/v2\/product_brand?post=30638"},{"taxonomy":"product_cat","embeddable":true,"href":"https:\/\/ulpmat.com\/it\/wp-json\/wp\/v2\/product_cat?post=30638"},{"taxonomy":"product_tag","embeddable":true,"href":"https:\/\/ulpmat.com\/it\/wp-json\/wp\/v2\/product_tag?post=30638"}],"curies":[{"name":"wp","href":"https:\/\/api.w.org\/{rel}","templated":true}]}}