{"id":30070,"date":"2025-12-25T09:33:52","date_gmt":"2025-12-25T01:33:52","guid":{"rendered":"https:\/\/ulpmat.com\/product\/cloruro-di-nichel\/"},"modified":"2025-12-25T09:33:52","modified_gmt":"2025-12-25T01:33:52","slug":"cloruro-di-nichel","status":"publish","type":"product","link":"https:\/\/ulpmat.com\/it\/prodotto\/cloruro-di-nichel\/","title":{"rendered":"Cloruro di nichel"},"content":{"rendered":"<h2><span style=\"font-size: 14pt;\">Panoramica sulla polvere di cloruro di nichel<\/span><\/h2>\n<p>La polvere<br \/>\n<span style=\"color: #0000ff;\"><a style=\"color: #0000ff;\" href=\"https:\/\/ulpmat.com\/it\/ricerca\/?type=name&#038;keyword=Nickel+chloride\">di cloruro di nichel<\/a><\/span><br \/>\n\u00e8 un alogenuro di nichel ad alta purezza, comunemente utilizzato nella catalisi, nella sintesi chimica e nella preparazione di materiali elettronici.<\/p>\n<p>Offriamo polvere di NiCl2 in varie purezze e dimensioni delle particelle e forniamo assistenza per l&#8217;abbinamento dei processi sperimentali e consulenza <span style=\"color: #0000ff;\"><a style=\"color: #0000ff;\" href=\"https:\/\/ulpmat.com\/it\/servizio\/assistenza-tecnica\/\">tecnica<\/a><\/span><br \/>\n. <span style=\"color: #0000ff;\"><a style=\"color: #0000ff;\" href=\"https:\/\/ulpmat.com\/it\/contatto\/\">Contattateci<\/a><\/span><br \/>\nper specifiche dettagliate e preventivi.<\/p>\n<h2><span style=\"font-size: 14pt;\">Caratteristiche principali del prodotto<\/span><\/h2>\n<p>Elevata purezza e stabilit\u00e0<br \/>\nDistribuzione uniforme della polvere<br \/>\nFacile da sciogliere e disperdere<br \/>\nBuona reattivit\u00e0 chimica<br \/>\nAffidabile uniformit\u00e0 dei lotti<br \/>\n<span style=\"color: #0000ff;\"><a style=\"color: #0000ff;\" href=\"https:\/\/ulpmat.com\/it\/servizio\/personalizzazione\/\">Prodotti personalizzabili<\/a><\/span><\/p>\n<p>Confezioni piccole, quantit\u00e0 minima d&#8217;ordine ridotta<br \/>\nForte adattabilit\u00e0 al processo<\/p>\n<h2><span style=\"font-size: 14pt;\">Applicazioni della polvere di cloruro di nichel<\/span><\/h2>\n<p>Preparazione di catalizzatori: la polvere di NiCl\u2082 pu\u00f2 essere utilizzata in reazioni organiche o sistemi catalitici inorganici per migliorare l&#8217;efficienza e la selettivit\u00e0 della reazione.<br \/>\nReagente per sintesi chimica: la polvere \u00e8 adatta alla sintesi di composti di nichel o altri materiali funzionali, garantendo l&#8217;uniformit\u00e0 e la stabilit\u00e0 della reazione.<br \/>\nPrecursore di materiali elettronici: pu\u00f2 essere utilizzato come precursore per la preparazione di materiali elettronici o film sottili, garantendo prestazioni costanti dei materiali.<br \/>\nRicerca scientifica e sviluppo di materiali: la polvere \u00e8 adatta alla ricerca di laboratorio e allo sviluppo di nuovi materiali, utilizzata per la valutazione delle prestazioni e l&#8217;esplorazione dei processi.<\/p>\n<h2><span style=\"color: #0000ff;\"><a style=\"color: #0000ff;\" href=\"https:\/\/ulpmat.com\/it\/azienda\/domande-frequenti\/\"><span style=\"font-size: 14pt;\">Domande frequenti<\/span><\/a><\/span><\/h2>\n<p>D1: In quali campi viene utilizzata principalmente la polvere di NiCl2?<br \/>\nR1: Comunemente utilizzata nella catalisi, nella sintesi chimica, nei precursori di materiali elettronici e negli esperimenti di ricerca scientifica.<\/p>\n<p>D2: Come deve essere conservata la polvere di NiCl2 per garantirne la stabilit\u00e0?<br \/>\nR2: Si consiglia di conservarla in un contenitore sigillato in un ambiente asciutto, evitando l&#8217;umidit\u00e0 e l&#8217;esposizione prolungata all&#8217;aria.<\/p>\n<p>D3: La polvere di NiCl2 deve essere trattata prima dell&#8217;uso?<br \/>\nR3: Di solito pu\u00f2 essere utilizzata direttamente. Il trattamento di dissoluzione o dispersione pu\u00f2 essere eseguito in base alle esigenze sperimentali.<\/p>\n<p>Q4: Quali sono le differenze tra NiCl2 e altri alogenuri di nichel?<br \/>\nA4: NiCl\u2082 \u00e8 dicloruro di nichel. La sua struttura e solubilit\u00e0 differiscono dagli alogenuri di nichel come NiBr\u2082 e NiI\u2082, rendendolo adatto a esperimenti e processi specifici.<\/p>\n<h2><span style=\"font-size: 14pt;\">Rapporto<\/span><\/h2>\n<p>Ogni lotto viene fornito con:<br \/>\n<span style=\"color: #0000ff;\"><a style=\"color: #0000ff;\" href=\"https:\/\/ulpmat.com\/it\/documenti\/certificato-di-analisi\/\"><u>Certificato di analisi (COA)<\/u><\/a><\/span><\/p>\n<p><span style=\"color: #0000ff;\"><a style=\"color: #0000ff;\" href=\"https:\/\/ulpmat.com\/it\/documenti\/scheda-tecnica\/\"><u>Scheda tecnica (TDS)<\/u><\/a><\/span><\/p>\n<p><span style=\"color: #0000ff;\"><a style=\"color: #0000ff;\" href=\"https:\/\/ulpmat.com\/it\/documenti\/scheda-di-sicurezza\/\"><u>Scheda di sicurezza (MSDS)<\/u><\/a><\/span><br \/>\nRapporti di test di terze parti disponibili su richiesta<\/p>\n<h2><span style=\"font-size: 14pt;\">Perch\u00e9 scegliere noi?<\/span><\/h2>\n<p>Abbiamo una vasta esperienza nella fornitura di alogenuri di nichel e materiali in polvere funzionali, concentrandoci sulla stabilit\u00e0 delle prestazioni della polvere e sull&#8217;adattabilit\u00e0 dell&#8217;applicazione. Forniamo informazioni tecniche complete e specifiche flessibili per aiutare i clienti a ottenere risultati affidabili ed efficienti nella catalisi, nei materiali elettronici e negli esperimenti di ricerca scientifica.<\/p>\n","protected":false},"excerpt":{"rendered":"<p>Panoramica sulla polvere di cloruro di nichel La polvere di cloruro di nichel \u00e8 un alogenuro di nichel ad alta purezza, comunemente utilizzato nella catalisi, nella sintesi chimica e nella preparazione di materiali elettronici. Offriamo polvere di NiCl2 in varie purezze e dimensioni delle particelle e forniamo assistenza per l&#8217;abbinamento dei processi sperimentali e consulenza [&hellip;]<\/p>\n","protected":false},"featured_media":30071,"template":"","meta":{"_acf_changed":false},"product_brand":[132],"product_cat":[323],"product_tag":[2773],"class_list":{"0":"post-30070","1":"product","2":"type-product","3":"status-publish","4":"has-post-thumbnail","6":"product_brand-ulpmat","7":"product_cat-materiali-alogenuri","8":"product_tag-polvere-di-cloruro-di-nichel","10":"first","11":"instock","12":"shipping-taxable","13":"product-type-variable"},"acf":[],"_links":{"self":[{"href":"https:\/\/ulpmat.com\/it\/wp-json\/wp\/v2\/product\/30070","targetHints":{"allow":["GET"]}}],"collection":[{"href":"https:\/\/ulpmat.com\/it\/wp-json\/wp\/v2\/product"}],"about":[{"href":"https:\/\/ulpmat.com\/it\/wp-json\/wp\/v2\/types\/product"}],"wp:featuredmedia":[{"embeddable":true,"href":"https:\/\/ulpmat.com\/it\/wp-json\/wp\/v2\/media\/30071"}],"wp:attachment":[{"href":"https:\/\/ulpmat.com\/it\/wp-json\/wp\/v2\/media?parent=30070"}],"wp:term":[{"taxonomy":"product_brand","embeddable":true,"href":"https:\/\/ulpmat.com\/it\/wp-json\/wp\/v2\/product_brand?post=30070"},{"taxonomy":"product_cat","embeddable":true,"href":"https:\/\/ulpmat.com\/it\/wp-json\/wp\/v2\/product_cat?post=30070"},{"taxonomy":"product_tag","embeddable":true,"href":"https:\/\/ulpmat.com\/it\/wp-json\/wp\/v2\/product_tag?post=30070"}],"curies":[{"name":"wp","href":"https:\/\/api.w.org\/{rel}","templated":true}]}}