{"id":29996,"date":"2025-12-25T09:33:53","date_gmt":"2025-12-25T01:33:53","guid":{"rendered":"https:\/\/ulpmat.com\/product\/nichelii-carbonato\/"},"modified":"2025-12-25T09:33:53","modified_gmt":"2025-12-25T01:33:53","slug":"nichelii-carbonato","status":"publish","type":"product","link":"https:\/\/ulpmat.com\/it\/prodotto\/nichelii-carbonato\/","title":{"rendered":"Nichel(II) carbonato"},"content":{"rendered":"<h2><span style=\"font-size: 14pt;\">Panoramica sulla polvere di carbonato di nichel<\/span><\/h2>\n<p>La polvere<br \/>\n<span style=\"color: #0000ff;\"><a style=\"color: #0000ff;\" href=\"https:\/\/ulpmat.com\/it\/ricerca\/?type=name&#038;keyword=Nickel%28II%29+carbonate\">di carbonato di nichel<\/a><\/span><br \/>\n\u00e8 un carbonato di nichel ad elevata purezza ampiamente utilizzato nella preparazione di catalizzatori, precursori di nichel e nella ricerca e sviluppo di materiali funzionali.<\/p>\n<p>Offriamo polvere di NiCO3 in varie purezze e dimensioni delle particelle e forniamo assistenza nell&#8217;ottimizzazione della formulazione dei materiali e nella consulenza sui processi. <span style=\"color: #0000ff;\"><a style=\"color: #0000ff;\" href=\"https:\/\/ulpmat.com\/it\/contatto\/\">Contattateci<\/a><\/span><br \/>\nper specifiche dettagliate e preventivi.<\/p>\n<h2><span style=\"font-size: 14pt;\">Caratteristiche principali del prodotto<\/span><\/h2>\n<p>Elevata purezza e stabilit\u00e0<br \/>\nDistribuzione uniforme della polvere<br \/>\nBuone prestazioni di decomposizione termica<br \/>\nFacile conversione in nichel metallico<br \/>\nAffidabile uniformit\u00e0 dei lotti<br \/>\nStock sufficiente, prodotti personalizzabili disponibili<br \/>\nElevata adattabilit\u00e0 di processo<\/p>\n<h2><span style=\"font-size: 14pt;\">Applicazioni della polvere di carbonato di nichel<\/span><\/h2>\n<p>Preparazione di catalizzatori: la polvere di NiCO3 pu\u00f2 essere utilizzata per preparare vari catalizzatori, migliorando l&#8217;attivit\u00e0 catalitica e la selettivit\u00e0.<br \/>\nPrecursore del nichel: adatto come precursore per la preparazione del nichel, garantisce una decomposizione termica uniforme e la purezza metallica.<br \/>\nSviluppo di materiali funzionali: pu\u00f2 essere utilizzato per preparare strati funzionali in materiali elettronici e materiali compositi, migliorando la conduttivit\u00e0 o le propriet\u00e0 magnetiche.<br \/>\nRicerca scientifica e studio dei materiali: la polvere \u00e8 adatta per la ricerca e lo sviluppo in laboratorio e l&#8217;esplorazione di nuovi materiali, utilizzata per la valutazione delle prestazioni e l&#8217;ottimizzazione dei processi.<\/p>\n<h2><span style=\"color: #0000ff;\"><a style=\"color: #0000ff;\" href=\"https:\/\/ulpmat.com\/it\/azienda\/domande-frequenti\/\"><span style=\"font-size: 14pt;\">Domande frequenti<\/span><\/a><\/span><\/h2>\n<p>D1: In quali campi viene utilizzata principalmente la polvere di NiCO\u2083?<br \/>\nR1: Comunemente utilizzata in catalizzatori, precursori di nichel, materiali funzionali ed esperimenti di ricerca scientifica.<\/p>\n<p>D2: Quali sono i requisiti per la conservazione della polvere?<br \/>\nR2: Si consiglia di conservarla in un luogo sigillato e asciutto, evitando l&#8217;umidit\u00e0 e l&#8217;esposizione prolungata all&#8217;aria.<\/p>\n<p>D3: La polvere di NiCO\u2083 deve essere trattata prima dell&#8217;uso?<br \/>\nR3: Di solito pu\u00f2 essere utilizzata direttamente. Pu\u00f2 essere dispersa o disciolta a seconda dei requisiti di processo.<\/p>\n<p>D4: In che modo il NiCO\u2083 differisce dagli altri composti del nichel?<br \/>\nA4: Il NiCO\u2083 \u00e8 carbonato di nichel, che \u00e8 termicamente decomponibile. Pu\u00f2 essere utilizzato come precursore del nichel o catalizzatore e le sue propriet\u00e0 differiscono da quelle degli ossidi o dei boruri.<\/p>\n<h2><span style=\"font-size: 14pt;\">Rapporto<\/span><\/h2>\n<p>Ogni lotto viene fornito con:<br \/>\n<span style=\"color: #0000ff;\"><a style=\"color: #0000ff;\" href=\"https:\/\/ulpmat.com\/it\/documenti\/certificato-di-analisi\/\"><u>Certificato di analisi (COA)<\/u><\/a><\/span><\/p>\n<p><span style=\"color: #0000ff;\"><a style=\"color: #0000ff;\" href=\"https:\/\/ulpmat.com\/it\/documenti\/scheda-tecnica\/\"><u>Scheda tecnica (TDS)<\/u><\/a><\/span><\/p>\n<p><span style=\"color: #0000ff;\"><a style=\"color: #0000ff;\" href=\"https:\/\/ulpmat.com\/it\/documenti\/scheda-di-sicurezza\/\"><u>Scheda di sicurezza (MSDS)<\/u><\/a><\/span><br \/>\nRapporti di test di terze parti disponibili su richiesta<\/p>\n<h2><span style=\"font-size: 14pt;\">Perch\u00e9 scegliere noi?<\/span><\/h2>\n<p>Abbiamo una vasta esperienza nella fornitura di carbonati di nichel e materiali in polvere funzionali, fornendo polvere di NiCO3 ad alta purezza in specifiche personalizzate, insieme a un supporto tecnico completo, per aiutare i clienti a ottenere propriet\u00e0 dei materiali stabili ed efficienti nella preparazione di catalizzatori, precursori di nichel ed esperimenti di ricerca scientifica.<\/p>\n","protected":false},"excerpt":{"rendered":"<p>Panoramica sulla polvere di carbonato di nichel La polvere di carbonato di nichel \u00e8 un carbonato di nichel ad elevata purezza ampiamente utilizzato nella preparazione di catalizzatori, precursori di nichel e nella ricerca e sviluppo di materiali funzionali. Offriamo polvere di NiCO3 in varie purezze e dimensioni delle particelle e forniamo assistenza nell&#8217;ottimizzazione della formulazione [&hellip;]<\/p>\n","protected":false},"featured_media":29997,"template":"","meta":{"_acf_changed":false},"product_brand":[132],"product_cat":[1186],"product_tag":[2749],"class_list":{"0":"post-29996","1":"product","2":"type-product","3":"status-publish","4":"has-post-thumbnail","6":"product_brand-ulpmat","7":"product_cat-altri-acidi","8":"product_tag-nichelii-carbonato-polvere","10":"first","11":"instock","12":"shipping-taxable","13":"product-type-variable"},"acf":[],"_links":{"self":[{"href":"https:\/\/ulpmat.com\/it\/wp-json\/wp\/v2\/product\/29996","targetHints":{"allow":["GET"]}}],"collection":[{"href":"https:\/\/ulpmat.com\/it\/wp-json\/wp\/v2\/product"}],"about":[{"href":"https:\/\/ulpmat.com\/it\/wp-json\/wp\/v2\/types\/product"}],"wp:featuredmedia":[{"embeddable":true,"href":"https:\/\/ulpmat.com\/it\/wp-json\/wp\/v2\/media\/29997"}],"wp:attachment":[{"href":"https:\/\/ulpmat.com\/it\/wp-json\/wp\/v2\/media?parent=29996"}],"wp:term":[{"taxonomy":"product_brand","embeddable":true,"href":"https:\/\/ulpmat.com\/it\/wp-json\/wp\/v2\/product_brand?post=29996"},{"taxonomy":"product_cat","embeddable":true,"href":"https:\/\/ulpmat.com\/it\/wp-json\/wp\/v2\/product_cat?post=29996"},{"taxonomy":"product_tag","embeddable":true,"href":"https:\/\/ulpmat.com\/it\/wp-json\/wp\/v2\/product_tag?post=29996"}],"curies":[{"name":"wp","href":"https:\/\/api.w.org\/{rel}","templated":true}]}}