{"id":29804,"date":"2025-12-25T09:33:56","date_gmt":"2025-12-25T01:33:56","guid":{"rendered":"https:\/\/ulpmat.com\/product\/cromite-di-nichel-ossido-di-nichel-e-cromo\/"},"modified":"2025-12-25T09:33:56","modified_gmt":"2025-12-25T01:33:56","slug":"cromite-di-nichel-ossido-di-nichel-e-cromo","status":"publish","type":"product","link":"https:\/\/ulpmat.com\/it\/prodotto\/cromite-di-nichel-ossido-di-nichel-e-cromo\/","title":{"rendered":"Cromite di nichel (ossido di nichel e cromo)"},"content":{"rendered":"<h2><span style=\"font-size: 14pt;\">Panoramica sulla polvere di ossido di nichel-cromo<\/span><\/h2>\n<p>La polvere<br \/>\n<span style=\"color: #0000ff;\"><a style=\"color: #0000ff;\" href=\"https:\/\/ulpmat.com\/it\/ricerca\/?type=name&#038;keyword=Nickel+Chromium+Oxide\">di ossido di nichel-cromo<\/a><\/span><br \/>\n\u00e8 un ossido di nichel-cromo ad alta purezza ampiamente utilizzato nella preparazione di materiali ceramici, elettrodi e rivestimenti funzionali.<\/p>\n<p>Offriamo polvere NiCr2O4 in varie dimensioni delle particelle e gradi di purezza e supportiamo la personalizzazione dei materiali e l&#8217;ottimizzazione dei processi. <span style=\"color: #0000ff;\"><a style=\"color: #0000ff;\" href=\"https:\/\/ulpmat.com\/it\/contatto\/\">Contattateci<\/a><\/span><br \/>\nper specifiche dettagliate e preventivi.<\/p>\n<h2><span style=\"font-size: 14pt;\">Caratteristiche principali del prodotto<\/span><\/h2>\n<p>Elevata purezza e stabilit\u00e0<br \/>\nDistribuzione uniforme della polvere<br \/>\nEccellente stabilit\u00e0 termica<br \/>\nPropriet\u00e0 chimiche stabili<br \/>\nFacile da applicare su ceramica e rivestimenti<br \/>\nConfezioni personalizzabili e quantit\u00e0 minima d&#8217;ordine<br \/>\nAffidabile uniformit\u00e0 dei lotti<\/p>\n<h2><span style=\"font-size: 14pt;\">Applicazioni della polvere di ossido di nichel-cromo<\/span><\/h2>\n<p>Materiali ceramici: la polvere NiCr2O4 pu\u00f2 essere utilizzata nella preparazione di ceramiche funzionali per migliorare la conduttivit\u00e0 e la stabilit\u00e0 termica dei materiali.<br \/>\nMateriali per elettrodi: adatta alla preparazione di elettrodi elettrochimici e strati conduttivi, garantisce una buona conduttivit\u00e0 e stabilit\u00e0.<br \/>\nRivestimenti funzionali: Pu\u00f2 essere utilizzata in rivestimenti resistenti alle alte temperature o alla corrosione per migliorare la durata della superficie e la stabilit\u00e0 chimica.<br \/>\nRicerca scientifica e sviluppo di nuovi materiali: La polvere \u00e8 adatta alla ricerca di laboratorio e allo sviluppo di nuovi materiali funzionali per la valutazione delle prestazioni e l&#8217;ottimizzazione dei processi.<\/p>\n<h2><span style=\"color: #0000ff;\"><a style=\"color: #0000ff;\" href=\"https:\/\/ulpmat.com\/it\/azienda\/domande-frequenti\/\"><span style=\"font-size: 14pt;\">Domande frequenti<\/span><\/a><\/span><\/h2>\n<p>D1: In quali campi viene utilizzata principalmente la polvere NiCr2O4?<br \/>\nA1: Comunemente utilizzata in materiali ceramici, elettrodi, rivestimenti funzionali ed esperimenti di ricerca scientifica.<\/p>\n<p>D2: Come si comporta la polvere alle alte temperature?<br \/>\nA2: Ha un&#8217;eccellente stabilit\u00e0 termica e chimica e pu\u00f2 essere utilizzata per lunghi periodi in ambienti ad alta temperatura.<\/p>\n<p>D3: La polvere NiCr\u2082O\u2084 deve essere trattata prima dell&#8217;uso?<br \/>\nA3: Di solito pu\u00f2 essere utilizzata direttamente, ma pu\u00f2 essere dispersa o miscelata in base alle esigenze di processo.<\/p>\n<p>D4: Quali sono le differenze tra NiCr\u2082O\u2084 e altri composti di nichel-cromo?<br \/>\nR4: Il NiCr\u2082O\u2084 \u00e8 un ossido con elevata stabilit\u00e0 termica e chimica, adatto per applicazioni ceramiche e rivestimenti ad alta temperatura, piuttosto che materiali non metallici o carbonati.<\/p>\n<h2><span style=\"font-size: 14pt;\">Report<\/span><\/h2>\n<p>Ogni lotto viene fornito con:<br \/>\n<span style=\"color: #0000ff;\"><a style=\"color: #0000ff;\" href=\"https:\/\/ulpmat.com\/it\/documenti\/certificato-di-analisi\/\"><u>Certificato di analisi (COA)<\/u><\/a><\/span><\/p>\n<p><span style=\"color: #0000ff;\"><a style=\"color: #0000ff;\" href=\"https:\/\/ulpmat.com\/it\/documenti\/scheda-tecnica\/\"><u>Scheda tecnica (TDS)<\/u><\/a><\/span><\/p>\n<p><span style=\"color: #0000ff;\"><a style=\"color: #0000ff;\" href=\"https:\/\/ulpmat.com\/it\/documenti\/scheda-di-sicurezza\/\"><u>Scheda di sicurezza (MSDS)<\/u><\/a><\/span><br \/>\nRapporti di test di terze parti disponibili su richiesta<\/p>\n<h2><span style=\"font-size: 14pt;\">Perch\u00e9 scegliere noi?<\/span><\/h2>\n<p>Abbiamo una vasta esperienza nella fornitura di ossidi di nichel-cromo e polveri funzionali, fornendo polveri NiCr\u2082O\u2084 ad alta purezza e ad alte prestazioni in specifiche personalizzate, insieme a un supporto tecnico completo, per aiutare i nostri clienti a ottenere propriet\u00e0 dei materiali stabili ed efficienti in applicazioni ceramiche, elettrodi e rivestimenti funzionali.<\/p>\n","protected":false},"excerpt":{"rendered":"<p>Panoramica sulla polvere di ossido di nichel-cromo La polvere di ossido di nichel-cromo \u00e8 un ossido di nichel-cromo ad alta purezza ampiamente utilizzato nella preparazione di materiali ceramici, elettrodi e rivestimenti funzionali. Offriamo polvere NiCr2O4 in varie dimensioni delle particelle e gradi di purezza e supportiamo la personalizzazione dei materiali e l&#8217;ottimizzazione dei processi. Contattateci [&hellip;]<\/p>\n","protected":false},"featured_media":29805,"template":"","meta":{"_acf_changed":false},"product_brand":[132],"product_cat":[1186],"product_tag":[2713],"class_list":{"0":"post-29804","1":"product","2":"type-product","3":"status-publish","4":"has-post-thumbnail","6":"product_brand-ulpmat","7":"product_cat-altri-acidi","8":"product_tag-polvere-di-nichel-cromite-ossido-di-nichel-cromo","10":"first","11":"instock","12":"shipping-taxable","13":"product-type-variable"},"acf":[],"_links":{"self":[{"href":"https:\/\/ulpmat.com\/it\/wp-json\/wp\/v2\/product\/29804","targetHints":{"allow":["GET"]}}],"collection":[{"href":"https:\/\/ulpmat.com\/it\/wp-json\/wp\/v2\/product"}],"about":[{"href":"https:\/\/ulpmat.com\/it\/wp-json\/wp\/v2\/types\/product"}],"wp:featuredmedia":[{"embeddable":true,"href":"https:\/\/ulpmat.com\/it\/wp-json\/wp\/v2\/media\/29805"}],"wp:attachment":[{"href":"https:\/\/ulpmat.com\/it\/wp-json\/wp\/v2\/media?parent=29804"}],"wp:term":[{"taxonomy":"product_brand","embeddable":true,"href":"https:\/\/ulpmat.com\/it\/wp-json\/wp\/v2\/product_brand?post=29804"},{"taxonomy":"product_cat","embeddable":true,"href":"https:\/\/ulpmat.com\/it\/wp-json\/wp\/v2\/product_cat?post=29804"},{"taxonomy":"product_tag","embeddable":true,"href":"https:\/\/ulpmat.com\/it\/wp-json\/wp\/v2\/product_tag?post=29804"}],"curies":[{"name":"wp","href":"https:\/\/api.w.org\/{rel}","templated":true}]}}