{"id":29486,"date":"2025-12-25T09:34:04","date_gmt":"2025-12-25T01:34:04","guid":{"rendered":"https:\/\/ulpmat.com\/product\/lega-di-nichel-e-ferro\/"},"modified":"2025-12-25T09:34:04","modified_gmt":"2025-12-25T01:34:04","slug":"lega-di-nichel-e-ferro","status":"publish","type":"product","link":"https:\/\/ulpmat.com\/it\/prodotto\/lega-di-nichel-e-ferro\/","title":{"rendered":"Lega di nichel e ferro"},"content":{"rendered":"<h2><span style=\"font-size: 14pt;\">Target rotante in lega di nichel-ferro Panoramica<\/span><\/h2>\n<p>I target rotanti<br \/>\n<span style=\"color: #0000ff;\"><a style=\"color: #0000ff;\" href=\"https:\/\/ulpmat.com\/it\/ricerca\/?type=name&#038;keyword=Nickel+Iron+Alloy\">in lega di nichel-ferro<\/a><\/span><br \/>\nsono utilizzati principalmente nei processi di deposizione continua di film sottili, adatti per film sottili magnetici funzionali di grandi dimensioni e applicazioni di produzione industriale.<\/p>\n<p>Offriamo target rotanti NiFe con diversi rapporti di composizione, lunghezze e tipi di interfaccia, compatibili con le apparecchiature pi\u00f9 diffuse. <span style=\"color: #0000ff;\"><a style=\"color: #0000ff;\" href=\"https:\/\/ulpmat.com\/it\/contatto\/\">Contattateci<\/a><\/span><br \/>\nper <span style=\"color: #0000ff;\"><a style=\"color: #0000ff;\" href=\"https:\/\/ulpmat.com\/it\/servizio\/assistenza-tecnica\/\">assistenza tecnica.<\/a><\/span><\/p>\n<h2><span style=\"font-size: 14pt;\">Caratteristiche<\/span><\/h2>\n<h2><span style=\"font-size: 14pt;\">principali del prodotto<\/span><\/h2>\n<p>Adatto per processi di sputtering continuo<br \/>\nElevato utilizzo del target<br \/>\nDistribuzione uniforme della composizione della lega<br \/>\nBuona uniformit\u00e0 dello spessore del film<br \/>\nPrestazioni di gestione termica stabili<br \/>\nSupporta <span style=\"color: #0000ff;\"><a style=\"color: #0000ff;\" href=\"https:\/\/ulpmat.com\/it\/servizio\/legame-con-lobiettivo\/\">incollaggio<\/a><\/span><br \/>\ne piastra posteriore personalizzati<\/p>\n<h2><span style=\"font-size: 14pt;\">Applicazioni del bersaglio rotante in lega di nichel-ferro<\/span><\/h2>\n<p>Preparazione di film magnetici sottili di grandi dimensioni: adatto per processi di deposizione di film magnetici sottili che richiedono un funzionamento stabile a lungo termine, contribuendo a migliorare l&#8217;efficienza della linea di produzione e l&#8217;uniformit\u00e0 del film.<br \/>\nProduzione di rivestimenti industriali: consente una produzione stabile in linee di produzione continue, riducendo la frequenza di cambio, adatto per la produzione di massa di rivestimenti funzionali.<br \/>\nMateriali elettronici e relativi ai display: pu\u00f2 essere utilizzato per la deposizione di strati funzionali in dispositivi elettronici e processi relativi ai display, in scenari che richiedono un&#8217;elevata uniformit\u00e0 del film.<br \/>\nScalabilit\u00e0 del processo e verifica dei parametri: adatto per test di scalabilit\u00e0 del processo dal laboratorio alle fasi pilota e di produzione di massa, utilizzato per verificare la stabilit\u00e0 della deposizione a lungo termine.<\/p>\n<h2><span style=\"color: #0000ff;\"><a style=\"color: #0000ff;\" href=\"https:\/\/ulpmat.com\/it\/azienda\/domande-frequenti\/\"><span style=\"font-size: 14pt;\">Domande frequenti<\/span><\/a><\/span><\/h2>\n<p>D1: Quali sono i vantaggi dei bersagli rotanti per sputtering NiFe rispetto ai bersagli planari?<br \/>\nR1: La struttura rotante migliora l&#8217;utilizzo del bersaglio e facilita un processo di deposizione continuo pi\u00f9 stabile.<\/p>\n<p>D2: Pu\u00f2 essere abbinato ad apparecchiature di sputtering rotanti di marche diverse?<br \/>\nA2: S\u00ec, possiamo fornire soluzioni di abbinamento in base all&#8217;interfaccia dell&#8217;apparecchiatura e ai requisiti di dimensione.<\/p>\n<p>D3: Il bersaglio \u00e8 soggetto a squilibri durante il funzionamento a lungo termine?<br \/>\nA3: In condizioni di installazione e di processo adeguate, la struttura del bersaglio \u00e8 stabile e pu\u00f2 soddisfare i requisiti di funzionamento a lungo termine.<\/p>\n<p>D4: Supportate le esigenze di produzione in piccoli lotti o pilota?<br \/>\nA4: S\u00ec, possiamo fornire specifiche personalizzate adatte alla fase di verifica del processo.<\/p>\n<h2><span style=\"font-size: 14pt;\">Rapporti<\/span><\/h2>\n<p>Ogni lotto viene fornito con:<br \/>\n<span style=\"color: #0000ff;\"><a style=\"color: #0000ff;\" href=\"https:\/\/ulpmat.com\/it\/documenti\/certificato-di-analisi\/\"><u>Certificato di analisi (COA)<\/u><\/a><\/span><\/p>\n<p><span style=\"color: #0000ff;\"><a style=\"color: #0000ff;\" href=\"https:\/\/ulpmat.com\/it\/documenti\/scheda-tecnica\/\"><u>Scheda tecnica (TDS)<\/u><\/a><\/span><\/p>\n<p><span style=\"color: #0000ff;\"><a style=\"color: #0000ff;\" href=\"https:\/\/ulpmat.com\/it\/documenti\/scheda-di-sicurezza\/\"><u>Scheda di sicurezza dei materiali (MSDS)<\/u><\/a><\/span><br \/>\nRapporto di ispezione delle dimensioni<br \/>\nRapporti di test di terze parti disponibili su richiesta<\/p>\n<h2><span style=\"font-size: 14pt;\">Perch\u00e9 scegliere noi?<\/span><\/h2>\n<p>Abbiamo una maturata esperienza nella lavorazione e nell&#8217;assemblaggio di bersagli di sputtering rotanti, concentrandoci sull&#8217;uniformit\u00e0 dei materiali, la stabilit\u00e0 strutturale e la compatibilit\u00e0 delle apparecchiature, fornendo un supporto affidabile per applicazioni di deposizione continua e produzione di massa.<\/p>\n","protected":false},"excerpt":{"rendered":"<p>Target rotante in lega di nichel-ferro Panoramica I target rotanti in lega di nichel-ferro sono utilizzati principalmente nei processi di deposizione continua di film sottili, adatti per film sottili magnetici funzionali di grandi dimensioni e applicazioni di produzione industriale. Offriamo target rotanti NiFe con diversi rapporti di composizione, lunghezze e tipi di interfaccia, compatibili con [&hellip;]<\/p>\n","protected":false},"featured_media":29487,"template":"","meta":{"_acf_changed":false},"product_brand":[132],"product_cat":[468,564],"product_tag":[2635],"class_list":{"0":"post-29486","1":"product","2":"type-product","3":"status-publish","4":"has-post-thumbnail","6":"product_brand-ulpmat","7":"product_cat-obiettivi-rotanti","8":"product_cat-target-di-sputtering-in-lega","9":"product_tag-bersaglio-rotante-in-lega-di-ferro-e-nichel","11":"first","12":"instock","13":"shipping-taxable","14":"product-type-variable"},"acf":[],"_links":{"self":[{"href":"https:\/\/ulpmat.com\/it\/wp-json\/wp\/v2\/product\/29486","targetHints":{"allow":["GET"]}}],"collection":[{"href":"https:\/\/ulpmat.com\/it\/wp-json\/wp\/v2\/product"}],"about":[{"href":"https:\/\/ulpmat.com\/it\/wp-json\/wp\/v2\/types\/product"}],"wp:featuredmedia":[{"embeddable":true,"href":"https:\/\/ulpmat.com\/it\/wp-json\/wp\/v2\/media\/29487"}],"wp:attachment":[{"href":"https:\/\/ulpmat.com\/it\/wp-json\/wp\/v2\/media?parent=29486"}],"wp:term":[{"taxonomy":"product_brand","embeddable":true,"href":"https:\/\/ulpmat.com\/it\/wp-json\/wp\/v2\/product_brand?post=29486"},{"taxonomy":"product_cat","embeddable":true,"href":"https:\/\/ulpmat.com\/it\/wp-json\/wp\/v2\/product_cat?post=29486"},{"taxonomy":"product_tag","embeddable":true,"href":"https:\/\/ulpmat.com\/it\/wp-json\/wp\/v2\/product_tag?post=29486"}],"curies":[{"name":"wp","href":"https:\/\/api.w.org\/{rel}","templated":true}]}}