{"id":29468,"date":"2025-12-25T09:34:05","date_gmt":"2025-12-25T01:34:05","guid":{"rendered":"https:\/\/ulpmat.com\/product\/ferrite-di-nichel-ossido-di-nichel-e-ferro-2\/"},"modified":"2025-12-25T09:34:05","modified_gmt":"2025-12-25T01:34:05","slug":"ferrite-di-nichel-ossido-di-nichel-e-ferro-2","status":"publish","type":"product","link":"https:\/\/ulpmat.com\/it\/prodotto\/ferrite-di-nichel-ossido-di-nichel-e-ferro-2\/","title":{"rendered":"Ferrite di nichel (ossido di nichel e ferro)"},"content":{"rendered":"<h2><span style=\"font-size: 14pt;\">Panoramica sulla polvere di ferrite di nichel<\/span><\/h2>\n<p>La polvere<br \/>\n<span style=\"color: #0000ff;\"><a style=\"color: #0000ff;\" href=\"https:\/\/ulpmat.com\/it\/ricerca\/?type=name&#038;keyword=Nickel+ferrite\">di ferrite di nichel<\/a><\/span><br \/>\n\u00e8 un materiale a base di ossido di nichel e ferro con struttura spinello, comunemente utilizzato nella ricerca sui materiali magnetici e nelle applicazioni con ossidi funzionali.<\/p>\n<p>Siamo in grado di fornire in modo stabile polvere di NiFe2O4 in diverse dimensioni delle particelle e gradi di purezza, supportando la selezione delle specifiche orientate all&#8217;applicazione. <span style=\"color: #0000ff;\"><a style=\"color: #0000ff;\" href=\"https:\/\/ulpmat.com\/it\/contatto\/\">Contattateci<\/a><\/span><br \/>\nper informazioni dettagliate.<\/p>\n<h2><span style=\"font-size: 14pt;\">Caratteristiche principali del prodotto<\/span><\/h2>\n<p>Struttura spinello stabile<br \/>\nPropriet\u00e0 magnetiche uniformi<br \/>\nBuona dispersibilit\u00e0 della polvere<br \/>\nMorfologia delle particelle controllabile<br \/>\nAdatto a vari processi di sinterizzazione Confezioni e dimensioni dei lotti<br \/>\n<span style=\"color: #0000ff;\"><a style=\"color: #0000ff;\" href=\"https:\/\/ulpmat.com\/it\/servizio\/personalizzazione\/\">personalizzabili<\/a><\/span><\/p>\n<p>Affidabile uniformit\u00e0 dei lotti<\/p>\n<h2><span style=\"font-size: 14pt;\">Applicazioni della polvere di ferrite di nichel<\/span><\/h2>\n<p>Materiali a base di ossido magnetico: comunemente utilizzati come materia prima di base per materiali magnetici morbidi o ferriti, per lo studio delle caratteristiche di risposta magnetica e la regolazione delle prestazioni dei materiali.<br \/>\nCeramiche elettroniche e funzionali: pu\u00f2 essere utilizzato in ceramiche funzionali o sistemi di materiali elettronici per ottimizzare le propriet\u00e0 magnetiche ed elettriche complessive dei materiali.<br \/>\nRicerca sulla catalisi e sul supporto funzionale: utilizzato come materiale ossidico strutturalmente stabile in alcune ricerche sulla catalisi o sul supporto funzionale.<br \/>\nRicerca scientifica e ricerca di laboratorio: adatto alla ricerca fondamentale sul magnetismo degli ossidi, l&#8217;evoluzione strutturale e la modifica dei materiali nelle universit\u00e0 e negli istituti di ricerca.<\/p>\n<h2><span style=\"color: #0000ff;\"><a style=\"color: #0000ff;\" href=\"https:\/\/ulpmat.com\/it\/azienda\/domande-frequenti\/\"><span style=\"font-size: 14pt;\">Domande frequenti<\/span><\/a><\/span><\/h2>\n<p>D1: A quale tipo di struttura materiale appartiene la polvere NiFe2O4?<br \/>\nR1: Questo materiale \u00e8 un tipico ossido di nichel-ferro con struttura spinello e buona stabilit\u00e0 strutturale.<\/p>\n<p>D2: \u00c8 adatto alla sinterizzazione ad alta temperatura?<br \/>\nR2: In condizioni di processo appropriate, \u00e8 adatto alla sinterizzazione ad alta temperatura. La temperatura specifica deve essere determinata in base al sistema di applicazione.<\/p>\n<p>D3: \u00c8 possibile selezionare la dimensione delle particelle della polvere?<br \/>\nR3: S\u00ec, offriamo prodotti con varie gamme di dimensioni delle particelle per soddisfare diverse esigenze di processo e di ricerca.<\/p>\n<p>D4: \u00c8 adatto per esperimenti di livello scientifico?<br \/>\nR4: S\u00ec, la purezza del prodotto e l&#8217;uniformit\u00e0 dei lotti soddisfano le esigenze della maggior parte delle ricerche di laboratorio.<\/p>\n<h2><span style=\"font-size: 14pt;\">Rapporti<\/span><\/h2>\n<p>Ogni lotto viene fornito con:<br \/>\n<span style=\"color: #0000ff;\"><a style=\"color: #0000ff;\" href=\"https:\/\/ulpmat.com\/it\/documenti\/certificato-di-analisi\/\"><u>Certificato di analisi (COA)<\/u><\/a><\/span><\/p>\n<p><span style=\"color: #0000ff;\"><a style=\"color: #0000ff;\" href=\"https:\/\/ulpmat.com\/it\/documenti\/scheda-tecnica\/\"><u>Scheda tecnica (TDS)<\/u><\/a><\/span><\/p>\n<p><span style=\"color: #0000ff;\"><a style=\"color: #0000ff;\" href=\"https:\/\/ulpmat.com\/it\/documenti\/scheda-di-sicurezza\/\"><u>Scheda di sicurezza (MSDS)<\/u><\/a><\/span><br \/>\nRapporti di test di terze parti disponibili su richiesta<\/p>\n<h2><span style=\"font-size: 14pt;\">Perch\u00e9 scegliere noi?<\/span><\/h2>\n<p>Ci concentriamo sul controllo della qualit\u00e0 e sulla fornitura stabile di materiali in polvere di ossidi funzionali, ponendo l&#8217;accento sull&#8217;uniformit\u00e0 strutturale e sull&#8217;adattabilit\u00e0 applicativa, e siamo in grado di fornire un supporto affidabile in termini di materiali per i clienti <span style=\"color: #0000ff;\"><a style=\"color: #0000ff;\" href=\"https:\/\/ulpmat.com\/it\/azienda\/ricerca-e-sviluppo\/\">che<\/a><\/span><br \/>\n<span style=\"color: #0000ff;\"><a style=\"color: #0000ff;\" href=\"https:\/\/ulpmat.com\/it\/azienda\/ricerca-e-sviluppo\/\">operano<\/a><\/span><br \/>\n<span style=\"color: #0000ff;\"><a style=\"color: #0000ff;\" href=\"https:\/\/ulpmat.com\/it\/azienda\/ricerca-e-sviluppo\/\">nel<\/a><\/span><br \/>\n<span style=\"color: #0000ff;\"><a style=\"color: #0000ff;\" href=\"https:\/\/ulpmat.com\/it\/azienda\/ricerca-e-sviluppo\/\">campo della ricerca e sviluppo<\/a><\/span><br \/>\ne delle applicazioni.<\/p>\n","protected":false},"excerpt":{"rendered":"<p>Panoramica sulla polvere di ferrite di nichel La polvere di ferrite di nichel \u00e8 un materiale a base di ossido di nichel e ferro con struttura spinello, comunemente utilizzato nella ricerca sui materiali magnetici e nelle applicazioni con ossidi funzionali. Siamo in grado di fornire in modo stabile polvere di NiFe2O4 in diverse dimensioni delle [&hellip;]<\/p>\n","protected":false},"featured_media":29469,"template":"","meta":{"_acf_changed":false},"product_brand":[132],"product_cat":[1186],"product_tag":[2629],"class_list":{"0":"post-29468","1":"product","2":"type-product","3":"status-publish","4":"has-post-thumbnail","6":"product_brand-ulpmat","7":"product_cat-altri-acidi","8":"product_tag-polvere-di-ferrite-di-nichel-ossido-di-nichel-e-ferro","10":"first","11":"instock","12":"shipping-taxable","13":"product-type-variable"},"acf":[],"_links":{"self":[{"href":"https:\/\/ulpmat.com\/it\/wp-json\/wp\/v2\/product\/29468","targetHints":{"allow":["GET"]}}],"collection":[{"href":"https:\/\/ulpmat.com\/it\/wp-json\/wp\/v2\/product"}],"about":[{"href":"https:\/\/ulpmat.com\/it\/wp-json\/wp\/v2\/types\/product"}],"wp:featuredmedia":[{"embeddable":true,"href":"https:\/\/ulpmat.com\/it\/wp-json\/wp\/v2\/media\/29469"}],"wp:attachment":[{"href":"https:\/\/ulpmat.com\/it\/wp-json\/wp\/v2\/media?parent=29468"}],"wp:term":[{"taxonomy":"product_brand","embeddable":true,"href":"https:\/\/ulpmat.com\/it\/wp-json\/wp\/v2\/product_brand?post=29468"},{"taxonomy":"product_cat","embeddable":true,"href":"https:\/\/ulpmat.com\/it\/wp-json\/wp\/v2\/product_cat?post=29468"},{"taxonomy":"product_tag","embeddable":true,"href":"https:\/\/ulpmat.com\/it\/wp-json\/wp\/v2\/product_tag?post=29468"}],"curies":[{"name":"wp","href":"https:\/\/api.w.org\/{rel}","templated":true}]}}