{"id":29446,"date":"2025-12-25T09:34:30","date_gmt":"2025-12-25T01:34:30","guid":{"rendered":"https:\/\/ulpmat.com\/product\/ferrite-di-nichel-ossido-di-nichel-e-ferro\/"},"modified":"2025-12-25T09:34:30","modified_gmt":"2025-12-25T01:34:30","slug":"ferrite-di-nichel-ossido-di-nichel-e-ferro","status":"publish","type":"product","link":"https:\/\/ulpmat.com\/it\/prodotto\/ferrite-di-nichel-ossido-di-nichel-e-ferro\/","title":{"rendered":"Ferrite di nichel (ossido di nichel e ferro)"},"content":{"rendered":"<h2><span style=\"font-size: 14pt;\">Panoramica sui target di sputtering in ossido di nichel-ferro<\/span><\/h2>\n<p>I target di sputtering<br \/>\n<span style=\"color: #0000ff;\"><a style=\"color: #0000ff;\" href=\"https:\/\/ulpmat.com\/it\/ricerca\/?type=name&#038;keyword=Nickel+Iron+Oxide\">in ossido di nichel-ferro<\/a><\/span><br \/>\nsono target in ossido con struttura spinellica utilizzati principalmente per la deposizione di film sottili di ossido magnetico e strati funzionali correlati.<\/p>\n<p>Offriamo target di sputtering in NiFe2O4 ad alta densit\u00e0 e composizione stabile, personalizzabili in termini di dimensioni e struttura. <span style=\"color: #0000ff;\"><a style=\"color: #0000ff;\" href=\"https:\/\/ulpmat.com\/it\/contatto\/\">Contattateci<\/a><\/span><br \/>\nper i parametri tecnici.<\/p>\n<h2><span style=\"font-size: 14pt;\">Caratteristiche principali del prodotto<\/span><\/h2>\n<p>Struttura stabile in fase spinello<br \/>\nElevata densit\u00e0 del bersaglio<br \/>\nBuona uniformit\u00e0 della composizione del film<br \/>\nAdatto per processi di sputtering di ossidi<br \/>\nBuona stabilit\u00e0 termica<br \/>\n<span style=\"color: #0000ff;\"><a style=\"color: #0000ff;\" href=\"https:\/\/ulpmat.com\/it\/servizio\/legame-con-lobiettivo\/\">Bonding<\/a><\/span><br \/>\ne backplane personalizzabili<br \/>\nSupporto alla personalizzazione della lavorazione<\/p>\n<h2><span style=\"font-size: 14pt;\">Applicazioni del bersaglio per sputtering di ossido di nichel-ferro<\/span><\/h2>\n<p>Film sottili di ossido magnetico: comunemente utilizzati per la deposizione di film sottili magnetici a base di ferrite, adatti per applicazioni che richiedono un&#8217;elevata stabilit\u00e0 e ripetibilit\u00e0 della risposta magnetica.<br \/>\nDispositivi elettronici e funzionali: utilizzati per formare strati funzionali di ossido con specifiche propriet\u00e0 magnetoelettriche in alcuni dispositivi elettronici e materiali funzionali.<br \/>\nMateriali di rilevamento e controllo magnetico: possono essere utilizzati nella preparazione di film sottili di materiali sensibili al magnetismo o di controllo correlati, soddisfacendo i requisiti di struttura e prestazioni controllabili del film.<br \/>\nRicerca e sviluppo di processi: adatto per l&#8217;uso sperimentale in istituti di ricerca per il controllo della struttura dei film sottili di ossido, l&#8217;ottimizzazione dei parametri di sputtering e l&#8217;esplorazione di nuovi materiali.<\/p>\n<h2><span style=\"color: #0000ff;\"><a style=\"color: #0000ff;\" href=\"https:\/\/ulpmat.com\/it\/azienda\/domande-frequenti\/\"><span style=\"font-size: 14pt;\">Domande frequenti<\/span><\/a><\/span><\/h2>\n<p>D1: Quale metodo di sputtering \u00e8 adatto per i target di sputtering NiFe2O4?<br \/>\nR1: Pu\u00f2 essere utilizzato nei processi di sputtering magnetron convenzionali. Il metodo specifico deve essere confermato in base alle condizioni dell&#8217;attrezzatura.<\/p>\n<p>D2: Il bersaglio richiede un pretrattamento speciale?<br \/>\nR2: Di solito non \u00e8 necessario alcun pretrattamento complesso; \u00e8 sufficiente il funzionamento convenzionale del bersaglio di ossido.<\/p>\n<p>D3: La composizione del film depositato \u00e8 stabile?<br \/>\nR3: Con parametri di processo ragionevoli, la composizione del film mantiene una buona consistenza con il bersaglio.<\/p>\n<p>D4: Supportate specifiche di piccole dimensioni per uso di ricerca?<br \/>\nR4: S\u00ec, possiamo fornire varie opzioni di dimensioni adatte alle fasi di ricerca e sviluppo e sperimentali.<\/p>\n<h2><span style=\"font-size: 14pt;\">Rapporti<\/span><\/h2>\n<p>Ogni lotto viene fornito con:<br \/>\n<span style=\"color: #0000ff;\"><a style=\"color: #0000ff;\" href=\"https:\/\/ulpmat.com\/it\/documenti\/certificato-di-analisi\/\"><u>Certificato di analisi (COA)<\/u><\/a><\/span><\/p>\n<p><span style=\"color: #0000ff;\"><a style=\"color: #0000ff;\" href=\"https:\/\/ulpmat.com\/it\/documenti\/scheda-tecnica\/\"><u>Scheda tecnica (TDS)<\/u><\/a><\/span><\/p>\n<p><span style=\"color: #0000ff;\"><a style=\"color: #0000ff;\" href=\"https:\/\/ulpmat.com\/it\/documenti\/scheda-di-sicurezza\/\"><u>Scheda di sicurezza (MSDS)<\/u><\/a><\/span><br \/>\nRapporto di controllo delle dimensioni<br \/>\nRapporti di test di terze parti disponibili su richiesta<\/p>\n<h2><span style=\"font-size: 14pt;\">Perch\u00e9 scegliere noi?<\/span><\/h2>\n<p>Abbiamo una vasta esperienza nella preparazione e nella lavorazione di target di sputtering di ossido, ponendo l&#8217;accento sulla stabilit\u00e0 strutturale, l&#8217;adattabilit\u00e0 del processo e la coerenza della qualit\u00e0, in grado di fornire un supporto affidabile per le applicazioni di film sottili magnetici e dispositivi funzionali.<\/p>\n","protected":false},"excerpt":{"rendered":"<p>Panoramica sui target di sputtering in ossido di nichel-ferro I target di sputtering in ossido di nichel-ferro sono target in ossido con struttura spinellica utilizzati principalmente per la deposizione di film sottili di ossido magnetico e strati funzionali correlati. Offriamo target di sputtering in NiFe2O4 ad alta densit\u00e0 e composizione stabile, personalizzabili in termini di [&hellip;]<\/p>\n","protected":false},"featured_media":29447,"template":"","meta":{"_acf_changed":false},"product_brand":[132],"product_cat":[453],"product_tag":[2623],"class_list":{"0":"post-29446","1":"product","2":"type-product","3":"status-publish","4":"has-post-thumbnail","6":"product_brand-ulpmat","7":"product_cat-target-di-sputtering-in-ceramica","8":"product_tag-target-di-sputtering-in-ferrite-di-nichel-ossido-di-nichel-e-ferro","10":"first","11":"instock","12":"shipping-taxable","13":"product-type-variable"},"acf":[],"_links":{"self":[{"href":"https:\/\/ulpmat.com\/it\/wp-json\/wp\/v2\/product\/29446","targetHints":{"allow":["GET"]}}],"collection":[{"href":"https:\/\/ulpmat.com\/it\/wp-json\/wp\/v2\/product"}],"about":[{"href":"https:\/\/ulpmat.com\/it\/wp-json\/wp\/v2\/types\/product"}],"wp:featuredmedia":[{"embeddable":true,"href":"https:\/\/ulpmat.com\/it\/wp-json\/wp\/v2\/media\/29447"}],"wp:attachment":[{"href":"https:\/\/ulpmat.com\/it\/wp-json\/wp\/v2\/media?parent=29446"}],"wp:term":[{"taxonomy":"product_brand","embeddable":true,"href":"https:\/\/ulpmat.com\/it\/wp-json\/wp\/v2\/product_brand?post=29446"},{"taxonomy":"product_cat","embeddable":true,"href":"https:\/\/ulpmat.com\/it\/wp-json\/wp\/v2\/product_cat?post=29446"},{"taxonomy":"product_tag","embeddable":true,"href":"https:\/\/ulpmat.com\/it\/wp-json\/wp\/v2\/product_tag?post=29446"}],"curies":[{"name":"wp","href":"https:\/\/api.w.org\/{rel}","templated":true}]}}