{"id":26314,"date":"2025-09-30T16:33:23","date_gmt":"2025-09-30T08:33:23","guid":{"rendered":"https:\/\/ulpmat.com\/product\/ossido-di-bismuto-ferro-e-titanio-2\/"},"modified":"2025-09-30T16:33:23","modified_gmt":"2025-09-30T08:33:23","slug":"ossido-di-bismuto-ferro-e-titanio-2","status":"publish","type":"product","link":"https:\/\/ulpmat.com\/it\/prodotto\/ossido-di-bismuto-ferro-e-titanio-2\/","title":{"rendered":"Ossido di bismuto, ferro e titanio"},"content":{"rendered":"<h2><span style=\"font-size: 14pt;\">Panoramica della polvere di ossido di bismuto, ferro e titanio<\/span><\/h2>\n<p><span style=\"color: #0000ff;\"><a style=\"color: #0000ff;\" href=\"https:\/\/ulpmat.com\/it\/ricerca\/?type=name&#038;keyword=Bismuth+Iron+Titanium+Oxid\">L&#8217;ossido di bismuto, ferro e titanio<\/a><\/span> \u00e8 un materiale multiferroico che combina ferroelettricit\u00e0 e magnetismo. \u00c8 particolarmente adatto alla deposizione di film sottili e allo sviluppo di dispositivi funzionali nei campi della ferroelettricit\u00e0, della piezoelettricit\u00e0 e dell&#8217;accoppiamento magnetoelettrico. Il materiale ha una struttura stabile, un&#8217;elevata purezza e una dimensione delle particelle controllabile, in grado di soddisfare le diverse esigenze della ricerca scientifica di alto livello e delle applicazioni industriali.<\/p>\n<p>Forniamo polvere di ossido di bismuto, ferro e titanio in diversi intervalli di dimensioni delle particelle, supportiamo imballaggi personalizzati e possiamo regolare il rapporto stechiometrico o fornire formule esclusive in base alle vostre specifiche esigenze applicative. Allo stesso tempo, forniamo un&#8217;assistenza tecnica completa e un servizio post-vendita: per qualsiasi domanda, non esitate a <span style=\"color: #0000ff;\"><a style=\"color: #0000ff;\" href=\"https:\/\/ulpmat.com\/it\/contatto\/\">contattateci<\/a><\/span>.<\/p>\n<h2><span style=\"font-size: 14pt;\">Caratteristiche del prodotto<\/span><\/h2>\n<p>Purezza: 99,95%<br \/>\nDimensione media delle particelle: personalizzabile<br \/>\nMultiferroico: ferroelettrico e debolmente magnetico allo stesso tempo<br \/>\n<span style=\"color: #0000ff;\"><a style=\"color: #0000ff;\" href=\"https:\/\/ulpmat.com\/it\/servizio\/personalizzazione\/\">Personalizzabile<\/a> <\/span>imballaggio<br \/>\nAmpiamente utilizzato, adatto a una variet\u00e0 di tecnologie di deposizione di film sottili (PLD, sputtering, CVD, ecc.)<\/p>\n<h2><span style=\"font-size: 14pt;\">Applicazione della polvere di ossido di bismuto, ferro e titanio <\/span><\/h2>\n<p>Memoria ferroelettrica (FeRAM): Come materiale attivo dello strato ferroelettrico, realizza un basso consumo energetico e una memoria non volatile ad alta velocit\u00e0.<br \/>\nSensori e attuatori piezoelettrici: Con un&#8217;eccellente risposta piezoelettrica, \u00e8 adatto ai sistemi microelettromeccanici (MEMS) e ai dispositivi acustici.<br \/>\nDispositivi di accoppiamento magnetoelettrico: Realizzare la conversione di accoppiamento tra campo magnetico e campo elettrico e sviluppare nuovi elementi di modulazione magnetoelettrica.<br \/>\nMateriali fotoelettrici e fotocatalitici: Con capacit\u00e0 di conversione fotoelettrica in risposta alla luce visibile, utilizzati nella catalisi ambientale e nelle applicazioni di conversione energetica.<\/p>\n<h2><span style=\"font-size: 14pt;\">Rapporti<\/span><\/h2>\n<p>Forniamo certificati di analisi (COA) dettagliati, schede di sicurezza dei materiali (MSDS) e rapporti di test sulle dimensioni delle particelle\/struttura delle fasi per ogni lotto di polvere di ossido di bismuto ferro titanio. Supportiamo anche servizi di test indipendenti di terze parti per offrirvi standard pi\u00f9 elevati di garanzia della qualit\u00e0.<\/p>\n","protected":false},"excerpt":{"rendered":"<p>Panoramica della polvere di ossido di bismuto, ferro e titanio L&#8217;ossido di bismuto, ferro e titanio \u00e8 un materiale multiferroico che combina ferroelettricit\u00e0 e magnetismo. \u00c8 particolarmente adatto alla deposizione di film sottili e allo sviluppo di dispositivi funzionali nei campi della ferroelettricit\u00e0, della piezoelettricit\u00e0 e dell&#8217;accoppiamento magnetoelettrico. Il materiale ha una struttura stabile, un&#8217;elevata [&hellip;]<\/p>\n","protected":false},"featured_media":13839,"template":"","meta":{"_acf_changed":false},"product_brand":[132],"product_cat":[1186],"product_tag":[],"class_list":{"0":"post-26314","1":"product","2":"type-product","3":"status-publish","4":"has-post-thumbnail","6":"product_brand-ulpmat","7":"product_cat-altri-acidi","9":"first","10":"instock","11":"shipping-taxable","12":"product-type-variable"},"acf":[],"_links":{"self":[{"href":"https:\/\/ulpmat.com\/it\/wp-json\/wp\/v2\/product\/26314","targetHints":{"allow":["GET"]}}],"collection":[{"href":"https:\/\/ulpmat.com\/it\/wp-json\/wp\/v2\/product"}],"about":[{"href":"https:\/\/ulpmat.com\/it\/wp-json\/wp\/v2\/types\/product"}],"wp:featuredmedia":[{"embeddable":true,"href":"https:\/\/ulpmat.com\/it\/wp-json\/wp\/v2\/media\/13839"}],"wp:attachment":[{"href":"https:\/\/ulpmat.com\/it\/wp-json\/wp\/v2\/media?parent=26314"}],"wp:term":[{"taxonomy":"product_brand","embeddable":true,"href":"https:\/\/ulpmat.com\/it\/wp-json\/wp\/v2\/product_brand?post=26314"},{"taxonomy":"product_cat","embeddable":true,"href":"https:\/\/ulpmat.com\/it\/wp-json\/wp\/v2\/product_cat?post=26314"},{"taxonomy":"product_tag","embeddable":true,"href":"https:\/\/ulpmat.com\/it\/wp-json\/wp\/v2\/product_tag?post=26314"}],"curies":[{"name":"wp","href":"https:\/\/api.w.org\/{rel}","templated":true}]}}