{"id":26266,"date":"2025-10-10T15:22:57","date_gmt":"2025-10-10T07:22:57","guid":{"rendered":"https:\/\/ulpmat.com\/product\/bromuro-di-piombo\/"},"modified":"2025-10-10T15:22:57","modified_gmt":"2025-10-10T07:22:57","slug":"bromuro-di-piombo","status":"publish","type":"product","link":"https:\/\/ulpmat.com\/it\/prodotto\/bromuro-di-piombo\/","title":{"rendered":"Bromuro di piombo"},"content":{"rendered":"<h2><span style=\"font-size: 14pt;\">Panoramica della polvere di bromuro di piombo<\/span><\/h2>\n<p><span style=\"color: #0000ff;\"><a style=\"color: #0000ff;\" href=\"https:\/\/ulpmat.com\/it\/ricerca\/?type=name&#038;keyword=Lead+Bromide\">Il bromuro di piombo<\/a><\/span> \u00e8 un composto inorganico di elevata purezza ampiamente utilizzato nei processi di deposizione di film sottili, nelle reazioni chimiche e nella preparazione di materiali ad alta temperatura. La sua purezza pu\u00f2 raggiungere il 99,999%, con eccellenti caratteristiche di stabilit\u00e0 termica, stabilit\u00e0 chimica e alto punto di fusione, adatte a diversi settori high-tech.<\/p>\n<p>Forniamo polvere di bromuro di piombo in una variet\u00e0 di dimensioni delle particelle e di specifiche di imballaggio per soddisfare le esigenze di diversi settori. Indipendentemente dalle dimensioni del vostro lotto, possiamo fornirvi un&#8217;assistenza tecnica completa e servizi di qualit\u00e0.<\/p>\n<h2><span style=\"font-size: 14pt;\">Caratteristiche del prodotto<\/span><\/h2>\n<p>Purezza: 99,999%<br \/>\nElevata stabilit\u00e0 termica, si adatta all&#8217;ambiente ad alta temperatura<br \/>\nAlta solubilit\u00e0, facile da maneggiare<br \/>\n<span style=\"color: #0000ff;\"><a style=\"color: #0000ff;\" href=\"https:\/\/ulpmat.com\/it\/servizio\/personalizzazione\/\">Personalizzabile<\/a><\/span> dimensioni delle particelle e specifiche di imballaggio<br \/>\nAdatto per i settori elettronico, ottico e chimico<\/p>\n<h2><span style=\"font-size: 14pt;\">Applicazioni della polvere di bromuro di piombo<\/span><\/h2>\n<p>Materiali elettronici: Utilizzato come materia prima per la produzione di componenti elettronici, in particolare nei settori delle batterie, dei sensori, ecc.<br \/>\nRivestimenti ottici: Rivestimenti per lenti ottiche, obiettivi e riflettori, che forniscono elevata riflettivit\u00e0 e propriet\u00e0 ottiche.<br \/>\nSintesi chimica: Come catalizzatore o materia prima nelle reazioni chimiche, \u00e8 ampiamente utilizzato nella sintesi chimica, nella produzione di farmaci e in altri campi.<br \/>\nMateriali per alte temperature: Adatto per applicazioni in ambienti sotto vuoto ad alta temperatura, con una forte resistenza alla corrosione e stabilit\u00e0.<\/p>\n<h2><span style=\"font-size: 14pt;\">Rapporti<\/span><\/h2>\n<p>Forniamo certificati di analisi (COA) dettagliati, schede di sicurezza dei materiali (MSDS) e altri rapporti sulla qualit\u00e0 per ogni lotto di polvere di PbBr2. Allo stesso tempo, supportiamo anche servizi di certificazione della qualit\u00e0 di terze parti per garantire che i prodotti soddisfino gli standard del settore.<\/p>\n","protected":false},"excerpt":{"rendered":"<p>Panoramica della polvere di bromuro di piombo Il bromuro di piombo \u00e8 un composto inorganico di elevata purezza ampiamente utilizzato nei processi di deposizione di film sottili, nelle reazioni chimiche e nella preparazione di materiali ad alta temperatura. La sua purezza pu\u00f2 raggiungere il 99,999%, con eccellenti caratteristiche di stabilit\u00e0 termica, stabilit\u00e0 chimica e alto [&hellip;]<\/p>\n","protected":false},"featured_media":14222,"template":"","meta":{"_acf_changed":false},"product_brand":[132],"product_cat":[323],"product_tag":[],"class_list":{"0":"post-26266","1":"product","2":"type-product","3":"status-publish","4":"has-post-thumbnail","6":"product_brand-ulpmat","7":"product_cat-materiali-alogenuri","9":"first","10":"instock","11":"shipping-taxable","12":"product-type-variable"},"acf":[],"_links":{"self":[{"href":"https:\/\/ulpmat.com\/it\/wp-json\/wp\/v2\/product\/26266","targetHints":{"allow":["GET"]}}],"collection":[{"href":"https:\/\/ulpmat.com\/it\/wp-json\/wp\/v2\/product"}],"about":[{"href":"https:\/\/ulpmat.com\/it\/wp-json\/wp\/v2\/types\/product"}],"wp:featuredmedia":[{"embeddable":true,"href":"https:\/\/ulpmat.com\/it\/wp-json\/wp\/v2\/media\/14222"}],"wp:attachment":[{"href":"https:\/\/ulpmat.com\/it\/wp-json\/wp\/v2\/media?parent=26266"}],"wp:term":[{"taxonomy":"product_brand","embeddable":true,"href":"https:\/\/ulpmat.com\/it\/wp-json\/wp\/v2\/product_brand?post=26266"},{"taxonomy":"product_cat","embeddable":true,"href":"https:\/\/ulpmat.com\/it\/wp-json\/wp\/v2\/product_cat?post=26266"},{"taxonomy":"product_tag","embeddable":true,"href":"https:\/\/ulpmat.com\/it\/wp-json\/wp\/v2\/product_tag?post=26266"}],"curies":[{"name":"wp","href":"https:\/\/api.w.org\/{rel}","templated":true}]}}