{"id":26213,"date":"2025-10-10T15:22:58","date_gmt":"2025-10-10T07:22:58","guid":{"rendered":"https:\/\/ulpmat.com\/product\/ossido-di-piombo\/"},"modified":"2025-10-10T15:22:58","modified_gmt":"2025-10-10T07:22:58","slug":"ossido-di-piombo","status":"publish","type":"product","link":"https:\/\/ulpmat.com\/it\/prodotto\/ossido-di-piombo\/","title":{"rendered":"Ossido di piombo"},"content":{"rendered":"<h2><span style=\"font-size: 14pt;\">Ossido di piombo in polvere Panoramica<\/span><\/h2>\n<p><span style=\"color: #0000ff;\"><a style=\"color: #0000ff;\" href=\"https:\/\/ulpmat.com\/it\/ricerca\/?type=name&#038;keyword=Lead+oxide\">L&#8217;o<\/a><\/span><span style=\"color: #0000ff;\"><a style=\"color: #0000ff;\" href=\"https:\/\/ulpmat.com\/it\/ricerca\/?type=name&#038;keyword=Lead+oxide\">xide<\/a> <\/span>\u00e8 un materiale ad alte prestazioni a base di ossido di piombo, ampiamente utilizzato in ceramica, rivestimenti, gomma, vetro e altre industrie chimiche. Le sue stabili propriet\u00e0 fisiche e chimiche lo rendono una materia prima importante in molti settori.<\/p>\n<p>Forniamo polveri di monossido di piombo con diverse specifiche e distribuzioni granulometriche per garantire il soddisfacimento dei vari requisiti tecnici. In base alle vostre esigenze specifiche, possiamo anche fornire <span style=\"color: #0000ff;\"><a style=\"color: #0000ff;\" href=\"https:\/\/ulpmat.com\/it\/servizio\/personalizzazione\/\">servizi personalizzati<\/a> <\/span>per garantire le migliori <span style=\"color: #0000ff;\"><a style=\"color: #0000ff;\" href=\"https:\/\/ulpmat.com\/it\/servizio\/assistenza-tecnica\/\">prestazioni.<\/a><\/span><\/p>\n<h2><span style=\"font-size: 14pt;\">Caratteristiche del prodotto<\/span><\/h2>\n<p>Purezza: 99,9%<br \/>\nElevata stabilit\u00e0 chimica, adatto a varie applicazioni industriali<br \/>\nImballaggio personalizzabile<br \/>\nDimensione e distribuzione delle particelle di polvere personalizzabili<br \/>\nAdatto per ceramica, rivestimenti, gomma, vetro e altri settori<\/p>\n<h2><span style=\"font-size: 14pt;\">Applicazioni della polvere di ossido di piombo<\/span><\/h2>\n<p>Ceramica: utilizzata in smalti, rivestimenti ceramici, ecc. nella produzione di ceramica per aumentarne la durezza e la resistenza all&#8217;usura.<br \/>\nRivestimenti: Come pigmenti e additivi nei rivestimenti, fornisce colore e adesione eccellenti.<br \/>\nGomma: utilizzata nell&#8217;industria della gomma come vulcanizzante e stabilizzante per migliorare la durata e la resistenza della gomma.<br \/>\nVetro: Utilizzato nella produzione di vetri speciali, fornisce eccellenti propriet\u00e0 ottiche e stabilit\u00e0 termica.<br \/>\nIndustria chimica: Come intermedio chimico, utilizzato in altre reazioni e sintesi chimiche.<\/p>\n<h2><span style=\"font-size: 14pt;\">Rapporti<\/span><\/h2>\n<p>Forniamo <span style=\"color: #0000ff;\"><a style=\"color: #0000ff;\" href=\"https:\/\/ulpmat.com\/it\/servizio\/analisi-chimica\/\">Certificato di analisi (COA),<\/a><\/span> Scheda di sicurezza del materiale (MSDS) e altri rapporti pertinenti per ogni lotto di polvere di PbO. Inoltre, supportiamo anche test di terze parti per migliorare la garanzia di qualit\u00e0 e assicurare la stabilit\u00e0 e l&#8217;affidabilit\u00e0 del prodotto.<\/p>\n","protected":false},"excerpt":{"rendered":"<p>Ossido di piombo in polvere Panoramica L&#8217;oxide \u00e8 un materiale ad alte prestazioni a base di ossido di piombo, ampiamente utilizzato in ceramica, rivestimenti, gomma, vetro e altre industrie chimiche. Le sue stabili propriet\u00e0 fisiche e chimiche lo rendono una materia prima importante in molti settori. Forniamo polveri di monossido di piombo con diverse specifiche [&hellip;]<\/p>\n","protected":false},"featured_media":14201,"template":"","meta":{"_acf_changed":false},"product_brand":[132],"product_cat":[436],"product_tag":[],"class_list":{"0":"post-26213","1":"product","2":"type-product","3":"status-publish","4":"has-post-thumbnail","6":"product_brand-ulpmat","7":"product_cat-ossidi","9":"first","10":"instock","11":"shipping-taxable","12":"product-type-variable"},"acf":[],"_links":{"self":[{"href":"https:\/\/ulpmat.com\/it\/wp-json\/wp\/v2\/product\/26213","targetHints":{"allow":["GET"]}}],"collection":[{"href":"https:\/\/ulpmat.com\/it\/wp-json\/wp\/v2\/product"}],"about":[{"href":"https:\/\/ulpmat.com\/it\/wp-json\/wp\/v2\/types\/product"}],"wp:featuredmedia":[{"embeddable":true,"href":"https:\/\/ulpmat.com\/it\/wp-json\/wp\/v2\/media\/14201"}],"wp:attachment":[{"href":"https:\/\/ulpmat.com\/it\/wp-json\/wp\/v2\/media?parent=26213"}],"wp:term":[{"taxonomy":"product_brand","embeddable":true,"href":"https:\/\/ulpmat.com\/it\/wp-json\/wp\/v2\/product_brand?post=26213"},{"taxonomy":"product_cat","embeddable":true,"href":"https:\/\/ulpmat.com\/it\/wp-json\/wp\/v2\/product_cat?post=26213"},{"taxonomy":"product_tag","embeddable":true,"href":"https:\/\/ulpmat.com\/it\/wp-json\/wp\/v2\/product_tag?post=26213"}],"curies":[{"name":"wp","href":"https:\/\/api.w.org\/{rel}","templated":true}]}}