{"id":26196,"date":"2025-10-10T15:22:58","date_gmt":"2025-10-10T07:22:58","guid":{"rendered":"https:\/\/ulpmat.com\/product\/ioduro-di-piombo\/"},"modified":"2025-10-10T15:22:58","modified_gmt":"2025-10-10T07:22:58","slug":"ioduro-di-piombo","status":"publish","type":"product","link":"https:\/\/ulpmat.com\/it\/prodotto\/ioduro-di-piombo\/","title":{"rendered":"Ioduro di piombo"},"content":{"rendered":"<h2><span style=\"font-size: 14pt;\">Bersaglio di sputtering allo ioduro di piombo Panoramica<\/span><\/h2>\n<p><span style=\"color: #0000ff;\"><a style=\"color: #0000ff;\" href=\"https:\/\/ulpmat.com\/it\/ricerca\/?type=name&#038;keyword=Lead+Iodide\">Ioduro di piombo<\/a> <\/span>sono materiali ad alte prestazioni progettati per i processi di deposizione di film sottili, con eccellente conduttivit\u00e0, stabilit\u00e0 termica e buona stabilit\u00e0 chimica. Con una purezza fino al 99,99%, garantiscono uniformit\u00e0 e forte adesione dei film sottili e sono ampiamente utilizzati nei settori dell&#8217;optoelettronica e dei semiconduttori.<\/p>\n<p>Offriamo target di sputtering allo ioduro di piombo in varie forme e dimensioni, tra cui rotonde e rettangolari, che possono essere personalizzate in base alle vostre specifiche esigenze. Forniamo inoltre un&#8217;assistenza post-vendita completa; se avete domande sull&#8217;utilizzo, non esitate a <span style=\"color: #0000ff;\"><a style=\"color: #0000ff;\" href=\"https:\/\/ulpmat.com\/it\/contatto\/\">contattarci<\/a><\/span>.<\/p>\n<h2><span style=\"font-size: 14pt;\">Caratteristiche del prodotto<\/span><\/h2>\n<p>Purezza: 99,99%<br \/>\nAlta densit\u00e0, per garantire una deposizione uniforme del film sottile<br \/>\n<span style=\"color: #0000ff;\"><a style=\"color: #0000ff;\" href=\"https:\/\/ulpmat.com\/it\/servizio\/legame-con-lobiettivo\/\">Servizio di incollaggio del target disponibile<\/a><\/span><br \/>\n<span style=\"color: #0000ff;\"><a style=\"color: #0000ff;\" href=\"https:\/\/ulpmat.com\/it\/servizio\/personalizzazione\/\">Dimensioni e forme personalizzabili<\/a><\/span><br \/>\nAdatto per materiali optoelettronici, celle solari a film sottile, dispositivi elettronici, ecc.<\/p>\n<h2><span style=\"font-size: 14pt;\">Applicazioni del target di sputtering allo ioduro di piombo<\/span><\/h2>\n<p>Semiconduttori: Grazie all&#8217;eccellente conduttivit\u00e0 e alle propriet\u00e0 optoelettroniche, sono ampiamente utilizzati nei dispositivi a semiconduttore.<br \/>\nMateriali optoelettronici: Utilizzati come materiali per celle solari a film sottile, che forniscono un&#8217;elevata efficienza nella conversione fotoelettrica.<br \/>\nDispositivi elettronici: Nei materiali per l&#8217;imballaggio e gli elettrodi dei dispositivi elettronici, hanno una buona conduttivit\u00e0 e stabilit\u00e0.<br \/>\nDeposizione di film sottili: Nei rivestimenti optoelettronici e ottici, forniscono rivestimenti a film sottile di alta qualit\u00e0.<\/p>\n<h2><span style=\"font-size: 14pt;\">Rapporti<\/span><\/h2>\n<p>Forniamo<span style=\"color: #0000ff;\"><a style=\"color: #0000ff;\" href=\"https:\/\/ulpmat.com\/it\/servizio\/analisi-chimica\/\"> Certificato di analisi (COA)<\/a><\/span>, scheda di sicurezza dei materiali (MSDS) e altri rapporti pertinenti per ogni lotto di target di sputtering PbI2. Inoltre, supportiamo anche test di terze parti per migliorare la garanzia di qualit\u00e0 e assicurare la stabilit\u00e0 e l&#8217;affidabilit\u00e0 del prodotto.<\/p>\n","protected":false},"excerpt":{"rendered":"<p>Bersaglio di sputtering allo ioduro di piombo Panoramica Ioduro di piombo sono materiali ad alte prestazioni progettati per i processi di deposizione di film sottili, con eccellente conduttivit\u00e0, stabilit\u00e0 termica e buona stabilit\u00e0 chimica. Con una purezza fino al 99,99%, garantiscono uniformit\u00e0 e forte adesione dei film sottili e sono ampiamente utilizzati nei settori dell&#8217;optoelettronica [&hellip;]<\/p>\n","protected":false},"featured_media":14194,"template":"","meta":{"_acf_changed":false},"product_brand":[132],"product_cat":[453],"product_tag":[2051,2052,2054,2055,2053,2050,2049,2048,2056],"class_list":{"0":"post-26196","1":"product","2":"type-product","3":"status-publish","4":"has-post-thumbnail","6":"product_brand-ulpmat","7":"product_cat-target-di-sputtering-in-ceramica","8":"product_tag-acquistare-ioduro-di-piombo","9":"product_tag-cina-ioduro-di-piombo","10":"product_tag-fornitori-di-ioduro-di-piombo","11":"product_tag-ioduro-di-piombo-in-vendita","12":"product_tag-ioduro-di-piombo-personalizzato","13":"product_tag-ioduro-di-piombo-produttori-cina","14":"product_tag-pbi2","15":"product_tag-prezzo-dello-ioduro-di-piombo","16":"product_tag-produttori-di-ioduro-di-piombo","18":"first","19":"instock","20":"shipping-taxable","21":"product-type-variable"},"acf":[],"_links":{"self":[{"href":"https:\/\/ulpmat.com\/it\/wp-json\/wp\/v2\/product\/26196","targetHints":{"allow":["GET"]}}],"collection":[{"href":"https:\/\/ulpmat.com\/it\/wp-json\/wp\/v2\/product"}],"about":[{"href":"https:\/\/ulpmat.com\/it\/wp-json\/wp\/v2\/types\/product"}],"wp:featuredmedia":[{"embeddable":true,"href":"https:\/\/ulpmat.com\/it\/wp-json\/wp\/v2\/media\/14194"}],"wp:attachment":[{"href":"https:\/\/ulpmat.com\/it\/wp-json\/wp\/v2\/media?parent=26196"}],"wp:term":[{"taxonomy":"product_brand","embeddable":true,"href":"https:\/\/ulpmat.com\/it\/wp-json\/wp\/v2\/product_brand?post=26196"},{"taxonomy":"product_cat","embeddable":true,"href":"https:\/\/ulpmat.com\/it\/wp-json\/wp\/v2\/product_cat?post=26196"},{"taxonomy":"product_tag","embeddable":true,"href":"https:\/\/ulpmat.com\/it\/wp-json\/wp\/v2\/product_tag?post=26196"}],"curies":[{"name":"wp","href":"https:\/\/api.w.org\/{rel}","templated":true}]}}