{"id":25503,"date":"2025-10-16T13:56:10","date_gmt":"2025-10-16T05:56:10","guid":{"rendered":"https:\/\/ulpmat.com\/product\/tungsteno-nichel-lega-di-ferro\/"},"modified":"2025-10-16T13:56:10","modified_gmt":"2025-10-16T05:56:10","slug":"tungsteno-nichel-lega-di-ferro","status":"publish","type":"product","link":"https:\/\/ulpmat.com\/it\/prodotto\/tungsteno-nichel-lega-di-ferro\/","title":{"rendered":"Tungsteno Nichel Lega di ferro"},"content":{"rendered":"<h2><span style=\"font-size: 14pt;\">Polvere di tungsteno, nichel e ferro Panoramica<\/span><\/h2>\n<p><span style=\"color: #0000ff;\"><a style=\"color: #0000ff;\" href=\"https:\/\/ulpmat.com\/it\/ricerca\/?type=name&#038;keyword=Tungsten+Nickel+Iron\">La lega di tungsteno-nichel-ferro<\/a><\/span> sono materiali in lega progettati per processi di deposizione di film sottili ad alte prestazioni. Hanno una composizione uniforme, densit\u00e0 e propriet\u00e0 meccaniche eccellenti, che assicurano una formazione uniforme del film, una forte adesione e un contenuto di impurit\u00e0 estremamente basso.<\/p>\n<p>Forniamo una variet\u00e0 di dimensioni e forme di bersagli sputtering in lega di tungsteno, nichel e ferro, compresi quelli rotondi e rettangolari, che possono essere personalizzati in base alle esigenze specifiche del cliente. Allo stesso tempo, forniamo un servizio completo di <span style=\"color: #0000ff;\"><a style=\"color: #0000ff;\" href=\"https:\/\/ulpmat.com\/it\/servizio\/servizio-post-vendita\/\">assistenza post-vendita<\/a><\/span> supporto, non esitate a <span style=\"color: #0000ff;\"><a style=\"color: #0000ff;\" href=\"https:\/\/ulpmat.com\/it\/contatto\/\">contattarci<\/a><\/span> per risolvere qualsiasi problema di utilizzo.<\/p>\n<h2><span style=\"font-size: 14pt;\">Caratteristiche del prodotto<\/span><\/h2>\n<p>Composizione uniforme per garantire prestazioni stabili<br \/>\nAlta densit\u00e0 per garantire la deposizione uniforme di film sottili<br \/>\nDimensioni e forma personalizzabili per soddisfare i diversi requisiti di processo<br \/>\nPu\u00f2 essere fornito un servizio di rilegatura degli obiettivi<br \/>\nApplicabile alla produzione di semiconduttori, alla preparazione di materiali magnetici, ai dispositivi elettronici e ad altri campi<\/p>\n<h2><span style=\"font-size: 14pt;\">Applicazione della polvere di tungsteno, nichel e ferro <\/span><\/h2>\n<p><span style=\"color: #0000ff;\"><a style=\"color: #0000ff;\" href=\"https:\/\/ulpmat.com\/it\/applicazione\/materiali-per-semiconduttori\/\">Semiconduttori<\/a><\/span> industria: Utilizzata per produrre strati di interconnessione ad alte prestazioni e film resistenti all&#8217;usura<br \/>\nMateriali magnetici: Come materia prima chiave per i materiali magnetici a film sottile, adatti agli hard disk e ai sensori<br \/>\nDispositivi elettronici: Utilizzato per produrre strati di elettrodi e film protettivi resistenti all&#8217;usura e alla corrosione<br \/>\nRivestimenti per alte temperature: Adatto per la preparazione di rivestimenti funzionali in ambienti sotto vuoto ad alta temperatura<\/p>\n<h2><span style=\"font-size: 14pt;\">Rapporto<\/span><\/h2>\n<p>Ogni lotto di prodotti \u00e8 accompagnato da un<span style=\"color: #0000ff;\"><a style=\"color: #0000ff;\" href=\"https:\/\/ulpmat.com\/it\/servizio\/analisi-chimica\/\"> certificato di analisi (COA)<\/a><\/span>, una scheda di sicurezza dei materiali (MSDS) e i relativi rapporti di ispezione della qualit\u00e0. Supportiamo anche test di terze parti per garantire che la qualit\u00e0 e le prestazioni dei prodotti soddisfino gli elevati standard dei clienti.<\/p>\n","protected":false},"excerpt":{"rendered":"<p>Polvere di tungsteno, nichel e ferro Panoramica La lega di tungsteno-nichel-ferro sono materiali in lega progettati per processi di deposizione di film sottili ad alte prestazioni. Hanno una composizione uniforme, densit\u00e0 e propriet\u00e0 meccaniche eccellenti, che assicurano una formazione uniforme del film, una forte adesione e un contenuto di impurit\u00e0 estremamente basso. Forniamo una variet\u00e0 [&hellip;]<\/p>\n","protected":false},"featured_media":18527,"template":"","meta":{"_acf_changed":false},"product_brand":[132],"product_cat":[564],"product_tag":[],"class_list":{"0":"post-25503","1":"product","2":"type-product","3":"status-publish","4":"has-post-thumbnail","6":"product_brand-ulpmat","7":"product_cat-target-di-sputtering-in-lega","9":"first","10":"instock","11":"shipping-taxable","12":"product-type-variable"},"acf":[],"_links":{"self":[{"href":"https:\/\/ulpmat.com\/it\/wp-json\/wp\/v2\/product\/25503","targetHints":{"allow":["GET"]}}],"collection":[{"href":"https:\/\/ulpmat.com\/it\/wp-json\/wp\/v2\/product"}],"about":[{"href":"https:\/\/ulpmat.com\/it\/wp-json\/wp\/v2\/types\/product"}],"wp:featuredmedia":[{"embeddable":true,"href":"https:\/\/ulpmat.com\/it\/wp-json\/wp\/v2\/media\/18527"}],"wp:attachment":[{"href":"https:\/\/ulpmat.com\/it\/wp-json\/wp\/v2\/media?parent=25503"}],"wp:term":[{"taxonomy":"product_brand","embeddable":true,"href":"https:\/\/ulpmat.com\/it\/wp-json\/wp\/v2\/product_brand?post=25503"},{"taxonomy":"product_cat","embeddable":true,"href":"https:\/\/ulpmat.com\/it\/wp-json\/wp\/v2\/product_cat?post=25503"},{"taxonomy":"product_tag","embeddable":true,"href":"https:\/\/ulpmat.com\/it\/wp-json\/wp\/v2\/product_tag?post=25503"}],"curies":[{"name":"wp","href":"https:\/\/api.w.org\/{rel}","templated":true}]}}