{"id":25491,"date":"2025-10-16T13:56:08","date_gmt":"2025-10-16T05:56:08","guid":{"rendered":"https:\/\/ulpmat.com\/product\/cloruro-di-tungsteno-2\/"},"modified":"2025-10-16T13:56:08","modified_gmt":"2025-10-16T05:56:08","slug":"cloruro-di-tungsteno-2","status":"publish","type":"product","link":"https:\/\/ulpmat.com\/it\/prodotto\/cloruro-di-tungsteno-2\/","title":{"rendered":"Cloruro di tungsteno"},"content":{"rendered":"<h2><span style=\"font-size: 14pt;\">Panoramica sulla polvere di cloruro di tungsteno<\/span><\/h2>\n<p><span style=\"color: #0000ff;\"><a style=\"color: #0000ff;\" href=\"https:\/\/ulpmat.com\/it\/ricerca\/?type=name&#038;keyword=Tungsten+Chloride\">Il cloruro di tungsteno<\/a><\/span> \u00e8 un importante composto inorganico di elevata purezza, comunemente utilizzato nella deposizione da vapore chimico (CVD), nell&#8217;incisione al plasma, nella modifica dei materiali e nella sintesi organometallica. Ha una buona volatilit\u00e0 e reattivit\u00e0 ed \u00e8 particolarmente adatto per la preparazione di pellicole di tungsteno di elevata purezza o come precursore per la preparazione di materiali ad alte prestazioni.<\/p>\n<p>Forniamo polvere di cloruro di tungsteno di elevata purezza, cristallina di colore viola scuro o blu-viola, sigillata e resistente all&#8217;umidit\u00e0. In base alle esigenze del cliente, possiamo fornire diverse specifiche e metodi di confezionamento.<\/p>\n<h2><span style=\"font-size: 14pt;\">Caratteristiche del prodotto<\/span><\/h2>\n<p>Purezza: 99,9%<br \/>\nForte volatilit\u00e0, adatta al processo di deposizione da vapore<br \/>\nElevata reattivit\u00e0 chimica, adatta a una variet\u00e0 di reazioni di sintesi metallo-organica<br \/>\n<span style=\"color: #0000ff;\"><a style=\"color: #0000ff;\" href=\"https:\/\/ulpmat.com\/it\/servizio\/personalizzazione\/\">Forme di confezionamento<\/a><\/span> forme di confezionamento personalizzate (bottiglie di vetro, guarnizioni in plastica fluorurata, ecc.) possono essere fornite in base alle necessit\u00e0<\/p>\n<h2><span style=\"font-size: 14pt;\">Applicazioni della polvere di cloruro di tungsteno <\/span><\/h2>\n<p><span style=\"color: #0000ff;\"><a style=\"color: #0000ff;\" href=\"https:\/\/ulpmat.com\/it\/applicazione\/materiali-per-semiconduttori\/\">Semiconduttori<\/a><\/span> produzione: Come precursore del tungsteno, viene utilizzato per formare film di tungsteno metallico in processi CVD a bassa pressione o al plasma.<br \/>\nIngegneria delle superfici: Viene utilizzato per preparare rivestimenti a base di tungsteno resistenti alla corrosione e alle alte temperature.<br \/>\nSintesi chimica: Utilizzato come acido di Lewis forte o come precursore di complessi di tungsteno nella chimica organometallica.<br \/>\nMateriali per la ricerca scientifica: ampiamente utilizzati nella chimica inorganica e nella ricerca sulla scienza dei materiali, in particolare nei campi legati agli alogenuri dei metalli di transizione.<\/p>\n<h2><span style=\"font-size: 14pt;\">Rapporto<\/span><\/h2>\n<p>Forniamo il <span style=\"color: #0000ff;\"><a style=\"color: #0000ff;\" href=\"https:\/\/ulpmat.com\/it\/servizio\/analisi-chimica\/\">Certificato di analisi (COA)<\/a><\/span>, Scheda di sicurezza dei materiali (MSDS) e altri rapporti sui parametri tecnici necessari per ogni lotto di prodotti. Se necessario, possiamo assistere in test di terze parti per garantire una qualit\u00e0 affidabile e dati trasparenti.<\/p>\n","protected":false},"excerpt":{"rendered":"<p>Panoramica sulla polvere di cloruro di tungsteno Il cloruro di tungsteno \u00e8 un importante composto inorganico di elevata purezza, comunemente utilizzato nella deposizione da vapore chimico (CVD), nell&#8217;incisione al plasma, nella modifica dei materiali e nella sintesi organometallica. Ha una buona volatilit\u00e0 e reattivit\u00e0 ed \u00e8 particolarmente adatto per la preparazione di pellicole di tungsteno [&hellip;]<\/p>\n","protected":false},"featured_media":18605,"template":"","meta":{"_acf_changed":false},"product_brand":[132],"product_cat":[323],"product_tag":[],"class_list":{"0":"post-25491","1":"product","2":"type-product","3":"status-publish","4":"has-post-thumbnail","6":"product_brand-ulpmat","7":"product_cat-materiali-alogenuri","9":"first","10":"instock","11":"shipping-taxable","12":"product-type-variable"},"acf":[],"_links":{"self":[{"href":"https:\/\/ulpmat.com\/it\/wp-json\/wp\/v2\/product\/25491","targetHints":{"allow":["GET"]}}],"collection":[{"href":"https:\/\/ulpmat.com\/it\/wp-json\/wp\/v2\/product"}],"about":[{"href":"https:\/\/ulpmat.com\/it\/wp-json\/wp\/v2\/types\/product"}],"wp:featuredmedia":[{"embeddable":true,"href":"https:\/\/ulpmat.com\/it\/wp-json\/wp\/v2\/media\/18605"}],"wp:attachment":[{"href":"https:\/\/ulpmat.com\/it\/wp-json\/wp\/v2\/media?parent=25491"}],"wp:term":[{"taxonomy":"product_brand","embeddable":true,"href":"https:\/\/ulpmat.com\/it\/wp-json\/wp\/v2\/product_brand?post=25491"},{"taxonomy":"product_cat","embeddable":true,"href":"https:\/\/ulpmat.com\/it\/wp-json\/wp\/v2\/product_cat?post=25491"},{"taxonomy":"product_tag","embeddable":true,"href":"https:\/\/ulpmat.com\/it\/wp-json\/wp\/v2\/product_tag?post=25491"}],"curies":[{"name":"wp","href":"https:\/\/api.w.org\/{rel}","templated":true}]}}