{"id":24488,"date":"2025-11-10T14:59:24","date_gmt":"2025-11-10T06:59:24","guid":{"rendered":"https:\/\/ulpmat.com\/product\/fosfuro-di-indio-4\/"},"modified":"2025-11-10T14:59:24","modified_gmt":"2025-11-10T06:59:24","slug":"fosfuro-di-indio-4","status":"publish","type":"product","link":"https:\/\/ulpmat.com\/it\/prodotto\/fosfuro-di-indio-4\/","title":{"rendered":"Fosfuro di indio"},"content":{"rendered":"<h2><span style=\"font-size: 14pt;\">Panoramica dei granuli di fosfuro di indio<\/span><\/h2>\n<p><span style=\"color: #0000ff;\"><a style=\"color: #0000ff;\" href=\"https:\/\/ulpmat.com\/it\/ricerca\/?type=name&#038;keyword=Indium+Phosphide\">Il fosfuro di indio<\/a><\/span> (InP) sono un materiale semiconduttore di elevata purezza ampiamente utilizzato nei dispositivi optoelettronici, nelle comunicazioni in fibra ottica, nei dispositivi semiconduttori ad alta frequenza e in altri campi. Le particelle di InP presentano un&#8217;eccellente mobilit\u00e0 degli elettroni e caratteristiche di basso rumore, che le rendono particolarmente adatte per applicazioni elettroniche e optoelettroniche ad alta velocit\u00e0 e ad alta frequenza. Come materiale chiave per l&#8217;informatica quantistica e la tecnologia a infrarossi, i granuli di InP svolgono un ruolo importante nella ricerca scientifica e nelle apparecchiature ad alta tecnologia.<\/p>\n<p>Offriamo granuli di InP puri al 99,999% con dimensioni delle particelle personalizzabili. Disponiamo di un ampio inventario e di un <span style=\"color: #0000ff;\"><a style=\"color: #0000ff;\" href=\"https:\/\/ulpmat.com\/it\/contatti\/\">servizio post-vendita<\/a><\/span> sistema di assistenza post-vendita. <span style=\"color: #0000ff;\"><a style=\"color: #0000ff;\" href=\"https:\/\/ulpmat.com\/it\/contatti\/\">Contattateci<\/a><\/span> oggi.<\/p>\n<h2><span style=\"font-size: 14pt;\">Punti di forza del prodotto Fosfuro di indio in granuli<\/span><\/h2>\n<p>Elevata mobilit\u00e0 degli elettroni: I granuli di InP presentano una mobilit\u00e0 degli elettroni eccezionalmente elevata, che li rende adatti a dispositivi elettronici ad alta velocit\u00e0 e ad applicazioni a basso rumore.<\/p>\n<p>Garanzia di elevata purezza: Utilizzando materie prime pure al 99,999%, garantiamo la stabilit\u00e0 del prodotto e prestazioni elettriche eccellenti.<\/p>\n<p>Opzioni di personalizzazione: Offriamo opzioni personalizzate con diverse dimensioni delle particelle, purezza e tipi di drogaggio per soddisfare diversi requisiti tecnici. Ampie applicazioni: Le particelle di InP sono ampiamente utilizzate in campi all&#8217;avanguardia come l&#8217;informatica quantistica, la tecnologia a infrarossi e le comunicazioni in fibra ottica.<\/p>\n<h2><span style=\"font-size: 14pt;\">Applicazioni <\/span><span style=\"font-size: 14pt;\">dei granuli di fosfuro di indio<\/span><\/h2>\n<p>Comunicazioni in fibra ottica: I granuli di InP sono ampiamente utilizzati nella produzione di fotorivelatori, laser e modulatori efficienti, con un&#8217;applicazione chiave nei sistemi di comunicazione in fibra ottica ad alta velocit\u00e0.<br \/>\nDispositivi a semiconduttore: Vengono utilizzati per produrre dispositivi a semiconduttore ad alta velocit\u00e0 e ad alta frequenza, come i transistor a effetto campo (FET) e i fotodiodi.<br \/>\nInformatica quantistica: Essendo uno dei materiali chiave per l&#8217;informatica quantistica e le comunicazioni quantistiche, i granuli di InP hanno importanti applicazioni nei dispositivi quantistici di prossima generazione.<br \/>\nRivelatori a infrarossi: I granuli di InP svolgono un ruolo importante nell&#8217;imaging a infrarossi, nei lidar, nelle apparecchiature per la visione notturna e nei sensori ad alta precisione.<br \/>\n<a href=\"https:\/\/ulpmat.com\/it\/applicazione\/materiali-ottici\/\"><span style=\"color: #0000ff;\">Dispositivi optoelettronici<\/span><\/a> dispositivi optoelettronici: I granuli di InP svolgono un ruolo fondamentale nella produzione di dispositivi optoelettronici come rivelatori a infrarossi, LED e diodi laser.<\/p>\n<h2><span style=\"font-size: 14pt;\">Perch\u00e9 scegliere noi?<\/span><\/h2>\n<p><span style=\"color: #0000ff;\"><a style=\"color: #0000ff;\" href=\"https:\/\/ulpmat.com\/it\/servizio\/personalizzazione\/\">Personalizzazione:<\/a> <\/span>Offriamo opzioni personalizzate con dimensioni, purezza e tipi di drogaggio diversi per soddisfare le diverse esigenze applicative.<br \/>\nConsegna rapida: Garantiamo consegne puntuali e accogliamo ordini urgenti, assicurando che i nostri clienti possano soddisfare tempestivamente le loro esigenze di produzione.<br \/>\nAssistenza tecnica professionale: Il nostro team tecnico fornisce una consulenza tecnica completa e un supporto post-vendita per aiutarvi a risolvere qualsiasi problema durante l&#8217;applicazione del prodotto.<\/p>\n<h2><span style=\"font-size: 14pt;\">Rapporti<\/span><\/h2>\n<p>Ogni lotto di prodotti viene fornito con un <span style=\"color: #0000ff;\"><a style=\"color: #0000ff;\" href=\"https:\/\/ulpmat.com\/it\/documenti\/certificato-di-analisi\/\">Certificato di analisi (COA),<\/a><a style=\"color: #0000ff;\" href=\"https:\/\/ulpmat.com\/it\/documenti\/scheda-tecnica\/\"> Scheda tecnica (TDS)<\/a><\/span>,<span style=\"color: #0000ff;\"><a style=\"color: #0000ff;\" href=\"https:\/\/ulpmat.com\/it\/documenti\/scheda-di-sicurezza\/\"> Scheda di sicurezza dei materiali (MSDS),<\/a><\/span> e un rapporto di identificazione della spedizione. Su richiesta, sono disponibili anche rapporti di test di terze parti.<\/p>\n","protected":false},"excerpt":{"rendered":"<p>Panoramica dei granuli di fosfuro di indio Il fosfuro di indio (InP) sono un materiale semiconduttore di elevata purezza ampiamente utilizzato nei dispositivi optoelettronici, nelle comunicazioni in fibra ottica, nei dispositivi semiconduttori ad alta frequenza e in altri campi. Le particelle di InP presentano un&#8217;eccellente mobilit\u00e0 degli elettroni e caratteristiche di basso rumore, che le [&hellip;]<\/p>\n","protected":false},"featured_media":24489,"template":"","meta":{"_acf_changed":false},"product_brand":[132],"product_cat":[293],"product_tag":[1995],"class_list":{"0":"post-24488","1":"product","2":"type-product","3":"status-publish","4":"has-post-thumbnail","6":"product_brand-ulpmat","7":"product_cat-materiali-per-levaporazione","8":"product_tag-granuli-di-fosfuro-di-indio","10":"first","11":"instock","12":"shipping-taxable","13":"product-type-variable"},"acf":[],"_links":{"self":[{"href":"https:\/\/ulpmat.com\/it\/wp-json\/wp\/v2\/product\/24488","targetHints":{"allow":["GET"]}}],"collection":[{"href":"https:\/\/ulpmat.com\/it\/wp-json\/wp\/v2\/product"}],"about":[{"href":"https:\/\/ulpmat.com\/it\/wp-json\/wp\/v2\/types\/product"}],"wp:featuredmedia":[{"embeddable":true,"href":"https:\/\/ulpmat.com\/it\/wp-json\/wp\/v2\/media\/24489"}],"wp:attachment":[{"href":"https:\/\/ulpmat.com\/it\/wp-json\/wp\/v2\/media?parent=24488"}],"wp:term":[{"taxonomy":"product_brand","embeddable":true,"href":"https:\/\/ulpmat.com\/it\/wp-json\/wp\/v2\/product_brand?post=24488"},{"taxonomy":"product_cat","embeddable":true,"href":"https:\/\/ulpmat.com\/it\/wp-json\/wp\/v2\/product_cat?post=24488"},{"taxonomy":"product_tag","embeddable":true,"href":"https:\/\/ulpmat.com\/it\/wp-json\/wp\/v2\/product_tag?post=24488"}],"curies":[{"name":"wp","href":"https:\/\/api.w.org\/{rel}","templated":true}]}}