{"id":24326,"date":"2025-11-17T09:36:53","date_gmt":"2025-11-17T01:36:53","guid":{"rendered":"https:\/\/ulpmat.com\/product\/arsenuro-di-cadmio\/"},"modified":"2025-11-17T09:36:53","modified_gmt":"2025-11-17T01:36:53","slug":"arsenuro-di-cadmio","status":"publish","type":"product","link":"https:\/\/ulpmat.com\/it\/prodotto\/arsenuro-di-cadmio\/","title":{"rendered":"Arsenuro di cadmio"},"content":{"rendered":"<h2><span style=\"font-size: 14pt;\">Panoramica sui granuli di arseniuro di cadmio<\/span><\/h2>\n<p><span style=\"color: #0000ff;\"><a style=\"color: #0000ff;\" href=\"https:\/\/ulpmat.com\/it\/ricerca\/?type=name&#038;keyword=Cadmium+Arsenide\">I granuli di arseniuro di cadmio<\/a><\/span> sono materiali semiconduttori con elevata mobilit\u00e0 degli elettroni e propriet\u00e0 topologiche uniche, ampiamente utilizzati nei rivelatori a infrarossi, nei dispositivi optoelettronici, nell&#8217;elettronica ad alta velocit\u00e0 e nella ricerca scientifica. Le loro eccellenti propriet\u00e0 optoelettroniche e la loro stabilit\u00e0 li rendono un materiale fondamentale per i nuovi materiali optoelettronici e per la ricerca avanzata sui semiconduttori.<\/p>\n<p>Siamo in grado di fornire particelle di Cd3As2 di elevata purezza, supportando dimensioni personalizzate delle particelle, produzione di massa e consegna rapida. Forniamo anche un&#8217;assistenza tecnica<span style=\"color: #0000ff;\"><a style=\"color: #0000ff;\" href=\"https:\/\/ulpmat.com\/it\/servizio\/assistenza-tecnica\/\"> supporto tecnico<\/a> <\/span>per gli istituti di ricerca e le imprese. Non esitate a <span style=\"color: #0000ff;\"><a style=\"color: #0000ff;\" href=\"https:\/\/ulpmat.com\/it\/contatti\/\">contattarci<\/a><\/span> per richieste di informazioni o <span style=\"color: #0000ff;\"><a style=\"color: #0000ff;\" href=\"https:\/\/ulpmat.com\/it\/servizio\/assistenza-tecnica\/\">informazioni tecniche<\/a><\/span> informazioni tecniche.<\/p>\n<h2><span style=\"font-size: 14pt;\">Caratteristiche del prodotto<\/span><\/h2>\n<p>Elevata purezza, basso contenuto di impurit\u00e0<br \/>\n<span style=\"color: #0000ff;\"><a style=\"color: #0000ff;\" href=\"https:\/\/ulpmat.com\/it\/servizio\/personalizzazione\/\">Personalizzabile<\/a><\/span> dimensione delle particelle, dimensione uniforme delle particelle<br \/>\nEccellenti propriet\u00e0 optoelettroniche<br \/>\nImballaggio personalizzabile, disponibilit\u00e0 di imballaggi piccoli, quantit\u00e0 minima d&#8217;ordine ridotta<br \/>\nAdatto a vari processi di preparazione del materiale<br \/>\nAdatto sia per la ricerca che per l&#8217;industrializzazione<br \/>\nFornitura stabile, supporta le spedizioni all&#8217;ingrosso<\/p>\n<h2><span style=\"font-size: 14pt;\">Applicazioni dei granuli di arseniuro di cadmio<\/span><\/h2>\n<p>Utilizzati nella preparazione di componenti funzionali optoelettronici come i rivelatori a infrarossi.<br \/>\nApplicati a materiali topologici, dispositivi elettronici ad alta velocit\u00e0 ed esperimenti di ricerca scientifica.<br \/>\nUtilizzati per l&#8217;evaporazione, la sinterizzazione, la preparazione dei target e lo sviluppo di film sottili ad alte prestazioni.<\/p>\n<h2><span style=\"font-size: 14pt;\">Domande frequenti<\/span><\/h2>\n<p>Q1: Come vengono confezionati i granuli di Cd3As2?<br \/>\nA1: Utilizziamo l&#8217;incapsulamento con gas inerte, la sigillatura di sacchi a doppio strato e il rinforzo con scatole antiurto per garantire la stabilit\u00e0 e la sicurezza del prodotto durante il trasporto globale.<\/p>\n<p>Q2: La spedizione internazionale \u00e8 sicura? Potete fornire la relativa documentazione?<br \/>\nA2: Forniamo imballaggi e documentazione conformi alle norme di spedizione internazionali. Possiamo inviare il vostro prodotto tramite DHL, FedEx, ecc. e includere una scheda di sicurezza e le informazioni necessarie per la spedizione di sostanze chimiche.<\/p>\n<p>D3: La purezza e la dimensione delle particelle del prodotto possono essere personalizzate?<br \/>\nA3: S\u00ec, offriamo un&#8217;opzione di purezza del 99,999% e supportiamo diverse gamme di dimensioni delle particelle.<\/p>\n<p>D4: Come deve essere conservato il prodotto per mantenere le sue prestazioni?<br \/>\nA4: Il Cd3As2 deve essere conservato in un ambiente fresco, asciutto e protetto dalla luce e mantenuto sigillato per evitare l&#8217;ossidazione. Per lo stoccaggio a lungo termine, pu\u00f2 essere conservato in un&#8217;atmosfera di gas inerte.<\/p>\n<h2><span style=\"font-size: 14pt;\">Rapporti<\/span><\/h2>\n<p>Ogni lotto viene fornito con:<br \/>\n<span style=\"color: #0000ff;\"><a style=\"color: #0000ff;\" href=\"https:\/\/ulpmat.com\/it\/servizio\/analisi-chimica\/\">Certificato di analisi (COA)<\/a><\/span><br \/>\n<span style=\"color: #0000ff;\"><a style=\"color: #0000ff;\" href=\"https:\/\/ulpmat.com\/it\/documenti\/scheda-tecnica\/\">Scheda tecnica (TDS)<\/a><\/span><br \/>\n<span style=\"color: #0000ff;\"><a style=\"color: #0000ff;\" href=\"https:\/\/ulpmat.com\/it\/documenti\/scheda-di-sicurezza\/\">Scheda di sicurezza (MSDS)<\/a><\/span><br \/>\nRapporti di test di terze parti disponibili su richiesta<\/p>\n<h2><span style=\"font-size: 14pt;\">Perch\u00e9 scegliere noi?<\/span><\/h2>\n<p>Possediamo un sistema completo di produzione di materiali e di controllo della qualit\u00e0, che fornisce prodotti stabili di Cd3As2 di elevata purezza. Supportiamo servizi personalizzati e guida tecnica e offriamo una risposta rapida, una consegna affidabile e un&#8217;assistenza post-vendita completa <span style=\"color: #0000ff;\"><a style=\"color: #0000ff;\" href=\"https:\/\/ulpmat.com\/it\/servizio\/servizio-post-vendita\/\">assistenza post-vendita<\/a> <\/span>ai clienti globali. Siamo un fornitore di materiali affidabile per gli istituti di ricerca e per i <span style=\"color: #0000ff;\"><a style=\"color: #0000ff;\" href=\"https:\/\/ulpmat.com\/it\/applicazione\/materiali-per-semiconduttori\/\">semiconduttori<\/a><\/span> aziende.<\/p>\n","protected":false},"excerpt":{"rendered":"<p>Panoramica sui granuli di arseniuro di cadmio I granuli di arseniuro di cadmio sono materiali semiconduttori con elevata mobilit\u00e0 degli elettroni e propriet\u00e0 topologiche uniche, ampiamente utilizzati nei rivelatori a infrarossi, nei dispositivi optoelettronici, nell&#8217;elettronica ad alta velocit\u00e0 e nella ricerca scientifica. Le loro eccellenti propriet\u00e0 optoelettroniche e la loro stabilit\u00e0 li rendono un materiale [&hellip;]<\/p>\n","protected":false},"featured_media":24327,"template":"","meta":{"_acf_changed":false},"product_brand":[132],"product_cat":[293],"product_tag":[],"class_list":{"0":"post-24326","1":"product","2":"type-product","3":"status-publish","4":"has-post-thumbnail","6":"product_brand-ulpmat","7":"product_cat-materiali-per-levaporazione","9":"first","10":"instock","11":"shipping-taxable","12":"product-type-variable"},"acf":[],"_links":{"self":[{"href":"https:\/\/ulpmat.com\/it\/wp-json\/wp\/v2\/product\/24326","targetHints":{"allow":["GET"]}}],"collection":[{"href":"https:\/\/ulpmat.com\/it\/wp-json\/wp\/v2\/product"}],"about":[{"href":"https:\/\/ulpmat.com\/it\/wp-json\/wp\/v2\/types\/product"}],"wp:featuredmedia":[{"embeddable":true,"href":"https:\/\/ulpmat.com\/it\/wp-json\/wp\/v2\/media\/24327"}],"wp:attachment":[{"href":"https:\/\/ulpmat.com\/it\/wp-json\/wp\/v2\/media?parent=24326"}],"wp:term":[{"taxonomy":"product_brand","embeddable":true,"href":"https:\/\/ulpmat.com\/it\/wp-json\/wp\/v2\/product_brand?post=24326"},{"taxonomy":"product_cat","embeddable":true,"href":"https:\/\/ulpmat.com\/it\/wp-json\/wp\/v2\/product_cat?post=24326"},{"taxonomy":"product_tag","embeddable":true,"href":"https:\/\/ulpmat.com\/it\/wp-json\/wp\/v2\/product_tag?post=24326"}],"curies":[{"name":"wp","href":"https:\/\/api.w.org\/{rel}","templated":true}]}}