{"id":24016,"date":"2025-11-17T09:37:00","date_gmt":"2025-11-17T01:37:00","guid":{"rendered":"https:\/\/ulpmat.com\/product\/tellururo-di-cadmio-2\/"},"modified":"2025-11-17T09:37:00","modified_gmt":"2025-11-17T01:37:00","slug":"tellururo-di-cadmio-2","status":"publish","type":"product","link":"https:\/\/ulpmat.com\/it\/prodotto\/tellururo-di-cadmio-2\/","title":{"rendered":"Tellururo di cadmio"},"content":{"rendered":"<h2><span style=\"font-size: 14pt;\">Panoramica della polvere di tellururo di cadmio<\/span><\/h2>\n<p><span style=\"color: #0000ff;\"><a style=\"color: #0000ff;\" href=\"https:\/\/ulpmat.com\/it\/ricerca\/?type=name&#038;keyword=Cadmium+Telluride\">Tellururo di cadmio<\/a> <\/span>la polvere di cadmio tellururo (CdTe) \u00e8 un materiale semiconduttore stabile del gruppo II-VI ampiamente utilizzato nelle celle solari a film sottile, nei dispositivi optoelettronici a infrarossi e nei rivestimenti funzionali grazie alle sue eccellenti propriet\u00e0 di assorbimento della luce, all&#8217;adeguato band gap e alla stabilit\u00e0 chimica. Grazie alla sua buona lavorabilit\u00e0 e all&#8217;elevata purezza, la polvere di CdTe \u00e8 diventata un materiale fondamentale per l&#8217;optoelettronica <span style=\"color: #0000ff;\"><a style=\"color: #0000ff;\" href=\"https:\/\/ulpmat.com\/it\/applicazione\/materiali-ottici\/\">optoelettronica<\/a> <\/span>l&#8217;industria optoelettronica, la ricerca sui materiali e lo sviluppo delle nanotecnologie.<\/p>\n<p>Offriamo polvere di CdTe di elevata purezza in diverse gamme di dimensioni delle particelle e supportiamo la personalizzazione della purezza, delle dimensioni delle particelle e dell&#8217;imballaggio per soddisfare le esigenze delle diverse fasi, dalla ricerca alla produzione di massa. Per informazioni tecniche, preventivi o campioni, si prega di contattare il nostro <span style=\"color: #0000ff;\"><a style=\"color: #0000ff;\" href=\"https:\/\/ulpmat.com\/it\/servizio\/assistenza-tecnica\/\">consulente tecnico.<\/a><\/span><\/p>\n<h2><span style=\"font-size: 14pt;\">Punti salienti del prodotto<\/span><\/h2>\n<p>Elevata efficienza di assorbimento della luce<br \/>\nBasso contenuto di impurit\u00e0<br \/>\nDimensione delle particelle controllabile e buona dispersione<br \/>\nForte stabilit\u00e0 chimica<br \/>\nAdatto a vari processi di preparazione di film sottili<br \/>\n<span style=\"color: #0000ff;\"><a style=\"color: #0000ff;\" href=\"https:\/\/ulpmat.com\/it\/servizio\/personalizzazione\/\">Personalizzabile<\/a> <\/span>specifiche e imballaggi personalizzabili<br \/>\nEccellenti prestazioni di conversione fotoelettrica<\/p>\n<h2><span style=\"font-size: 14pt;\">Applicazioni della polvere di tellururo di cadmio<\/span><\/h2>\n<p>Utilizzato per la preparazione di materiali assorbenti in celle solari a film sottile ad alta efficienza.<br \/>\nAdatto per applicazioni di strati funzionali in rivelatori a infrarossi e componenti optoelettronici.<br \/>\nUtilizzato nello sviluppo di materiali sperimentali per la preparazione di strutture quantistiche e materiali semiconduttori compositi <span style=\"color: #0000ff;\"><a style=\"color: #0000ff;\" href=\"https:\/\/ulpmat.com\/it\/applicazione\/materiali-per-semiconduttori\/\">materiali semiconduttori compositi.<\/a><\/span><\/p>\n<h2><span style=\"color: #0000ff;\"><a style=\"color: #0000ff;\" href=\"https:\/\/ulpmat.com\/it\/azienda\/domande-frequenti\/\"><span style=\"font-size: 14pt;\">Domande frequenti<\/span><\/a><\/span><\/h2>\n<p>Q1: Qual \u00e8 il metodo di imballaggio della polvere di CdTe?<br \/>\nA1: Utilizziamo un imballaggio sigillato a doppio strato con protezione antiumidit\u00e0 e antiurto per garantire che la polvere rimanga asciutta e intatta durante il trasporto.<\/p>\n<p>Q2: Quali caratteristiche della polvere di CdTe la rendono adatta all&#8217;energia solare e all&#8217;optoelettronica?<br \/>\nA2: La polvere di CdTe ha un band gap ideale, un elevato coefficiente di assorbimento e propriet\u00e0 cristalline stabili, che possono migliorare significativamente l&#8217;efficienza di conversione energetica dei dispositivi optoelettronici.<\/p>\n<p>Q3: Fornite servizi di assistenza tecnica o di selezione dei materiali?<br \/>\nA3: S\u00ec, forniamo consulenza sulla selezione dei materiali, domande e risposte tecniche, personalizzazione dei parametri e supporto applicativo per aiutare i clienti a ottenere prestazioni ottimali.<\/p>\n<p>Q4: Come deve essere conservata la polvere di CdTe per mantenere la stabilit\u00e0 delle prestazioni?<br \/>\nA4: Si consiglia di conservarla in un contenitore sigillato in un ambiente fresco e asciutto, evitando l&#8217;umidit\u00e0 e la forte esposizione alla luce, per mantenerne la stabilit\u00e0 chimica e le propriet\u00e0 optoelettroniche.<\/p>\n<h2><span style=\"font-size: 14pt;\">Rapporti<\/span><\/h2>\n<p>Ogni lotto viene fornito con:<br \/>\n<span style=\"color: #0000ff;\"><a style=\"color: #0000ff;\" href=\"https:\/\/ulpmat.com\/it\/servizio\/analisi-chimica\/\">Certificato di analisi (COA)<\/a><\/span><br \/>\n<span style=\"color: #0000ff;\"><a style=\"color: #0000ff;\" href=\"https:\/\/ulpmat.com\/it\/documenti\/scheda-tecnica\/\">Scheda tecnica (TDS)<\/a><\/span><br \/>\n<span style=\"color: #0000ff;\"><a style=\"color: #0000ff;\" href=\"https:\/\/ulpmat.com\/it\/documenti\/scheda-di-sicurezza\/\">Scheda di sicurezza (MSDS)<\/a><\/span><br \/>\nRapporti di test di terze parti disponibili su richiesta<\/p>\n<h2><span style=\"font-size: 14pt;\">Perch\u00e9 scegliere noi?<\/span><\/h2>\n<p>Possediamo un sistema di produzione di materiali CdTe stabile e maturo, con rigorosi processi di controllo della qualit\u00e0 e la capacit\u00e0 di fornire materiali di elevata purezza. Che si tratti di applicazioni su scala di laboratorio o industriale, siamo in grado di fornire polvere di CdTe coerente e affidabile. Inoltre, offriamo un rapido <span style=\"color: #0000ff;\"><a style=\"color: #0000ff;\" href=\"https:\/\/ulpmat.com\/it\/servizio\/assistenza-tecnica\/\">supporto tecnico,<\/a><\/span> servizi di personalizzazione flessibili e capacit\u00e0 di consegna globale, che ci rendono un partner di fiducia per i clienti che si occupano di ricerca e sviluppo di materiali optoelettronici e nuovi semiconduttori.<\/p>\n","protected":false},"excerpt":{"rendered":"<p>Panoramica della polvere di tellururo di cadmio Tellururo di cadmio la polvere di cadmio tellururo (CdTe) \u00e8 un materiale semiconduttore stabile del gruppo II-VI ampiamente utilizzato nelle celle solari a film sottile, nei dispositivi optoelettronici a infrarossi e nei rivestimenti funzionali grazie alle sue eccellenti propriet\u00e0 di assorbimento della luce, all&#8217;adeguato band gap e alla [&hellip;]<\/p>\n","protected":false},"featured_media":24017,"template":"","meta":{"_acf_changed":false},"product_brand":[132],"product_cat":[672,1093],"product_tag":[],"class_list":{"0":"post-24016","1":"product","2":"type-product","3":"status-publish","4":"has-post-thumbnail","6":"product_brand-ulpmat","7":"product_cat-materiali-calcogenidici","8":"product_cat-materiali-calcogenidici-it","10":"first","11":"instock","12":"shipping-taxable","13":"product-type-variable"},"acf":[],"_links":{"self":[{"href":"https:\/\/ulpmat.com\/it\/wp-json\/wp\/v2\/product\/24016","targetHints":{"allow":["GET"]}}],"collection":[{"href":"https:\/\/ulpmat.com\/it\/wp-json\/wp\/v2\/product"}],"about":[{"href":"https:\/\/ulpmat.com\/it\/wp-json\/wp\/v2\/types\/product"}],"wp:featuredmedia":[{"embeddable":true,"href":"https:\/\/ulpmat.com\/it\/wp-json\/wp\/v2\/media\/24017"}],"wp:attachment":[{"href":"https:\/\/ulpmat.com\/it\/wp-json\/wp\/v2\/media?parent=24016"}],"wp:term":[{"taxonomy":"product_brand","embeddable":true,"href":"https:\/\/ulpmat.com\/it\/wp-json\/wp\/v2\/product_brand?post=24016"},{"taxonomy":"product_cat","embeddable":true,"href":"https:\/\/ulpmat.com\/it\/wp-json\/wp\/v2\/product_cat?post=24016"},{"taxonomy":"product_tag","embeddable":true,"href":"https:\/\/ulpmat.com\/it\/wp-json\/wp\/v2\/product_tag?post=24016"}],"curies":[{"name":"wp","href":"https:\/\/api.w.org\/{rel}","templated":true}]}}