{"id":23894,"date":"2025-11-18T17:58:29","date_gmt":"2025-11-18T09:58:29","guid":{"rendered":"https:\/\/ulpmat.com\/product\/metallo-argentato-4\/"},"modified":"2025-11-18T17:58:29","modified_gmt":"2025-11-18T09:58:29","slug":"metallo-argentato-4","status":"publish","type":"product","link":"https:\/\/ulpmat.com\/it\/prodotto\/metallo-argentato-4\/","title":{"rendered":"Metallo argentato"},"content":{"rendered":"<h2><span style=\"font-size: 14pt;\">Panoramica dei pellet in metallo argentato <\/span><\/h2>\n<p><span style=\"color: #0000ff;\"><a style=\"color: #0000ff;\" href=\"https:\/\/ulpmat.com\/it\/ricerca\/?type=name&#038;keyword=Silver+metal\">L&#8217;argento metallico<\/a> <\/span>i pellet di argento metallico sono un materiale metallico di elevata purezza, facilmente lavorabile, con un&#8217;eccellente conducibilit\u00e0 elettrica e termica e stabilit\u00e0 chimica. Sono ampiamente utilizzati nei componenti elettronici, nei processi di galvanizzazione, nella preparazione di catalizzatori chimici e negli esperimenti di ricerca scientifica di alto livello, diventando cos\u00ec un materiale di base indispensabile sia in laboratorio che nelle applicazioni industriali.<\/p>\n<p>Possiamo fornire pellet di argento metallico di vari diametri, dimensioni delle particelle e gradi di purezza, supportando confezioni personalizzate e una speciale classificazione delle dimensioni delle particelle per soddisfare le esigenze della ricerca scientifica, dell&#8217;industria e dei processi di fascia alta. <span style=\"color: #0000ff;\"><a style=\"color: #0000ff;\" href=\"https:\/\/ulpmat.com\/it\/contatti\/\">Contattateci<\/a><\/span> per soluzioni personalizzate.<\/p>\n<h2><span style=\"font-size: 14pt;\">Punti salienti del prodotto<\/span><\/h2>\n<p>Elevata purezza garantita (99,999%)<br \/>\nDistribuzione uniforme delle dimensioni delle particelle<br \/>\nFacile da fondere e miscelare<br \/>\nEccellente conducibilit\u00e0 elettrica e termica<br \/>\nBuona resistenza all&#8217;ossidazione<br \/>\nDisponibile per forniture all&#8217;ingrosso con tempi di consegna stabili<br \/>\nMolteplici dimensioni delle particelle e opzioni di confezionamento <span style=\"color: #0000ff;\"><a style=\"color: #0000ff;\" href=\"https:\/\/ulpmat.com\/it\/applicazione\/materiali-ottici\/\">opzioni di confezionamento<\/a> <\/span>disponibile<\/p>\n<h2><span style=\"font-size: 14pt;\">Applicazioni dei pellet di argento metallico<\/span><\/h2>\n<p>Adatto per saldature e riempimenti conduttivi nella produzione di componenti elettronici.<\/p>\n<p>Possono essere utilizzati come vettori di catalizzatori o reagenti nell&#8217;industria chimica.<\/p>\n<p>Utilizzati per la preparazione di materiali nella galvanotecnica dell&#8217;argento, nell&#8217;evaporazione di film sottili e negli esperimenti di ricerca scientifica.<\/p>\n<h2><span style=\"color: #0000ff;\"><a style=\"color: #0000ff;\" href=\"https:\/\/ulpmat.com\/it\/azienda\/domande-frequenti\/\"><span style=\"font-size: 14pt;\">Domande frequenti<\/span><\/a><\/span><\/h2>\n<p>Q1: Come sono confezionati i pellet di argento metallico?<\/p>\n<p>A1: Utilizziamo sacchetti sottovuoto a prova di umidit\u00e0 e di urti e scatole esterne robuste per garantire che le particelle non vengano danneggiate durante il trasporto.<\/p>\n<p>Q2: La purezza e la dimensione delle particelle possono essere personalizzate?<\/p>\n<p>A2: S\u00ec, la purezza pu\u00f2 raggiungere il 99,99%-99,999% e la dimensione delle particelle pu\u00f2 essere personalizzata in base alle esigenze del cliente.<\/p>\n<p>D3: Come conservare le particelle d&#8217;argento per prolungarne la durata?<\/p>\n<p>A3: Si prega di conservarle in un ambiente asciutto e fresco, sigillato, evitando alte temperature e umidit\u00e0 per evitare l&#8217;ossidazione della superficie.<\/p>\n<p>Q4: Quali servizi post-vendita offrite?<\/p>\n<p>A4: Forniamo assistenza tecnica, soluzioni personalizzate per le dimensioni delle particelle, garanzie di fornitura all&#8217;ingrosso e servizi di monitoraggio della qualit\u00e0 dei prodotti.<\/p>\n<h2><span style=\"font-size: 14pt;\">Rapporti<\/span><\/h2>\n<p>Ogni lotto viene fornito con:<br \/>\n<span style=\"color: #0000ff;\"><a style=\"color: #0000ff;\" href=\"https:\/\/ulpmat.com\/it\/servizio\/analisi-chimica\/\">Certificato di analisi (COA)<\/a><\/span><br \/>\n<span style=\"color: #0000ff;\"><a style=\"color: #0000ff;\" href=\"https:\/\/ulpmat.com\/it\/documenti\/scheda-tecnica\/\">Scheda tecnica (TDS)<\/a><\/span><br \/>\n<span style=\"color: #0000ff;\"><a style=\"color: #0000ff;\" href=\"https:\/\/ulpmat.com\/it\/documenti\/scheda-di-sicurezza\/\">Scheda di sicurezza (MSDS)<\/a><\/span><br \/>\nRapporti di test di terze parti disponibili su richiesta<\/p>\n<h2><span style=\"font-size: 14pt;\">Perch\u00e9 scegliere noi<\/span><\/h2>\n<p>Siamo specializzati nella ricerca e nella fornitura di pellet metallici di elevata purezza, controllando rigorosamente la purezza, l&#8217;uniformit\u00e0 delle particelle e la consistenza dei lotti per garantire di soddisfare le esigenze della ricerca scientifica, delle applicazioni industriali ed elettroniche. Le nostre particelle di argento metallico possiedono un&#8217;eccellente conducibilit\u00e0 elettrica e termica e stabilit\u00e0 chimica, che consentono un&#8217;elaborazione e applicazioni efficienti. Scegliere noi garantisce una qualit\u00e0 affidabile dei prodotti, servizi personalizzati e capacit\u00e0 di consegna globale, che ci rendono il partner ideale per i laboratori di ricerca, i produttori di elettronica e i clienti industriali di fascia alta.<\/p>\n","protected":false},"excerpt":{"rendered":"<p>Panoramica dei pellet in metallo argentato L&#8217;argento metallico i pellet di argento metallico sono un materiale metallico di elevata purezza, facilmente lavorabile, con un&#8217;eccellente conducibilit\u00e0 elettrica e termica e stabilit\u00e0 chimica. Sono ampiamente utilizzati nei componenti elettronici, nei processi di galvanizzazione, nella preparazione di catalizzatori chimici e negli esperimenti di ricerca scientifica di alto livello, [&hellip;]<\/p>\n","protected":false},"featured_media":23895,"template":"","meta":{"_acf_changed":false},"product_brand":[132],"product_cat":[293],"product_tag":[1983],"class_list":{"0":"post-23894","1":"product","2":"type-product","3":"status-publish","4":"has-post-thumbnail","6":"product_brand-ulpmat","7":"product_cat-materiali-per-levaporazione","8":"product_tag-pellet-di-metallo-argentato","10":"first","11":"instock","12":"shipping-taxable","13":"product-type-variable"},"acf":[],"_links":{"self":[{"href":"https:\/\/ulpmat.com\/it\/wp-json\/wp\/v2\/product\/23894","targetHints":{"allow":["GET"]}}],"collection":[{"href":"https:\/\/ulpmat.com\/it\/wp-json\/wp\/v2\/product"}],"about":[{"href":"https:\/\/ulpmat.com\/it\/wp-json\/wp\/v2\/types\/product"}],"wp:featuredmedia":[{"embeddable":true,"href":"https:\/\/ulpmat.com\/it\/wp-json\/wp\/v2\/media\/23895"}],"wp:attachment":[{"href":"https:\/\/ulpmat.com\/it\/wp-json\/wp\/v2\/media?parent=23894"}],"wp:term":[{"taxonomy":"product_brand","embeddable":true,"href":"https:\/\/ulpmat.com\/it\/wp-json\/wp\/v2\/product_brand?post=23894"},{"taxonomy":"product_cat","embeddable":true,"href":"https:\/\/ulpmat.com\/it\/wp-json\/wp\/v2\/product_cat?post=23894"},{"taxonomy":"product_tag","embeddable":true,"href":"https:\/\/ulpmat.com\/it\/wp-json\/wp\/v2\/product_tag?post=23894"}],"curies":[{"name":"wp","href":"https:\/\/api.w.org\/{rel}","templated":true}]}}