{"id":23866,"date":"2025-11-18T17:58:30","date_gmt":"2025-11-18T09:58:30","guid":{"rendered":"https:\/\/ulpmat.com\/product\/metallo-argentato-3\/"},"modified":"2025-11-18T17:58:30","modified_gmt":"2025-11-18T09:58:30","slug":"metallo-argentato-3","status":"publish","type":"product","link":"https:\/\/ulpmat.com\/it\/prodotto\/metallo-argentato-3\/","title":{"rendered":"Metallo argentato"},"content":{"rendered":"<h2><span style=\"font-size: 14pt;\">Panoramica della lamina metallica d&#8217;argento<\/span><\/h2>\n<p><span style=\"color: #0000ff;\"><a style=\"color: #0000ff;\" href=\"https:\/\/ulpmat.com\/it\/ricerca\/?type=name&#038;keyword=Silver+metal\">L&#8217;argento metallico<\/a><\/span> \u00e8 un materiale metallico di elevata purezza, altamente duttile, con un&#8217;eccellente conducibilit\u00e0 elettrica e termica e stabilit\u00e0 chimica. \u00c8 ampiamente utilizzato nella produzione di dispositivi elettronici, batterie e pellicole conduttive, esperimenti chimici, artigianato decorativo e lavorazioni industriali di alto livello, diventando cos\u00ec un materiale importante per la ricerca scientifica e la produzione industriale.<\/p>\n<p>Offriamo lamine d&#8217;argento in vari spessori, dimensioni e gradi di purezza e possiamo fornire servizi di lavorazione personalizzati in base alle esigenze del cliente, come il taglio, la laminazione o l&#8217;imballaggio a strati. Si prega di <span style=\"color: #0000ff;\"><a style=\"color: #0000ff;\" href=\"https:\/\/ulpmat.com\/it\/contatti\/\">contattateci<\/a><\/span> oggi stesso.<\/p>\n<h2><span style=\"font-size: 14pt;\">Caratteristiche del prodotto<\/span><\/h2>\n<p>Elevata purezza garantita (99,999%)<br \/>\nEccellente duttilit\u00e0 e lavorabilit\u00e0<br \/>\nEccellente conducibilit\u00e0 elettrica e termica<br \/>\nSuperficie liscia, senza pori<br \/>\nSpessori multipli disponibili<br \/>\nSono supportati formati e laminazione personalizzati<br \/>\nIl trattamento antiossidazione prolunga la vita utile<\/p>\n<h2><span style=\"font-size: 14pt;\">Applicazioni della lamina metallica d&#8217;argento<\/span><\/h2>\n<p>Materiale per strati conduttivi in componenti elettronici e batterie.<br \/>\nMateriale portante in esperimenti chimici e reazioni catalitiche.<br \/>\nAdatto per materiali decorativi e riflettenti in processi di alto livello.<br \/>\nSvolge un ruolo chiave nell&#8217;evaporazione sottovuoto e nell&#8217;ottica <span style=\"color: #0000ff;\"><a style=\"color: #0000ff;\" href=\"https:\/\/ulpmat.com\/it\/applicazione\/materiali-ottici\/\">ottico<\/a> <\/span>ottici e nella preparazione di film sottili.<\/p>\n<h2><span style=\"color: #0000ff;\"><a style=\"color: #0000ff;\" href=\"https:\/\/ulpmat.com\/it\/azienda\/domande-frequenti\/\"><span style=\"font-size: 14pt;\">Domande frequenti<\/span><\/a><\/span><\/h2>\n<p>Q1: Come viene imballata la lamina metallica d&#8217;argento per garantire un trasporto sicuro?<br \/>\nA1: La lamina d&#8217;argento viene imballata con una pellicola resistente all&#8217;umidit\u00e0 e con tubi di cartone o casse di legno per evitare piegature e graffi superficiali.<\/p>\n<p>Q2: Lo spessore e le dimensioni della lamina metallica d&#8217;argento possono essere personalizzati?<br \/>\nA2: S\u00ec, la larghezza e la lunghezza possono essere personalizzate in base alle esigenze del cliente.<\/p>\n<p>Q3: Quali sono i requisiti di stoccaggio della lamina metallica d&#8217;argento?<br \/>\nA3: Conservare in un ambiente asciutto, fresco e buio, evitando il contatto con acidi, alcali e sostanze corrosive.<\/p>\n<p>Q4: Quali servizi post-vendita offre la vostra azienda?<br \/>\nA4: Forniamo consulenza tecnica, elaborazione personalizzata, fornitura all&#8217;ingrosso, monitoraggio della qualit\u00e0 del prodotto e risposta rapida ai feedback sui problemi.<\/p>\n<h2><span style=\"font-size: 14pt;\">Rapporti<\/span><\/h2>\n<p>Ogni lotto viene fornito con:<br \/>\n<span style=\"color: #0000ff;\"><a style=\"color: #0000ff;\" href=\"https:\/\/ulpmat.com\/it\/servizio\/analisi-chimica\/\">Certificato di analisi (COA)<\/a><\/span><br \/>\n<span style=\"color: #0000ff;\"><a style=\"color: #0000ff;\" href=\"https:\/\/ulpmat.com\/it\/documenti\/scheda-tecnica\/\">Scheda tecnica (TDS)<\/a><\/span><br \/>\n<span style=\"color: #0000ff;\"><a style=\"color: #0000ff;\" href=\"https:\/\/ulpmat.com\/it\/documenti\/scheda-di-sicurezza\/\">Scheda di sicurezza (MSDS)<\/a><\/span><br \/>\nRapporti di test di terze parti disponibili su richiesta<\/p>\n<h2><span style=\"font-size: 14pt;\">Perch\u00e9 scegliere noi\uff1f<\/span><\/h2>\n<p>Siamo specializzati nella ricerca e nella fornitura di lamine d&#8217;argento di elevata purezza, controllando rigorosamente lo spessore, la levigatezza della superficie e la consistenza dei lotti per garantire di soddisfare le esigenze della produzione elettronica, degli esperimenti chimici e della lavorazione industriale di alto livello. Scegliere noi significa ricevere prodotti in lamina d&#8217;argento di alta qualit\u00e0 e personalizzabili e un servizio di assistenza professionale, che ci rende un partner ideale per i laboratori di ricerca, l&#8217;industria elettronica e le lavorazioni di alto livello.<\/p>\n","protected":false},"excerpt":{"rendered":"<p>Panoramica della lamina metallica d&#8217;argento L&#8217;argento metallico \u00e8 un materiale metallico di elevata purezza, altamente duttile, con un&#8217;eccellente conducibilit\u00e0 elettrica e termica e stabilit\u00e0 chimica. \u00c8 ampiamente utilizzato nella produzione di dispositivi elettronici, batterie e pellicole conduttive, esperimenti chimici, artigianato decorativo e lavorazioni industriali di alto livello, diventando cos\u00ec un materiale importante per la ricerca [&hellip;]<\/p>\n","protected":false},"featured_media":23868,"template":"","meta":{"_acf_changed":false},"product_brand":[132],"product_cat":[400],"product_tag":[1977],"class_list":{"0":"post-23866","1":"product","2":"type-product","3":"status-publish","4":"has-post-thumbnail","6":"product_brand-ulpmat","7":"product_cat-altri-materiali","8":"product_tag-lamina-di-metallo-argentato","10":"first","11":"instock","12":"shipping-taxable","13":"product-type-variable"},"acf":[],"_links":{"self":[{"href":"https:\/\/ulpmat.com\/it\/wp-json\/wp\/v2\/product\/23866","targetHints":{"allow":["GET"]}}],"collection":[{"href":"https:\/\/ulpmat.com\/it\/wp-json\/wp\/v2\/product"}],"about":[{"href":"https:\/\/ulpmat.com\/it\/wp-json\/wp\/v2\/types\/product"}],"wp:featuredmedia":[{"embeddable":true,"href":"https:\/\/ulpmat.com\/it\/wp-json\/wp\/v2\/media\/23868"}],"wp:attachment":[{"href":"https:\/\/ulpmat.com\/it\/wp-json\/wp\/v2\/media?parent=23866"}],"wp:term":[{"taxonomy":"product_brand","embeddable":true,"href":"https:\/\/ulpmat.com\/it\/wp-json\/wp\/v2\/product_brand?post=23866"},{"taxonomy":"product_cat","embeddable":true,"href":"https:\/\/ulpmat.com\/it\/wp-json\/wp\/v2\/product_cat?post=23866"},{"taxonomy":"product_tag","embeddable":true,"href":"https:\/\/ulpmat.com\/it\/wp-json\/wp\/v2\/product_tag?post=23866"}],"curies":[{"name":"wp","href":"https:\/\/api.w.org\/{rel}","templated":true}]}}