{"id":23717,"date":"2025-11-18T17:58:32","date_gmt":"2025-11-18T09:58:32","guid":{"rendered":"https:\/\/ulpmat.com\/product\/telluride-dargento-2\/"},"modified":"2025-11-18T17:58:32","modified_gmt":"2025-11-18T09:58:32","slug":"telluride-dargento-2","status":"publish","type":"product","link":"https:\/\/ulpmat.com\/it\/prodotto\/telluride-dargento-2\/","title":{"rendered":"Telluride d&#8217;argento"},"content":{"rendered":"<h2><span style=\"font-size: 14pt;\">Panoramica della polvere d&#8217;argento Telluride<\/span><\/h2>\n<p><span style=\"color: #0000ff;\"><a style=\"color: #0000ff;\" href=\"https:\/\/ulpmat.com\/it\/ricerca\/?type=name&#038;keyword=Silver+Telluride\">L&#8217;argento tellurico<\/a><\/span> \u00e8 un composto inorganico di elevata purezza con eccellenti propriet\u00e0 termoelettriche e buona conducibilit\u00e0 elettrica, ampiamente utilizzato nella ricerca e nella preparazione di materiali termoelettrici, dispositivi elettronici e film sottili funzionali. La polvere ha una dimensione uniforme delle particelle, che consente applicazioni efficienti di sinterizzazione e sputtering, soddisfacendo le esigenze della ricerca scientifica e della produzione industriale.<\/p>\n<p>Offriamo una variet\u00e0 di specifiche della polvere di tellururo d&#8217;argento, tra cui diverse dimensioni delle particelle, purezza e trattamenti superficiali. Sono inoltre disponibili confezioni personalizzate e forniture all&#8217;ingrosso. <span style=\"color: #0000ff;\"><a style=\"color: #0000ff;\" href=\"https:\/\/ulpmat.com\/it\/contatti\/\">Contattateci<\/a><\/span> per soluzioni professionali personalizzate.<\/p>\n<h2><span style=\"font-size: 14pt;\">Caratteristiche del prodotto<\/span><\/h2>\n<p>Elevata purezza (99,999%)<br \/>\nDistribuzione uniforme delle dimensioni delle particelle, che migliora la stabilit\u00e0 di lavorazione del materiale<br \/>\nEccellenti propriet\u00e0 termoelettriche<br \/>\nBuona conducibilit\u00e0 elettrica, adatta alle applicazioni dei dispositivi elettronici<br \/>\nAlta densit\u00e0, per ridurre il contenuto di impurit\u00e0<br \/>\n<span style=\"color: #0000ff;\"><a style=\"color: #0000ff;\" href=\"https:\/\/ulpmat.com\/it\/servizio\/personalizzazione\/\">Personalizzabile<\/a><\/span> Dimensioni delle particelle e trattamento superficiale disponibili<br \/>\nAdatto sia alla ricerca scientifica che alla produzione industriale di massa<\/p>\n<h2><span style=\"font-size: 14pt;\">Applicazioni della polvere di tellururo d&#8217;argento<\/span><\/h2>\n<p>Utilizzato nella preparazione di materiali termoelettrici per una conversione efficiente dell&#8217;energia.<br \/>\nAdatto per dispositivi elettronici a semiconduttore e componenti funzionali.<br \/>\nPu\u00f2 essere utilizzato come materiale target per la deposizione di film sottili mediante sputtering.<br \/>\nUtilizzato nella ricerca sui sensori ad alte prestazioni e sui materiali di rivestimento conduttivi.<\/p>\n<h2><span style=\"color: #0000ff;\"><a style=\"color: #0000ff;\" href=\"https:\/\/ulpmat.com\/it\/azienda\/domande-frequenti\/\"><span style=\"font-size: 14pt;\">Domande frequenti<\/span><\/a><\/span><\/h2>\n<p>Q1: Come viene confezionata e trasportata la polvere di tellururo d&#8217;argento?<br \/>\nA1: Viene sigillata in un sacchetto a prova di umidit\u00e0 e poi collocata in una scatola antiurto per garantire la stabilit\u00e0 e la sicurezza della polvere durante il trasporto.<\/p>\n<p>Q2: Come garantite la purezza e la dimensione delle particelle della vostra polvere di tellururo d&#8217;argento?<br \/>\nA2: Grazie al rigoroso screening delle materie prime e al controllo del processo di macinazione di precisione, forniamo una polvere di elevata purezza al 99,999% e supportiamo una dimensione delle particelle personalizzata.<\/p>\n<p>Q3: Quali sono le precauzioni per conservare la polvere di Ag2Te?<br \/>\nA3: Deve essere conservata in un ambiente asciutto, ventilato e a bassa temperatura, evitando il contatto con acidi, alcali e aria umida per mantenere le prestazioni della polvere.<\/p>\n<p>D4: Quali sono i <span style=\"color: #0000ff;\"><a style=\"color: #0000ff;\" href=\"https:\/\/ulpmat.com\/it\/servizio\/servizio-post-vendita\/\">servizi post-vendita<\/a><\/span> possiamo ottenere?<br \/>\nA4: Forniamo servizi personalizzati di lavorazione della polvere, guida tecnica, fornitura all&#8217;ingrosso, test delle prestazioni e risposta rapida ai problemi.<\/p>\n<h2><span style=\"font-size: 14pt;\">Rapporti<\/span><\/h2>\n<p>Ogni lotto viene fornito con:<br \/>\n<span style=\"color: #0000ff;\"><a style=\"color: #0000ff;\" href=\"https:\/\/ulpmat.com\/it\/servizio\/analisi-chimica\/\">Certificato di analisi (COA)<\/a><\/span><br \/>\n<span style=\"color: #0000ff;\"><a style=\"color: #0000ff;\" href=\"https:\/\/ulpmat.com\/it\/documenti\/scheda-tecnica\/\">Scheda tecnica (TDS)<\/a><\/span><br \/>\n<span style=\"color: #0000ff;\"><a style=\"color: #0000ff;\" href=\"https:\/\/ulpmat.com\/it\/documenti\/scheda-di-sicurezza\/\">Scheda di sicurezza (MSDS)<\/a><\/span><br \/>\nRapporti di test di terze parti disponibili su richiesta<\/p>\n<h2><span style=\"font-size: 14pt;\">Perch\u00e9 scegliere noi\uff1f<\/span><\/h2>\n<p>Siamo specializzati nella ricerca, nello sviluppo e nella produzione di polvere di Ag2Te di elevata purezza, controllando rigorosamente la purezza, la dimensione delle particelle e il contenuto di impurit\u00e0 per garantire la stabilit\u00e0 del materiale e le prestazioni di lavorazione. Scegliere noi vi fornir\u00e0 polveri di alta qualit\u00e0, soluzioni personalizzate e un supporto tecnico completo, rendendoci un partner affidabile per gli istituti di ricerca e la produzione industriale.<\/p>\n","protected":false},"excerpt":{"rendered":"<p>Panoramica della polvere d&#8217;argento Telluride L&#8217;argento tellurico \u00e8 un composto inorganico di elevata purezza con eccellenti propriet\u00e0 termoelettriche e buona conducibilit\u00e0 elettrica, ampiamente utilizzato nella ricerca e nella preparazione di materiali termoelettrici, dispositivi elettronici e film sottili funzionali. La polvere ha una dimensione uniforme delle particelle, che consente applicazioni efficienti di sinterizzazione e sputtering, soddisfacendo [&hellip;]<\/p>\n","protected":false},"featured_media":23718,"template":"","meta":{"_acf_changed":false},"product_brand":[132],"product_cat":[672,1093],"product_tag":[1947],"class_list":{"0":"post-23717","1":"product","2":"type-product","3":"status-publish","4":"has-post-thumbnail","6":"product_brand-ulpmat","7":"product_cat-materiali-calcogenidici","8":"product_cat-materiali-calcogenidici-it","9":"product_tag-polvere-di-tellururo-dargento","11":"first","12":"instock","13":"shipping-taxable","14":"product-type-variable"},"acf":[],"_links":{"self":[{"href":"https:\/\/ulpmat.com\/it\/wp-json\/wp\/v2\/product\/23717","targetHints":{"allow":["GET"]}}],"collection":[{"href":"https:\/\/ulpmat.com\/it\/wp-json\/wp\/v2\/product"}],"about":[{"href":"https:\/\/ulpmat.com\/it\/wp-json\/wp\/v2\/types\/product"}],"wp:featuredmedia":[{"embeddable":true,"href":"https:\/\/ulpmat.com\/it\/wp-json\/wp\/v2\/media\/23718"}],"wp:attachment":[{"href":"https:\/\/ulpmat.com\/it\/wp-json\/wp\/v2\/media?parent=23717"}],"wp:term":[{"taxonomy":"product_brand","embeddable":true,"href":"https:\/\/ulpmat.com\/it\/wp-json\/wp\/v2\/product_brand?post=23717"},{"taxonomy":"product_cat","embeddable":true,"href":"https:\/\/ulpmat.com\/it\/wp-json\/wp\/v2\/product_cat?post=23717"},{"taxonomy":"product_tag","embeddable":true,"href":"https:\/\/ulpmat.com\/it\/wp-json\/wp\/v2\/product_tag?post=23717"}],"curies":[{"name":"wp","href":"https:\/\/api.w.org\/{rel}","templated":true}]}}