{"id":23681,"date":"2025-11-18T17:58:36","date_gmt":"2025-11-18T09:58:36","guid":{"rendered":"https:\/\/ulpmat.com\/product\/lega-di-argento-e-cromo\/"},"modified":"2025-11-18T17:58:36","modified_gmt":"2025-11-18T09:58:36","slug":"lega-di-argento-e-cromo","status":"publish","type":"product","link":"https:\/\/ulpmat.com\/it\/prodotto\/lega-di-argento-e-cromo\/","title":{"rendered":"Lega di argento e cromo"},"content":{"rendered":"<h2><span style=\"font-size: 14pt;\">Panoramica dei target sputtering in lega di argento e cromo<\/span><\/h2>\n<p><span style=\"color: #0000ff;\"><a style=\"color: #0000ff;\" href=\"https:\/\/ulpmat.com\/it\/ricerca\/?type=name&#038;keyword=Silver+Chromium+Alloy\">Lega argento-cromo<\/a><\/span> i target sputtering sono materiali in lega argento-cromo di elevata purezza, che combinano l&#8217;eccellente conduttivit\u00e0 dell&#8217;argento con la durezza e la resistenza alla corrosione del cromo. Ampiamente utilizzati per la preparazione di film conduttivi trasparenti, dispositivi elettronici e rivestimenti anticorrosione, migliorano significativamente la conduttivit\u00e0 e la stabilit\u00e0 dei film e sono adatti a vari processi di sputtering DC e RF.<\/p>\n<p>Offriamo una variet\u00e0 di target di sputtering AgCr, tra cui forme rotonde e quadrate, con spessori e rapporti di composizione personalizzabili per soddisfare le diverse esigenze della ricerca scientifica e della produzione industriale. <span style=\"color: #0000ff;\"><a style=\"color: #0000ff;\" href=\"https:\/\/ulpmat.com\/it\/contatti\/\">Contattateci.<\/a><\/span><\/p>\n<h2><span style=\"font-size: 14pt;\">Punti salienti del prodotto<\/span><\/h2>\n<p>Lega AgCr di elevata purezza (99,99%)<br \/>\nDistribuzione uniforme della composizione, prestazioni stabili<br \/>\nAlta densit\u00e0, porosit\u00e0 ridotta, migliore qualit\u00e0 del film<br \/>\nEccellente conduttivit\u00e0 e resistenza alla corrosione<br \/>\nDimensioni e spessori personalizzabili, adattabili a varie apparecchiature<br \/>\nBuona stabilit\u00e0 allo sputtering ad alta temperatura<br \/>\n<span style=\"color: #0000ff;\"><a style=\"color: #0000ff;\" href=\"https:\/\/ulpmat.com\/it\/servizio\/legame-con-lobiettivo\/\">Incollaggio del target<\/a><\/span> servizi disponibili<br \/>\nSupporta la fornitura di lotti piccoli e grandi<\/p>\n<h2><span style=\"font-size: 14pt;\">Applicazioni dei target sputtering in lega di argento e cromo<\/span><\/h2>\n<p>Utilizzati per la deposizione di film conduttivi trasparenti (TCO) per migliorare le prestazioni optoelettroniche.<br \/>\nAdatti per rivestimenti conduttivi e resistenti all&#8217;usura su dispositivi elettronici.<br \/>\nAdatti per rivestimenti decorativi e anticorrosione nei film industriali.<br \/>\nAdatti per esperimenti di ricerca scientifica e processi di preparazione di film sottili ad alta precisione.<\/p>\n<h2><span style=\"color: #0000ff; font-size: 14pt;\"><a style=\"color: #0000ff;\" href=\"https:\/\/ulpmat.com\/it\/azienda\/domande-frequenti\/\">Domande frequenti<\/a><\/span><\/h2>\n<p>Q1: Quali sono i metodi di imballaggio e spedizione dei target di sputtering AgCr?<br \/>\nA1: I target sono confezionati in imballaggi a prova di umidit\u00e0 e ossidazione, rivestiti con schiuma che assorbe gli urti per garantire che la superficie del target rimanga intatta durante il trasporto.<\/p>\n<p>D2: Il target richiede un trattamento speciale prima dell&#8217;uso?<br \/>\nA2: Raccomandiamo una leggera pulizia della superficie o degli ioni prima dello sputtering per garantire una deposizione uniforme del film.<\/p>\n<p>D3: Come devono essere conservati i target AgCr per garantire le prestazioni?<br \/>\nA3: Conservare in un ambiente asciutto e sigillato, evitando l&#8217;esposizione prolungata all&#8217;umidit\u00e0 dell&#8217;aria e ai corrosivi chimici.<\/p>\n<p>Q4: Quale servizio clienti offrite?<br \/>\nA4: Offriamo dimensioni personalizzate, rapporti di composizione personalizzati, guida al processo di sputtering, test delle prestazioni e <span style=\"color: #0000ff;\"><a style=\"color: #0000ff;\" href=\"https:\/\/ulpmat.com\/it\/servizio\/assistenza-tecnica\/\">assistenza<span style=\"color: #0000ff;\">tecnica<\/span><\/a><\/span>rapida <span style=\"color: #0000ff;\"><a style=\"color: #0000ff;\" href=\"https:\/\/ulpmat.com\/it\/servizio\/assistenza-tecnica\/\">.<\/a><\/span><\/p>\n<h2><span style=\"font-size: 14pt;\">Rapporti<\/span><\/h2>\n<p data-start=\"3124\" data-end=\"3154\">Ogni lotto viene fornito con:<\/p>\n<p data-start=\"3157\" data-end=\"3192\"><span style=\"color: #0000ff;\"><a style=\"color: #0000ff;\" href=\"https:\/\/ulpmat.com\/it\/documenti\/certificato-di-analisi\/\">Certificato di analisi (COA)<\/a><\/span><\/p>\n<p data-start=\"3195\" data-end=\"3227\"><span style=\"color: #0000ff;\"><a style=\"color: #0000ff;\" href=\"https:\/\/ulpmat.com\/it\/documenti\/scheda-tecnica\/\">Scheda tecnica (TDS)<\/a><\/span><\/p>\n<p data-start=\"3230\" data-end=\"3269\"><span style=\"color: #0000ff;\"><a style=\"color: #0000ff;\" href=\"https:\/\/ulpmat.com\/it\/documenti\/scheda-di-sicurezza\/\">Scheda di sicurezza (MSDS)<\/a><\/span><\/p>\n<p data-start=\"3272\" data-end=\"3326\">Rapporti di test di terze parti disponibili su richiesta<\/p>\n<h2><span style=\"font-size: 14pt;\">Perch\u00e9 scegliere noi\uff1f<\/span><\/h2>\n<p>Siamo specializzati nella <span style=\"color: #0000ff;\"><a style=\"color: #0000ff;\" href=\"https:\/\/ulpmat.com\/it\/azienda\/ricerca-e-sviluppo\/\">R&amp;S<\/a> <\/span>e produzione di bersagli sputtering AgCr di elevata purezza, controllando rigorosamente l&#8217;uniformit\u00e0 compositiva, la densit\u00e0 e la conduttivit\u00e0. La scelta di noi vi fornir\u00e0 obiettivi ad alte prestazioni, servizi personalizzati, supporto tecnico <span style=\"color: #0000ff;\"><a style=\"color: #0000ff;\" href=\"https:\/\/ulpmat.com\/it\/servizio\/assistenza-tecnica\/\">supporto tecnico professionale,<\/a><\/span> e forniture affidabili, che ci rendono il miglior partner per i laboratori di ricerca e per le applicazioni industriali a film sottile.<\/p>\n","protected":false},"excerpt":{"rendered":"<p>Panoramica dei target sputtering in lega di argento e cromo Lega argento-cromo i target sputtering sono materiali in lega argento-cromo di elevata purezza, che combinano l&#8217;eccellente conduttivit\u00e0 dell&#8217;argento con la durezza e la resistenza alla corrosione del cromo. Ampiamente utilizzati per la preparazione di film conduttivi trasparenti, dispositivi elettronici e rivestimenti anticorrosione, migliorano significativamente la [&hellip;]<\/p>\n","protected":false},"featured_media":23682,"template":"","meta":{"_acf_changed":false},"product_brand":[132],"product_cat":[564],"product_tag":[1935],"class_list":{"0":"post-23681","1":"product","2":"type-product","3":"status-publish","4":"has-post-thumbnail","6":"product_brand-ulpmat","7":"product_cat-target-di-sputtering-in-lega","8":"product_tag-bersaglio-sputtering-in-lega-di-cromo-e-argento","10":"first","11":"instock","12":"shipping-taxable","13":"product-type-variable"},"acf":[],"_links":{"self":[{"href":"https:\/\/ulpmat.com\/it\/wp-json\/wp\/v2\/product\/23681","targetHints":{"allow":["GET"]}}],"collection":[{"href":"https:\/\/ulpmat.com\/it\/wp-json\/wp\/v2\/product"}],"about":[{"href":"https:\/\/ulpmat.com\/it\/wp-json\/wp\/v2\/types\/product"}],"wp:featuredmedia":[{"embeddable":true,"href":"https:\/\/ulpmat.com\/it\/wp-json\/wp\/v2\/media\/23682"}],"wp:attachment":[{"href":"https:\/\/ulpmat.com\/it\/wp-json\/wp\/v2\/media?parent=23681"}],"wp:term":[{"taxonomy":"product_brand","embeddable":true,"href":"https:\/\/ulpmat.com\/it\/wp-json\/wp\/v2\/product_brand?post=23681"},{"taxonomy":"product_cat","embeddable":true,"href":"https:\/\/ulpmat.com\/it\/wp-json\/wp\/v2\/product_cat?post=23681"},{"taxonomy":"product_tag","embeddable":true,"href":"https:\/\/ulpmat.com\/it\/wp-json\/wp\/v2\/product_tag?post=23681"}],"curies":[{"name":"wp","href":"https:\/\/api.w.org\/{rel}","templated":true}]}}