{"id":22783,"date":"2025-10-31T11:38:18","date_gmt":"2025-10-31T03:38:18","guid":{"rendered":"https:\/\/ulpmat.com\/product\/stagno-telluride-2\/"},"modified":"2025-10-31T11:38:18","modified_gmt":"2025-10-31T03:38:18","slug":"stagno-telluride-2","status":"publish","type":"product","link":"https:\/\/ulpmat.com\/it\/prodotto\/stagno-telluride-2\/","title":{"rendered":"Stagno Telluride"},"content":{"rendered":"<h2><span style=\"font-family: georgia, palatino, serif; font-size: 14pt;\">Panoramica sulla polvere di Telluride di stagno<\/span><\/h2>\n<p><span style=\"font-family: georgia, palatino, serif;\"><span style=\"color: #0000ff;\"><a style=\"color: #0000ff;\" href=\"https:\/\/ulpmat.com\/it\/ricerca\/?type=name&#038;keyword=Tin+Telluride\">Lo stagno tellururo<\/a> <\/span>\u00e8 un materiale di elevata purezza progettato per processi di deposizione di film sottili ad alte prestazioni. La sua eccellente conduttivit\u00e0 e stabilit\u00e0 termica lo rendono ampiamente utilizzato in elettronica, fotovoltaico e termoelettrico.<\/span><\/p>\n<p><span style=\"font-family: georgia, palatino, serif;\">Offriamo una variet\u00e0 di specifiche della polvere di tellururo di stagno e possiamo personalizzarle in base ai vostri requisiti specifici. Forniamo inoltre un&#8217;assistenza <span style=\"color: #0000ff;\"><a style=\"color: #0000ff;\" href=\"https:\/\/ulpmat.com\/it\/servizio\/servizio-post-vendita\/\">assistenza post-vendita<\/a><\/span>-Non esitate a <span style=\"color: #0000ff;\"><a style=\"color: #0000ff;\" href=\"https:\/\/ulpmat.com\/it\/contatti\/\">contattateci<\/a> <\/span>per qualsiasi domanda.<\/span><\/p>\n<h2><span style=\"font-family: georgia, palatino, serif; font-size: 14pt;\">Caratteristiche del prodotto<\/span><\/h2>\n<p><span style=\"font-family: georgia, palatino, serif;\">Purezza: 99,999%<\/span><br \/>\n<span style=\"font-family: georgia, palatino, serif;\">Alta densit\u00e0: Assicura una deposizione uniforme del film sottile<\/span><br \/>\n<span style=\"font-family: georgia, palatino, serif;\">Dimensioni e forme personalizzabili<\/span><br \/>\n<span style=\"font-family: georgia, palatino, serif;\"><span style=\"color: #0000ff;\"><a style=\"color: #0000ff;\" href=\"https:\/\/ulpmat.com\/it\/servizio\/personalizzazione\/\">Imballaggio personalizzabile<\/a> <\/span>imballaggio<\/span><br \/>\n<span style=\"font-family: georgia, palatino, serif;\">Adatto per applicazioni termoelettriche, fotovoltaiche e di semiconduttori<\/span><\/p>\n<h2><span style=\"font-family: georgia, palatino, serif; font-size: 14pt;\">Applicazioni della polvere di tellururo di stagno<\/span><\/h2>\n<p><span style=\"font-family: georgia, palatino, serif;\">Materiali termoelettrici: Utilizzati nelle applicazioni di conversione termoelettrica, convertono efficacemente il calore in elettricit\u00e0 a bassi gradienti di temperatura.<\/span><br \/>\n<span style=\"font-family: georgia, palatino, serif;\"><span style=\"color: #0000ff;\"><a style=\"color: #0000ff;\" href=\"https:\/\/ulpmat.com\/it\/applicazione\/materiali-per-semiconduttori\/\">Dispositivi a semiconduttore<\/a><\/span> dispositivi a semiconduttore: Adatto all&#8217;industria dei semiconduttori, in particolare per la deposizione di film sottili e per le applicazioni di separazione delle batterie.<\/span><br \/>\n<span style=\"font-family: georgia, palatino, serif;\">Fotovoltaico: nelle celle solari, la polvere di SnTe agisce come materiale conduttivo trasparente, migliorando le prestazioni fotovoltaiche delle celle.<\/span><br \/>\n<span style=\"font-family: georgia, palatino, serif;\">Rivestimenti ottici: Utilizzato in lenti ottiche, specchi e altri componenti ottici, fornisce rivestimenti funzionali stabili e ad alta riflettivit\u00e0.<\/span><\/p>\n<h2><span style=\"font-family: georgia, palatino, serif; font-size: 14pt;\">Rapporti<\/span><\/h2>\n<p><span style=\"font-family: georgia, palatino, serif;\">Forniamo un<span style=\"color: #0000ff;\"><a style=\"color: #0000ff;\" href=\"https:\/\/ulpmat.com\/it\/servizio\/analisi-chimica\/\"> Certificato di analisi (COA),<\/a><\/span> Scheda di sicurezza dei materiali (MSDS) e altri rapporti pertinenti per ogni lotto di polvere SnTe. Offriamo anche servizi di test di terze parti per garantire che i nostri prodotti soddisfino gli standard industriali di qualit\u00e0 e prestazioni.<\/span><\/p>\n","protected":false},"excerpt":{"rendered":"<p>Panoramica sulla polvere di Telluride di stagno Lo stagno tellururo \u00e8 un materiale di elevata purezza progettato per processi di deposizione di film sottili ad alte prestazioni. La sua eccellente conduttivit\u00e0 e stabilit\u00e0 termica lo rendono ampiamente utilizzato in elettronica, fotovoltaico e termoelettrico. Offriamo una variet\u00e0 di specifiche della polvere di tellururo di stagno e [&hellip;]<\/p>\n","protected":false},"featured_media":22784,"template":"","meta":{"_acf_changed":false},"product_brand":[132],"product_cat":[672,1093],"product_tag":[],"class_list":{"0":"post-22783","1":"product","2":"type-product","3":"status-publish","4":"has-post-thumbnail","6":"product_brand-ulpmat","7":"product_cat-materiali-calcogenidici","8":"product_cat-materiali-calcogenidici-it","10":"first","11":"instock","12":"shipping-taxable","13":"product-type-variable"},"acf":[],"_links":{"self":[{"href":"https:\/\/ulpmat.com\/it\/wp-json\/wp\/v2\/product\/22783","targetHints":{"allow":["GET"]}}],"collection":[{"href":"https:\/\/ulpmat.com\/it\/wp-json\/wp\/v2\/product"}],"about":[{"href":"https:\/\/ulpmat.com\/it\/wp-json\/wp\/v2\/types\/product"}],"wp:featuredmedia":[{"embeddable":true,"href":"https:\/\/ulpmat.com\/it\/wp-json\/wp\/v2\/media\/22784"}],"wp:attachment":[{"href":"https:\/\/ulpmat.com\/it\/wp-json\/wp\/v2\/media?parent=22783"}],"wp:term":[{"taxonomy":"product_brand","embeddable":true,"href":"https:\/\/ulpmat.com\/it\/wp-json\/wp\/v2\/product_brand?post=22783"},{"taxonomy":"product_cat","embeddable":true,"href":"https:\/\/ulpmat.com\/it\/wp-json\/wp\/v2\/product_cat?post=22783"},{"taxonomy":"product_tag","embeddable":true,"href":"https:\/\/ulpmat.com\/it\/wp-json\/wp\/v2\/product_tag?post=22783"}],"curies":[{"name":"wp","href":"https:\/\/api.w.org\/{rel}","templated":true}]}}