{"id":22162,"date":"2025-11-10T14:59:13","date_gmt":"2025-11-10T06:59:13","guid":{"rendered":"https:\/\/ulpmat.com\/product\/ossido-di-indio-stagno-ito-3\/"},"modified":"2025-11-10T14:59:13","modified_gmt":"2025-11-10T06:59:13","slug":"ossido-di-indio-stagno-ito-3","status":"publish","type":"product","link":"https:\/\/ulpmat.com\/it\/prodotto\/ossido-di-indio-stagno-ito-3\/","title":{"rendered":"Ossido di indio-stagno (ITO)"},"content":{"rendered":"<h2><span style=\"font-family: georgia, palatino, serif; font-size: 14pt;\">Panoramica della polvere di ossido di indio e stagno<\/span><\/h2>\n<p><span style=\"font-family: georgia, palatino, serif;\"><span style=\"color: #0000ff;\"><a style=\"color: #0000ff;\" href=\"https:\/\/ulpmat.com\/it\/ricerca\/?type=name&#038;keyword=Indium+Tin+Oxide\">L&#8217;ossido di indio e stagno<\/a><\/span> (In2O3-SnO2) \u00e8 un materiale di elevata purezza, l&#8217;ossido conduttivo trasparente (TCO), ampiamente utilizzato nell&#8217;elettronica a film sottile, nei dispositivi optoelettronici e nelle applicazioni dei semiconduttori. Grazie all&#8217;eccellente conduttivit\u00e0 elettrica, alla trasparenza ottica e alla qualit\u00e0 uniforme delle particelle, la polvere di ITO \u00e8 ideale per la deposizione di film sottili, elettrodi trasparenti e applicazioni di ricerca. Il nostro prodotto garantisce una purezza del 99,99% (4N), una dimensione uniforme delle particelle e prestazioni stabili per uso industriale e di ricerca.<\/span><\/p>\n<p><span style=\"font-family: georgia, palatino, serif;\">Forniamo polvere di ossido di indio-stagno di alta qualit\u00e0 per istituti di ricerca e produttori. <span style=\"color: #0000ff;\"><a style=\"color: #0000ff;\" href=\"https:\/\/ulpmat.com\/it\/contatti\/\">Contattateci<\/a><\/span> per ottenere il miglior prezzo e <span style=\"color: #0000ff;\"><a style=\"color: #0000ff;\" href=\"https:\/\/ulpmat.com\/it\/servizio\/assistenza-tecnica\/\">supporto tecnico<\/a><\/span>.<\/span><\/p>\n<h2><span style=\"font-family: georgia, palatino, serif; font-size: 14pt;\">Punti di forza del prodotto In2O3-SnO2 in polvere<\/span><\/h2>\n<p><span style=\"font-family: georgia, palatino, serif;\">Purezza superiore: la purezza del 99,99% (4N) soddisfa i severi requisiti per le applicazioni TCO e per i film sottili.<\/span><br \/>\n<span style=\"font-family: georgia, palatino, serif;\">Dimensioni personalizzate delle particelle: Le dimensioni delle particelle sono regolabili per adattarsi ai processi di deposizione, rivestimento e film sottile.<\/span><br \/>\n<span style=\"font-family: georgia, palatino, serif;\">Prestazioni elevate: Eccellente conduttivit\u00e0 elettrica e trasparenza ottica per i dispositivi optoelettronici.<\/span><br \/>\n<span style=\"font-family: georgia, palatino, serif;\">Materiale stabile: Chimicamente stabile e sicuro da maneggiare in condizioni di stoccaggio adeguate.<\/span><\/p>\n<h2><span style=\"font-family: georgia, palatino, serif; font-size: 14pt;\">Applicazioni della polvere di ITO di alta qualit\u00e0<\/span><\/h2>\n<p><span style=\"font-family: georgia, palatino, serif;\">Elettronica a film sottile: Applicato in elettrodi trasparenti, transistor a film sottile (TFT) e display OLED.<\/span><br \/>\n<span style=\"font-family: georgia, palatino, serif;\"><span style=\"color: #0000ff;\"><a style=\"color: #0000ff;\" href=\"https:\/\/ulpmat.com\/it\/applicazione\/materiali-ottici\/\">Dispositivi optoelettronici<\/a> <\/span>Dispositivi optoelettronici: Utilizzati in pannelli tattili, fotorivelatori, sensori a infrarossi ed elettronica flessibile.<\/span><br \/>\n<span style=\"font-family: georgia, palatino, serif;\">Celle solari: Adatto per strati elettrodici trasparenti nelle celle solari CIGS e perovskite.<\/span><br \/>\n<span style=\"font-family: georgia, palatino, serif;\">Ricerca e sviluppo: Ampiamente utilizzato nei laboratori per la scienza dei materiali e la ricerca sui dispositivi.<\/span><br \/>\n<span style=\"font-family: georgia, palatino, serif;\">Dispositivi energetici: Applicato in film conduttivi trasparenti per applicazioni di conversione e stoccaggio dell&#8217;energia.<\/span><\/p>\n<h2><span style=\"font-size: 14pt;\"><span style=\"font-family: georgia, palatino, serif;\">Perch\u00e9 sceglierci<\/span><span style=\"font-family: georgia, palatino, serif;\">?<\/span><\/span><\/h2>\n<p><span style=\"font-family: georgia, palatino, serif;\">Esperienza nel settore: Specializzati in polveri di ossido di elevata purezza per tecnologie TCO e film sottili.<\/span><br \/>\n<span style=\"font-family: georgia, palatino, serif;\">Soluzioni personalizzate: Flessibilit\u00e0 nelle dimensioni delle particelle, nella composizione e nell&#8217;imballaggio.<\/span><br \/>\n<span style=\"font-family: georgia, palatino, serif;\">Qualit\u00e0 affidabile: Il rigoroso controllo delle impurit\u00e0 e la distribuzione uniforme delle particelle garantiscono prestazioni stabili.<\/span><br \/>\n<span style=\"font-family: georgia, palatino, serif;\">Consegna globale: Spedizione rapida e sicura in tutto il mondo con imballaggio protettivo.<\/span><br \/>\n<span style=\"font-family: georgia, palatino, serif;\"><span style=\"color: #0000ff;\"><a style=\"color: #0000ff;\" href=\"https:\/\/ulpmat.com\/it\/servizio\/assistenza-tecnica\/\">Assistenza tecnica:<\/a> <\/span>Un team di professionisti fornisce documentazione tecnica completa e consulenza.<\/span><\/p>\n<h2><span style=\"color: #0000ff;\"><a style=\"color: #0000ff;\" href=\"https:\/\/ulpmat.com\/it\/azienda\/domande-frequenti\/\"><span style=\"font-family: georgia, palatino, serif; font-size: 14pt;\">Domande frequenti<\/span><\/a><\/span><\/h2>\n<p><span style=\"font-family: georgia, palatino, serif;\">F1. Qual \u00e8 la purezza della vostra polvere ITO?<\/span><br \/>\n<span style=\"font-family: georgia, palatino, serif;\">A1. La nostra polvere di ITO ha una purezza standard del 99,99% (4N), che garantisce risultati affidabili per le applicazioni a film sottile e optoelettroniche.<\/span><\/p>\n<p><span style=\"font-family: georgia, palatino, serif;\">F2. La dimensione delle particelle pu\u00f2 essere personalizzata per diverse applicazioni?<\/span><br \/>\n<span style=\"font-family: georgia, palatino, serif;\">A2. S\u00ec, forniamo particelle di dimensioni regolabili in base alle vostre esigenze di deposizione o rivestimento.<\/span><\/p>\n<p><span style=\"font-family: georgia, palatino, serif;\">F3. Come deve essere conservata e manipolata la polvere di In2O3-SnO2?<\/span><br \/>\n<span style=\"font-family: georgia, palatino, serif;\">A3. Conservare in un ambiente fresco e asciutto in contenitori sigillati. Evitare umidit\u00e0, polvere e contaminazione durante la manipolazione.<\/span><\/p>\n<p><span style=\"font-family: georgia, palatino, serif;\">F4. Quali industrie utilizzano comunemente la polvere di ossido di indio-stagno?<\/span><br \/>\n<span style=\"font-family: georgia, palatino, serif;\">A4. Ampiamente utilizzato in elettronica a film sottile, display OLED, pannelli tattili, celle solari, optoelettronica e laboratori di ricerca.<\/span><\/p>\n<p><span style=\"font-family: georgia, palatino, serif;\">F5. Sono disponibili relazioni tecniche per scopi industriali o di ricerca?<\/span><br \/>\n<span style=\"font-family: georgia, palatino, serif;\">A5. S\u00ec, ogni lotto viene fornito con COA, TDS, MSDS e rapporti sulle impurit\u00e0 ICP-MS. I rapporti di test di terze parti sono disponibili su richiesta.<\/span><\/p>\n<h2><span style=\"font-family: georgia, palatino, serif; font-size: 14pt;\">Rapporti<\/span><\/h2>\n<p><span style=\"font-family: georgia, palatino, serif;\">Ogni lotto di prodotti viene fornito con:<\/span><br \/>\n<span style=\"color: #0000ff;\"><a style=\"color: #0000ff;\" href=\"https:\/\/ulpmat.com\/it\/documenti\/scheda-di-sicurezza\/\"><span style=\"font-family: georgia, palatino, serif;\">Certificato di analisi (COA)<\/span><\/a><\/span><br \/>\n<span style=\"color: #0000ff;\"><a style=\"color: #0000ff;\" href=\"https:\/\/ulpmat.com\/it\/documenti\/scheda-tecnica\/\"><span style=\"font-family: georgia, palatino, serif;\">Scheda tecnica (TDS)<\/span><\/a><\/span><br \/>\n<span style=\"color: #0000ff;\"><a style=\"color: #0000ff;\" href=\"https:\/\/ulpmat.com\/it\/documenti\/scheda-di-sicurezza\/\"><span style=\"font-family: georgia, palatino, serif;\">Scheda di sicurezza dei materiali (MSDS)<\/span><\/a><\/span><br \/>\n<span style=\"font-family: georgia, palatino, serif;\">I rapporti di analisi di terze parti sono disponibili su richiesta per soddisfare gli standard industriali e di ricerca.<\/span><\/p>\n","protected":false},"excerpt":{"rendered":"<p>Panoramica della polvere di ossido di indio e stagno L&#8217;ossido di indio e stagno (In2O3-SnO2) \u00e8 un materiale di elevata purezza, l&#8217;ossido conduttivo trasparente (TCO), ampiamente utilizzato nell&#8217;elettronica a film sottile, nei dispositivi optoelettronici e nelle applicazioni dei semiconduttori. Grazie all&#8217;eccellente conduttivit\u00e0 elettrica, alla trasparenza ottica e alla qualit\u00e0 uniforme delle particelle, la polvere di [&hellip;]<\/p>\n","protected":false},"featured_media":42152,"template":"","meta":{"_acf_changed":false},"product_brand":[132],"product_cat":[436,1199],"product_tag":[],"class_list":{"0":"post-22162","1":"product","2":"type-product","3":"status-publish","4":"has-post-thumbnail","6":"product_brand-ulpmat","7":"product_cat-ossidi","8":"product_cat-ossidi-conduttivi-trasparenti-tcos","10":"first","11":"instock","12":"shipping-taxable","13":"product-type-variable"},"acf":[],"_links":{"self":[{"href":"https:\/\/ulpmat.com\/it\/wp-json\/wp\/v2\/product\/22162","targetHints":{"allow":["GET"]}}],"collection":[{"href":"https:\/\/ulpmat.com\/it\/wp-json\/wp\/v2\/product"}],"about":[{"href":"https:\/\/ulpmat.com\/it\/wp-json\/wp\/v2\/types\/product"}],"wp:featuredmedia":[{"embeddable":true,"href":"https:\/\/ulpmat.com\/it\/wp-json\/wp\/v2\/media\/42152"}],"wp:attachment":[{"href":"https:\/\/ulpmat.com\/it\/wp-json\/wp\/v2\/media?parent=22162"}],"wp:term":[{"taxonomy":"product_brand","embeddable":true,"href":"https:\/\/ulpmat.com\/it\/wp-json\/wp\/v2\/product_brand?post=22162"},{"taxonomy":"product_cat","embeddable":true,"href":"https:\/\/ulpmat.com\/it\/wp-json\/wp\/v2\/product_cat?post=22162"},{"taxonomy":"product_tag","embeddable":true,"href":"https:\/\/ulpmat.com\/it\/wp-json\/wp\/v2\/product_tag?post=22162"}],"curies":[{"name":"wp","href":"https:\/\/api.w.org\/{rel}","templated":true}]}}