{"id":21893,"date":"2025-10-31T10:22:19","date_gmt":"2025-10-31T02:22:19","guid":{"rendered":"https:\/\/ulpmat.com\/product\/tellurio-metallico\/"},"modified":"2025-10-31T10:22:19","modified_gmt":"2025-10-31T02:22:19","slug":"tellurio-metallico","status":"publish","type":"product","link":"https:\/\/ulpmat.com\/it\/prodotto\/tellurio-metallico\/","title":{"rendered":"Tellurio metallico"},"content":{"rendered":"<h2><span style=\"font-family: georgia, palatino, serif; font-size: 14pt;\">Obiettivi di sputtering al tellurio metallico Panoramica<\/span><\/h2>\n<p><span style=\"font-family: georgia, palatino, serif;\"><span style=\"color: #0000ff;\"><a style=\"color: #0000ff;\" href=\"https:\/\/ulpmat.com\/it\/ricerca\/?type=name&#038;keyword=Tellurium+meta\">I bersagli sputtering in Tellurio<\/a> <\/span>sono materiali metallici ad alte prestazioni progettati specificamente per i processi di deposizione di film sottili. Con una purezza fino al 99,999%, offrono un&#8217;eccellente densit\u00e0 e una buona conduttivit\u00e0, garantendo una deposizione uniforme di film sottili, una forte adesione e livelli di impurit\u00e0 estremamente bassi. Sono ampiamente utilizzati nei dispositivi optoelettronici, nei semiconduttori e nei film sottili funzionali.<\/span><\/p>\n<p><span style=\"font-family: georgia, palatino, serif;\">Offriamo target di sputtering metallici al tellurio in una variet\u00e0 di dimensioni, tra cui forme rotonde e rettangolari, che possono essere personalizzate per soddisfare le esigenze specifiche dei clienti. Inoltre, forniamo un&#8217;assistenza tecnica<span style=\"color: #0000ff;\"><a style=\"color: #0000ff;\" href=\"https:\/\/ulpmat.com\/it\/servizio\/assistenza-tecnica\/\"> supporto tecnico<\/a><\/span> per garantire che le applicazioni di produzione siano sempre aggiornate.<\/span><\/p>\n<h2><span style=\"font-family: georgia, palatino, serif; font-size: 14pt;\">Caratteristiche principali del prodotto<\/span><\/h2>\n<p><span style=\"font-family: georgia, palatino, serif;\">Purezza: 99,999%<\/span><br \/>\n<span style=\"font-family: georgia, palatino, serif;\">L&#8217;alta densit\u00e0 garantisce una deposizione uniforme del film sottile<\/span><br \/>\n<span style=\"font-family: georgia, palatino, serif;\">Eccellente conduttivit\u00e0 e compatibilit\u00e0 di processo<\/span><br \/>\n<span style=\"font-family: georgia, palatino, serif;\"><span style=\"color: #0000ff;\"><a style=\"color: #0000ff;\" href=\"https:\/\/ulpmat.com\/it\/servizio\/personalizzazione\/\">Dimensioni e forme personalizzabili<\/a> <\/span>dimensioni e forme personalizzabili<\/span><br \/>\n<span style=\"font-family: georgia, palatino, serif;\">Adatto per la produzione di dispositivi optoelettronici e semiconduttori, nonch\u00e9 per la preparazione di film sottili funzionali specializzati.<\/span><\/p>\n<h2><span style=\"font-family: georgia, palatino, serif; font-size: 14pt;\">Applicazioni del target di sputtering metallico al tellurio<\/span><\/h2>\n<p><span style=\"font-family: georgia, palatino, serif;\"><span style=\"color: #0000ff;\"><a style=\"color: #0000ff;\" href=\"https:\/\/ulpmat.com\/it\/applicazione\/materiali-per-semiconduttori\/\">Semiconduttori:<\/a><\/span> Utilizzato per la fabbricazione di strati attivi e film sottili funzionali per dispositivi semiconduttori ad alte prestazioni.<\/span><br \/>\n<span style=\"font-family: georgia, palatino, serif;\">Optoelettronica: Deposizione di film sottili funzionali in sensori ottici, rivelatori a infrarossi e guide d&#8217;onda ottiche.<\/span><br \/>\n<span style=\"font-family: georgia, palatino, serif;\">Fotovoltaico: utilizzato come materiale dello strato attivo in celle solari speciali per migliorare l&#8217;efficienza di conversione fotoelettrica. Film funzionali: Adatti alla fabbricazione di film riflettenti all&#8217;infrarosso, ottici non lineari e di modulazione acusto-ottica.<\/span><\/p>\n<h2><span style=\"font-family: georgia, palatino, serif; font-size: 14pt;\">Rapporti<\/span><\/h2>\n<p><span style=\"font-family: georgia, palatino, serif;\">Forniamo un dettagliato <span style=\"color: #0000ff;\"><a style=\"color: #0000ff;\" href=\"https:\/\/ulpmat.com\/it\/servizio\/analisi-chimica\/\">Certificato di analisi (COA)<\/a><\/span>(COA), una scheda di sicurezza dei materiali (MSDS) e i relativi rapporti di conformit\u00e0 per ogni lotto di target di sputtering Te. Supportiamo anche servizi di test di terze parti per garantire una qualit\u00e0 del prodotto costante e affidabile.<\/span><\/p>\n","protected":false},"excerpt":{"rendered":"<p>Obiettivi di sputtering al tellurio metallico Panoramica I bersagli sputtering in Tellurio sono materiali metallici ad alte prestazioni progettati specificamente per i processi di deposizione di film sottili. Con una purezza fino al 99,999%, offrono un&#8217;eccellente densit\u00e0 e una buona conduttivit\u00e0, garantendo una deposizione uniforme di film sottili, una forte adesione e livelli di impurit\u00e0 [&hellip;]<\/p>\n","protected":false},"featured_media":21894,"template":"","meta":{"_acf_changed":false},"product_brand":[132],"product_cat":[311],"product_tag":[],"class_list":{"0":"post-21893","1":"product","2":"type-product","3":"status-publish","4":"has-post-thumbnail","6":"product_brand-ulpmat","7":"product_cat-target-di-sputtering-metallico","9":"first","10":"instock","11":"shipping-taxable","12":"product-type-variable"},"acf":[],"_links":{"self":[{"href":"https:\/\/ulpmat.com\/it\/wp-json\/wp\/v2\/product\/21893","targetHints":{"allow":["GET"]}}],"collection":[{"href":"https:\/\/ulpmat.com\/it\/wp-json\/wp\/v2\/product"}],"about":[{"href":"https:\/\/ulpmat.com\/it\/wp-json\/wp\/v2\/types\/product"}],"wp:featuredmedia":[{"embeddable":true,"href":"https:\/\/ulpmat.com\/it\/wp-json\/wp\/v2\/media\/21894"}],"wp:attachment":[{"href":"https:\/\/ulpmat.com\/it\/wp-json\/wp\/v2\/media?parent=21893"}],"wp:term":[{"taxonomy":"product_brand","embeddable":true,"href":"https:\/\/ulpmat.com\/it\/wp-json\/wp\/v2\/product_brand?post=21893"},{"taxonomy":"product_cat","embeddable":true,"href":"https:\/\/ulpmat.com\/it\/wp-json\/wp\/v2\/product_cat?post=21893"},{"taxonomy":"product_tag","embeddable":true,"href":"https:\/\/ulpmat.com\/it\/wp-json\/wp\/v2\/product_tag?post=21893"}],"curies":[{"name":"wp","href":"https:\/\/api.w.org\/{rel}","templated":true}]}}