{"id":20884,"date":"2025-09-30T16:33:15","date_gmt":"2025-09-30T08:33:15","guid":{"rendered":"https:\/\/ulpmat.com\/product\/bismuto-metallico-4\/"},"modified":"2025-09-30T16:33:15","modified_gmt":"2025-09-30T08:33:15","slug":"bismuto-metallico-4","status":"publish","type":"product","link":"https:\/\/ulpmat.com\/it\/prodotto\/bismuto-metallico-4\/","title":{"rendered":"Bismuto metallico"},"content":{"rendered":"<h2><span style=\"font-size: 14pt;\">Panoramica dei granuli di bismuto metallico<\/span><\/h2>\n<p><span style=\"color: #0000ff;\"><a style=\"color: #0000ff;\" href=\"https:\/\/ulpmat.com\/it\/ricerca\/?type=formula&#038;keyword=Bi\">Il bismuto metallico<\/a> <\/span>\u00e8 un materiale metallico di elevata purezza progettato per la produzione di precisione, gli additivi per leghe e le applicazioni ad alte prestazioni. Grazie all&#8217;eccellente conduttivit\u00e0 elettrica, alla conduttivit\u00e0 termica e alla buona stabilit\u00e0 chimica, sono ampiamente utilizzati nei settori dell&#8217;elettronica, della metallurgia, della chimica e della radioprotezione.<\/p>\n<p>Forniamo granuli di bismuto metallico di diverse specifiche e dimensioni delle particelle per soddisfare le varie esigenze industriali e possiamo personalizzarli in base ai vostri requisiti speciali. Forniamo inoltre un&#8217;assistenza post-vendita completa. Per qualsiasi domanda sull&#8217;utilizzo, non esitate a <span style=\"color: #0000ff;\"><a style=\"color: #0000ff;\" href=\"https:\/\/ulpmat.com\/it\/contatti\/\">contattarci.<\/a><\/span><\/p>\n<h2><span style=\"font-size: 14pt;\"><strong>Caratteristiche del prodotto<\/strong><\/span><\/h2>\n<p>Purezza: dal 99,99% al 99,9999%<br \/>\nEccellente conducibilit\u00e0 elettrica e termica, adatta per applicazioni di dissipazione del calore efficienti<br \/>\nDistribuzione uniforme delle particelle, facile da lavorare e formare<br \/>\nDimensione e forma delle particelle personalizzabili per soddisfare una variet\u00e0 di esigenze industriali<br \/>\nLegame con il bersaglio personalizzabile<\/p>\n<h2><span style=\"font-size: 14pt;\">Applicazioni dei granuli di bismuto metallico<\/span><\/h2>\n<p>Industria elettronica: utilizzati per i materiali di dissipazione del calore, per la produzione di batterie e per gli strati conduttivi dei componenti elettronici.<br \/>\nProduzione di leghe: Come additivo per leghe, migliora la resistenza alla corrosione e le prestazioni di lavorazione dei metalli.<br \/>\nIndustria chimica: utilizzato nella produzione di catalizzatori e nei processi di reazione chimica, con propriet\u00e0 chimiche stabili.<br \/>\nProtezione dalle radiazioni: Il bismuto ha buone propriet\u00e0 antiradiazioni ed \u00e8 ampiamente utilizzato nella protezione dai raggi X e nella medicina nucleare.<\/p>\n<h2><span style=\"font-size: 14pt;\">Rapporti<\/span><\/h2>\n<p>Forniamo certificati di analisi (COA), schede di sicurezza dei materiali (MSDS) e altri rapporti pertinenti per ogni lotto di particelle metalliche di bismuto, per garantire che la qualit\u00e0 del prodotto sia conforme agli standard industriali. Inoltre, supportiamo anche test di terze parti per migliorare ulteriormente la garanzia di qualit\u00e0.<\/p>\n","protected":false},"excerpt":{"rendered":"<p>Panoramica dei granuli di bismuto metallico Il bismuto metallico \u00e8 un materiale metallico di elevata purezza progettato per la produzione di precisione, gli additivi per leghe e le applicazioni ad alte prestazioni. Grazie all&#8217;eccellente conduttivit\u00e0 elettrica, alla conduttivit\u00e0 termica e alla buona stabilit\u00e0 chimica, sono ampiamente utilizzati nei settori dell&#8217;elettronica, della metallurgia, della chimica e [&hellip;]<\/p>\n","protected":false},"featured_media":13734,"template":"","meta":{"_acf_changed":false},"product_brand":[132],"product_cat":[293],"product_tag":[],"class_list":{"0":"post-20884","1":"product","2":"type-product","3":"status-publish","4":"has-post-thumbnail","6":"product_brand-ulpmat","7":"product_cat-materiali-per-levaporazione","9":"first","10":"instock","11":"shipping-taxable","12":"product-type-variable"},"acf":[],"_links":{"self":[{"href":"https:\/\/ulpmat.com\/it\/wp-json\/wp\/v2\/product\/20884","targetHints":{"allow":["GET"]}}],"collection":[{"href":"https:\/\/ulpmat.com\/it\/wp-json\/wp\/v2\/product"}],"about":[{"href":"https:\/\/ulpmat.com\/it\/wp-json\/wp\/v2\/types\/product"}],"wp:featuredmedia":[{"embeddable":true,"href":"https:\/\/ulpmat.com\/it\/wp-json\/wp\/v2\/media\/13734"}],"wp:attachment":[{"href":"https:\/\/ulpmat.com\/it\/wp-json\/wp\/v2\/media?parent=20884"}],"wp:term":[{"taxonomy":"product_brand","embeddable":true,"href":"https:\/\/ulpmat.com\/it\/wp-json\/wp\/v2\/product_brand?post=20884"},{"taxonomy":"product_cat","embeddable":true,"href":"https:\/\/ulpmat.com\/it\/wp-json\/wp\/v2\/product_cat?post=20884"},{"taxonomy":"product_tag","embeddable":true,"href":"https:\/\/ulpmat.com\/it\/wp-json\/wp\/v2\/product_tag?post=20884"}],"curies":[{"name":"wp","href":"https:\/\/api.w.org\/{rel}","templated":true}]}}