{"id":20728,"date":"2025-09-30T16:33:17","date_gmt":"2025-09-30T08:33:17","guid":{"rendered":"https:\/\/ulpmat.com\/product\/ossido-di-bismuto-3\/"},"modified":"2025-09-30T16:33:17","modified_gmt":"2025-09-30T08:33:17","slug":"ossido-di-bismuto-3","status":"publish","type":"product","link":"https:\/\/ulpmat.com\/it\/prodotto\/ossido-di-bismuto-3\/","title":{"rendered":"Ossido di bismuto"},"content":{"rendered":"<h2><span style=\"font-size: 14pt;\">Panoramica sui granuli di ossido di bismuto<\/span><\/h2>\n<p><span style=\"color: #0000ff;\"><a style=\"color: #0000ff;\" href=\"https:\/\/ulpmat.com\/it\/ricerca\/?type=name&#038;keyword=Bi2O3\">I granuli di ossido di bismuto<\/a><\/span> sono un materiale ad alte prestazioni ampiamente utilizzato in catalizzatori, ceramiche, sensori di gas e altri campi. Presenta eccellenti caratteristiche di stabilit\u00e0 chimica, stabilit\u00e0 termica e propriet\u00e0 elettriche, adatte a varie esigenze dell&#8217;industria high-tech.<\/p>\n<p>Forniamo granuli di ossido di bismuto in varie specifiche e dimensioni delle particelle, che possono essere personalizzate in base alle esigenze specifiche dei clienti. Forniamo inoltre un&#8217;assistenza post-vendita completa per garantire che ogni lotto di merce possa soddisfare le esigenze dei clienti <span style=\"color: #0000ff;\"><a style=\"color: #0000ff;\" href=\"https:\/\/ulpmat.com\/it\/servizio\/personalizzazione\/\">clienti<\/a><\/span>.<\/p>\n<h2><span style=\"font-size: 14pt;\">Caratteristiche del prodotto<\/span><\/h2>\n<p>Purezza: 99,999%<br \/>\nElevata stabilit\u00e0: stabilit\u00e0 chimica e alle alte temperature, adatto ad ambienti di lavoro difficili<br \/>\nImballaggio: <span style=\"color: #0000ff;\"><a style=\"color: #0000ff;\" href=\"https:\/\/ulpmat.com\/it\/servizio\/personalizzazione\/\">Personalizzabile<\/a><\/span><br \/>\nAmpia applicazione: Adatto per reazioni catalitiche, materiali ceramici, sensori di gas e altri campi<\/p>\n<h2><span style=\"font-size: 14pt;\">Applicazioni dei granuli di ossido di bismuto<\/span><\/h2>\n<p>Catalizzatore: Come materiale catalitico, il Bi2O3 pu\u00f2 aumentare il tasso di reazione ed \u00e8 ampiamente utilizzato nella purificazione dei gas di scarico delle automobili, nell&#8217;industria chimica e in altri campi.<br \/>\nSensore di gas: I granuli di ossido di bismuto hanno eccellenti propriet\u00e0 elettriche e sono utilizzati per il rilevamento di gas, come gas tossici, inquinanti atmosferici, ecc.<br \/>\nMateriali ceramici: L&#8217;eccellente stabilit\u00e0 alle alte temperature e la resistenza alla corrosione ne fanno la scelta ideale per i materiali ceramici ad alte prestazioni.<br \/>\nElettronica: Utilizzato nei dispositivi optoelettronici e nei sensori, in particolare nei display ad alte prestazioni e nei componenti fotovoltaici.<\/p>\n<h2><span style=\"font-size: 14pt;\">Rapporti<\/span><\/h2>\n<p>Forniamo certificati di analisi (COA), schede di sicurezza dei materiali (MSDS) e altri rapporti pertinenti per ogni spedizione. Inoltre, supportiamo anche test di terze parti per una maggiore garanzia di qualit\u00e0.<\/p>\n","protected":false},"excerpt":{"rendered":"<p>Panoramica sui granuli di ossido di bismuto I granuli di ossido di bismuto sono un materiale ad alte prestazioni ampiamente utilizzato in catalizzatori, ceramiche, sensori di gas e altri campi. Presenta eccellenti caratteristiche di stabilit\u00e0 chimica, stabilit\u00e0 termica e propriet\u00e0 elettriche, adatte a varie esigenze dell&#8217;industria high-tech. Forniamo granuli di ossido di bismuto in varie [&hellip;]<\/p>\n","protected":false},"featured_media":13755,"template":"","meta":{"_acf_changed":false},"product_brand":[132],"product_cat":[293],"product_tag":[],"class_list":{"0":"post-20728","1":"product","2":"type-product","3":"status-publish","4":"has-post-thumbnail","6":"product_brand-ulpmat","7":"product_cat-materiali-per-levaporazione","9":"first","10":"instock","11":"shipping-taxable","12":"product-type-variable"},"acf":[],"_links":{"self":[{"href":"https:\/\/ulpmat.com\/it\/wp-json\/wp\/v2\/product\/20728","targetHints":{"allow":["GET"]}}],"collection":[{"href":"https:\/\/ulpmat.com\/it\/wp-json\/wp\/v2\/product"}],"about":[{"href":"https:\/\/ulpmat.com\/it\/wp-json\/wp\/v2\/types\/product"}],"wp:featuredmedia":[{"embeddable":true,"href":"https:\/\/ulpmat.com\/it\/wp-json\/wp\/v2\/media\/13755"}],"wp:attachment":[{"href":"https:\/\/ulpmat.com\/it\/wp-json\/wp\/v2\/media?parent=20728"}],"wp:term":[{"taxonomy":"product_brand","embeddable":true,"href":"https:\/\/ulpmat.com\/it\/wp-json\/wp\/v2\/product_brand?post=20728"},{"taxonomy":"product_cat","embeddable":true,"href":"https:\/\/ulpmat.com\/it\/wp-json\/wp\/v2\/product_cat?post=20728"},{"taxonomy":"product_tag","embeddable":true,"href":"https:\/\/ulpmat.com\/it\/wp-json\/wp\/v2\/product_tag?post=20728"}],"curies":[{"name":"wp","href":"https:\/\/api.w.org\/{rel}","templated":true}]}}