{"id":20656,"date":"2025-09-30T16:33:18","date_gmt":"2025-09-30T08:33:18","guid":{"rendered":"https:\/\/ulpmat.com\/product\/ossido-di-bismuto\/"},"modified":"2025-09-30T16:33:18","modified_gmt":"2025-09-30T08:33:18","slug":"ossido-di-bismuto","status":"publish","type":"product","link":"https:\/\/ulpmat.com\/it\/prodotto\/ossido-di-bismuto\/","title":{"rendered":"Ossido di bismuto"},"content":{"rendered":"<h2><span style=\"font-size: 14pt;\">Panoramica dei target di sputtering all&#8217;ossido di bismuto<\/span><\/h2>\n<p><span style=\"color: #0000ff;\"><a style=\"color: #0000ff;\" href=\"https:\/\/ulpmat.com\/it\/ricerca\/?type=name&#038;keyword=Bismuth+Oxide\">Ossido di bismuto<\/a> <\/span>I target sputtering sono materiali ad alte prestazioni progettati per i processi di deposizione di film sottili. Hanno un&#8217;eccellente stabilit\u00e0 chimica e un&#8217;elevata conduttivit\u00e0 e sono ampiamente utilizzati in optoelettronica, termoelettrica e catalisi. La loro elevata purezza e stabilit\u00e0 li rende ideali per la preparazione di film sottili di alta qualit\u00e0.<\/p>\n<p>Offriamo target di ossido di bismuto in una variet\u00e0 di forme e dimensioni, tra cui rotonde, rettangolari e altre forme personalizzate. Forniamo anche un servizio completo di <span style=\"color: #0000ff;\"><a style=\"color: #0000ff;\" href=\"https:\/\/ulpmat.com\/it\/servizio\/servizio-post-vendita\/\">assistenza post-vendita<\/a><\/span> se avete domande sull&#8217;uso, non esitate a contattarci <span style=\"color: #0000ff;\"><a style=\"color: #0000ff;\" href=\"https:\/\/ulpmat.com\/it\/contatti\/\">contattarci<\/a><\/span>.<\/p>\n<h2><span style=\"font-size: 14pt;\">Caratteristiche del prodotto<\/span><\/h2>\n<p>Purezza: 99,99%<br \/>\nEccellente conduttivit\u00e0: Adatto per la produzione di dispositivi elettronici e optoelettronici<br \/>\nElevata stabilit\u00e0: Stabile in ambienti ad alta temperatura e altamente corrosivi<br \/>\nImballaggio personalizzabile<br \/>\nDimensioni e forma personalizzabili: Soddisfare i requisiti di processo specifici<\/p>\n<h2><span style=\"font-size: 14pt;\">Applicazioni del target sputtering all&#8217;ossido di bismuto <\/span><\/h2>\n<p>Semiconduttori: L&#8217;ossido di bismuto \u00e8 ampiamente utilizzato nei dispositivi a semiconduttore come componente chiave, ad esempio come materiale per elettrodi e strati dielettrici.<br \/>\nMateriali optoelettronici: Utilizzato in fotorivelatori, celle fotovoltaiche e altre applicazioni optoelettroniche, con eccellenti caratteristiche di assorbimento della luce.<br \/>\nApplicazioni termoelettriche: Come materiale termoelettrico, pu\u00f2 essere utilizzato nella generazione di energia termoelettrica e nelle apparecchiature di refrigerazione per fornire eccellenti prestazioni di conversione termoelettrica.<br \/>\nCatalizzatore: Utilizzato come catalizzatore nella protezione ambientale e nello sviluppo dell&#8217;energia verde, in particolare nelle tecnologie di purificazione dei gas e di trattamento delle acque.<\/p>\n<h2><span style=\"font-size: 14pt;\">Rapporti<\/span><\/h2>\n<p>Forniamo certificati di analisi (COA), schede di sicurezza dei materiali (MSDS) e altri rapporti pertinenti per ogni spedizione. Inoltre, supportiamo anche test di terze parti per migliorare la garanzia di qualit\u00e0.<\/p>\n","protected":false},"excerpt":{"rendered":"<p>Panoramica dei target di sputtering all&#8217;ossido di bismuto Ossido di bismuto I target sputtering sono materiali ad alte prestazioni progettati per i processi di deposizione di film sottili. Hanno un&#8217;eccellente stabilit\u00e0 chimica e un&#8217;elevata conduttivit\u00e0 e sono ampiamente utilizzati in optoelettronica, termoelettrica e catalisi. La loro elevata purezza e stabilit\u00e0 li rende ideali per la [&hellip;]<\/p>\n","protected":false},"featured_media":13769,"template":"","meta":{"_acf_changed":false},"product_brand":[132],"product_cat":[453],"product_tag":[],"class_list":{"0":"post-20656","1":"product","2":"type-product","3":"status-publish","4":"has-post-thumbnail","6":"product_brand-ulpmat","7":"product_cat-target-di-sputtering-in-ceramica","9":"first","10":"instock","11":"shipping-taxable","12":"product-type-variable"},"acf":[],"_links":{"self":[{"href":"https:\/\/ulpmat.com\/it\/wp-json\/wp\/v2\/product\/20656","targetHints":{"allow":["GET"]}}],"collection":[{"href":"https:\/\/ulpmat.com\/it\/wp-json\/wp\/v2\/product"}],"about":[{"href":"https:\/\/ulpmat.com\/it\/wp-json\/wp\/v2\/types\/product"}],"wp:featuredmedia":[{"embeddable":true,"href":"https:\/\/ulpmat.com\/it\/wp-json\/wp\/v2\/media\/13769"}],"wp:attachment":[{"href":"https:\/\/ulpmat.com\/it\/wp-json\/wp\/v2\/media?parent=20656"}],"wp:term":[{"taxonomy":"product_brand","embeddable":true,"href":"https:\/\/ulpmat.com\/it\/wp-json\/wp\/v2\/product_brand?post=20656"},{"taxonomy":"product_cat","embeddable":true,"href":"https:\/\/ulpmat.com\/it\/wp-json\/wp\/v2\/product_cat?post=20656"},{"taxonomy":"product_tag","embeddable":true,"href":"https:\/\/ulpmat.com\/it\/wp-json\/wp\/v2\/product_tag?post=20656"}],"curies":[{"name":"wp","href":"https:\/\/api.w.org\/{rel}","templated":true}]}}