{"id":20455,"date":"2025-09-30T16:33:21","date_gmt":"2025-09-30T08:33:21","guid":{"rendered":"https:\/\/ulpmat.com\/product\/ossido-di-bismuto-e-germanio-bgo\/"},"modified":"2025-09-30T16:33:21","modified_gmt":"2025-09-30T08:33:21","slug":"ossido-di-bismuto-e-germanio-bgo","status":"publish","type":"product","link":"https:\/\/ulpmat.com\/it\/prodotto\/ossido-di-bismuto-e-germanio-bgo\/","title":{"rendered":"Ossido di bismuto e germanio (BGO)"},"content":{"rendered":"<h2><span style=\"font-size: 14pt;\">Panoramica dei target di sputtering all&#8217;ossido di bismuto e germanio<\/span><\/h2>\n<p><span style=\"color: #0000ff;\"><a style=\"color: #0000ff;\" href=\"https:\/\/ulpmat.com\/it\/ricerca\/?type=name&#038;keyword=Bismuth+Germanium+Oxide\">L&#8217;ossido di bismuto e germanio<\/a><\/span> sono materiali ad alte prestazioni progettati per processi di deposizione di film sottili ferroelettrici, optoelettronici e funzionali. Il materiale \u00e8 strutturalmente stabile, chimicamente uniforme e presenta densit\u00e0 e purezza eccellenti, che garantiscono una composizione coerente del film, una forte adesione e un&#8217;elevata qualit\u00e0 del film.<\/p>\n<p>Offriamo target di sputtering all&#8217;ossido di bismuto e germanio in varie forme e dimensioni, comprese quelle rotonde e rettangolari, che possono essere personalizzate in base ai vostri requisiti specifici. Forniamo inoltre un&#8217;assistenza post-vendita completa. Se avete domande sull&#8217;utilizzo, non esitate a <span style=\"color: #0000ff;\"><a style=\"color: #0000ff;\" href=\"https:\/\/ulpmat.com\/it\/contatti\/\">contattarci<\/a><\/span>.<\/p>\n<h2><span style=\"font-size: 14pt;\">Caratteristiche del prodotto<\/span><\/h2>\n<p>Purezza: 99,99%<br \/>\nStruttura ceramica ad alta densit\u00e0 per una deposizione stabile<br \/>\n<span style=\"color: #0000ff;\"><a style=\"color: #0000ff;\" href=\"https:\/\/ulpmat.com\/it\/servizio\/personalizzazione\/\">Personalizzabile<\/a><\/span> dimensione e forma<br \/>\nServizio di legatura del target disponibile<br \/>\nEccellente uniformit\u00e0 e adesione del film<br \/>\nApplicabile a una variet\u00e0 di campi di preparazione di film sottili funzionali<\/p>\n<h2><span style=\"font-size: 14pt;\">Applicazioni del target di sputtering all&#8217;ossido di germanio e bismuto<\/span><\/h2>\n<p>Memoria ferroelettrica: Bi\u2084Ti\u2083O\u2081\u2082 \u00e8 un classico materiale ferroelettrico che pu\u00f2 essere utilizzato per la deposizione di strati ferroelettrici nella memoria non volatile (FeRAM).<br \/>\nDispositivi optoelettronici: Utilizzato per preparare film di ossido multifunzionali con caratteristiche fotoresponsive per la conversione fotoelettrica e i sensori.<br \/>\nMateriali piezoelettrici e dielettrici: possono essere utilizzati come strati funzionali nei condensatori ceramici e nei componenti multistrato dei chip, con buone propriet\u00e0 dielettriche.<br \/>\nFilm per dispositivi integrati: film funzionali utilizzati nei circuiti integrati, come i condensatori ferroelettrici autopolarizzati.<\/p>\n<h2><span style=\"font-size: 14pt;\">Rapporti<\/span><\/h2>\n<p>Forniamo un certificato di analisi (COA) completo, una scheda di sicurezza dei materiali (MSDS) e i relativi rapporti di prova dei componenti per ogni lotto di target di sputtering all&#8217;ossido di germanio bismuto. Possiamo anche fornire rapporti di test di terze parti su richiesta del cliente per aumentare la fiducia nella qualit\u00e0 del materiale.<\/p>\n","protected":false},"excerpt":{"rendered":"<p>Panoramica dei target di sputtering all&#8217;ossido di bismuto e germanio L&#8217;ossido di bismuto e germanio sono materiali ad alte prestazioni progettati per processi di deposizione di film sottili ferroelettrici, optoelettronici e funzionali. Il materiale \u00e8 strutturalmente stabile, chimicamente uniforme e presenta densit\u00e0 e purezza eccellenti, che garantiscono una composizione coerente del film, una forte adesione [&hellip;]<\/p>\n","protected":false},"featured_media":13924,"template":"","meta":{"_acf_changed":false},"product_brand":[132],"product_cat":[453],"product_tag":[],"class_list":{"0":"post-20455","1":"product","2":"type-product","3":"status-publish","4":"has-post-thumbnail","6":"product_brand-ulpmat","7":"product_cat-target-di-sputtering-in-ceramica","9":"first","10":"instock","11":"shipping-taxable","12":"product-type-variable"},"acf":[],"_links":{"self":[{"href":"https:\/\/ulpmat.com\/it\/wp-json\/wp\/v2\/product\/20455","targetHints":{"allow":["GET"]}}],"collection":[{"href":"https:\/\/ulpmat.com\/it\/wp-json\/wp\/v2\/product"}],"about":[{"href":"https:\/\/ulpmat.com\/it\/wp-json\/wp\/v2\/types\/product"}],"wp:featuredmedia":[{"embeddable":true,"href":"https:\/\/ulpmat.com\/it\/wp-json\/wp\/v2\/media\/13924"}],"wp:attachment":[{"href":"https:\/\/ulpmat.com\/it\/wp-json\/wp\/v2\/media?parent=20455"}],"wp:term":[{"taxonomy":"product_brand","embeddable":true,"href":"https:\/\/ulpmat.com\/it\/wp-json\/wp\/v2\/product_brand?post=20455"},{"taxonomy":"product_cat","embeddable":true,"href":"https:\/\/ulpmat.com\/it\/wp-json\/wp\/v2\/product_cat?post=20455"},{"taxonomy":"product_tag","embeddable":true,"href":"https:\/\/ulpmat.com\/it\/wp-json\/wp\/v2\/product_tag?post=20455"}],"curies":[{"name":"wp","href":"https:\/\/api.w.org\/{rel}","templated":true}]}}