{"id":20437,"date":"2025-09-30T16:33:21","date_gmt":"2025-09-30T08:33:21","guid":{"rendered":"https:\/\/ulpmat.com\/product\/ossido-di-bismuto-e-titanio-2\/"},"modified":"2025-09-30T16:33:21","modified_gmt":"2025-09-30T08:33:21","slug":"ossido-di-bismuto-e-titanio-2","status":"publish","type":"product","link":"https:\/\/ulpmat.com\/it\/prodotto\/ossido-di-bismuto-e-titanio-2\/","title":{"rendered":"Ossido di bismuto e titanio"},"content":{"rendered":"<h2><span style=\"font-size: 14pt;\">Panoramica della polvere di ossido di bismuto e titanio<\/span><\/h2>\n<p><span style=\"color: #0000ff;\"><a style=\"color: #0000ff;\" href=\"https:\/\/ulpmat.com\/it\/ricerca\/?type=name&#038;keyword=Bismuth+titanium+oxide\">L&#8217;ossido di bismuto e titanio<\/a> <\/span>\u00e8 un materiale funzionale progettato per ceramiche avanzate e processi a film sottile. La sua composizione precisa, l&#8217;elevata purezza, l&#8217;eccellente stabilit\u00e0 termica e le propriet\u00e0 dielettriche lo rendono adatto a una variet\u00e0 di campi elettronici e optoelettronici.<\/p>\n<p>Offriamo polvere di ossido di bismuto e titanio in una variet\u00e0 di gamme di dimensioni delle particelle e possiamo personalizzare la morfologia delle particelle, la distribuzione e le specifiche di imballaggio in base alle vostre esigenze specifiche. I nostri prodotti controllano rigorosamente il contenuto di impurit\u00e0 per garantire la coerenza tra i lotti e possono soddisfare i diversi requisiti della ricerca scientifica e della scala industriale.<\/p>\n<h2><span style=\"font-size: 14pt;\">Caratteristiche dei prodotti<\/span><\/h2>\n<p>Elevata purezza: 99,9%<br \/>\nDistribuzione uniforme delle dimensioni delle particelle, personalizzabile<br \/>\nBuona stabilit\u00e0 termica, adatto alla lavorazione ad alta temperatura<br \/>\n<span style=\"color: #0000ff;\"><a style=\"color: #0000ff;\" href=\"https:\/\/ulpmat.com\/it\/servizio\/personalizzazione\/\">Personalizzabile<\/a><\/span> dimensione delle particelle e confezionamento in base alle esigenze del cliente<\/p>\n<h2><span style=\"font-size: 14pt;\">Applicazioni dell&#8217;ossido di bismuto e titanio in polvere<\/span><\/h2>\n<p>Componenti ceramici ferroelettrici e piezoelettrici: Come tipo di materiale a struttura perovskite stratificata, il Bi\u2084Ti\u2083O\u2081\u2082 \u00e8 ampiamente utilizzato in memorie ferroelettriche, attuatori piezoelettrici e sensori.<br \/>\nCondensatori a film: Pu\u00f2 essere utilizzato come materiale dielettrico in pellicola con caratteristiche di elevata costante dielettrica e bassa perdita, adatto per il confezionamento di circuiti integrati e per applicazioni di condensatori ad alta frequenza.<br \/>\nDispositivi fotoelettrici: Ha potenziali applicazioni nella fotocatalisi e nella conversione fotoelettrica e pu\u00f2 essere utilizzato per sviluppare nuovi materiali ottici funzionali.<br \/>\nMateriali isolanti per alte temperature: Grazie alla sua elevata temperatura di Curie e al buon isolamento, \u00e8 adatto alla preparazione di strati isolanti in condizioni estreme.<\/p>\n<h2><span style=\"font-size: 14pt;\">Rapporto<\/span><\/h2>\n<p>Forniamo certificati di analisi (COA) dettagliati, schede di sicurezza dei materiali (MSDS) e rapporti di test sulla distribuzione delle dimensioni delle particelle per ogni lotto di polvere di ossido di titanio bismuto. Se avete bisogno di test di terze parti, possiamo anche aiutarvi a fornirli per assicurare che la qualit\u00e0 possa essere tracciata e le prestazioni siano garantite.<\/p>\n","protected":false},"excerpt":{"rendered":"<p>Panoramica della polvere di ossido di bismuto e titanio L&#8217;ossido di bismuto e titanio \u00e8 un materiale funzionale progettato per ceramiche avanzate e processi a film sottile. La sua composizione precisa, l&#8217;elevata purezza, l&#8217;eccellente stabilit\u00e0 termica e le propriet\u00e0 dielettriche lo rendono adatto a una variet\u00e0 di campi elettronici e optoelettronici. Offriamo polvere di ossido [&hellip;]<\/p>\n","protected":false},"featured_media":13811,"template":"","meta":{"_acf_changed":false},"product_brand":[132],"product_cat":[1186],"product_tag":[],"class_list":{"0":"post-20437","1":"product","2":"type-product","3":"status-publish","4":"has-post-thumbnail","6":"product_brand-ulpmat","7":"product_cat-altri-acidi","9":"first","10":"instock","11":"shipping-taxable","12":"product-type-variable"},"acf":[],"_links":{"self":[{"href":"https:\/\/ulpmat.com\/it\/wp-json\/wp\/v2\/product\/20437","targetHints":{"allow":["GET"]}}],"collection":[{"href":"https:\/\/ulpmat.com\/it\/wp-json\/wp\/v2\/product"}],"about":[{"href":"https:\/\/ulpmat.com\/it\/wp-json\/wp\/v2\/types\/product"}],"wp:featuredmedia":[{"embeddable":true,"href":"https:\/\/ulpmat.com\/it\/wp-json\/wp\/v2\/media\/13811"}],"wp:attachment":[{"href":"https:\/\/ulpmat.com\/it\/wp-json\/wp\/v2\/media?parent=20437"}],"wp:term":[{"taxonomy":"product_brand","embeddable":true,"href":"https:\/\/ulpmat.com\/it\/wp-json\/wp\/v2\/product_brand?post=20437"},{"taxonomy":"product_cat","embeddable":true,"href":"https:\/\/ulpmat.com\/it\/wp-json\/wp\/v2\/product_cat?post=20437"},{"taxonomy":"product_tag","embeddable":true,"href":"https:\/\/ulpmat.com\/it\/wp-json\/wp\/v2\/product_tag?post=20437"}],"curies":[{"name":"wp","href":"https:\/\/api.w.org\/{rel}","templated":true}]}}