{"id":20401,"date":"2025-09-30T16:33:22","date_gmt":"2025-09-30T08:33:22","guid":{"rendered":"https:\/\/ulpmat.com\/product\/cloruro-di-bismuto\/"},"modified":"2025-09-30T16:33:22","modified_gmt":"2025-09-30T08:33:22","slug":"cloruro-di-bismuto","status":"publish","type":"product","link":"https:\/\/ulpmat.com\/it\/prodotto\/cloruro-di-bismuto\/","title":{"rendered":"Cloruro di bismuto"},"content":{"rendered":"<h2><span style=\"font-size: 14pt;\">Panoramica della polvere di cloruro di bismuto<\/span><\/h2>\n<p><span style=\"color: #0000ff;\"><a style=\"color: #0000ff;\" href=\"https:\/\/ulpmat.com\/it\/ricerca\/?type=name&#038;keyword=Bismuth+Chloride\">Il cloruro di bismuto<\/a><\/span> \u00e8 un materiale inorganico funzionale utilizzato in applicazioni di alto livello come la catalisi, la sintesi e lo sviluppo di materiali. La sua purezza pu\u00f2 raggiungere il 99,99%, con un&#8217;eccellente stabilit\u00e0 chimica e reattivit\u00e0, particolarmente adatta alla chimica elettronica, alla chimica fine e ai materiali funzionali.<\/p>\n<p>Possiamo fornire polvere di cloruro di bismuto con una variet\u00e0 di distribuzioni granulometriche e possiamo personalizzarla e confezionarla secondo le esigenze del cliente. Forniamo inoltre un&#8217;assistenza professionale post-vendita. Se avete domande durante l&#8217;uso, non esitate a <span style=\"color: #0000ff;\"><a style=\"color: #0000ff;\" href=\"https:\/\/ulpmat.com\/it\/contatti\/\">contattare<\/a><\/span> il nostro team tecnico.<\/p>\n<h2><span style=\"font-size: 14pt;\">Caratteristiche del prodotto<\/span><\/h2>\n<p>Purezza: 99,99%<br \/>\nElevata stabilit\u00e0, conservazione e trasporto convenienti<br \/>\n<span style=\"color: #0000ff;\"><a style=\"color: #0000ff;\" href=\"https:\/\/ulpmat.com\/it\/servizio\/personalizzazione\/\">Personalizzabile<\/a><\/span> dimensione delle particelle e confezionamento<\/p>\n<h2><span style=\"font-size: 14pt;\">Applicazione del cloruro di bismuto in polvere<\/span><\/h2>\n<p>Supporto per catalizzatori: Presenta un&#8217;eccellente selettivit\u00e0 e attivit\u00e0 catalitica nella sintesi organica, nell&#8217;alogenazione degli idrocarburi aromatici, nelle reazioni redox e in altre reazioni.<br \/>\nMateriali funzionali: Viene utilizzato per produrre vetro a basso punto di fusione, materiali optoelettronici e materiali termosensibili per migliorare l&#8217;affidabilit\u00e0 delle prestazioni dei prodotti.<br \/>\nIntermedi farmaceutici: Come intermedio per la sintesi di alcuni farmaci a base di bismuto (come i farmaci per lo stomaco), ha una buona biocompatibilit\u00e0.<br \/>\nChimica elettronica: Viene utilizzato per regolare la formazione di film e ottimizzare le prestazioni dei materiali per galvanotecnica, saldatura e batterie.<\/p>\n<h2><span style=\"font-size: 14pt;\">Rapporto<\/span><\/h2>\n<p>Forniamo certificati di analisi (COA), schede di sicurezza dei materiali (MSDS) e altri documenti tecnici necessari per ogni lotto di prodotti. Tutti i prodotti sono sottoposti a rigorosi controlli di qualit\u00e0 prima di lasciare la fabbrica e supportano rapporti di prova di terze parti per garantire la sicurezza e la fiducia dei clienti.<\/p>\n","protected":false},"excerpt":{"rendered":"<p>Panoramica della polvere di cloruro di bismuto Il cloruro di bismuto \u00e8 un materiale inorganico funzionale utilizzato in applicazioni di alto livello come la catalisi, la sintesi e lo sviluppo di materiali. La sua purezza pu\u00f2 raggiungere il 99,99%, con un&#8217;eccellente stabilit\u00e0 chimica e reattivit\u00e0, particolarmente adatta alla chimica elettronica, alla chimica fine e ai [&hellip;]<\/p>\n","protected":false},"featured_media":13825,"template":"","meta":{"_acf_changed":false},"product_brand":[132],"product_cat":[323],"product_tag":[],"class_list":{"0":"post-20401","1":"product","2":"type-product","3":"status-publish","4":"has-post-thumbnail","6":"product_brand-ulpmat","7":"product_cat-materiali-alogenuri","9":"first","10":"instock","11":"shipping-taxable","12":"product-type-variable"},"acf":[],"_links":{"self":[{"href":"https:\/\/ulpmat.com\/it\/wp-json\/wp\/v2\/product\/20401","targetHints":{"allow":["GET"]}}],"collection":[{"href":"https:\/\/ulpmat.com\/it\/wp-json\/wp\/v2\/product"}],"about":[{"href":"https:\/\/ulpmat.com\/it\/wp-json\/wp\/v2\/types\/product"}],"wp:featuredmedia":[{"embeddable":true,"href":"https:\/\/ulpmat.com\/it\/wp-json\/wp\/v2\/media\/13825"}],"wp:attachment":[{"href":"https:\/\/ulpmat.com\/it\/wp-json\/wp\/v2\/media?parent=20401"}],"wp:term":[{"taxonomy":"product_brand","embeddable":true,"href":"https:\/\/ulpmat.com\/it\/wp-json\/wp\/v2\/product_brand?post=20401"},{"taxonomy":"product_cat","embeddable":true,"href":"https:\/\/ulpmat.com\/it\/wp-json\/wp\/v2\/product_cat?post=20401"},{"taxonomy":"product_tag","embeddable":true,"href":"https:\/\/ulpmat.com\/it\/wp-json\/wp\/v2\/product_tag?post=20401"}],"curies":[{"name":"wp","href":"https:\/\/api.w.org\/{rel}","templated":true}]}}