{"id":20217,"date":"2025-09-30T16:33:24","date_gmt":"2025-09-30T08:33:24","guid":{"rendered":"https:\/\/ulpmat.com\/product\/tellururo-di-bismuto-e-antimonio\/"},"modified":"2025-09-30T16:33:24","modified_gmt":"2025-09-30T08:33:24","slug":"tellururo-di-bismuto-e-antimonio","status":"publish","type":"product","link":"https:\/\/ulpmat.com\/it\/prodotto\/tellururo-di-bismuto-e-antimonio\/","title":{"rendered":"Tellururo di bismuto e antimonio"},"content":{"rendered":"<h2><span style=\"font-size: 14pt;\">Panoramica dei target di sputtering in tellururo di antimonio e bismuto<\/span><\/h2>\n<p><span style=\"color: #0000ff;\"><a style=\"color: #0000ff;\" href=\"https:\/\/ulpmat.com\/it\/ricerca\/?type=name&#038;keyword=Bismuth+Antimony+Telluride\">Il tellururo di bismuto e antimonio<\/a><\/span> sono materiali funzionali ad alte prestazioni sviluppati per applicazioni a film sottile in dispositivi termoelettrici ed elettronici. Il controllo preciso della composizione e la struttura densa garantiscono prestazioni termoelettriche stabili e un&#8217;eccellente adesione del film. L&#8217;elevata purezza del materiale consente di ottenere un processo di deposizione a basso numero di difetti e ad alta coerenza.<\/p>\n<p>Offriamo target di sputtering in antimonio tellururo di bismuto in varie forme e dimensioni, tra cui strutture rotonde, rettangolari e ad anello, che possono essere personalizzate in base alle vostre esigenze specifiche. Forniamo inoltre un servizio di assistenza tecnica completo. Per qualsiasi domanda sull&#8217;uso o sulle prestazioni, non esitate a <span style=\"color: #0000ff;\"><a style=\"color: #0000ff;\" href=\"https:\/\/ulpmat.com\/it\/contatti\/\">contattateci<\/a><\/span>.<\/p>\n<h2><span style=\"font-size: 14pt;\">Caratteristiche del prodotto<\/span><\/h2>\n<p>Controllo preciso della composizione (rapporto atomico Bi:Sb:Te regolabile)<br \/>\nSinterizzazione densa ad alta densit\u00e0 per una deposizione uniforme<br \/>\n<span style=\"color: #0000ff;\"><a style=\"color: #0000ff;\" href=\"https:\/\/ulpmat.com\/it\/servizio\/personalizzazione\/\">Personalizzabile<\/a><\/span> dimensioni e formulazione personalizzabili (sia di tipo n che di tipo p)<br \/>\nDisponibilit\u00e0 di un servizio di incollaggio del target<br \/>\nApplicabile a dispositivi termoelettrici, dispositivi microelettronici a film sottile e sistemi MEMS<\/p>\n<h2><span style=\"font-size: 14pt;\">Applicazioni del target di sputtering al tellururo di antimonio e bismuto<\/span><\/h2>\n<p>Dispositivi termoelettrici: Il BiSbTe \u00e8 uno dei materiali termoelettrici pi\u00f9 efficaci nell&#8217;intervallo di temperatura ambiente e pu\u00f2 essere utilizzato per produrre moduli di raffreddamento termoelettrici, dispositivi di recupero energetico (TEG), ecc.<br \/>\nImballaggio microelettronico: adatto alla produzione di sensori di differenza di temperatura a bassa potenza, raffreddamento on-chip e altri dispositivi funzionali.<br \/>\nDispositivi MEMS: utilizzati per micro-generatori termoelettrici e micro-raffreddatori, con buona compatibilit\u00e0 di integrazione e prestazioni stabili del film.<br \/>\nElettronica flessibile e dispositivi indossabili: eccellente struttura del film, adatta a dispositivi termoelettrici pieghevoli, che migliorano il comfort e l&#8217;efficienza energetica.<\/p>\n<h2><span style=\"font-size: 14pt;\">Rapporto<\/span><\/h2>\n<p>Forniamo certificati di analisi (COA) dettagliati, schede di sicurezza dei materiali (MSDS) e rapporti di prova dei componenti per ogni lotto di prodotti. Se sono necessari test di terze parti o verifiche di parametri speciali, possiamo anche fornire assistenza per garantire ai clienti una garanzia di qualit\u00e0 affidabile.<\/p>\n","protected":false},"excerpt":{"rendered":"<p>Panoramica dei target di sputtering in tellururo di antimonio e bismuto Il tellururo di bismuto e antimonio sono materiali funzionali ad alte prestazioni sviluppati per applicazioni a film sottile in dispositivi termoelettrici ed elettronici. Il controllo preciso della composizione e la struttura densa garantiscono prestazioni termoelettriche stabili e un&#8217;eccellente adesione del film. L&#8217;elevata purezza del [&hellip;]<\/p>\n","protected":false},"featured_media":14333,"template":"","meta":{"_acf_changed":false},"product_brand":[132],"product_cat":[453],"product_tag":[],"class_list":{"0":"post-20217","1":"product","2":"type-product","3":"status-publish","4":"has-post-thumbnail","6":"product_brand-ulpmat","7":"product_cat-target-di-sputtering-in-ceramica","9":"first","10":"instock","11":"shipping-taxable","12":"product-type-variable"},"acf":[],"_links":{"self":[{"href":"https:\/\/ulpmat.com\/it\/wp-json\/wp\/v2\/product\/20217","targetHints":{"allow":["GET"]}}],"collection":[{"href":"https:\/\/ulpmat.com\/it\/wp-json\/wp\/v2\/product"}],"about":[{"href":"https:\/\/ulpmat.com\/it\/wp-json\/wp\/v2\/types\/product"}],"wp:featuredmedia":[{"embeddable":true,"href":"https:\/\/ulpmat.com\/it\/wp-json\/wp\/v2\/media\/14333"}],"wp:attachment":[{"href":"https:\/\/ulpmat.com\/it\/wp-json\/wp\/v2\/media?parent=20217"}],"wp:term":[{"taxonomy":"product_brand","embeddable":true,"href":"https:\/\/ulpmat.com\/it\/wp-json\/wp\/v2\/product_brand?post=20217"},{"taxonomy":"product_cat","embeddable":true,"href":"https:\/\/ulpmat.com\/it\/wp-json\/wp\/v2\/product_cat?post=20217"},{"taxonomy":"product_tag","embeddable":true,"href":"https:\/\/ulpmat.com\/it\/wp-json\/wp\/v2\/product_tag?post=20217"}],"curies":[{"name":"wp","href":"https:\/\/api.w.org\/{rel}","templated":true}]}}