{"id":19572,"date":"2025-10-13T13:23:39","date_gmt":"2025-10-13T05:23:39","guid":{"rendered":"https:\/\/ulpmat.com\/product\/metallo-dorato\/"},"modified":"2025-10-13T13:23:39","modified_gmt":"2025-10-13T05:23:39","slug":"metallo-dorato","status":"publish","type":"product","link":"https:\/\/ulpmat.com\/it\/prodotto\/metallo-dorato\/","title":{"rendered":"Metallo dorato"},"content":{"rendered":"<h2><span style=\"font-size: 14pt;\">Bersaglio di sputtering in metallo dorato Panoramica<\/span><\/h2>\n<p><span style=\"color: #0000ff;\"><a style=\"color: #0000ff;\" href=\"https:\/\/ulpmat.com\/it\/ricerca\/?type=name&#038;keyword=Gold+metal\">Il bersaglio sputtering in oro<\/a> <\/span>\u00e8 un materiale metallico ad alte prestazioni progettato per i processi di deposizione di film sottili. Ha un&#8217;eccellente conduttivit\u00e0, resistenza alla corrosione e stabilit\u00e0 termica superiore ed \u00e8 ampiamente utilizzato nei semiconduttori, nei rivestimenti ottici e nei rivestimenti decorativi. I target di sputtering in metallo dorato sono in grado di fornire film di alta qualit\u00e0, garantendo film uniformi e saldamente aderenti con un contenuto di impurit\u00e0 estremamente basso, e sono particolarmente adatti per applicazioni di alta precisione e alta affidabilit\u00e0.<\/p>\n<p>Offriamo bersagli sputtering in metallo dorato in varie forme e dimensioni, tra cui rotonde e rettangolari, e possono essere personalizzati in base alle vostre specifiche esigenze. Forniamo anche un&#8217;assistenza post-vendita completa; se avete domande sull&#8217;utilizzo, non esitate a <span style=\"color: #0000ff;\"><a style=\"color: #0000ff;\" href=\"https:\/\/ulpmat.com\/it\/contatti\/\">contattarci<\/a><\/span>.<\/p>\n<h2><span style=\"font-size: 14pt;\">Caratteristiche del prodotto<\/span><\/h2>\n<p>Purezza: dal 99,99% al 99,995%<br \/>\nAlta conduttivit\u00e0: Eccellente conduttivit\u00e0, adatta ai dispositivi elettronici e alle applicazioni di alta precisione<br \/>\nBuona resistenza alla corrosione: Particolarmente adatto agli ambienti che richiedono resistenza alla corrosione, con forte capacit\u00e0 antiossidante<br \/>\nDimensioni e forma personalizzabili: Fornisce bersagli di sputtering di varie forme e dimensioni in base alle esigenze del cliente<br \/>\nElevata stabilit\u00e0: Adatto all&#8217;uso in ambienti ad alta temperatura e sotto vuoto per garantire la stabilit\u00e0 del prodotto<br \/>\nForte applicabilit\u00e0: Ampiamente utilizzato nei rivestimenti ottici, nella produzione di circuiti e nelle applicazioni elettroniche di alta precisione<\/p>\n<h2><span style=\"font-size: 14pt;\">Applicazioni del target di sputtering in oro metallico<\/span><\/h2>\n<p><span style=\"color: #0000ff;\"><a style=\"color: #0000ff;\" href=\"https:\/\/ulpmat.com\/it\/applicazione\/materiali-per-semiconduttori\/\">Industria dei semiconduttori<\/a><\/span> industria: Utilizzato nella produzione di strati di interconnessione metallica, elettrodi e strati di contatto dei circuiti integrati, con eccellente conduttivit\u00e0 e affidabilit\u00e0.<br \/>\n<span style=\"color: #0000ff;\"><a style=\"color: #0000ff;\" href=\"https:\/\/ulpmat.com\/it\/applicazione\/materiali-ottici\/\">Rivestimenti ottici<\/a> <\/span>rivestimenti ottici: I target di sputtering in oro sono ampiamente utilizzati nel rivestimento di lenti ottiche e riflettori per migliorare la riflettivit\u00e0, in particolare riflettori a infrarossi e rivestimenti ottici.<br \/>\nRivestimenti decorativi: Utilizzati per rivestimenti decorativi di alta gamma, gioielli e prodotti di lusso, che conferiscono un aspetto dorato e una durata superiore.<br \/>\nSensori e componenti elettronici: Materiali per elettrodi e circuiti per sensori, condensatori e altri componenti elettronici di precisione.<\/p>\n<h2><span style=\"font-size: 14pt;\">Rapporti<\/span><\/h2>\n<p>Ogni lotto di prodotti viene fornito con un dettagliato <span style=\"color: #0000ff;\"><a style=\"color: #0000ff;\" href=\"https:\/\/ulpmat.com\/it\/servizio\/analisi-chimica\/\">Certificato di analisi<\/a><\/span> (COA), scheda di sicurezza dei materiali (MSDS) e altri rapporti di controllo della qualit\u00e0. Inoltre, sono disponibili test di terze parti per garantire che i prodotti soddisfino gli standard industriali e i requisiti dei clienti.<\/p>\n","protected":false},"excerpt":{"rendered":"<p>Bersaglio di sputtering in metallo dorato Panoramica Il bersaglio sputtering in oro \u00e8 un materiale metallico ad alte prestazioni progettato per i processi di deposizione di film sottili. Ha un&#8217;eccellente conduttivit\u00e0, resistenza alla corrosione e stabilit\u00e0 termica superiore ed \u00e8 ampiamente utilizzato nei semiconduttori, nei rivestimenti ottici e nei rivestimenti decorativi. I target di sputtering [&hellip;]<\/p>\n","protected":false},"featured_media":14439,"template":"","meta":{"_acf_changed":false},"product_brand":[132],"product_cat":[311],"product_tag":[],"class_list":{"0":"post-19572","1":"product","2":"type-product","3":"status-publish","4":"has-post-thumbnail","6":"product_brand-ulpmat","7":"product_cat-target-di-sputtering-metallico","9":"first","10":"instock","11":"shipping-taxable","12":"product-type-variable"},"acf":[],"_links":{"self":[{"href":"https:\/\/ulpmat.com\/it\/wp-json\/wp\/v2\/product\/19572","targetHints":{"allow":["GET"]}}],"collection":[{"href":"https:\/\/ulpmat.com\/it\/wp-json\/wp\/v2\/product"}],"about":[{"href":"https:\/\/ulpmat.com\/it\/wp-json\/wp\/v2\/types\/product"}],"wp:featuredmedia":[{"embeddable":true,"href":"https:\/\/ulpmat.com\/it\/wp-json\/wp\/v2\/media\/14439"}],"wp:attachment":[{"href":"https:\/\/ulpmat.com\/it\/wp-json\/wp\/v2\/media?parent=19572"}],"wp:term":[{"taxonomy":"product_brand","embeddable":true,"href":"https:\/\/ulpmat.com\/it\/wp-json\/wp\/v2\/product_brand?post=19572"},{"taxonomy":"product_cat","embeddable":true,"href":"https:\/\/ulpmat.com\/it\/wp-json\/wp\/v2\/product_cat?post=19572"},{"taxonomy":"product_tag","embeddable":true,"href":"https:\/\/ulpmat.com\/it\/wp-json\/wp\/v2\/product_tag?post=19572"}],"curies":[{"name":"wp","href":"https:\/\/api.w.org\/{rel}","templated":true}]}}