{"id":16990,"date":"2025-10-21T14:25:44","date_gmt":"2025-10-21T06:25:44","guid":{"rendered":"https:\/\/ulpmat.com\/product\/afnio-metallico-5\/"},"modified":"2025-10-21T14:25:44","modified_gmt":"2025-10-21T06:25:44","slug":"afnio-metallico-5","status":"publish","type":"product","link":"https:\/\/ulpmat.com\/it\/prodotto\/afnio-metallico-5\/","title":{"rendered":"Afnio metallico"},"content":{"rendered":"<h2><span style=\"font-size: 14pt;\">Pellet di afnio metallico Panoramica<\/span><\/h2>\n<p><span style=\"color: #0000ff;\"><a style=\"color: #0000ff;\" href=\"https:\/\/ulpmat.com\/it\/ricerca\/?type=name&#038;keyword=Hafnium+metal\"> I pellet di afnio<\/a> <\/span>sono pellet metallici di alta qualit\u00e0 progettati per processi produttivi ad alte prestazioni. Con una purezza del 99,95%, offrono densit\u00e0 e stabilit\u00e0 termica eccellenti, garantendo prestazioni costanti e soddisfacendo le esigenze di un&#8217;ampia gamma di applicazioni industriali.<\/p>\n<p>Offriamo una variet\u00e0 di pellet di afnio metallico in varie dimensioni, con dimensioni e confezioni personalizzate per soddisfare le vostre esigenze specifiche. Forniamo anche un&#8217;assistenza post-vendita completa; non esitate a<span style=\"color: #0000ff;\"><a style=\"color: #0000ff;\" href=\"https:\/\/ulpmat.com\/it\/contatti\/\"> contattateci<\/a><\/span> per qualsiasi domanda.<\/p>\n<h2><span style=\"font-size: 14pt;\">Caratteristiche del prodotto<\/span><\/h2>\n<p>Purezza: 99,95%<br \/>\nL&#8217;alta densit\u00e0 garantisce propriet\u00e0 uniformi del materiale<br \/>\nSpecifiche opzionali e personalizzazione disponibili<br \/>\n<span style=\"color: #0000ff;\"><a style=\"color: #0000ff;\" href=\"https:\/\/ulpmat.com\/it\/servizio\/personalizzazione\/\">Imballaggio personalizzabile<\/a><\/span> disponibile in confezioni personalizzabili<br \/>\nAdatto per leghe metallurgiche, materiali elettronici, rivestimenti ad alta temperatura e catalisi chimica.<\/p>\n<h2><span style=\"font-size: 14pt;\">Applicazioni dei pellet di afnio metallico<\/span><\/h2>\n<p>Leghe metallurgiche: Utilizzato come additivo di lega per migliorare la forza ad alta temperatura e la resistenza alla corrosione.<br \/>\nMateriali elettronici: Utilizzati nella produzione di dispositivi elettronici ad alta potenza, per garantire eccellenti prestazioni elettriche e gestione termica.<br \/>\nRivestimenti per alte temperature: Ampiamente utilizzati nei settori aerospaziale ed energetico, per garantire un&#8217;eccellente resistenza alle alte temperature e alla corrosione.<br \/>\nCatalisi chimica: Utilizzato come vettore catalitico o componente attivo in una variet\u00e0 di sistemi di reazione chimica.<\/p>\n<h2><span style=\"font-size: 14pt;\">Rapporto<\/span><\/h2>\n<p>Forniamo un<span style=\"color: #0000ff;\"><a style=\"color: #0000ff;\" href=\"https:\/\/ulpmat.com\/it\/servizio\/analisi-chimica\/\"> Certificato di analisi (COA)<\/a><\/span>, scheda di sicurezza dei materiali (MSDS) e altri rapporti pertinenti con ogni spedizione. Supportiamo anche test di terze parti per garantire la qualit\u00e0 affidabile del prodotto.<\/p>\n","protected":false},"excerpt":{"rendered":"<p>Pellet di afnio metallico Panoramica I pellet di afnio sono pellet metallici di alta qualit\u00e0 progettati per processi produttivi ad alte prestazioni. Con una purezza del 99,95%, offrono densit\u00e0 e stabilit\u00e0 termica eccellenti, garantendo prestazioni costanti e soddisfacendo le esigenze di un&#8217;ampia gamma di applicazioni industriali. Offriamo una variet\u00e0 di pellet di afnio metallico in [&hellip;]<\/p>\n","protected":false},"featured_media":16991,"template":"","meta":{"_acf_changed":false},"product_brand":[132],"product_cat":[293],"product_tag":[],"class_list":{"0":"post-16990","1":"product","2":"type-product","3":"status-publish","4":"has-post-thumbnail","6":"product_brand-ulpmat","7":"product_cat-materiali-per-levaporazione","9":"first","10":"instock","11":"shipping-taxable","12":"product-type-variable"},"acf":[],"_links":{"self":[{"href":"https:\/\/ulpmat.com\/it\/wp-json\/wp\/v2\/product\/16990","targetHints":{"allow":["GET"]}}],"collection":[{"href":"https:\/\/ulpmat.com\/it\/wp-json\/wp\/v2\/product"}],"about":[{"href":"https:\/\/ulpmat.com\/it\/wp-json\/wp\/v2\/types\/product"}],"wp:featuredmedia":[{"embeddable":true,"href":"https:\/\/ulpmat.com\/it\/wp-json\/wp\/v2\/media\/16991"}],"wp:attachment":[{"href":"https:\/\/ulpmat.com\/it\/wp-json\/wp\/v2\/media?parent=16990"}],"wp:term":[{"taxonomy":"product_brand","embeddable":true,"href":"https:\/\/ulpmat.com\/it\/wp-json\/wp\/v2\/product_brand?post=16990"},{"taxonomy":"product_cat","embeddable":true,"href":"https:\/\/ulpmat.com\/it\/wp-json\/wp\/v2\/product_cat?post=16990"},{"taxonomy":"product_tag","embeddable":true,"href":"https:\/\/ulpmat.com\/it\/wp-json\/wp\/v2\/product_tag?post=16990"}],"curies":[{"name":"wp","href":"https:\/\/api.w.org\/{rel}","templated":true}]}}